{"id":2376,"date":"2025-03-09T12:55:23","date_gmt":"2025-03-09T12:55:23","guid":{"rendered":"https:\/\/artstella-elixirs-floraux.com\/product\/glacier-river\/"},"modified":"2025-09-15T13:56:59","modified_gmt":"2025-09-15T13:56:59","slug":"glacier-river","status":"publish","type":"product","link":"https:\/\/artstella-elixirs-floraux.com\/en\/product\/glacier-river\/","title":{"rendered":"GLACIER RIVER"},"content":{"rendered":"<p><strong><span style=\"color: #008000;\"><em>Glacier river . Rivi\u00e8re glaciaire<\/em><\/span><\/strong><\/p>\n<p>Cet \u00e9lixir incarne le processus d&rsquo;impermanence de la forme. Elle nous aide \u00e0 abandonner les sch\u00e9mas de pens\u00e9es, les sentiments et habitudes qui nous ont rendus rigides voire scl\u00e9ros\u00e9s.<\/p>","protected":false},"excerpt":{"rendered":"<p><strong><span style=\"color: #008080;\"><em>Glacier river. Rivi\u00e8re glaciaire<\/em><\/span><\/strong><\/p>\n<p>Un \u00e9lixir d&rsquo;eau solaris\u00e9e pr\u00e9par\u00e9e sous de la fin du glacier Gulbana dans la zone centrale d&rsquo;Alaska. Cette eau \u00e9merge de la base du glacier charriant des particules en suspension des pierres, dues \u00e0 l&rsquo;\u00e9rosion par la pression constante et le d\u00e9placement de la glace.<\/p>","protected":false},"featured_media":11471,"template":"","meta":[],"product_brand":[],"product_cat":[120],"product_tag":[],"class_list":{"0":"post-2376","1":"product","2":"type-product","3":"status-publish","4":"has-post-thumbnail","6":"product_cat-les-elixirs-nouveaux-environnementaux","8":"first","9":"instock","10":"taxable","11":"shipping-taxable","12":"purchasable","13":"product-type-variable"},"etheme_brands":{"errors":{"invalid_taxonomy":["Invalid taxonomy."]},"error_data":[]},"jetpack_sharing_enabled":true,"jetpack-related-posts":[{"id":2380,"url":"https:\/\/artstella-elixirs-floraux.com\/en\/product\/greenland-icecap\/","url_meta":{"origin":2376,"position":0},"title":"GREENLAND ICECAP &#8211; Calotte glaciaire du Groenland","author":"eveapprill","date":"9 March 2025","format":false,"excerpt":"GREENLAND ICECAP Un \u00e9lixir d'eau de glacier solaris\u00e9e et pr\u00e9par\u00e9e \u00e0 la surface de la glace du Greenland au-dessus d'une r\u00e9gion o\u00f9 deux plaques tectoniques continentales se rencontrent. L'\u00e9lixir de Greenland Icecap contient l'intense \u00e9nergie de convergence, l'\u00e9nergie du mouvement naturel de l'\u00e9corce terrestre transmise au travers de centaines de\u2026","rel":"","context":"Similar post","block_context":{"text":"Similar post","link":""},"img":{"alt_text":"","src":"https:\/\/i0.wp.com\/artstella-elixirs-floraux.com\/wp-content\/uploads\/2025\/03\/Greenland_Icecap_1024x1024.jpg?resize=350%2C200&ssl=1","width":350,"height":200},"classes":[]},{"id":2398,"url":"https:\/\/artstella-elixirs-floraux.com\/en\/product\/portage-glacier\/","url_meta":{"origin":2376,"position":1},"title":"PORTAGE GLACIER &#8211; Glacier Portage","author":"eveapprill","date":"9 March 2025","format":false,"excerpt":"Portage glacier. Cet \u00e9lixir a \u00e9t\u00e9 r\u00e9alis\u00e9 sur la banquise du Lac Portage \u00e0 proximit\u00e9 de la fin du Glacier Portage au sud de la r\u00e9gion centrale de Alaska. Une \u00e9nergie puissante et catalysante qui nous aide \u00e0 lib\u00e9rer notre corps mental, \u00e9motionnel, \u00e9th\u00e9rique et physique de ce qui n'est\u2026","rel":"","context":"Similar post","block_context":{"text":"Similar post","link":""},"img":{"alt_text":"","src":"https:\/\/i0.wp.com\/artstella-elixirs-floraux.com\/wp-content\/uploads\/2025\/03\/Portage_Glacier_1024x1024.jpg?resize=350%2C200&ssl=1","width":350,"height":200},"classes":[]},{"id":4574,"url":"https:\/\/artstella-elixirs-floraux.com\/en\/product\/purification-alaska\/","url_meta":{"origin":2376,"position":2},"title":"PURIFICATION SPRAY ALASKA","author":"eveapprill","date":"9 March 2025","format":false,"excerpt":"Purification Existe en gouttes et en spray. Contient : Black Tourmaline Firerweed . Portage Glacier.\u00a0 Sweetgrass .Permet de nettoyer et purifier votre maison, l\u2019environnement de votre travail, ou votre champ \u00e9nerg\u00e9tique.","rel":"","context":"Similar post","block_context":{"text":"Similar post","link":""},"img":{"alt_text":"","src":"https:\/\/i0.wp.com\/artstella-elixirs-floraux.com\/wp-content\/uploads\/2025\/03\/purification-pt-1.jpg?resize=350%2C200&ssl=1","width":350,"height":200},"classes":[]},{"id":2704,"url":"https:\/\/artstella-elixirs-floraux.com\/en\/product\/purification-gouttes-alaska\/","url_meta":{"origin":2376,"position":3},"title":"PURIFICATION \u00ab\u00a0gouttes\u00a0\u00bb ALASKA","author":"eveapprill","date":"9 March 2025","format":false,"excerpt":"Purification Existe en gouttes et en spray. Contient : Black Tourmaline Firerweed . Portage Glacier.\u00a0 Sweetgrass .Permet de nettoyer et purifier votre maison, l\u2019environnement de votre travail, ou votre champ \u00e9nerg\u00e9tique.","rel":"","context":"Similar post","block_context":{"text":"Similar post","link":""},"img":{"alt_text":"","src":"https:\/\/i0.wp.com\/artstella-elixirs-floraux.com\/wp-content\/uploads\/2025\/03\/fe2d0dd4-a7e2-464c-a38d-e2ff91c0394a.jpg?resize=350%2C200&ssl=1","width":350,"height":200,"srcset":"https:\/\/i0.wp.com\/artstella-elixirs-floraux.com\/wp-content\/uploads\/2025\/03\/fe2d0dd4-a7e2-464c-a38d-e2ff91c0394a.jpg?resize=350%2C200&ssl=1 1x, https:\/\/i0.wp.com\/artstella-elixirs-floraux.com\/wp-content\/uploads\/2025\/03\/fe2d0dd4-a7e2-464c-a38d-e2ff91c0394a.jpg?resize=525%2C300&ssl=1 1.5x, https:\/\/i0.wp.com\/artstella-elixirs-floraux.com\/wp-content\/uploads\/2025\/03\/fe2d0dd4-a7e2-464c-a38d-e2ff91c0394a.jpg?resize=700%2C400&ssl=1 2x"},"classes":[]},{"id":2264,"url":"https:\/\/artstella-elixirs-floraux.com\/en\/product\/river-beauty-alaskan\/","url_meta":{"origin":2376,"position":4},"title":"River beauty Alaskan","author":"eveapprill","date":"9 March 2025","format":false,"excerpt":"River beauty. Epilobium latifolium An\u00e9antissement \u00e9motionnel ; d\u00e9pass\u00e9 par le chagrin et la tristesse, ou un sentiment intense de perte ;","rel":"","context":"Similar post","block_context":{"text":"Similar post","link":""},"img":{"alt_text":"","src":"https:\/\/i0.wp.com\/artstella-elixirs-floraux.com\/wp-content\/uploads\/2025\/03\/wp-image577.png?resize=350%2C200&ssl=1","width":350,"height":200},"classes":[]},{"id":2402,"url":"https:\/\/artstella-elixirs-floraux.com\/en\/product\/rock-springs\/","url_meta":{"origin":2376,"position":5},"title":"ROCK SPRINGS &#8211; Source d&rsquo;eau de roche","author":"eveapprill","date":"9 March 2025","format":false,"excerpt":"ROCK SPRING. SOURCE D'EAU DE ROCHE Cet \u00e9lixir a \u00e9t\u00e9 pr\u00e9par\u00e9 \u00e0 partir d\u2019une source jaillissant dans les hauteurs de la montagne Talkeetna, dans le centre-sud de l\u2019Alaska. L\u2019eau de cette source \u00e9merge du centre d\u2019un rocher escarp\u00e9 et plonge en cascade dans un bassin. \u00ab\u00a0Rock spring\u00a0\u00bb est un \u00e9lixir\u2026","rel":"","context":"Similar post","block_context":{"text":"Similar post","link":""},"img":{"alt_text":"","src":"https:\/\/i0.wp.com\/artstella-elixirs-floraux.com\/wp-content\/uploads\/2025\/03\/Rock-Spring-1.jpg?resize=350%2C200&ssl=1","width":350,"height":200},"classes":[]}],"_links":{"self":[{"href":"https:\/\/artstella-elixirs-floraux.com\/en\/wp-json\/wp\/v2\/product\/2376","targetHints":{"allow":["GET"]}}],"collection":[{"href":"https:\/\/artstella-elixirs-floraux.com\/en\/wp-json\/wp\/v2\/product"}],"about":[{"href":"https:\/\/artstella-elixirs-floraux.com\/en\/wp-json\/wp\/v2\/types\/product"}],"version-history":[{"count":1,"href":"https:\/\/artstella-elixirs-floraux.com\/en\/wp-json\/wp\/v2\/product\/2376\/revisions"}],"predecessor-version":[{"id":11472,"href":"https:\/\/artstella-elixirs-floraux.com\/en\/wp-json\/wp\/v2\/product\/2376\/revisions\/11472"}],"wp:featuredmedia":[{"embeddable":true,"href":"https:\/\/artstella-elixirs-floraux.com\/en\/wp-json\/wp\/v2\/media\/11471"}],"wp:attachment":[{"href":"https:\/\/artstella-elixirs-floraux.com\/en\/wp-json\/wp\/v2\/media?parent=2376"}],"wp:term":[{"taxonomy":"product_brand","embeddable":true,"href":"https:\/\/artstella-elixirs-floraux.com\/en\/wp-json\/wp\/v2\/product_brand?post=2376"},{"taxonomy":"product_cat","embeddable":true,"href":"https:\/\/artstella-elixirs-floraux.com\/en\/wp-json\/wp\/v2\/product_cat?post=2376"},{"taxonomy":"product_tag","embeddable":true,"href":"https:\/\/artstella-elixirs-floraux.com\/en\/wp-json\/wp\/v2\/product_tag?post=2376"}],"curies":[{"name":"wp","href":"https:\/\/api.w.org\/{rel}","templated":true}]}}