{"id":2380,"date":"2025-03-09T12:55:26","date_gmt":"2025-03-09T12:55:26","guid":{"rendered":"https:\/\/artstella-elixirs-floraux.com\/product\/greenland-icecap\/"},"modified":"2025-09-15T14:03:22","modified_gmt":"2025-09-15T14:03:22","slug":"greenland-icecap","status":"publish","type":"product","link":"https:\/\/artstella-elixirs-floraux.com\/en\/product\/greenland-icecap\/","title":{"rendered":"GREENLAND ICECAP &#8211; Calotte glaciaire du Groenland"},"content":{"rendered":"<p><strong><span style=\"color: #008000;\"><em>GREENLAND ICECAP &#8211; Calotte glaciaire du Groenland<\/em><\/span><\/strong><\/p>\n<p>Cet \u00e9lixir pr\u00e9serve notre souplesse et nous donne le sentiment d&rsquo;\u00eatre soutenus lors des profonds changements int\u00e9rieurs. (\u00c9dition limit\u00e9e)<\/p>","protected":false},"excerpt":{"rendered":"<p><strong><span style=\"color: #008000;\"><em>GREENLAND ICECAP<br \/>\n<\/em><\/span><\/strong><\/p>\n<p>Un \u00e9lixir d&rsquo;eau de glacier solaris\u00e9e et pr\u00e9par\u00e9e \u00e0 la surface de la glace du Greenland au-dessus d&rsquo;une r\u00e9gion o\u00f9 deux plaques tectoniques continentales se rencontrent. L&rsquo;\u00e9lixir de Greenland Icecap contient l&rsquo;intense \u00e9nergie de convergence, l&rsquo;\u00e9nergie du mouvement naturel de l&rsquo;\u00e9corce terrestre transmise au travers de centaines de m\u00e8tres de glace.<\/p>","protected":false},"featured_media":11474,"template":"","meta":[],"product_brand":[],"product_cat":[120],"product_tag":[],"class_list":{"0":"post-2380","1":"product","2":"type-product","3":"status-publish","4":"has-post-thumbnail","6":"product_cat-les-elixirs-nouveaux-environnementaux","8":"first","9":"instock","10":"taxable","11":"shipping-taxable","12":"purchasable","13":"product-type-variable"},"etheme_brands":{"errors":{"invalid_taxonomy":["Invalid taxonomy."]},"error_data":[]},"jetpack_sharing_enabled":true,"jetpack-related-posts":[{"id":2376,"url":"https:\/\/artstella-elixirs-floraux.com\/en\/product\/glacier-river\/","url_meta":{"origin":2380,"position":0},"title":"GLACIER RIVER","author":"eveapprill","date":"9 March 2025","format":false,"excerpt":"Glacier river. Rivi\u00e8re glaciaire Un \u00e9lixir d'eau solaris\u00e9e pr\u00e9par\u00e9e sous de la fin du glacier Gulbana dans la zone centrale d'Alaska. Cette eau \u00e9merge de la base du glacier charriant des particules en suspension des pierres, dues \u00e0 l'\u00e9rosion par la pression constante et le d\u00e9placement de la glace.","rel":"","context":"Similar post","block_context":{"text":"Similar post","link":""},"img":{"alt_text":"","src":"https:\/\/i0.wp.com\/artstella-elixirs-floraux.com\/wp-content\/uploads\/2025\/03\/Glacier_River_1024x1024.jpg?resize=350%2C200&ssl=1","width":350,"height":200},"classes":[]},{"id":2394,"url":"https:\/\/artstella-elixirs-floraux.com\/en\/product\/polar-ice\/","url_meta":{"origin":2380,"position":1},"title":"POLAR ICE &#8211; Glace Polaire","author":"eveapprill","date":"9 March 2025","format":false,"excerpt":"POLAR ICE . GLACE POLAIRE Cet \u00e9lixir fut pr\u00e9par\u00e9 sur la banquise de l'Oc\u00e9an Arctique pr\u00e8s du P\u00f4le Nord. C'est un \u00e9lixir de transition et d'accomplissement des cycles. Pour une compr\u00e9hension plus patiente des subtilit\u00e9s du temps ; nous aide \u00e0 rester pr\u00e9sent dans un lieu d'attente pure, sans anticipation\u2026","rel":"","context":"Similar post","block_context":{"text":"Similar post","link":""},"img":{"alt_text":"","src":"https:\/\/i0.wp.com\/artstella-elixirs-floraux.com\/wp-content\/uploads\/2025\/03\/Polar_Ice_1024x1024.jpg?resize=350%2C200&ssl=1","width":350,"height":200},"classes":[]},{"id":6060,"url":"https:\/\/artstella-elixirs-floraux.com\/en\/product\/elixir-ocean-n16-phi-15ml\/","url_meta":{"origin":2380,"position":2},"title":"ELIXIR OCEAN N\u00b016 PHI 15ML","author":"eveapprill","date":"9 March 2025","format":false,"excerpt":"L\u2019\u00e9lixir agit \u00e9nerg\u00e9tiquement en lib\u00e9rant des vieux sch\u00e9mas et sentiments. Les limitations int\u00e9rieures peuvent \u00eatre transform\u00e9es et les blocages dissouts. Cela contribue \u00e0 am\u00e9liorer la confiance en soi et il est alors plus ais\u00e9 d\u2019aborder les autres de fa\u00e7on plus cordiale et sans pr\u00e9jug\u00e9s.","rel":"","context":"Similar post","block_context":{"text":"Similar post","link":""},"img":{"alt_text":"","src":"https:\/\/i0.wp.com\/artstella-elixirs-floraux.com\/wp-content\/uploads\/2025\/03\/wp-image2054.png?resize=350%2C200&ssl=1","width":350,"height":200},"classes":[]},{"id":4655,"url":"https:\/\/artstella-elixirs-floraux.com\/en\/product\/t1-delph-phi-2x15-ml\/","url_meta":{"origin":2380,"position":3},"title":"T1 + DELPH PHI 2&#215;15 ML","author":"eveapprill","date":"9 March 2025","format":false,"excerpt":"T1 - \u00e9lixir anti-rayonnement Cet \u00e9lixir est diff\u00e9rent de tous les autres \u00e9lixirs connus. Au lieu d\u2019\u00e9mettre de l\u2019\u00e9nergie, il absorbe les \u00e9nergies exc\u00e9dentaires et r\u00e9\u00e9quilibre ainsi l\u2019organisme \u00e9nerg\u00e9tiquement.","rel":"","context":"Similar post","block_context":{"text":"Similar post","link":""},"img":{"alt_text":"T1 - \u00e9lixir anti-rayonnement","src":"https:\/\/i0.wp.com\/artstella-elixirs-floraux.com\/wp-content\/uploads\/2025\/03\/6dfb40f2-b7a1-42c7-82ee-2a04f237e22a.webp?resize=350%2C200&ssl=1","width":350,"height":200,"srcset":"https:\/\/i0.wp.com\/artstella-elixirs-floraux.com\/wp-content\/uploads\/2025\/03\/6dfb40f2-b7a1-42c7-82ee-2a04f237e22a.webp?resize=350%2C200&ssl=1 1x, https:\/\/i0.wp.com\/artstella-elixirs-floraux.com\/wp-content\/uploads\/2025\/03\/6dfb40f2-b7a1-42c7-82ee-2a04f237e22a.webp?resize=525%2C300&ssl=1 1.5x, https:\/\/i0.wp.com\/artstella-elixirs-floraux.com\/wp-content\/uploads\/2025\/03\/6dfb40f2-b7a1-42c7-82ee-2a04f237e22a.webp?resize=700%2C400&ssl=1 2x"},"classes":[]},{"id":3084,"url":"https:\/\/artstella-elixirs-floraux.com\/en\/product\/t1-phi-15-ml\/","url_meta":{"origin":2380,"position":4},"title":"T1 PHI 15 ML","author":"eveapprill","date":"9 March 2025","format":false,"excerpt":"T1 - \u00e9lixir anti-rayonnement Cet \u00e9lixir est diff\u00e9rent de tous les autres \u00e9lixirs connus. Au lieu d\u2019\u00e9mettre de l\u2019\u00e9nergie, il absorbe les \u00e9nergies exc\u00e9dentaires et r\u00e9\u00e9quilibre ainsi l\u2019organisme \u00e9nerg\u00e9tiquement.","rel":"","context":"Similar post","block_context":{"text":"Similar post","link":""},"img":{"alt_text":"","src":"","width":0,"height":0},"classes":[]},{"id":6259,"url":"https:\/\/artstella-elixirs-floraux.com\/en\/product\/elixir-ocean-n40-phi\/","url_meta":{"origin":2380,"position":5},"title":"ELIXIR OCEAN N\u00b040 PHI","author":"eveapprill","date":"9 March 2025","format":false,"excerpt":"L\u2019\u00e9lixir agit profond\u00e9ment sur l\u2019inconscient et nous aide \u00e0 prendre conscience de nos peurs et ins\u00e9curit\u00e9s anciennes, qui peuvent \u00eatre lib\u00e9r\u00e9es d\u2019une fa\u00e7on aimante.","rel":"","context":"Similar post","block_context":{"text":"Similar post","link":""},"img":{"alt_text":"","src":"https:\/\/i0.wp.com\/artstella-elixirs-floraux.com\/wp-content\/uploads\/2025\/03\/wp-image2220.png?resize=350%2C200&ssl=1","width":350,"height":200},"classes":[]}],"_links":{"self":[{"href":"https:\/\/artstella-elixirs-floraux.com\/en\/wp-json\/wp\/v2\/product\/2380","targetHints":{"allow":["GET"]}}],"collection":[{"href":"https:\/\/artstella-elixirs-floraux.com\/en\/wp-json\/wp\/v2\/product"}],"about":[{"href":"https:\/\/artstella-elixirs-floraux.com\/en\/wp-json\/wp\/v2\/types\/product"}],"version-history":[{"count":2,"href":"https:\/\/artstella-elixirs-floraux.com\/en\/wp-json\/wp\/v2\/product\/2380\/revisions"}],"predecessor-version":[{"id":11475,"href":"https:\/\/artstella-elixirs-floraux.com\/en\/wp-json\/wp\/v2\/product\/2380\/revisions\/11475"}],"wp:featuredmedia":[{"embeddable":true,"href":"https:\/\/artstella-elixirs-floraux.com\/en\/wp-json\/wp\/v2\/media\/11474"}],"wp:attachment":[{"href":"https:\/\/artstella-elixirs-floraux.com\/en\/wp-json\/wp\/v2\/media?parent=2380"}],"wp:term":[{"taxonomy":"product_brand","embeddable":true,"href":"https:\/\/artstella-elixirs-floraux.com\/en\/wp-json\/wp\/v2\/product_brand?post=2380"},{"taxonomy":"product_cat","embeddable":true,"href":"https:\/\/artstella-elixirs-floraux.com\/en\/wp-json\/wp\/v2\/product_cat?post=2380"},{"taxonomy":"product_tag","embeddable":true,"href":"https:\/\/artstella-elixirs-floraux.com\/en\/wp-json\/wp\/v2\/product_tag?post=2380"}],"curies":[{"name":"wp","href":"https:\/\/api.w.org\/{rel}","templated":true}]}}