{"id":2390,"date":"2025-03-09T12:55:34","date_gmt":"2025-03-09T12:55:34","guid":{"rendered":"https:\/\/artstella-elixirs-floraux.com\/product\/northern-light\/"},"modified":"2025-09-15T14:08:52","modified_gmt":"2025-09-15T14:08:52","slug":"northern-light","status":"publish","type":"product","link":"https:\/\/artstella-elixirs-floraux.com\/en\/product\/northern-light\/","title":{"rendered":"NORTHERN LIGHT &#8211; Aurores bor\u00e9ales"},"content":{"rendered":"<p><strong><span style=\"color: #008000;\"><em>NORTHERN LIGHT. Aurores bor\u00e9ales<\/em><\/span><\/strong><\/p>\n<p>Son action se focalise \u00e0 pr\u00e9parer notre c\u0153ur \u00e0 une nouvelle matrice de relation aux autres bas\u00e9e sur l&rsquo;amour universel.<\/p>","protected":false},"excerpt":{"rendered":"<p><strong><span style=\"color: #008000;\"><em>NORTHERN LIGHT. LUMIERE DU NORD<br \/>\n<\/em><\/span><\/strong><\/p>\n<p>Cet \u00e9lixir a \u00e9t\u00e9 fait lors d&rsquo;une nuit arctique venteuse avec des temp\u00e9ratures inf\u00e9rieures \u00e0 z\u00e9ro, sous le foisonnement vert d&rsquo;une aurore bor\u00e9ale. Il nous aide \u00e0 nous d\u00e9passer la seule perspective terrestre pour joindre la danse de la source de la cr\u00e9ation.<\/p>","protected":false},"featured_media":11477,"template":"","meta":[],"product_brand":[],"product_cat":[120],"product_tag":[],"class_list":{"0":"post-2390","1":"product","2":"type-product","3":"status-publish","4":"has-post-thumbnail","6":"product_cat-les-elixirs-nouveaux-environnementaux","8":"first","9":"instock","10":"taxable","11":"shipping-taxable","12":"purchasable","13":"product-type-variable"},"etheme_brands":{"errors":{"invalid_taxonomy":["Invalid taxonomy."]},"error_data":[]},"jetpack_sharing_enabled":true,"jetpack-related-posts":[{"id":2239,"url":"https:\/\/artstella-elixirs-floraux.com\/en\/product\/northern-twayblade-alaskan\/","url_meta":{"origin":2390,"position":0},"title":"Northern twayblade Alaskan","author":"eveapprill","date":"9 March 2025","format":false,"excerpt":"Northern twayblade. Listera borealis R\u00e9sistance \u00e0 s'ouvrir aux niveaux subtils de sa conscience ; incapable de concilier","rel":"","context":"Similar post","block_context":{"text":"Similar post","link":""},"img":{"alt_text":"","src":"https:\/\/i0.wp.com\/artstella-elixirs-floraux.com\/wp-content\/uploads\/2025\/03\/wp-image569.png?resize=350%2C200&ssl=1","width":350,"height":200},"classes":[]},{"id":2331,"url":"https:\/\/artstella-elixirs-floraux.com\/en\/product\/twinflower-alaskan\/","url_meta":{"origin":2390,"position":1},"title":"Twinflower Alaskan","author":"eveapprill","date":"9 March 2025","format":false,"excerpt":"Twinflower. Linnaea Borealis Communication r\u00e9active ou sur la d\u00e9fensive ; difficult\u00e9 \u00e0 comprendre ce que disent les autres.","rel":"","context":"Similar post","block_context":{"text":"Similar post","link":""},"img":{"alt_text":"","src":"https:\/\/i0.wp.com\/artstella-elixirs-floraux.com\/wp-content\/uploads\/2025\/03\/wp-image596.png?resize=350%2C200&ssl=1","width":350,"height":200},"classes":[]},{"id":2359,"url":"https:\/\/artstella-elixirs-floraux.com\/en\/product\/yarrow-alaskan\/","url_meta":{"origin":2390,"position":2},"title":"Yarrow Alaskan","author":"eveapprill","date":"9 March 2025","format":false,"excerpt":"Yarrow. Achillea borealis. Achill\u00e9e Hypersensibilit\u00e9 \u00e0 l'environnement ; recherche la protection \u00e0 l'ext\u00e9rieur, int\u00e9grit\u00e9 de l'aura atteinte par un accident ou un traumatisme pass\u00e9 ou pr\u00e9sent.","rel":"","context":"Similar post","block_context":{"text":"Similar post","link":""},"img":{"alt_text":"","src":"https:\/\/i0.wp.com\/artstella-elixirs-floraux.com\/wp-content\/uploads\/2025\/03\/wp-image603.png?resize=350%2C200&ssl=1","width":350,"height":200},"classes":[]},{"id":4954,"url":"https:\/\/artstella-elixirs-floraux.com\/en\/product\/northern-coral-root-alaskan-f-s\/","url_meta":{"origin":2390,"position":3},"title":"NORTHERN CORAL ROOT ALASKAN F S","author":"eveapprill","date":"9 March 2025","format":false,"excerpt":"Northern Coral Root \u00abRacine de Corail\u00a0\u00bb Aide \u00e0 transformer des \u00e9motions toxiques et d\u00e9s\u00e9quilibr\u00e9es, les formes-pens\u00e9es et les \u00e9nergies en les ramenant \u00e0 la lumi\u00e8re. Aide \u00e0 devenir plus conscient et respectueux de notre relation symbiotique avec la terre. Nous aide \u00e0 recevoir ce dont nous avons besoin \u00e0 travers\u2026","rel":"","context":"Similar post","block_context":{"text":"Similar post","link":""},"img":{"alt_text":"","src":"https:\/\/i0.wp.com\/artstella-elixirs-floraux.com\/wp-content\/uploads\/2025\/03\/wp-image1395-e1748848040392.png?resize=350%2C200&ssl=1","width":350,"height":200},"classes":[]},{"id":2235,"url":"https:\/\/artstella-elixirs-floraux.com\/en\/product\/northern-ladys-slipper-alaskan\/","url_meta":{"origin":2390,"position":4},"title":"Northern lady\u2019s slipper Alaskan","author":"eveapprill","date":"9 March 2025","format":false,"excerpt":"Northern lady\u2019s slipper. Cypripedium passerinum Lien corps\/\u00e2me fragile ; exp\u00e9rience de naissance traumatisante, souffrance et trauma profond\u00e9ment vrill\u00e9s au corps.","rel":"","context":"Similar post","block_context":{"text":"Similar post","link":""},"img":{"alt_text":"","src":"https:\/\/i0.wp.com\/artstella-elixirs-floraux.com\/wp-content\/uploads\/2025\/03\/wp-image568.png?resize=350%2C200&ssl=1","width":350,"height":200},"classes":[]},{"id":4958,"url":"https:\/\/artstella-elixirs-floraux.com\/en\/product\/northern-green-orchid-alaskan-fs\/","url_meta":{"origin":2390,"position":5},"title":"Northern Green Orchid ALASKAN FS","author":"eveapprill","date":"9 March 2025","format":false,"excerpt":"Pale Corydalis Corydalis sempervirens Pour d\u00e9velopper un sens plus fort de qui l\u2019on est dans nos relations ; aligne et int\u00e8gre le dessein personnel et Divin avec les forces du c\u0153ur ; att\u00e9nue des sch\u00e9mas de d\u00e9pendance affective et d\u2019amour conditionnel ; \u00e0 concevoir nos relations comme autant de catalyseurs\u2026","rel":"","context":"Similar post","block_context":{"text":"Similar post","link":""},"img":{"alt_text":"","src":"","width":0,"height":0},"classes":[]}],"_links":{"self":[{"href":"https:\/\/artstella-elixirs-floraux.com\/en\/wp-json\/wp\/v2\/product\/2390","targetHints":{"allow":["GET"]}}],"collection":[{"href":"https:\/\/artstella-elixirs-floraux.com\/en\/wp-json\/wp\/v2\/product"}],"about":[{"href":"https:\/\/artstella-elixirs-floraux.com\/en\/wp-json\/wp\/v2\/types\/product"}],"version-history":[{"count":2,"href":"https:\/\/artstella-elixirs-floraux.com\/en\/wp-json\/wp\/v2\/product\/2390\/revisions"}],"predecessor-version":[{"id":11478,"href":"https:\/\/artstella-elixirs-floraux.com\/en\/wp-json\/wp\/v2\/product\/2390\/revisions\/11478"}],"wp:featuredmedia":[{"embeddable":true,"href":"https:\/\/artstella-elixirs-floraux.com\/en\/wp-json\/wp\/v2\/media\/11477"}],"wp:attachment":[{"href":"https:\/\/artstella-elixirs-floraux.com\/en\/wp-json\/wp\/v2\/media?parent=2390"}],"wp:term":[{"taxonomy":"product_brand","embeddable":true,"href":"https:\/\/artstella-elixirs-floraux.com\/en\/wp-json\/wp\/v2\/product_brand?post=2390"},{"taxonomy":"product_cat","embeddable":true,"href":"https:\/\/artstella-elixirs-floraux.com\/en\/wp-json\/wp\/v2\/product_cat?post=2390"},{"taxonomy":"product_tag","embeddable":true,"href":"https:\/\/artstella-elixirs-floraux.com\/en\/wp-json\/wp\/v2\/product_tag?post=2390"}],"curies":[{"name":"wp","href":"https:\/\/api.w.org\/{rel}","templated":true}]}}