{"id":2394,"date":"2025-03-09T12:55:37","date_gmt":"2025-03-09T12:55:37","guid":{"rendered":"https:\/\/artstella-elixirs-floraux.com\/product\/polar-ice\/"},"modified":"2025-09-15T14:15:12","modified_gmt":"2025-09-15T14:15:12","slug":"polar-ice","status":"publish","type":"product","link":"https:\/\/artstella-elixirs-floraux.com\/en\/product\/polar-ice\/","title":{"rendered":"POLAR ICE &#8211; Glace Polaire"},"content":{"rendered":"","protected":false},"excerpt":{"rendered":"<p><strong><span style=\"color: #008000;\"><em>POLAR ICE . GLACE POLAIRE <\/em><\/span><\/strong><\/p>\n<p>Cet \u00e9lixir fut pr\u00e9par\u00e9 sur la banquise de l&rsquo;Oc\u00e9an Arctique pr\u00e8s du P\u00f4le Nord. C&rsquo;est un \u00e9lixir de transition et d&rsquo;accomplissement des cycles. Pour une compr\u00e9hension plus patiente des subtilit\u00e9s du temps ; nous aide \u00e0 rester pr\u00e9sent dans un lieu d&rsquo;attente pure, sans anticipation de ce qui est \u00e0 venir. (\u00c9dition limit\u00e9e)<\/p>","protected":false},"featured_media":11483,"template":"","meta":[],"product_brand":[],"product_cat":[120],"product_tag":[],"class_list":{"0":"post-2394","1":"product","2":"type-product","3":"status-publish","4":"has-post-thumbnail","6":"product_cat-les-elixirs-nouveaux-environnementaux","8":"first","9":"instock","10":"taxable","11":"shipping-taxable","12":"purchasable","13":"product-type-variable"},"etheme_brands":{"errors":{"invalid_taxonomy":["Invalid taxonomy."]},"error_data":[]},"jetpack_sharing_enabled":true,"jetpack-related-posts":[{"id":4253,"url":"https:\/\/artstella-elixirs-floraux.com\/en\/product\/polar-bear-ours-polaire-wea-30-ml\/","url_meta":{"origin":2394,"position":0},"title":"POLAR BEAR\/OURS POLAIRE WEA 30 ML","author":"eveapprill","date":"9 March 2025","format":false,"excerpt":"Polar Bear (ours polaire) Nous aide \u00e0 aller de l\u2019avant de fa\u00e7on tr\u00e8s ancr\u00e9e. Favorise l\u2019int\u00e9gration de l\u2019ancrage et de l\u2019action. Pour renforcer notre exp\u00e9rience de l\u2019ancrage et du pouvoir au long de notre qu\u00eate et chemin spirituels.","rel":"","context":"Similar post","block_context":{"text":"Similar post","link":""},"img":{"alt_text":"","src":"https:\/\/i0.wp.com\/artstella-elixirs-floraux.com\/wp-content\/uploads\/2025\/03\/wp-image2270.png?resize=350%2C200&ssl=1","width":350,"height":200,"srcset":"https:\/\/i0.wp.com\/artstella-elixirs-floraux.com\/wp-content\/uploads\/2025\/03\/wp-image2270.png?resize=350%2C200&ssl=1 1x, https:\/\/i0.wp.com\/artstella-elixirs-floraux.com\/wp-content\/uploads\/2025\/03\/wp-image2270.png?resize=525%2C300&ssl=1 1.5x, https:\/\/i0.wp.com\/artstella-elixirs-floraux.com\/wp-content\/uploads\/2025\/03\/wp-image2270.png?resize=700%2C400&ssl=1 2x"},"classes":[]},{"id":2380,"url":"https:\/\/artstella-elixirs-floraux.com\/en\/product\/greenland-icecap\/","url_meta":{"origin":2394,"position":1},"title":"GREENLAND ICECAP &#8211; Calotte glaciaire du Groenland","author":"eveapprill","date":"9 March 2025","format":false,"excerpt":"GREENLAND ICECAP Un \u00e9lixir d'eau de glacier solaris\u00e9e et pr\u00e9par\u00e9e \u00e0 la surface de la glace du Greenland au-dessus d'une r\u00e9gion o\u00f9 deux plaques tectoniques continentales se rencontrent. L'\u00e9lixir de Greenland Icecap contient l'intense \u00e9nergie de convergence, l'\u00e9nergie du mouvement naturel de l'\u00e9corce terrestre transmise au travers de centaines de\u2026","rel":"","context":"Similar post","block_context":{"text":"Similar post","link":""},"img":{"alt_text":"","src":"https:\/\/i0.wp.com\/artstella-elixirs-floraux.com\/wp-content\/uploads\/2025\/03\/Greenland_Icecap_1024x1024.jpg?resize=350%2C200&ssl=1","width":350,"height":200},"classes":[]},{"id":2376,"url":"https:\/\/artstella-elixirs-floraux.com\/en\/product\/glacier-river\/","url_meta":{"origin":2394,"position":2},"title":"GLACIER RIVER","author":"eveapprill","date":"9 March 2025","format":false,"excerpt":"Glacier river. Rivi\u00e8re glaciaire Un \u00e9lixir d'eau solaris\u00e9e pr\u00e9par\u00e9e sous de la fin du glacier Gulbana dans la zone centrale d'Alaska. Cette eau \u00e9merge de la base du glacier charriant des particules en suspension des pierres, dues \u00e0 l'\u00e9rosion par la pression constante et le d\u00e9placement de la glace.","rel":"","context":"Similar post","block_context":{"text":"Similar post","link":""},"img":{"alt_text":"","src":"https:\/\/i0.wp.com\/artstella-elixirs-floraux.com\/wp-content\/uploads\/2025\/03\/Glacier_River_1024x1024.jpg?resize=350%2C200&ssl=1","width":350,"height":200},"classes":[]},{"id":6052,"url":"https:\/\/artstella-elixirs-floraux.com\/en\/product\/elixir-ocean-n12-phi-15ml\/","url_meta":{"origin":2394,"position":3},"title":"ELIXIR OCEAN N\u00b012 PHI 15ML","author":"eveapprill","date":"9 March 2025","format":false,"excerpt":"L\u2019\u00e9lixir nous ram\u00e8ne au tout d\u00e9but, \u00e0 la cr\u00e9ation divine. Il nous relie avec l\u2019information originelle, pure, qui est aussi contenue dans les toutes premi\u00e8res cellules. Equilibre le plexus solaire et le chakra du c\u0153ur. Harmonise et \u00e9quilibre le sentiment d\u2019\u00eatre reli\u00e9 \u00e0 la Source.","rel":"","context":"Similar post","block_context":{"text":"Similar post","link":""},"img":{"alt_text":"","src":"https:\/\/i0.wp.com\/artstella-elixirs-floraux.com\/wp-content\/uploads\/2025\/03\/wp-image2050.png?resize=350%2C200&ssl=1","width":350,"height":200},"classes":[]},{"id":6064,"url":"https:\/\/artstella-elixirs-floraux.com\/en\/product\/elixir-ocean-n18-phi-15ml\/","url_meta":{"origin":2394,"position":4},"title":"ELIXIR OCEAN N\u00b018 PHI 15ML","author":"eveapprill","date":"9 March 2025","format":false,"excerpt":"L\u2019\u00e9lixir aide \u00e0 nettoyer le corps mental. Son action commence dans la zone de la t\u00eate, les pens\u00e9es peuvent s\u2019\u00e9claircir et \u00eatre trait\u00e9es avec plus de facilit\u00e9. La t\u00eate est libre, les pens\u00e9es claires et conscientes. Ensuite, cette lumi\u00e8re coule dans le corps.","rel":"","context":"Similar post","block_context":{"text":"Similar post","link":""},"img":{"alt_text":"","src":"","width":0,"height":0},"classes":[]},{"id":4655,"url":"https:\/\/artstella-elixirs-floraux.com\/en\/product\/t1-delph-phi-2x15-ml\/","url_meta":{"origin":2394,"position":5},"title":"T1 + DELPH PHI 2&#215;15 ML","author":"eveapprill","date":"9 March 2025","format":false,"excerpt":"T1 - \u00e9lixir anti-rayonnement Cet \u00e9lixir est diff\u00e9rent de tous les autres \u00e9lixirs connus. Au lieu d\u2019\u00e9mettre de l\u2019\u00e9nergie, il absorbe les \u00e9nergies exc\u00e9dentaires et r\u00e9\u00e9quilibre ainsi l\u2019organisme \u00e9nerg\u00e9tiquement.","rel":"","context":"Similar post","block_context":{"text":"Similar post","link":""},"img":{"alt_text":"T1 - \u00e9lixir anti-rayonnement","src":"https:\/\/i0.wp.com\/artstella-elixirs-floraux.com\/wp-content\/uploads\/2025\/03\/6dfb40f2-b7a1-42c7-82ee-2a04f237e22a.webp?resize=350%2C200&ssl=1","width":350,"height":200,"srcset":"https:\/\/i0.wp.com\/artstella-elixirs-floraux.com\/wp-content\/uploads\/2025\/03\/6dfb40f2-b7a1-42c7-82ee-2a04f237e22a.webp?resize=350%2C200&ssl=1 1x, https:\/\/i0.wp.com\/artstella-elixirs-floraux.com\/wp-content\/uploads\/2025\/03\/6dfb40f2-b7a1-42c7-82ee-2a04f237e22a.webp?resize=525%2C300&ssl=1 1.5x, https:\/\/i0.wp.com\/artstella-elixirs-floraux.com\/wp-content\/uploads\/2025\/03\/6dfb40f2-b7a1-42c7-82ee-2a04f237e22a.webp?resize=700%2C400&ssl=1 2x"},"classes":[]}],"_links":{"self":[{"href":"https:\/\/artstella-elixirs-floraux.com\/en\/wp-json\/wp\/v2\/product\/2394","targetHints":{"allow":["GET"]}}],"collection":[{"href":"https:\/\/artstella-elixirs-floraux.com\/en\/wp-json\/wp\/v2\/product"}],"about":[{"href":"https:\/\/artstella-elixirs-floraux.com\/en\/wp-json\/wp\/v2\/types\/product"}],"version-history":[{"count":2,"href":"https:\/\/artstella-elixirs-floraux.com\/en\/wp-json\/wp\/v2\/product\/2394\/revisions"}],"predecessor-version":[{"id":11482,"href":"https:\/\/artstella-elixirs-floraux.com\/en\/wp-json\/wp\/v2\/product\/2394\/revisions\/11482"}],"wp:featuredmedia":[{"embeddable":true,"href":"https:\/\/artstella-elixirs-floraux.com\/en\/wp-json\/wp\/v2\/media\/11483"}],"wp:attachment":[{"href":"https:\/\/artstella-elixirs-floraux.com\/en\/wp-json\/wp\/v2\/media?parent=2394"}],"wp:term":[{"taxonomy":"product_brand","embeddable":true,"href":"https:\/\/artstella-elixirs-floraux.com\/en\/wp-json\/wp\/v2\/product_brand?post=2394"},{"taxonomy":"product_cat","embeddable":true,"href":"https:\/\/artstella-elixirs-floraux.com\/en\/wp-json\/wp\/v2\/product_cat?post=2394"},{"taxonomy":"product_tag","embeddable":true,"href":"https:\/\/artstella-elixirs-floraux.com\/en\/wp-json\/wp\/v2\/product_tag?post=2394"}],"curies":[{"name":"wp","href":"https:\/\/api.w.org\/{rel}","templated":true}]}}