{"id":2402,"date":"2025-03-09T12:55:45","date_gmt":"2025-03-09T12:55:45","guid":{"rendered":"https:\/\/artstella-elixirs-floraux.com\/product\/rock-springs\/"},"modified":"2025-09-15T14:27:06","modified_gmt":"2025-09-15T14:27:06","slug":"rock-springs","status":"publish","type":"product","link":"https:\/\/artstella-elixirs-floraux.com\/en\/product\/rock-springs\/","title":{"rendered":"ROCK SPRINGS &#8211; Source d&rsquo;eau de roche"},"content":{"rendered":"<p><em><span style=\"color: #008000;\"><strong><span style=\"color: #008000;\"><strong><em>ROCK SPRING. SOURCE D&rsquo;EAU DE ROCHE<\/em><\/strong><\/span><\/strong><\/span><\/em><\/p>\n<p>C\u2019est un \u00e9lixir qui peut nous aider \u00e0 trouver notre chemin dans des difficult\u00e9s apparemment insurmontables, avec une patience infinie et une confiance sans limites.<\/p>","protected":false},"excerpt":{"rendered":"<p><span style=\"color: #008000;\"><strong><em>ROCK SPRING. SOURCE D&rsquo;EAU DE ROCHE<br \/>\n<\/em><\/strong><\/span><\/p>\n<p>Cet \u00e9lixir a \u00e9t\u00e9 pr\u00e9par\u00e9 \u00e0 partir d\u2019une source jaillissant dans les hauteurs de la montagne Talkeetna, dans le centre-sud de l\u2019Alaska. L\u2019eau de cette source \u00e9merge du centre d\u2019un rocher escarp\u00e9 et plonge en cascade dans un bassin. \u00ab\u00a0Rock spring\u00a0\u00bb est un \u00e9lixir d\u2019espoir et de miracle ! Il incarne la preuve constante que rien n\u2019est impossible.<\/p>","protected":false},"featured_media":11461,"template":"","meta":[],"product_brand":[],"product_cat":[120],"product_tag":[],"class_list":{"0":"post-2402","1":"product","2":"type-product","3":"status-publish","4":"has-post-thumbnail","6":"product_cat-les-elixirs-nouveaux-environnementaux","8":"first","9":"instock","10":"taxable","11":"shipping-taxable","12":"purchasable","13":"product-type-variable"},"etheme_brands":{"errors":{"invalid_taxonomy":["Invalid taxonomy."]},"error_data":[]},"jetpack_sharing_enabled":true,"jetpack-related-posts":[{"id":5914,"url":"https:\/\/artstella-elixirs-floraux.com\/en\/product\/eau-de-roche-10ml-deva\/","url_meta":{"origin":2402,"position":0},"title":"Eau de roche 10ml DEVA","author":"eveapprill","date":"9 March 2025","format":false,"excerpt":"Eau de roche - Rock water Compr\u00e9hension, largesse d\u2019esprit Pour les personnes tr\u00e8s strictes, au caract\u00e8re rigide et rigoureux, qui se privent et se r\u00e9priment. Avides de perfection, souvent d'une strict moralit\u00e9, elles ont tendance \u00e0 \u00eatre id\u00e9alistes et peuvent souffrir d'une discipline trop rigoureuse.","rel":"","context":"Similar post","block_context":{"text":"Similar post","link":""},"img":{"alt_text":"","src":"","width":0,"height":0},"classes":[]},{"id":2874,"url":"https:\/\/artstella-elixirs-floraux.com\/en\/product\/rock-water-15ml-phi\/","url_meta":{"origin":2402,"position":1},"title":"ROCK WATER 15ML PHI","author":"eveapprill","date":"9 March 2025","format":false,"excerpt":"Rock water (Aqua petra) (Eau de roche)\u00a0 Pour nous lib\u00e9rer de comportements rigides et d\u00e9pass\u00e9s. Pour retrouver le courant du fleuve de la vie.","rel":"","context":"Similar post","block_context":{"text":"Similar post","link":""},"img":{"alt_text":"","src":"https:\/\/i0.wp.com\/artstella-elixirs-floraux.com\/wp-content\/uploads\/2025\/03\/wp-image1094.png?resize=350%2C200&ssl=1","width":350,"height":200},"classes":[]},{"id":3671,"url":"https:\/\/artstella-elixirs-floraux.com\/en\/product\/61-source-of-life-lto-15-ml\/","url_meta":{"origin":2402,"position":2},"title":"61. SOURCE OF LIFE LTO 15 ML","author":"eveapprill","date":"9 March 2025","format":false,"excerpt":"Source of Life \/ Source de vie Un\u00a0 \u00e9lixir unique pour s\u2019adresser aux aspects sexuels du 2\u00e8me chakra.\u00a0","rel":"","context":"Similar post","block_context":{"text":"Similar post","link":""},"img":{"alt_text":"","src":"https:\/\/i0.wp.com\/artstella-elixirs-floraux.com\/wp-content\/uploads\/2025\/03\/2246925e-0c0b-4269-8b46-a4b4ef4dce55.jpg?resize=350%2C200&ssl=1","width":350,"height":200,"srcset":"https:\/\/i0.wp.com\/artstella-elixirs-floraux.com\/wp-content\/uploads\/2025\/03\/2246925e-0c0b-4269-8b46-a4b4ef4dce55.jpg?resize=350%2C200&ssl=1 1x, https:\/\/i0.wp.com\/artstella-elixirs-floraux.com\/wp-content\/uploads\/2025\/03\/2246925e-0c0b-4269-8b46-a4b4ef4dce55.jpg?resize=525%2C300&ssl=1 1.5x, https:\/\/i0.wp.com\/artstella-elixirs-floraux.com\/wp-content\/uploads\/2025\/03\/2246925e-0c0b-4269-8b46-a4b4ef4dce55.jpg?resize=700%2C400&ssl=1 2x"},"classes":[]},{"id":3489,"url":"https:\/\/artstella-elixirs-floraux.com\/en\/product\/defender-of-the-source-15-ml-ltoe\/","url_meta":{"origin":2402,"position":3},"title":"DEFENDER OF THE SOURCE 15 ML LTOE","author":"eveapprill","date":"9 March 2025","format":false,"excerpt":"Defender of the Source \/ D\u00e9fense de la Source\u00a0 (compos\u00e9 de Defender from the Dark et Source of Life).\u00a0 Ce compos\u00e9 prot\u00e8gera la r\u00e9gion du chakra sacr\u00e9 contre l\u2019interf\u00e9rence de ces \u00e9nergies n\u00e9gatives. Cet \u00e9lixir semble agir comme un gardien des portes de l\u2019\u00e2me","rel":"","context":"Similar post","block_context":{"text":"Similar post","link":""},"img":{"alt_text":"","src":"https:\/\/i0.wp.com\/artstella-elixirs-floraux.com\/wp-content\/uploads\/2025\/03\/1daefbf9-9d3a-4242-991c-8fc13d1e5a8a.jpg?resize=350%2C200&ssl=1","width":350,"height":200,"srcset":"https:\/\/i0.wp.com\/artstella-elixirs-floraux.com\/wp-content\/uploads\/2025\/03\/1daefbf9-9d3a-4242-991c-8fc13d1e5a8a.jpg?resize=350%2C200&ssl=1 1x, https:\/\/i0.wp.com\/artstella-elixirs-floraux.com\/wp-content\/uploads\/2025\/03\/1daefbf9-9d3a-4242-991c-8fc13d1e5a8a.jpg?resize=525%2C300&ssl=1 1.5x, https:\/\/i0.wp.com\/artstella-elixirs-floraux.com\/wp-content\/uploads\/2025\/03\/1daefbf9-9d3a-4242-991c-8fc13d1e5a8a.jpg?resize=700%2C400&ssl=1 2x"},"classes":[]},{"id":6052,"url":"https:\/\/artstella-elixirs-floraux.com\/en\/product\/elixir-ocean-n12-phi-15ml\/","url_meta":{"origin":2402,"position":4},"title":"ELIXIR OCEAN N\u00b012 PHI 15ML","author":"eveapprill","date":"9 March 2025","format":false,"excerpt":"L\u2019\u00e9lixir nous ram\u00e8ne au tout d\u00e9but, \u00e0 la cr\u00e9ation divine. Il nous relie avec l\u2019information originelle, pure, qui est aussi contenue dans les toutes premi\u00e8res cellules. Equilibre le plexus solaire et le chakra du c\u0153ur. Harmonise et \u00e9quilibre le sentiment d\u2019\u00eatre reli\u00e9 \u00e0 la Source.","rel":"","context":"Similar post","block_context":{"text":"Similar post","link":""},"img":{"alt_text":"","src":"https:\/\/i0.wp.com\/artstella-elixirs-floraux.com\/wp-content\/uploads\/2025\/03\/wp-image2050.png?resize=350%2C200&ssl=1","width":350,"height":200},"classes":[]},{"id":2755,"url":"https:\/\/artstella-elixirs-floraux.com\/en\/product\/fire-feu-bush-white-light\/","url_meta":{"origin":2402,"position":5},"title":"FIRE (Feu) BUSH WHITE LIGHT","author":"eveapprill","date":"9 March 2025","format":false,"excerpt":"L'\u00c9LIXIR FEU (FIRE ESSENCE)a \u00e9t\u00e9 pr\u00e9par\u00e9 dans la zone sacr\u00e9e de Katajuta en Australie Centrale. Il contient l\u2019\u00e9nergie de passion, de cr\u00e9ation, des possibilit\u00e9s et du potentiel du Feu. Un aspect des quatre \u00e9lixirs des \u00e9l\u00e9ments (Feu, Eau, Air et Terre) ...","rel":"","context":"Similar post","block_context":{"text":"Similar post","link":""},"img":{"alt_text":"","src":"https:\/\/i0.wp.com\/artstella-elixirs-floraux.com\/wp-content\/uploads\/2025\/03\/f632d282-b8dc-4bcb-9292-c0f9db32d983.jpg?resize=350%2C200&ssl=1","width":350,"height":200,"srcset":"https:\/\/i0.wp.com\/artstella-elixirs-floraux.com\/wp-content\/uploads\/2025\/03\/f632d282-b8dc-4bcb-9292-c0f9db32d983.jpg?resize=350%2C200&ssl=1 1x, https:\/\/i0.wp.com\/artstella-elixirs-floraux.com\/wp-content\/uploads\/2025\/03\/f632d282-b8dc-4bcb-9292-c0f9db32d983.jpg?resize=525%2C300&ssl=1 1.5x, https:\/\/i0.wp.com\/artstella-elixirs-floraux.com\/wp-content\/uploads\/2025\/03\/f632d282-b8dc-4bcb-9292-c0f9db32d983.jpg?resize=700%2C400&ssl=1 2x"},"classes":[]}],"_links":{"self":[{"href":"https:\/\/artstella-elixirs-floraux.com\/en\/wp-json\/wp\/v2\/product\/2402","targetHints":{"allow":["GET"]}}],"collection":[{"href":"https:\/\/artstella-elixirs-floraux.com\/en\/wp-json\/wp\/v2\/product"}],"about":[{"href":"https:\/\/artstella-elixirs-floraux.com\/en\/wp-json\/wp\/v2\/types\/product"}],"version-history":[{"count":3,"href":"https:\/\/artstella-elixirs-floraux.com\/en\/wp-json\/wp\/v2\/product\/2402\/revisions"}],"predecessor-version":[{"id":11491,"href":"https:\/\/artstella-elixirs-floraux.com\/en\/wp-json\/wp\/v2\/product\/2402\/revisions\/11491"}],"wp:featuredmedia":[{"embeddable":true,"href":"https:\/\/artstella-elixirs-floraux.com\/en\/wp-json\/wp\/v2\/media\/11461"}],"wp:attachment":[{"href":"https:\/\/artstella-elixirs-floraux.com\/en\/wp-json\/wp\/v2\/media?parent=2402"}],"wp:term":[{"taxonomy":"product_brand","embeddable":true,"href":"https:\/\/artstella-elixirs-floraux.com\/en\/wp-json\/wp\/v2\/product_brand?post=2402"},{"taxonomy":"product_cat","embeddable":true,"href":"https:\/\/artstella-elixirs-floraux.com\/en\/wp-json\/wp\/v2\/product_cat?post=2402"},{"taxonomy":"product_tag","embeddable":true,"href":"https:\/\/artstella-elixirs-floraux.com\/en\/wp-json\/wp\/v2\/product_tag?post=2402"}],"curies":[{"name":"wp","href":"https:\/\/api.w.org\/{rel}","templated":true}]}}