{"id":2406,"date":"2025-03-09T12:55:48","date_gmt":"2025-03-09T12:55:48","guid":{"rendered":"https:\/\/artstella-elixirs-floraux.com\/product\/stone-circle\/"},"modified":"2025-09-15T14:32:20","modified_gmt":"2025-09-15T14:32:20","slug":"stone-circle","status":"publish","type":"product","link":"https:\/\/artstella-elixirs-floraux.com\/en\/product\/stone-circle\/","title":{"rendered":"STONE CIRCLE &#8211; Cercle de pierre"},"content":{"rendered":"<p><strong><span style=\"color: #008000;\"><em>STONE CIRCLE . CERCLE DE PIERRE<\/em><\/span><\/strong><\/p>\n<p>Il cr\u00e9e une aura de protection solide de fa\u00e7on \u00e0 ce que l\u2019on n\u2019absorbe pas une \u00e9nergie d\u00e9s\u00e9quilibr\u00e9e ou stagnante, que l\u2019on essaye de transformer.<\/p>","protected":false},"excerpt":{"rendered":"<p><strong><span style=\"color: #008000;\"><em>STONE CIRCLE . CERCLE DE PIERRE<\/em><\/span><\/strong><\/p>\n<p>Cet \u00e9lixir a \u00e9t\u00e9 pr\u00e9par\u00e9 dans un cercle naturel de pierres sur la montagne Talkeetna en Alaska. Ce cercle rec\u00e8le des \u00e9nergies \u00e9l\u00e9mentales dans leur \u00e9tat originel \u00e9quilibr\u00e9. \u00ab\u00a0Stone circle\u00a0\u00bb est particuli\u00e8rement utile \u00e0 ceux qui \u00e9quilibrent les \u00e9nergies des personnes dans des structures faites de la main de l\u2019homme<\/p>","protected":false},"featured_media":11495,"template":"","meta":[],"product_brand":[],"product_cat":[120],"product_tag":[],"class_list":{"0":"post-2406","1":"product","2":"type-product","3":"status-publish","4":"has-post-thumbnail","6":"product_cat-les-elixirs-nouveaux-environnementaux","8":"first","9":"instock","10":"taxable","11":"shipping-taxable","12":"purchasable","13":"product-type-variable"},"etheme_brands":{"errors":{"invalid_taxonomy":["Invalid taxonomy."]},"error_data":[]},"jetpack_sharing_enabled":true,"jetpack-related-posts":[{"id":5251,"url":"https:\/\/artstella-elixirs-floraux.com\/en\/product\/108-cartes-de-crops-circle\/","url_meta":{"origin":2406,"position":0},"title":"108 Cartes de Crops Circle","author":"eveapprill","date":"9 March 2025","format":false,"excerpt":"Un jeu de cartes repr\u00e9sentant 108 cercles de bl\u00e9 dont Andr\u00e9as Korte a recueilli l'\u00e9nergie dans ses \u00e9lixirs de crop Circle","rel":"","context":"Similar post","block_context":{"text":"Similar post","link":""},"img":{"alt_text":"","src":"","width":0,"height":0},"classes":[]},{"id":5757,"url":"https:\/\/artstella-elixirs-floraux.com\/en\/product\/elixir-de-cercle-de-ble-15-ml-phi\/","url_meta":{"origin":2406,"position":1},"title":"Elixir de cercle de bl\u00e9 15 ml PHI","author":"eveapprill","date":"9 March 2025","format":false,"excerpt":"Il existe 247 \u00e9lixirs de cercle de bl\u00e9 \u00e9labor\u00e9s depuis 1996. Pour commander merci de pr\u00e9ciser le N\u00b0 que vous souhaitez recevoir. Pour t\u00e9l\u00e9charger la brochure","rel":"","context":"Similar post","block_context":{"text":"Similar post","link":""},"img":{"alt_text":"","src":"","width":0,"height":0},"classes":[]},{"id":2694,"url":"https:\/\/artstella-elixirs-floraux.com\/en\/product\/guardian-alaska\/","url_meta":{"origin":2406,"position":2},"title":"GUARDIAN ALASKA","author":"eveapprill","date":"9 March 2025","format":false,"excerpt":"Guardian (Guardien) existe en gouttes et en\u00a0 spray. Contient : Covellite . Devil\u2019s club. Round leave orchid . Stone circle. White Violet . Yarrow. Apporte un puissant champ de protection au niveau de l\u2019aura. Elle invoque une \u00e9nergie harmonieuse qui vous permet d\u2019avoir votre espace, de maintenir votre ancrage et\u2026","rel":"","context":"Similar post","block_context":{"text":"Similar post","link":""},"img":{"alt_text":"","src":"https:\/\/i0.wp.com\/artstella-elixirs-floraux.com\/wp-content\/uploads\/2025\/03\/1cb3fc0a-98e4-4c12-85cf-fdb300461280.jpg?resize=350%2C200&ssl=1","width":350,"height":200,"srcset":"https:\/\/i0.wp.com\/artstella-elixirs-floraux.com\/wp-content\/uploads\/2025\/03\/1cb3fc0a-98e4-4c12-85cf-fdb300461280.jpg?resize=350%2C200&ssl=1 1x, https:\/\/i0.wp.com\/artstella-elixirs-floraux.com\/wp-content\/uploads\/2025\/03\/1cb3fc0a-98e4-4c12-85cf-fdb300461280.jpg?resize=525%2C300&ssl=1 1.5x, https:\/\/i0.wp.com\/artstella-elixirs-floraux.com\/wp-content\/uploads\/2025\/03\/1cb3fc0a-98e4-4c12-85cf-fdb300461280.jpg?resize=700%2C400&ssl=1 2x"},"classes":[]},{"id":5245,"url":"https:\/\/artstella-elixirs-floraux.com\/en\/product\/le-secret-des-cercles-de-ble\/","url_meta":{"origin":2406,"position":3},"title":"Le secret des cercles de bl\u00e9","author":"eveapprill","date":"9 March 2025","format":false,"excerpt":"Ce livre par Andr\u00e9as Korte est une introduction aux ph\u00e9nom\u00e8nes de cercles de bl\u00e9 et pr\u00e9sente une description de 131 \u00e9lixirs r\u00e9alis\u00e9s avec l'\u00e9nergie de certains cercles apparus depuis 1996","rel":"","context":"Similar post","block_context":{"text":"Similar post","link":""},"img":{"alt_text":"","src":"","width":0,"height":0},"classes":[]},{"id":6159,"url":"https:\/\/artstella-elixirs-floraux.com\/en\/product\/luminotherapie-hlt-andreas-korte\/","url_meta":{"origin":2406,"position":4},"title":"Luminotherapie HLT Andreas Korte","author":"eveapprill","date":"9 March 2025","format":false,"excerpt":"Le livre : La luminoth\u00e9rapie\u00a0 Holistic Light Therapy\u00ae par Andr\u00e9as Korte pr\u00e9sente sa recherche sur es effets combin\u00e9s de la lumi\u00e8re, de la couleur, de la,musique et des \u00e9lixirs.","rel":"","context":"Similar post","block_context":{"text":"Similar post","link":""},"img":{"alt_text":"","src":"https:\/\/i0.wp.com\/artstella-elixirs-floraux.com\/wp-content\/uploads\/2025\/03\/wp-image2162.png?resize=350%2C200&ssl=1","width":350,"height":200},"classes":[]},{"id":6199,"url":"https:\/\/artstella-elixirs-floraux.com\/en\/product\/collier-angel-phi\/","url_meta":{"origin":2406,"position":5},"title":"Collier \u00ab\u00a0ANGEL\u00a0\u00bb PHI","author":"eveapprill","date":"9 March 2025","format":false,"excerpt":"NOUVEAU PENDENTIF ! Il allie l'\u00e9nergie du cercle de bl\u00e9 n\u00b0215 Angel et du nouvel \u00e9lixir Oc\u00e9an n\u00b031. Il aide au niveau \u00e9nerg\u00e9tique \u00e0 traverser les p\u00e9riodes difficiles. Il apporte un sentiment de protection.","rel":"","context":"Similar post","block_context":{"text":"Similar post","link":""},"img":{"alt_text":"","src":"https:\/\/i0.wp.com\/artstella-elixirs-floraux.com\/wp-content\/uploads\/2025\/03\/wp-image2194.png?resize=350%2C200&ssl=1","width":350,"height":200},"classes":[]}],"_links":{"self":[{"href":"https:\/\/artstella-elixirs-floraux.com\/en\/wp-json\/wp\/v2\/product\/2406","targetHints":{"allow":["GET"]}}],"collection":[{"href":"https:\/\/artstella-elixirs-floraux.com\/en\/wp-json\/wp\/v2\/product"}],"about":[{"href":"https:\/\/artstella-elixirs-floraux.com\/en\/wp-json\/wp\/v2\/types\/product"}],"version-history":[{"count":2,"href":"https:\/\/artstella-elixirs-floraux.com\/en\/wp-json\/wp\/v2\/product\/2406\/revisions"}],"predecessor-version":[{"id":11496,"href":"https:\/\/artstella-elixirs-floraux.com\/en\/wp-json\/wp\/v2\/product\/2406\/revisions\/11496"}],"wp:featuredmedia":[{"embeddable":true,"href":"https:\/\/artstella-elixirs-floraux.com\/en\/wp-json\/wp\/v2\/media\/11495"}],"wp:attachment":[{"href":"https:\/\/artstella-elixirs-floraux.com\/en\/wp-json\/wp\/v2\/media?parent=2406"}],"wp:term":[{"taxonomy":"product_brand","embeddable":true,"href":"https:\/\/artstella-elixirs-floraux.com\/en\/wp-json\/wp\/v2\/product_brand?post=2406"},{"taxonomy":"product_cat","embeddable":true,"href":"https:\/\/artstella-elixirs-floraux.com\/en\/wp-json\/wp\/v2\/product_cat?post=2406"},{"taxonomy":"product_tag","embeddable":true,"href":"https:\/\/artstella-elixirs-floraux.com\/en\/wp-json\/wp\/v2\/product_tag?post=2406"}],"curies":[{"name":"wp","href":"https:\/\/api.w.org\/{rel}","templated":true}]}}