{"id":2410,"date":"2025-03-09T12:55:52","date_gmt":"2025-03-09T12:55:52","guid":{"rendered":"https:\/\/artstella-elixirs-floraux.com\/product\/solstice-sun\/"},"modified":"2025-03-18T12:31:58","modified_gmt":"2025-03-18T12:31:58","slug":"solstice-sun","status":"publish","type":"product","link":"https:\/\/artstella-elixirs-floraux.com\/en\/product\/solstice-sun\/","title":{"rendered":"SOLSTICE SUN"},"content":{"rendered":"<p><em><strong><span style=\"color: #008000\"><strong><span style=\"color: #008000\"><em>SOLSTICE SUN. SOLEIL DU SOLSTICE<\/em><\/span><\/strong><\/span><\/strong><\/em><\/p>\n<p>Il ouvre le c\u0153ur et les circuits d&rsquo;\u00e9nergie du corps en vue d&rsquo;une exp\u00e9rience paroxystique, o\u00f9 l&rsquo;on atteint un \u00ab\u00a0pic\u00a0\u00bb, et aide ensuite \u00e0 son int\u00e9gration.<\/p>","protected":false},"excerpt":{"rendered":"<p><strong><span style=\"color: #008000\"><em>SOLSTICE SUN. SOLEIL DU SOLSTICE<br \/><\/em><\/span><\/strong><\/p>\n<p>Cet \u00e9lixir a \u00e9t\u00e9 r\u00e9alis\u00e9 dans la nuit du 21 au 22 juin, alors que le soleil de minuit dansait avec les Pics de Brooks Range dans la r\u00e9gion int\u00e9rieure du centre de l&rsquo;Alaska. Solstice Sun catalyse les capacit\u00e9s pour d&rsquo;acc\u00e9der et faire circuler un courant \u00e9nerg\u00e9tique de lumi\u00e8re plus fort \u00e0 travers le corps physique.<\/p>","protected":false},"featured_media":7698,"template":"","meta":[],"product_brand":[],"product_cat":[86],"product_tag":[],"class_list":{"0":"post-2410","1":"product","2":"type-product","3":"status-publish","4":"has-post-thumbnail","6":"product_cat-les-elixirs-environnementaux","8":"first","9":"instock","10":"taxable","11":"shipping-taxable","12":"purchasable","13":"product-type-variable"},"etheme_brands":{"errors":{"invalid_taxonomy":["Invalid taxonomy."]},"error_data":[]},"jetpack_sharing_enabled":true,"jetpack-related-posts":[{"id":2699,"url":"https:\/\/artstella-elixirs-floraux.com\/en\/product\/lighten-up-alaska\/","url_meta":{"origin":2410,"position":0},"title":"LIGHTEN UP ALASKA","author":"eveapprill","date":"9 March 2025","format":false,"excerpt":"Lighten up (Allumer la lumi\u00e8re) existe en gouttes et en\u00a0 spray. Contient : Carnelian . Grass of Parnassus . Orange Calcite . Solstice Sun. Pour ceux qui \u00e9prouvent une carence en lumi\u00e8re naturelle (pays du nord, appartement mal \u00e9clair\u00e9) ou parce que leur syst\u00e8me \u00e9nerg\u00e9tique est bloqu\u00e9.","rel":"","context":"Similar post","block_context":{"text":"Similar post","link":""},"img":{"alt_text":"","src":"https:\/\/i0.wp.com\/artstella-elixirs-floraux.com\/wp-content\/uploads\/2025\/03\/2edc7c31-74b3-4ee1-b54d-b234c5659ced.jpg?resize=350%2C200&ssl=1","width":350,"height":200,"srcset":"https:\/\/i0.wp.com\/artstella-elixirs-floraux.com\/wp-content\/uploads\/2025\/03\/2edc7c31-74b3-4ee1-b54d-b234c5659ced.jpg?resize=350%2C200&ssl=1 1x, https:\/\/i0.wp.com\/artstella-elixirs-floraux.com\/wp-content\/uploads\/2025\/03\/2edc7c31-74b3-4ee1-b54d-b234c5659ced.jpg?resize=525%2C300&ssl=1 1.5x, https:\/\/i0.wp.com\/artstella-elixirs-floraux.com\/wp-content\/uploads\/2025\/03\/2edc7c31-74b3-4ee1-b54d-b234c5659ced.jpg?resize=700%2C400&ssl=1 2x"},"classes":[]},{"id":11324,"url":"https:\/\/artstella-elixirs-floraux.com\/en\/product\/lighten-up-lumiere-energie-spray\/","url_meta":{"origin":2410,"position":1},"title":"Lighten Up (Lumi\u00e8re\/Energie) &#8211; Spray","author":"eveapprill","date":"31 August 2025","format":false,"excerpt":"Lighten Up est un complexe destin\u00e9 \u00e0 amplifier notre capacit\u00e9 \u00e0 incarner la lumi\u00e8re. Il a un effet fortifiant, \u00e9nergisant, inspirateur, nourricier et all\u00e9geant. Il a \u00e9t\u00e9 cr\u00e9\u00e9 sp\u00e9cifiquement pour ceux qui souffrent du manque de lumi\u00e8re, soit en raison de leur situation g\u00e9ographique (latitudes extr\u00eame nord ou sud), de\u2026","rel":"","context":"Similar post","block_context":{"text":"Similar post","link":""},"img":{"alt_text":"","src":"https:\/\/i0.wp.com\/artstella-elixirs-floraux.com\/wp-content\/uploads\/2025\/08\/lighten-up.jpg?resize=350%2C200&ssl=1","width":350,"height":200},"classes":[]},{"id":2761,"url":"https:\/\/artstella-elixirs-floraux.com\/en\/product\/devic-devique-bush-white-light\/","url_meta":{"origin":2410,"position":2},"title":"DEVIC (D\u00e9vique) BUSH WHITE LIGHT","author":"eveapprill","date":"9 March 2025","format":false,"excerpt":"L\u2019\u00c9LIXIR D\u00c9VIQUE (DEVIC ESSENCE) a \u00e9t\u00e9 pr\u00e9par\u00e9 lors du solstice d\u2019\u00e9t\u00e9 dans le jardin de Chalice Well \u00e0 Glastonbury en Angleterre. Il aide \u00e0 \u00e9tablir des liens solides avec le royaume des Devas, tout en ramenant chacun \u00e0 un \u00e9tat de simplicit\u00e9 et de paix.","rel":"","context":"Similar post","block_context":{"text":"Similar post","link":""},"img":{"alt_text":"","src":"https:\/\/i0.wp.com\/artstella-elixirs-floraux.com\/wp-content\/uploads\/2025\/03\/4a34ab52-f1ec-4770-8e7f-32a80ebd477b.jpg?resize=350%2C200&ssl=1","width":350,"height":200,"srcset":"https:\/\/i0.wp.com\/artstella-elixirs-floraux.com\/wp-content\/uploads\/2025\/03\/4a34ab52-f1ec-4770-8e7f-32a80ebd477b.jpg?resize=350%2C200&ssl=1 1x, https:\/\/i0.wp.com\/artstella-elixirs-floraux.com\/wp-content\/uploads\/2025\/03\/4a34ab52-f1ec-4770-8e7f-32a80ebd477b.jpg?resize=525%2C300&ssl=1 1.5x, https:\/\/i0.wp.com\/artstella-elixirs-floraux.com\/wp-content\/uploads\/2025\/03\/4a34ab52-f1ec-4770-8e7f-32a80ebd477b.jpg?resize=700%2C400&ssl=1 2x"},"classes":[]},{"id":3823,"url":"https:\/\/artstella-elixirs-floraux.com\/en\/product\/sun-orchid-phi\/","url_meta":{"origin":2410,"position":3},"title":"SUN ORCHID PHI","author":"eveapprill","date":"9 March 2025","format":false,"excerpt":"Sun orchid (Epidendrum chioneum) Relie le plexus solaire aux plans sup\u00e9rieurs. Nous apprenons \u00e0 ne pas voir seulement \u00e0 travers nos propres besoins, mais d'une fa\u00e7on plus large.","rel":"","context":"Similar post","block_context":{"text":"Similar post","link":""},"img":{"alt_text":"","src":"https:\/\/i0.wp.com\/artstella-elixirs-floraux.com\/wp-content\/uploads\/2025\/03\/wp-image517.png?resize=350%2C200&ssl=1","width":350,"height":200},"classes":[]},{"id":2339,"url":"https:\/\/artstella-elixirs-floraux.com\/en\/product\/white-spruce-alaskan\/","url_meta":{"origin":2410,"position":4},"title":"White spruce Alaskan","author":"eveapprill","date":"9 March 2025","format":false,"excerpt":"White spruce. Picea glauca Surcharge d'informations ; sensation d'\u00eatre d\u00e9sint\u00e9gr\u00e9, incapacit\u00e9 \u00e0 appliquer ses connaissances dans les d\u00e9fis de la vie","rel":"","context":"Similar post","block_context":{"text":"Similar post","link":""},"img":{"alt_text":"","src":"https:\/\/i0.wp.com\/artstella-elixirs-floraux.com\/wp-content\/uploads\/2025\/03\/wp-image598.png?resize=350%2C200&ssl=1","width":350,"height":200},"classes":[]},{"id":4338,"url":"https:\/\/artstella-elixirs-floraux.com\/en\/product\/pileated-woodpecker-grand-pic-wea-e\/","url_meta":{"origin":2410,"position":5},"title":"PILEATED WOODPECKER\/GRAND PIC WEA E","author":"eveapprill","date":"9 March 2025","format":false,"excerpt":"Pileated Woodpecker (grand pic) Inspiration divine\u00a0; ouverture \u00e0 l\u2019Esprit\u00a0; t\u00e9nacit\u00e9 au travail\u00a0; conscience dela Divinit\u00e9au travail.","rel":"","context":"Similar post","block_context":{"text":"Similar post","link":""},"img":{"alt_text":"","src":"https:\/\/i0.wp.com\/artstella-elixirs-floraux.com\/wp-content\/uploads\/2025\/03\/wp-image2306.png?resize=350%2C200&ssl=1","width":350,"height":200,"srcset":"https:\/\/i0.wp.com\/artstella-elixirs-floraux.com\/wp-content\/uploads\/2025\/03\/wp-image2306.png?resize=350%2C200&ssl=1 1x, https:\/\/i0.wp.com\/artstella-elixirs-floraux.com\/wp-content\/uploads\/2025\/03\/wp-image2306.png?resize=525%2C300&ssl=1 1.5x, https:\/\/i0.wp.com\/artstella-elixirs-floraux.com\/wp-content\/uploads\/2025\/03\/wp-image2306.png?resize=700%2C400&ssl=1 2x"},"classes":[]}],"_links":{"self":[{"href":"https:\/\/artstella-elixirs-floraux.com\/en\/wp-json\/wp\/v2\/product\/2410","targetHints":{"allow":["GET"]}}],"collection":[{"href":"https:\/\/artstella-elixirs-floraux.com\/en\/wp-json\/wp\/v2\/product"}],"about":[{"href":"https:\/\/artstella-elixirs-floraux.com\/en\/wp-json\/wp\/v2\/types\/product"}],"version-history":[{"count":0,"href":"https:\/\/artstella-elixirs-floraux.com\/en\/wp-json\/wp\/v2\/product\/2410\/revisions"}],"wp:featuredmedia":[{"embeddable":true,"href":"https:\/\/artstella-elixirs-floraux.com\/en\/wp-json\/wp\/v2\/media\/7698"}],"wp:attachment":[{"href":"https:\/\/artstella-elixirs-floraux.com\/en\/wp-json\/wp\/v2\/media?parent=2410"}],"wp:term":[{"taxonomy":"product_brand","embeddable":true,"href":"https:\/\/artstella-elixirs-floraux.com\/en\/wp-json\/wp\/v2\/product_brand?post=2410"},{"taxonomy":"product_cat","embeddable":true,"href":"https:\/\/artstella-elixirs-floraux.com\/en\/wp-json\/wp\/v2\/product_cat?post=2410"},{"taxonomy":"product_tag","embeddable":true,"href":"https:\/\/artstella-elixirs-floraux.com\/en\/wp-json\/wp\/v2\/product_tag?post=2410"}],"curies":[{"name":"wp","href":"https:\/\/api.w.org\/{rel}","templated":true}]}}