{"id":2414,"date":"2025-03-09T12:55:55","date_gmt":"2025-03-09T12:55:55","guid":{"rendered":"https:\/\/artstella-elixirs-floraux.com\/product\/tidal-forces\/"},"modified":"2025-09-15T13:38:58","modified_gmt":"2025-09-15T13:38:58","slug":"tidal-forces","status":"publish","type":"product","link":"https:\/\/artstella-elixirs-floraux.com\/en\/product\/tidal-forces\/","title":{"rendered":"TIDAL FORCES"},"content":{"rendered":"<p><strong><span style=\"color: #008000;\"><em>TIDAL FORCES. LA FORCE DE LA MAREE<\/em><\/span><\/strong><\/p>\n<p>Att\u00e9nue et \u00e9quilibre nos emportements et bouillonnements \u00e9motionnels ; il emporte la r\u00e9sistance au changement et nous aide \u00e0 accepter ce qu&rsquo;il y a dans le moment pr\u00e9sent. (\u00c9dition limit\u00e9e).<\/p>","protected":false},"excerpt":{"rendered":"<p><strong><span style=\"color: #008000;\"><em>TIDAL FORCES. LA FORCE DE LA MAREE<br \/>\n<\/em><\/span><\/strong><\/p>\n<p>Un \u00e9lixir de rythme et d&rsquo;\u00e9quilibre, de perte et de gain, permet notre adaptation aux flots rapides changeants de la vie. Nous aide \u00e0 l\u00e2cher l&rsquo;ancien et \u00e0 recevoir le nouveau avec fluidit\u00e9.<\/p>","protected":false},"featured_media":11469,"template":"","meta":[],"product_brand":[],"product_cat":[120],"product_tag":[],"class_list":{"0":"post-2414","1":"product","2":"type-product","3":"status-publish","4":"has-post-thumbnail","6":"product_cat-les-elixirs-nouveaux-environnementaux","8":"first","9":"instock","10":"taxable","11":"shipping-taxable","12":"purchasable","13":"product-type-variable"},"etheme_brands":{"errors":{"invalid_taxonomy":["Invalid taxonomy."]},"error_data":[]},"jetpack_sharing_enabled":true,"jetpack-related-posts":[{"id":4112,"url":"https:\/\/artstella-elixirs-floraux.com\/en\/product\/grenouille-rana-el-cham-15ml\/","url_meta":{"origin":2414,"position":0},"title":"GRENOUILLE\/ RANA EL CHAM 15ML","author":"eveapprill","date":"9 March 2025","format":false,"excerpt":"RANA \/ GRENOUILLE Gu\u00e9rison \u00e9motionnelle \u2013 Force pour affronter les changements. Renouveau. Aide \u00e0 comprendre sainement les besoins des autres. Permet de canaliser le flux cr\u00e9atif pour l\u2019exprimer notamment \u00e0 travers l\u2019art.","rel":"","context":"Similar post","block_context":{"text":"Similar post","link":""},"img":{"alt_text":"","src":"","width":0,"height":0},"classes":[]},{"id":2649,"url":"https:\/\/artstella-elixirs-floraux.com\/en\/product\/dog-rose-of-the-wild-forces-15ml\/","url_meta":{"origin":2414,"position":1},"title":"DOG ROSE OF THE WILD FORCES 15ml","author":"eveapprill","date":"9 March 2025","format":false,"excerpt":"Dog Rose Of The Wild Forces Peur de perdre le contr\u00f4le de soi-m\u00eame, souffrance sans raison apparente. Equilibre \u00e9motionnel, rester calme et centr\u00e9 face aux bouleversements internes ou externes.","rel":"","context":"Similar post","block_context":{"text":"Similar post","link":""},"img":{"alt_text":"","src":"https:\/\/i0.wp.com\/artstella-elixirs-floraux.com\/wp-content\/uploads\/2025\/03\/wp-image255.png?resize=350%2C200&ssl=1","width":350,"height":200},"classes":[]},{"id":4231,"url":"https:\/\/artstella-elixirs-floraux.com\/en\/product\/frog-grenouille-wea-30-ml\/","url_meta":{"origin":2414,"position":2},"title":"FROG\/GRENOUILLE WEA 30 ML","author":"eveapprill","date":"9 March 2025","format":false,"excerpt":"Frog (grenouille) Aide \u00e0 vivre le quotidien comme quelque chose de miraculeux. Apporte la force et la certitude dans les moments de profonds changements \u00e9motionnels et spirituels. Pour embrasser le changement, la transformation comme une constance de la vie.","rel":"","context":"Similar post","block_context":{"text":"Similar post","link":""},"img":{"alt_text":"","src":"https:\/\/i0.wp.com\/artstella-elixirs-floraux.com\/wp-content\/uploads\/2025\/03\/wp-image2259.png?resize=350%2C200&ssl=1","width":350,"height":200,"srcset":"https:\/\/i0.wp.com\/artstella-elixirs-floraux.com\/wp-content\/uploads\/2025\/03\/wp-image2259.png?resize=350%2C200&ssl=1 1x, https:\/\/i0.wp.com\/artstella-elixirs-floraux.com\/wp-content\/uploads\/2025\/03\/wp-image2259.png?resize=525%2C300&ssl=1 1.5x, https:\/\/i0.wp.com\/artstella-elixirs-floraux.com\/wp-content\/uploads\/2025\/03\/wp-image2259.png?resize=700%2C400&ssl=1 2x"},"classes":[]},{"id":4942,"url":"https:\/\/artstella-elixirs-floraux.com\/en\/product\/lavender-yarrow-alaskan-f-sup\/","url_meta":{"origin":2414,"position":3},"title":"LAVENDER YARROW ALASKAN F SUP","author":"eveapprill","date":"9 March 2025","format":false,"excerpt":"Lavender Yarrow Achil\u00e9e bor\u00e9ale Donne force et protection aux chakras sup\u00e9rieurs ; Equilibre le flux d\u2019\u00e9nergie vers le c\u0153ur ; traite le d\u00e9p\u00e9rissement caus\u00e9 par une dissipation des forces cardiaques ou par un influx d\u2019\u00e9nergie chaotique \u00e0 travers le chakra coronal.","rel":"","context":"Similar post","block_context":{"text":"Similar post","link":""},"img":{"alt_text":"","src":"https:\/\/i0.wp.com\/artstella-elixirs-floraux.com\/wp-content\/uploads\/2025\/03\/wp-image1391.png?resize=350%2C200&ssl=1","width":350,"height":200},"classes":[]},{"id":2709,"url":"https:\/\/artstella-elixirs-floraux.com\/en\/product\/soul-support-alaska\/","url_meta":{"origin":2414,"position":4},"title":"SOUL SUPPORT ALASKA","author":"eveapprill","date":"9 March 2025","format":false,"excerpt":"Soul support (Support de l\u2019\u00e2me) existe en spray Contient : Cattell Pollen. Chalice well. Cotton Grass. Firenze. Labrador Tema. Malachite. River Beauty. Tuby. White Firenze.. Correspond \u00e0 la pr\u00e9paration d\u2019urgence. Elle peut \u00eatre utilis\u00e9e pour maintenir force et stabilit\u00e9 et \u00e9quilibre dans toute situation de stress ou de traumatisme","rel":"","context":"Similar post","block_context":{"text":"Similar post","link":""},"img":{"alt_text":"","src":"https:\/\/i0.wp.com\/artstella-elixirs-floraux.com\/wp-content\/uploads\/2025\/03\/ca7328c6-de94-4934-a288-a35ba1678624.jpg?resize=350%2C200&ssl=1","width":350,"height":200,"srcset":"https:\/\/i0.wp.com\/artstella-elixirs-floraux.com\/wp-content\/uploads\/2025\/03\/ca7328c6-de94-4934-a288-a35ba1678624.jpg?resize=350%2C200&ssl=1 1x, https:\/\/i0.wp.com\/artstella-elixirs-floraux.com\/wp-content\/uploads\/2025\/03\/ca7328c6-de94-4934-a288-a35ba1678624.jpg?resize=525%2C300&ssl=1 1.5x, https:\/\/i0.wp.com\/artstella-elixirs-floraux.com\/wp-content\/uploads\/2025\/03\/ca7328c6-de94-4934-a288-a35ba1678624.jpg?resize=700%2C400&ssl=1 2x"},"classes":[]},{"id":6215,"url":"https:\/\/artstella-elixirs-floraux.com\/en\/product\/elixirs-ocean-n-28\/","url_meta":{"origin":2414,"position":5},"title":"ELIXIRS OCEAN N\u00b0 28","author":"eveapprill","date":"9 March 2025","format":false,"excerpt":"ELIXIRS OCEAN N\u00b0 28\u00a0\u00a0 am\u00e9liore force vitale et vitalit\u00e9. Il agit positivement sur tout l\u2019organisme, apportant clart\u00e9, nettoyage int\u00e9rieur et dynamisme. Il soutient les processus de groupe et la capacit\u00e9 de collaborer. Il aide \u00e0 rassembler les \u00e9nergies, c'est-\u00e0-dire d\u2019aligner la force du groupe sur un but commun.","rel":"","context":"Similar post","block_context":{"text":"Similar post","link":""},"img":{"alt_text":"","src":"https:\/\/i0.wp.com\/artstella-elixirs-floraux.com\/wp-content\/uploads\/2025\/03\/wp-image2202.png?resize=350%2C200&ssl=1","width":350,"height":200},"classes":[]}],"_links":{"self":[{"href":"https:\/\/artstella-elixirs-floraux.com\/en\/wp-json\/wp\/v2\/product\/2414","targetHints":{"allow":["GET"]}}],"collection":[{"href":"https:\/\/artstella-elixirs-floraux.com\/en\/wp-json\/wp\/v2\/product"}],"about":[{"href":"https:\/\/artstella-elixirs-floraux.com\/en\/wp-json\/wp\/v2\/types\/product"}],"version-history":[{"count":1,"href":"https:\/\/artstella-elixirs-floraux.com\/en\/wp-json\/wp\/v2\/product\/2414\/revisions"}],"predecessor-version":[{"id":11463,"href":"https:\/\/artstella-elixirs-floraux.com\/en\/wp-json\/wp\/v2\/product\/2414\/revisions\/11463"}],"wp:featuredmedia":[{"embeddable":true,"href":"https:\/\/artstella-elixirs-floraux.com\/en\/wp-json\/wp\/v2\/media\/11469"}],"wp:attachment":[{"href":"https:\/\/artstella-elixirs-floraux.com\/en\/wp-json\/wp\/v2\/media?parent=2414"}],"wp:term":[{"taxonomy":"product_brand","embeddable":true,"href":"https:\/\/artstella-elixirs-floraux.com\/en\/wp-json\/wp\/v2\/product_brand?post=2414"},{"taxonomy":"product_cat","embeddable":true,"href":"https:\/\/artstella-elixirs-floraux.com\/en\/wp-json\/wp\/v2\/product_cat?post=2414"},{"taxonomy":"product_tag","embeddable":true,"href":"https:\/\/artstella-elixirs-floraux.com\/en\/wp-json\/wp\/v2\/product_tag?post=2414"}],"curies":[{"name":"wp","href":"https:\/\/api.w.org\/{rel}","templated":true}]}}