{"id":2418,"date":"2025-03-09T12:55:58","date_gmt":"2025-03-09T12:55:58","guid":{"rendered":"https:\/\/artstella-elixirs-floraux.com\/product\/augustine-volcano\/"},"modified":"2025-09-15T15:10:15","modified_gmt":"2025-09-15T15:10:15","slug":"augustine-volcano","status":"publish","type":"product","link":"https:\/\/artstella-elixirs-floraux.com\/en\/product\/augustine-volcano\/","title":{"rendered":"AUGUSTINE VOLCANO &#8211; Volcan Augustine"},"content":{"rendered":"","protected":false},"excerpt":{"rendered":"<p><span style=\"color: #008000;\"><strong>AUGUSTINE VOLCANO &#8211; Volcan Augustine<\/strong><\/span><\/p>\n<p>L\u2019\u00e9lixir nous aide \u00e0 lib\u00e9rer de fa\u00e7on positive nos \u00e9nergies bloqu\u00e9es ainsi que nos \u00e9motions non exprim\u00e9es.\u00a0 Il peut nous aider \u00e0 prendre contact avec ce qui n\u2019est pas encore r\u00e9solu en nous afin de l\u2019exprimer. La principale le\u00e7on de cette essence est de consid\u00e9rer que les grands cataclysmes sont les instruments annonciateurs d\u2019un changement positif.<\/p>","protected":false},"featured_media":11513,"template":"","meta":[],"product_brand":[],"product_cat":[120],"product_tag":[],"class_list":{"0":"post-2418","1":"product","2":"type-product","3":"status-publish","4":"has-post-thumbnail","6":"product_cat-les-elixirs-nouveaux-environnementaux","8":"first","9":"instock","10":"taxable","11":"shipping-taxable","12":"purchasable","13":"product-type-variable"},"etheme_brands":{"errors":{"invalid_taxonomy":["Invalid taxonomy."]},"error_data":[]},"jetpack_sharing_enabled":true,"jetpack-related-posts":[{"id":2440,"url":"https:\/\/artstella-elixirs-floraux.com\/en\/product\/volcan-redoubt\/","url_meta":{"origin":2418,"position":0},"title":"VOLCAN REDOUBT &#8211; Volcan Redoubt","author":"eveapprill","date":"9 March 2025","format":false,"excerpt":"VOLCAN REDOUBT Cet \u00e9lixir a \u00e9t\u00e9 r\u00e9alis\u00e9 en Mars 2009 pendant l'\u00e9ruption du volcan Redoubt dans le centre de l'Alaska. Il calme et apaise les doutes, anxi\u00e9t\u00e9s et peurs qui apparaissent quand nous sommes confront\u00e9s aux changements in\u00e9vitables.","rel":"","context":"Similar post","block_context":{"text":"Similar post","link":""},"img":{"alt_text":"","src":"","width":0,"height":0},"classes":[]},{"id":5144,"url":"https:\/\/artstella-elixirs-floraux.com\/en\/product\/volcan-llaima\/","url_meta":{"origin":2418,"position":1},"title":"VOLCAN LLAIMA","author":"eveapprill","date":"9 March 2025","format":false,"excerpt":"Cet \u00e9lixir est un catalyseur de conscience de notre cheminement spirituel. La seule connaissance qui vaille vraiment est celle qui est au dedans. Il va permettre de prendre conscience et d'entrer en relation intime avec la vie qui est en toute chose. \u00a0","rel":"","context":"Similar post","block_context":{"text":"Similar post","link":""},"img":{"alt_text":"","src":"","width":0,"height":0},"classes":[]},{"id":3092,"url":"https:\/\/artstella-elixirs-floraux.com\/en\/product\/teide-phi-15-ml\/","url_meta":{"origin":2418,"position":2},"title":"TEIDE PHI 15 ML","author":"eveapprill","date":"9 March 2025","format":false,"excerpt":"\u00c9lixir du volcan Te\u00efde Cet \u00e9lixir environnemental a \u00e9t\u00e9 r\u00e9alis\u00e9 sur le volcan du Te\u00efde ( 3 718 m) qui domine l\u2019\u00eele de T\u00e9n\u00e9riffe aux Canaries. Son action\u00a0: l\u2019\u00e9lixir permet \u00e0 la conscience de descendre au plan cellulaire, jusqu\u2019aux plus petites structures.","rel":"","context":"Similar post","block_context":{"text":"Similar post","link":""},"img":{"alt_text":"","src":"","width":0,"height":0},"classes":[]},{"id":3633,"url":"https:\/\/artstella-elixirs-floraux.com\/en\/product\/42-positive-outcome-ltoe-15-ml\/","url_meta":{"origin":2418,"position":3},"title":"42. POSITIVE OUTCOME LTOE 15 ML","author":"eveapprill","date":"9 March 2025","format":false,"excerpt":"Positive Outcome\/ Issue positive Cet \u00e9lixir aide \u00e0 garder un optimisme \u00e0 toute \u00e9preuve et fournit une endurance remarquable.","rel":"","context":"Similar post","block_context":{"text":"Similar post","link":""},"img":{"alt_text":"","src":"https:\/\/i0.wp.com\/artstella-elixirs-floraux.com\/wp-content\/uploads\/2025\/03\/3b42a2f2-8bfb-46cb-bc88-cb3ba763587c.jpg?resize=350%2C200&ssl=1","width":350,"height":200,"srcset":"https:\/\/i0.wp.com\/artstella-elixirs-floraux.com\/wp-content\/uploads\/2025\/03\/3b42a2f2-8bfb-46cb-bc88-cb3ba763587c.jpg?resize=350%2C200&ssl=1 1x, https:\/\/i0.wp.com\/artstella-elixirs-floraux.com\/wp-content\/uploads\/2025\/03\/3b42a2f2-8bfb-46cb-bc88-cb3ba763587c.jpg?resize=525%2C300&ssl=1 1.5x, https:\/\/i0.wp.com\/artstella-elixirs-floraux.com\/wp-content\/uploads\/2025\/03\/3b42a2f2-8bfb-46cb-bc88-cb3ba763587c.jpg?resize=700%2C400&ssl=1 2x"},"classes":[]},{"id":3509,"url":"https:\/\/artstella-elixirs-floraux.com\/en\/product\/positive-flow-lto-15-ml\/","url_meta":{"origin":2418,"position":4},"title":"POSITIVE FLOW LTO 15 ML","author":"eveapprill","date":"9 March 2025","format":false,"excerpt":"Positive flow \/ Flux positif : Est compos\u00e9 de \"Pushing back the Nigth\" et de \"Positive Outcome\", pour favoriser l'abondance. Ce compos\u00e9 a une forte action sur le plexus solaire de m\u00eame que le centre \"ajana\" entre les sourcils et soutient un sentiment de \"je peux le faire","rel":"","context":"Similar post","block_context":{"text":"Similar post","link":""},"img":{"alt_text":"","src":"https:\/\/i0.wp.com\/artstella-elixirs-floraux.com\/wp-content\/uploads\/2025\/03\/dd7269bb-4eec-4fbd-b957-0f46453cd529.jpg?resize=350%2C200&ssl=1","width":350,"height":200,"srcset":"https:\/\/i0.wp.com\/artstella-elixirs-floraux.com\/wp-content\/uploads\/2025\/03\/dd7269bb-4eec-4fbd-b957-0f46453cd529.jpg?resize=350%2C200&ssl=1 1x, https:\/\/i0.wp.com\/artstella-elixirs-floraux.com\/wp-content\/uploads\/2025\/03\/dd7269bb-4eec-4fbd-b957-0f46453cd529.jpg?resize=525%2C300&ssl=1 1.5x, https:\/\/i0.wp.com\/artstella-elixirs-floraux.com\/wp-content\/uploads\/2025\/03\/dd7269bb-4eec-4fbd-b957-0f46453cd529.jpg?resize=700%2C400&ssl=1 2x"},"classes":[]},{"id":5183,"url":"https:\/\/artstella-elixirs-floraux.com\/en\/product\/positive-flow-bleu\/","url_meta":{"origin":2418,"position":5},"title":"POSITIVE FLOW SPRAY","author":"eveapprill","date":"9 March 2025","format":false,"excerpt":"Positive Flow (Flux positif) Est compos\u00e9 de \"Pushing back the Nigth\" et de \"Positive Outcome\", pour favoriser l'abondance. Cette combinaison a une forte action sur le plexus solaire de m\u00eame que le centre \"ajana\" entre les sourcils et soutient un sentiment de \"je peux le faire\". \"Bleu\" avec Cardamone, Gen\u00e9vrier,\u2026","rel":"","context":"Similar post","block_context":{"text":"Similar post","link":""},"img":{"alt_text":"","src":"","width":0,"height":0},"classes":[]}],"_links":{"self":[{"href":"https:\/\/artstella-elixirs-floraux.com\/en\/wp-json\/wp\/v2\/product\/2418","targetHints":{"allow":["GET"]}}],"collection":[{"href":"https:\/\/artstella-elixirs-floraux.com\/en\/wp-json\/wp\/v2\/product"}],"about":[{"href":"https:\/\/artstella-elixirs-floraux.com\/en\/wp-json\/wp\/v2\/types\/product"}],"version-history":[{"count":1,"href":"https:\/\/artstella-elixirs-floraux.com\/en\/wp-json\/wp\/v2\/product\/2418\/revisions"}],"predecessor-version":[{"id":11512,"href":"https:\/\/artstella-elixirs-floraux.com\/en\/wp-json\/wp\/v2\/product\/2418\/revisions\/11512"}],"wp:featuredmedia":[{"embeddable":true,"href":"https:\/\/artstella-elixirs-floraux.com\/en\/wp-json\/wp\/v2\/media\/11513"}],"wp:attachment":[{"href":"https:\/\/artstella-elixirs-floraux.com\/en\/wp-json\/wp\/v2\/media?parent=2418"}],"wp:term":[{"taxonomy":"product_brand","embeddable":true,"href":"https:\/\/artstella-elixirs-floraux.com\/en\/wp-json\/wp\/v2\/product_brand?post=2418"},{"taxonomy":"product_cat","embeddable":true,"href":"https:\/\/artstella-elixirs-floraux.com\/en\/wp-json\/wp\/v2\/product_cat?post=2418"},{"taxonomy":"product_tag","embeddable":true,"href":"https:\/\/artstella-elixirs-floraux.com\/en\/wp-json\/wp\/v2\/product_tag?post=2418"}],"curies":[{"name":"wp","href":"https:\/\/api.w.org\/{rel}","templated":true}]}}