{"id":2422,"date":"2025-03-09T12:56:02","date_gmt":"2025-03-09T12:56:02","guid":{"rendered":"https:\/\/artstella-elixirs-floraux.com\/product\/bog-marecage\/"},"modified":"2025-09-15T15:06:52","modified_gmt":"2025-09-15T15:06:52","slug":"bog-marecage","status":"publish","type":"product","link":"https:\/\/artstella-elixirs-floraux.com\/en\/product\/bog-marecage\/","title":{"rendered":"BOG &#8211; MARECAGE"},"content":{"rendered":"","protected":false},"excerpt":{"rendered":"<p><span style=\"color: #008000;\"><strong>BOG, Mar\u00e9cage<\/strong><\/span><br \/>\nsoutient la r\u00e9alisation du potentiel ainsi que la capacit\u00e9 \u00e0 conserver du potentiel pour une cr\u00e9ation nouvelle. Il est particuli\u00e8rement recommand\u00e9 aux femmes, pour les aider \u00e0 conserver leur part f\u00e9minine tel un calice matrice de vie nouvelle.<\/p>","protected":false},"featured_media":11510,"template":"","meta":[],"product_brand":[],"product_cat":[120],"product_tag":[],"class_list":{"0":"post-2422","1":"product","2":"type-product","3":"status-publish","4":"has-post-thumbnail","6":"product_cat-les-elixirs-nouveaux-environnementaux","8":"first","9":"instock","10":"taxable","11":"shipping-taxable","12":"purchasable","13":"product-type-variable"},"etheme_brands":{"errors":{"invalid_taxonomy":["Invalid taxonomy."]},"error_data":[]},"jetpack_sharing_enabled":true,"jetpack-related-posts":[{"id":2102,"url":"https:\/\/artstella-elixirs-floraux.com\/en\/product\/bog-rosemary-alaska\/","url_meta":{"origin":2422,"position":0},"title":"BOG ROSEMARY ALASKA","author":"eveapprill","date":"9 March 2025","format":false,"excerpt":"BOG ROSEMARY ALASKA Pour le manque de confiance, la peur paralysante de l'inconnu, l'incapacit\u00e9 de prendre des risques. lib\u00e8re de la peur et de la r\u00e9sistance \u00e0 avancer. Renforce la foi.","rel":"","context":"Similar post","block_context":{"text":"Similar post","link":""},"img":{"alt_text":"","src":"https:\/\/i0.wp.com\/artstella-elixirs-floraux.com\/wp-content\/uploads\/2025\/03\/wp-image45.png?resize=350%2C200&ssl=1","width":350,"height":200},"classes":[]},{"id":2098,"url":"https:\/\/artstella-elixirs-floraux.com\/en\/product\/bog-blueberry-alaskan\/","url_meta":{"origin":2422,"position":1},"title":"Bog Blueberry Alaskan","author":"eveapprill","date":"9 March 2025","format":false,"excerpt":"Bog Blueberry Conception \u00ab donnant-donnant \u00bb de l'abondance, trop attach\u00e9 \u00e0 la forme mat\u00e9rielle de la manifestation de la vie.Permet de neutraliser les croyances limitant l'abondance sur tous les niveaux, encourage \u00e0 s'ouvrir \u00e0 l'abondance qui s'offre avec acceptation et gratitude.","rel":"","context":"Similar post","block_context":{"text":"Similar post","link":""},"img":{"alt_text":"","src":"https:\/\/i0.wp.com\/artstella-elixirs-floraux.com\/wp-content\/uploads\/2025\/03\/wp-image44.png?resize=350%2C200&ssl=1","width":350,"height":200},"classes":[]},{"id":2170,"url":"https:\/\/artstella-elixirs-floraux.com\/en\/product\/green-bog-orchid-alaskan\/","url_meta":{"origin":2422,"position":2},"title":"Green bog orchid Alaskan","author":"eveapprill","date":"9 March 2025","format":false,"excerpt":"Green bog orchid. Platanthera obtusata Sensibilit\u00e9 bloqu\u00e9e par des exp\u00e9riences douloureuses ou effrayantes contenues au niveau du c\u0153ur. GREEN BOG ORCHID ALASKA 7.5 ML","rel":"","context":"Similar post","block_context":{"text":"Similar post","link":""},"img":{"alt_text":"","src":"https:\/\/i0.wp.com\/artstella-elixirs-floraux.com\/wp-content\/uploads\/2025\/03\/wp-image538.png?resize=350%2C200&ssl=1","width":350,"height":200},"classes":[]},{"id":4884,"url":"https:\/\/artstella-elixirs-floraux.com\/en\/product\/bog-candle-alaskan-sup\/","url_meta":{"origin":2422,"position":3},"title":"BOG CANDLE ALASKAN SUP","author":"eveapprill","date":"9 March 2025","format":false,"excerpt":"BOG CANDLE Indications : pris dans la confusion, honte, la peur et la culpabilit\u00e9 ; tendances sujettes aux destructeurs ou d\u00e9gradant ; extr\u00eamement faible estime de soi.","rel":"","context":"Similar post","block_context":{"text":"Similar post","link":""},"img":{"alt_text":"","src":"https:\/\/i0.wp.com\/artstella-elixirs-floraux.com\/wp-content\/uploads\/2025\/03\/wp-image1376.png?resize=350%2C200&ssl=1","width":350,"height":200},"classes":[]},{"id":3914,"url":"https:\/\/artstella-elixirs-floraux.com\/en\/product\/libellule-a-e-phi-15-ml\/","url_meta":{"origin":2422,"position":4},"title":"LIBELLULE A.E PHI 15 ML","author":"eveapprill","date":"9 March 2025","format":false,"excerpt":"Libellule (Odonata) Libelle Pour voir plus clair dans le mar\u00e9cage de nos sentiments, quand nous ne savons pas ce que nous voulons et sommes comme dans l\u2019eau trouble.","rel":"","context":"Similar post","block_context":{"text":"Similar post","link":""},"img":{"alt_text":"","src":"","width":0,"height":0},"classes":[]},{"id":5152,"url":"https:\/\/artstella-elixirs-floraux.com\/en\/product\/pregnancy-support\/","url_meta":{"origin":2422,"position":5},"title":"PREGNANCY SUPPORT","author":"eveapprill","date":"9 March 2025","format":false,"excerpt":"A \u00e9t\u00e9 pr\u00e9par\u00e9e pour renforcer, stabiliser et \u00e9quilibrer la femme et l\u2019enfant pendant toute la grossesse.","rel":"","context":"Similar post","block_context":{"text":"Similar post","link":""},"img":{"alt_text":"","src":"https:\/\/i0.wp.com\/artstella-elixirs-floraux.com\/wp-content\/uploads\/2025\/03\/68e301b9-e3e5-48d0-bb93-47cb748b1245.jpg?resize=350%2C200&ssl=1","width":350,"height":200,"srcset":"https:\/\/i0.wp.com\/artstella-elixirs-floraux.com\/wp-content\/uploads\/2025\/03\/68e301b9-e3e5-48d0-bb93-47cb748b1245.jpg?resize=350%2C200&ssl=1 1x, https:\/\/i0.wp.com\/artstella-elixirs-floraux.com\/wp-content\/uploads\/2025\/03\/68e301b9-e3e5-48d0-bb93-47cb748b1245.jpg?resize=525%2C300&ssl=1 1.5x, https:\/\/i0.wp.com\/artstella-elixirs-floraux.com\/wp-content\/uploads\/2025\/03\/68e301b9-e3e5-48d0-bb93-47cb748b1245.jpg?resize=700%2C400&ssl=1 2x"},"classes":[]}],"_links":{"self":[{"href":"https:\/\/artstella-elixirs-floraux.com\/en\/wp-json\/wp\/v2\/product\/2422","targetHints":{"allow":["GET"]}}],"collection":[{"href":"https:\/\/artstella-elixirs-floraux.com\/en\/wp-json\/wp\/v2\/product"}],"about":[{"href":"https:\/\/artstella-elixirs-floraux.com\/en\/wp-json\/wp\/v2\/types\/product"}],"version-history":[{"count":2,"href":"https:\/\/artstella-elixirs-floraux.com\/en\/wp-json\/wp\/v2\/product\/2422\/revisions"}],"predecessor-version":[{"id":11509,"href":"https:\/\/artstella-elixirs-floraux.com\/en\/wp-json\/wp\/v2\/product\/2422\/revisions\/11509"}],"wp:featuredmedia":[{"embeddable":true,"href":"https:\/\/artstella-elixirs-floraux.com\/en\/wp-json\/wp\/v2\/media\/11510"}],"wp:attachment":[{"href":"https:\/\/artstella-elixirs-floraux.com\/en\/wp-json\/wp\/v2\/media?parent=2422"}],"wp:term":[{"taxonomy":"product_brand","embeddable":true,"href":"https:\/\/artstella-elixirs-floraux.com\/en\/wp-json\/wp\/v2\/product_brand?post=2422"},{"taxonomy":"product_cat","embeddable":true,"href":"https:\/\/artstella-elixirs-floraux.com\/en\/wp-json\/wp\/v2\/product_cat?post=2422"},{"taxonomy":"product_tag","embeddable":true,"href":"https:\/\/artstella-elixirs-floraux.com\/en\/wp-json\/wp\/v2\/product_tag?post=2422"}],"curies":[{"name":"wp","href":"https:\/\/api.w.org\/{rel}","templated":true}]}}