{"id":2433,"date":"2025-03-09T12:56:13","date_gmt":"2025-03-09T12:56:13","guid":{"rendered":"https:\/\/artstella-elixirs-floraux.com\/product\/typhoon\/"},"modified":"2025-09-15T14:51:04","modified_gmt":"2025-09-15T14:51:04","slug":"typhoon","status":"publish","type":"product","link":"https:\/\/artstella-elixirs-floraux.com\/en\/product\/typhoon\/","title":{"rendered":"TYPHOON &#8211; Typhon"},"content":{"rendered":"","protected":false},"excerpt":{"rendered":"<p><strong><span style=\"color: #008000;\">TYPHOON &#8211; Typhon<\/span><br \/>\n<\/strong>enseigne comment accepter le pouvoir de la nature dans sa capacit\u00e9 \u00e0 nettoyer, avec suffisamment de confiance pour lui laisser faire son travail de gu\u00e9rison. Il rappelle aussi comment ancrer nos vies dans l\u2019essentiel, en sachant laisser le reste. (\u00c9dition limit\u00e9e)<\/p>","protected":false},"featured_media":2434,"template":"","meta":[],"product_brand":[],"product_cat":[120],"product_tag":[],"class_list":{"0":"post-2433","1":"product","2":"type-product","3":"status-publish","4":"has-post-thumbnail","6":"product_cat-les-elixirs-nouveaux-environnementaux","8":"first","9":"instock","10":"taxable","11":"shipping-taxable","12":"purchasable","13":"product-type-variable"},"etheme_brands":{"errors":{"invalid_taxonomy":["Invalid taxonomy."]},"error_data":[]},"jetpack_sharing_enabled":true,"jetpack-related-posts":[{"id":5416,"url":"https:\/\/artstella-elixirs-floraux.com\/en\/product\/alternanthere-pagegaaieblad\/","url_meta":{"origin":2433,"position":0},"title":"Alternanth\u00e8re PAGEGAAIEBLAD","author":"eveapprill","date":"9 March 2025","format":false,"excerpt":"Althernathera \/ Alternanthera dentata\u00a0\u00a0Permet de rester centr\u00e9 et d\u2019exprimer ses sentiments sans se laisser perturber par autrui ou par des circonstances.\u00a0","rel":"","context":"Similar post","block_context":{"text":"Similar post","link":""},"img":{"alt_text":"","src":"","width":0,"height":0},"classes":[]},{"id":5478,"url":"https:\/\/artstella-elixirs-floraux.com\/en\/product\/rainbow-arc-en-ciel-30ml-bloesem\/","url_meta":{"origin":2433,"position":1},"title":"RAINBOW Arc en Ciel Bloesem Remedies","author":"eveapprill","date":"9 March 2025","format":false,"excerpt":"Rainbow - Arc en Ciel 30 ml Bloesem Remedies (Bourrache, Impatience, Monnaie du Pape, Coquelicot, Lamier rouge) \u00a0\u201cUn pont entre le ciel et la terre\u201d, cette combinaison d\u2019\u00e9lixirs\u00a0 favorise le d\u00e9veloppement personnel et stimule la cr\u00e9ativit\u00e9.\u00a0 Pour commencer \u00e0 neuf et laisser l\u2019ancien de c\u00f4t\u00e9.","rel":"","context":"Similar post","block_context":{"text":"Similar post","link":""},"img":{"alt_text":"","src":"","width":0,"height":0},"classes":[]},{"id":4101,"url":"https:\/\/artstella-elixirs-floraux.com\/en\/product\/serpiente-serpent-transmutation-15ml\/","url_meta":{"origin":2433,"position":2},"title":"SERPIENTE \/ SERPENT Transmutation 15ML","author":"eveapprill","date":"9 March 2025","format":false,"excerpt":"SERPIENTE \/ SERPENT Transmutation \u2013 Force de Vie \u2013 R\u00e9g\u00e9n\u00e9ration. Le Serpent accompagne les mues r\u00e9guli\u00e8res n\u00e9cessaires, mais aussi les grandes transformations qui impliquent de laisser le \u00ab\u00a0vieux\u00a0\u00bb pour acc\u00e9der au \u00ab\u00a0nouveau\u00a0\u00bb.","rel":"","context":"Similar post","block_context":{"text":"Similar post","link":""},"img":{"alt_text":"","src":"","width":0,"height":0},"classes":[]},{"id":5432,"url":"https:\/\/artstella-elixirs-floraux.com\/en\/product\/cephalanthere-rouge-orchid-rote-bosvogeltje\/","url_meta":{"origin":2433,"position":3},"title":"C\u00e9phalanth\u00e8re rouge Orchid ROTE BOSVOGELTJE","author":"eveapprill","date":"9 March 2025","format":false,"excerpt":"\u00a0C\u00e9phalanth\u00e8re rouge - Cephalanthera rubra- RODE BOSVOGELTJE Cette orchid\u00e9e permet de se sentir l\u2019unit\u00e9 de notre \u00eatre en toutes circonstances. Il apporte de l\u2019assurance int\u00e9rieure, pour ne pas se laisser influencer par les gens ou les circonstances,\u00a0","rel":"","context":"Similar post","block_context":{"text":"Similar post","link":""},"img":{"alt_text":"","src":"","width":0,"height":0},"classes":[]},{"id":2243,"url":"https:\/\/artstella-elixirs-floraux.com\/en\/product\/one-sided-wintergreen-alaskan\/","url_meta":{"origin":2433,"position":4},"title":"One -sided wintergreen Alaskan","author":"eveapprill","date":"9 March 2025","format":false,"excerpt":"One -sided wintergreen. Pyrola secunda Dysfonctionnement de nos \u00ab\u00a0fronti\u00e8res\u00a0\u00bb, trop influenc\u00e9s par l'\u00e9nergie des autres, inconscient de l'influence et de l'action de l'\u00e9nergie sur les autres.","rel":"","context":"Similar post","block_context":{"text":"Similar post","link":""},"img":{"alt_text":"","src":"https:\/\/i0.wp.com\/artstella-elixirs-floraux.com\/wp-content\/uploads\/2025\/03\/wp-image570.png?resize=350%2C200&ssl=1","width":350,"height":200},"classes":[]},{"id":3356,"url":"https:\/\/artstella-elixirs-floraux.com\/en\/product\/golden-barrel-cactus-15-ml-phi\/","url_meta":{"origin":2433,"position":5},"title":"GOLDEN BARREL CACTUS 15 ML PHI","author":"eveapprill","date":"9 March 2025","format":false,"excerpt":"Golden barrel cactus dit \u00ab\u00a0coussin de belle m\u00e8re\u00a0\u00bb. (Echinocactus grusonii) Quand nous sommes soumis \u00e0 de trop nombreuses influences et facteurs perturbateurs, l'\u00e9lixir favorise le recentrage, et notamment des personnes qui ont tendance \u00e0 se laisser influencer trop facilement.","rel":"","context":"Similar post","block_context":{"text":"Similar post","link":""},"img":{"alt_text":"","src":"https:\/\/i0.wp.com\/artstella-elixirs-floraux.com\/wp-content\/uploads\/2025\/03\/wp-image360.png?resize=350%2C200&ssl=1","width":350,"height":200},"classes":[]}],"_links":{"self":[{"href":"https:\/\/artstella-elixirs-floraux.com\/en\/wp-json\/wp\/v2\/product\/2433","targetHints":{"allow":["GET"]}}],"collection":[{"href":"https:\/\/artstella-elixirs-floraux.com\/en\/wp-json\/wp\/v2\/product"}],"about":[{"href":"https:\/\/artstella-elixirs-floraux.com\/en\/wp-json\/wp\/v2\/types\/product"}],"version-history":[{"count":2,"href":"https:\/\/artstella-elixirs-floraux.com\/en\/wp-json\/wp\/v2\/product\/2433\/revisions"}],"predecessor-version":[{"id":11503,"href":"https:\/\/artstella-elixirs-floraux.com\/en\/wp-json\/wp\/v2\/product\/2433\/revisions\/11503"}],"wp:featuredmedia":[{"embeddable":true,"href":"https:\/\/artstella-elixirs-floraux.com\/en\/wp-json\/wp\/v2\/media\/2434"}],"wp:attachment":[{"href":"https:\/\/artstella-elixirs-floraux.com\/en\/wp-json\/wp\/v2\/media?parent=2433"}],"wp:term":[{"taxonomy":"product_brand","embeddable":true,"href":"https:\/\/artstella-elixirs-floraux.com\/en\/wp-json\/wp\/v2\/product_brand?post=2433"},{"taxonomy":"product_cat","embeddable":true,"href":"https:\/\/artstella-elixirs-floraux.com\/en\/wp-json\/wp\/v2\/product_cat?post=2433"},{"taxonomy":"product_tag","embeddable":true,"href":"https:\/\/artstella-elixirs-floraux.com\/en\/wp-json\/wp\/v2\/product_tag?post=2433"}],"curies":[{"name":"wp","href":"https:\/\/api.w.org\/{rel}","templated":true}]}}