{"id":2437,"date":"2025-03-09T12:56:16","date_gmt":"2025-03-09T12:56:16","guid":{"rendered":"https:\/\/artstella-elixirs-floraux.com\/product\/winter-in-august\/"},"modified":"2025-09-15T14:44:51","modified_gmt":"2025-09-15T14:44:51","slug":"winter-in-august","status":"publish","type":"product","link":"https:\/\/artstella-elixirs-floraux.com\/en\/product\/winter-in-august\/","title":{"rendered":"WINTER IN AUGUST &#8211; L&rsquo;hiver en ao\u00fbt"},"content":{"rendered":"","protected":false},"excerpt":{"rendered":"<p><strong><span style=\"color: #008000;\"> WINTER IN AUGUST. L&rsquo; HIVER EN AO\u00dbT<\/span><br \/>\n<\/strong><\/p>\n<p>Un \u00e9lixir de clarification de l\u2019identit\u00e9. Pour d\u00e9terminer ce qui est essentiel sur notre chemin de vie, catalyse une clarification de l\u2019esprit, du coeur et de l\u2019\u00e9motion de ce qui n\u2019est pas appropri\u00e9, de fa\u00e7on \u00e0 conna\u00eetre une paix. (\u00c9dition limit\u00e9e)<\/p>","protected":false},"featured_media":0,"template":"","meta":[],"product_brand":[],"product_cat":[120],"product_tag":[],"class_list":{"0":"post-2437","1":"product","2":"type-product","3":"status-publish","5":"product_cat-les-elixirs-nouveaux-environnementaux","7":"first","8":"instock","9":"taxable","10":"shipping-taxable","11":"purchasable","12":"product-type-variable"},"etheme_brands":{"errors":{"invalid_taxonomy":["Invalid taxonomy."]},"error_data":[]},"jetpack_sharing_enabled":true,"jetpack-related-posts":[{"id":2958,"url":"https:\/\/artstella-elixirs-floraux.com\/en\/product\/emeraude-phi-15-ml\/","url_meta":{"origin":2437,"position":0},"title":"EMERAUDE PHI 15 ML","author":"eveapprill","date":"9 March 2025","format":false,"excerpt":"Emeraude (Smaragd) Ouvre le c\u0153ur \u00e0 la diversit\u00e9 de la vie. Active notre intuition et clarifie la relation avec notre Moi sup\u00e9rieur. Clarifie \u00e9nerg\u00e9tiquement les peurs et active le 3\u00e8me \u0153il.","rel":"","context":"Similar post","block_context":{"text":"Similar post","link":""},"img":{"alt_text":"","src":"https:\/\/i0.wp.com\/artstella-elixirs-floraux.com\/wp-content\/uploads\/2025\/03\/wp-image306.png?resize=350%2C200&ssl=1","width":350,"height":200},"classes":[]},{"id":3899,"url":"https:\/\/artstella-elixirs-floraux.com\/en\/product\/obsidienne\/","url_meta":{"origin":2437,"position":1},"title":"OBSIDIENNE","author":"eveapprill","date":"27 May 2025","format":false,"excerpt":"Obsidienne (Obsidian) Pour la stabilit\u00e9, la clarification et la purification des forces de l'esprit. L'intellect et l'intuition se relient harmonieusement.","rel":"","context":"Similar post","block_context":{"text":"Similar post","link":""},"img":{"alt_text":"","src":"","width":0,"height":0},"classes":[]},{"id":2609,"url":"https:\/\/artstella-elixirs-floraux.com\/en\/product\/turquoise\/","url_meta":{"origin":2437,"position":2},"title":"TURQUOISE","author":"eveapprill","date":"9 March 2025","format":false,"excerpt":"Turquoise Accorde le champ d\u2019\u00e9nergie avec la sagesse ancienne et le sens du sacr\u00e9 inh\u00e9rent \u00e0 chaque vie ; clarifie et approfondit notre lien \u00e0 la Terre ; nous aide \u00e0 vivre une vie simple dans la gratitude et le respect du Tout.","rel":"","context":"Similar post","block_context":{"text":"Similar post","link":""},"img":{"alt_text":"","src":"","width":0,"height":0},"classes":[]},{"id":3017,"url":"https:\/\/artstella-elixirs-floraux.com\/en\/product\/lapislazuli-phi-15-ml\/","url_meta":{"origin":2437,"position":3},"title":"LAPISLAZULI PHI 15 ML","author":"eveapprill","date":"9 March 2025","format":false,"excerpt":"Lapis-Lazuli (Lapis-lazuli) Pour l'apaisement, l'intuition, la clarification. Aide \u00e0 la lib\u00e9ration des blocages. Prot\u00e8ge de la n\u00e9gativit\u00e9 et renforce la serviabilit\u00e9 et la bont\u00e9.","rel":"","context":"Similar post","block_context":{"text":"Similar post","link":""},"img":{"alt_text":"","src":"https:\/\/i0.wp.com\/artstella-elixirs-floraux.com\/wp-content\/uploads\/2025\/03\/wp-image635.png?resize=350%2C200&ssl=1","width":350,"height":200,"srcset":"https:\/\/i0.wp.com\/artstella-elixirs-floraux.com\/wp-content\/uploads\/2025\/03\/wp-image635.png?resize=350%2C200&ssl=1 1x, https:\/\/i0.wp.com\/artstella-elixirs-floraux.com\/wp-content\/uploads\/2025\/03\/wp-image635.png?resize=525%2C300&ssl=1 1.5x"},"classes":[]},{"id":3058,"url":"https:\/\/artstella-elixirs-floraux.com\/en\/product\/topaze-bleue-phi-15-ml\/","url_meta":{"origin":2437,"position":4},"title":"TOPAZE BLEUE PHI 15 ML","author":"eveapprill","date":"9 March 2025","format":false,"excerpt":"Topaze bleue (Topas) Favorise la cr\u00e9ativit\u00e9 et l'inspiration. Il apaise le mental et le clarifie, favorise l'effort spirituel et la tol\u00e9rance.","rel":"","context":"Similar post","block_context":{"text":"Similar post","link":""},"img":{"alt_text":"","src":"https:\/\/i0.wp.com\/artstella-elixirs-floraux.com\/wp-content\/uploads\/2025\/03\/wp-image651.png?resize=350%2C200&ssl=1","width":350,"height":200},"classes":[]},{"id":12257,"url":"https:\/\/artstella-elixirs-floraux.com\/en\/product\/7-orchidee-de-lumiere-sobralia-dichotoma-sylfos\/","url_meta":{"origin":2437,"position":5},"title":"07. ORCHID\u00c9E DE LUMI\u00c8RE Sobralia dichotoma Sylfos","author":"eveapprill","date":"13 March 2026","format":false,"excerpt":"\u00c9lixir d\u2019ancrage de la lumi\u00e8re spirituelle. Clarifie la conscience, stabilise l\u2019\u00e9veil int\u00e9rieur et harmonise la relation entre ciel et terre.","rel":"","context":"Similar post","block_context":{"text":"Similar post","link":""},"img":{"alt_text":"","src":"https:\/\/i0.wp.com\/artstella-elixirs-floraux.com\/wp-content\/uploads\/2026\/03\/7_LUZ_-WEB.png?resize=350%2C200&ssl=1","width":350,"height":200},"classes":[]}],"_links":{"self":[{"href":"https:\/\/artstella-elixirs-floraux.com\/en\/wp-json\/wp\/v2\/product\/2437","targetHints":{"allow":["GET"]}}],"collection":[{"href":"https:\/\/artstella-elixirs-floraux.com\/en\/wp-json\/wp\/v2\/product"}],"about":[{"href":"https:\/\/artstella-elixirs-floraux.com\/en\/wp-json\/wp\/v2\/types\/product"}],"version-history":[{"count":2,"href":"https:\/\/artstella-elixirs-floraux.com\/en\/wp-json\/wp\/v2\/product\/2437\/revisions"}],"predecessor-version":[{"id":11501,"href":"https:\/\/artstella-elixirs-floraux.com\/en\/wp-json\/wp\/v2\/product\/2437\/revisions\/11501"}],"wp:attachment":[{"href":"https:\/\/artstella-elixirs-floraux.com\/en\/wp-json\/wp\/v2\/media?parent=2437"}],"wp:term":[{"taxonomy":"product_brand","embeddable":true,"href":"https:\/\/artstella-elixirs-floraux.com\/en\/wp-json\/wp\/v2\/product_brand?post=2437"},{"taxonomy":"product_cat","embeddable":true,"href":"https:\/\/artstella-elixirs-floraux.com\/en\/wp-json\/wp\/v2\/product_cat?post=2437"},{"taxonomy":"product_tag","embeddable":true,"href":"https:\/\/artstella-elixirs-floraux.com\/en\/wp-json\/wp\/v2\/product_tag?post=2437"}],"curies":[{"name":"wp","href":"https:\/\/api.w.org\/{rel}","templated":true}]}}