{"id":2440,"date":"2025-03-09T12:56:20","date_gmt":"2025-03-09T12:56:20","guid":{"rendered":"https:\/\/artstella-elixirs-floraux.com\/product\/volcan-redoubt\/"},"modified":"2025-09-15T14:37:14","modified_gmt":"2025-09-15T14:37:14","slug":"volcan-redoubt","status":"publish","type":"product","link":"https:\/\/artstella-elixirs-floraux.com\/en\/product\/volcan-redoubt\/","title":{"rendered":"VOLCAN REDOUBT &#8211; Volcan Redoubt"},"content":{"rendered":"<p><span style=\"color: #008000;\"><strong>VOLCAN REDOUBT &#8211; Volcan redoubt<\/strong><\/span><\/p>\n<p>Il nous aide \u00e0 accepter les forces naturelles qui sont au-del\u00e0 de notre compr\u00e9hension et de notre contr\u00f4le, et, gr\u00e2ce \u00e0 cela, \u00e0 \u00eatre align\u00e9s avec leur pouvoir magique de transformation.<\/p>","protected":false},"excerpt":{"rendered":"<p><strong><span style=\"color: #008000;\">VOLCAN REDOUBT<\/span><br \/>\n<\/strong> Cet \u00e9lixir a \u00e9t\u00e9 r\u00e9alis\u00e9 en Mars 2009 pendant l&rsquo;\u00e9ruption du volcan Redoubt dans le centre de l&rsquo;Alaska. Il calme et apaise les doutes, anxi\u00e9t\u00e9s et peurs qui apparaissent quand nous sommes confront\u00e9s aux changements in\u00e9vitables.<\/p>","protected":false},"featured_media":2441,"template":"","meta":[],"product_brand":[],"product_cat":[120],"product_tag":[],"class_list":{"0":"post-2440","1":"product","2":"type-product","3":"status-publish","4":"has-post-thumbnail","6":"product_cat-les-elixirs-nouveaux-environnementaux","8":"first","9":"instock","10":"taxable","11":"shipping-taxable","12":"purchasable","13":"product-type-variable"},"etheme_brands":{"errors":{"invalid_taxonomy":["Invalid taxonomy."]},"error_data":[]},"jetpack_sharing_enabled":true,"jetpack-related-posts":[{"id":3092,"url":"https:\/\/artstella-elixirs-floraux.com\/en\/product\/teide-phi-15-ml\/","url_meta":{"origin":2440,"position":0},"title":"TEIDE PHI 15 ML","author":"eveapprill","date":"9 March 2025","format":false,"excerpt":"\u00c9lixir du volcan Te\u00efde Cet \u00e9lixir environnemental a \u00e9t\u00e9 r\u00e9alis\u00e9 sur le volcan du Te\u00efde ( 3 718 m) qui domine l\u2019\u00eele de T\u00e9n\u00e9riffe aux Canaries. Son action\u00a0: l\u2019\u00e9lixir permet \u00e0 la conscience de descendre au plan cellulaire, jusqu\u2019aux plus petites structures.","rel":"","context":"Similar post","block_context":{"text":"Similar post","link":""},"img":{"alt_text":"","src":"","width":0,"height":0},"classes":[]},{"id":5144,"url":"https:\/\/artstella-elixirs-floraux.com\/en\/product\/volcan-llaima\/","url_meta":{"origin":2440,"position":1},"title":"VOLCAN LLAIMA","author":"eveapprill","date":"9 March 2025","format":false,"excerpt":"Cet \u00e9lixir est un catalyseur de conscience de notre cheminement spirituel. La seule connaissance qui vaille vraiment est celle qui est au dedans. Il va permettre de prendre conscience et d'entrer en relation intime avec la vie qui est en toute chose. \u00a0","rel":"","context":"Similar post","block_context":{"text":"Similar post","link":""},"img":{"alt_text":"","src":"","width":0,"height":0},"classes":[]},{"id":2418,"url":"https:\/\/artstella-elixirs-floraux.com\/en\/product\/augustine-volcano\/","url_meta":{"origin":2440,"position":2},"title":"AUGUSTINE VOLCANO &#8211; Volcan Augustine","author":"eveapprill","date":"9 March 2025","format":false,"excerpt":"AUGUSTINE VOLCANO - Volcan Augustine L\u2019\u00e9lixir nous aide \u00e0 lib\u00e9rer de fa\u00e7on positive nos \u00e9nergies bloqu\u00e9es ainsi que nos \u00e9motions non exprim\u00e9es.\u00a0 Il peut nous aider \u00e0 prendre contact avec ce qui n\u2019est pas encore r\u00e9solu en nous afin de l\u2019exprimer. La principale le\u00e7on de cette essence est de consid\u00e9rer\u2026","rel":"","context":"Similar post","block_context":{"text":"Similar post","link":""},"img":{"alt_text":"","src":"https:\/\/i0.wp.com\/artstella-elixirs-floraux.com\/wp-content\/uploads\/2025\/03\/Augustine_Volcano_1024x1024.jpg?resize=350%2C200&ssl=1","width":350,"height":200},"classes":[]},{"id":5462,"url":"https:\/\/artstella-elixirs-floraux.com\/en\/product\/strophaire-a-anneau-rugueux-10ml-bl\/","url_meta":{"origin":2440,"position":3},"title":"Strophaire \u00e0 anneau rugueux 10ml BL","author":"eveapprill","date":"9 March 2025","format":false,"excerpt":"Strophaire \u00e0 anneau rugueux \/ Stropharia rugoso annulata\u00a0\u00a0\u00a0\u00a0\u00a0\u00a0\u00a0\u00a0\u00a0\u00a0\u00a0\u00a0\u00a0\u00a0 Peut atteindre 40 \u00e0 50 cm de circonf\u00e9rence. Pour trouver de nouvelles intuitions dans ses activit\u00e9s.","rel":"","context":"Similar post","block_context":{"text":"Similar post","link":""},"img":{"alt_text":"","src":"","width":0,"height":0},"classes":[]},{"id":2186,"url":"https:\/\/artstella-elixirs-floraux.com\/en\/product\/harebell-alaskan\/","url_meta":{"origin":2440,"position":4},"title":"Harebell Alaskan","author":"eveapprill","date":"9 March 2025","format":false,"excerpt":"Harebell. Campanula lasiocarpa. Campanule Ne se sent pas aim\u00e9 et coup\u00e9 de la Source ; \u00e0 la recherche de l\u2019amour \u00e0 l'ext\u00e9rieur.","rel":"","context":"Similar post","block_context":{"text":"Similar post","link":""},"img":{"alt_text":"","src":"https:\/\/i0.wp.com\/artstella-elixirs-floraux.com\/wp-content\/uploads\/2025\/03\/wp-image542.png?resize=350%2C200&ssl=1","width":350,"height":200},"classes":[]},{"id":5840,"url":"https:\/\/artstella-elixirs-floraux.com\/en\/product\/paresseux-a-deux-doigts-15-ml-phi\/","url_meta":{"origin":2440,"position":5},"title":"Paresseux \u00e0 deux doigts 15 ml PHI","author":"eveapprill","date":"9 March 2025","format":false,"excerpt":"Paresseux \u00e0 deux doigts - Southern two toed Sloth (Choloepus didactylus) Cet animal nous aide \u00e0 d\u00e9velopper une meilleure relation au temps et \u00e0 la relaxation. Il nous aide \u00e0 mieux g\u00e9rer des situations de stress, en prenant les choses plus l\u00e9g\u00e8rement et de fa\u00e7on plus d\u00e9tendue. Il nous aide\u2026","rel":"","context":"Similar post","block_context":{"text":"Similar post","link":""},"img":{"alt_text":"","src":"","width":0,"height":0},"classes":[]}],"_links":{"self":[{"href":"https:\/\/artstella-elixirs-floraux.com\/en\/wp-json\/wp\/v2\/product\/2440","targetHints":{"allow":["GET"]}}],"collection":[{"href":"https:\/\/artstella-elixirs-floraux.com\/en\/wp-json\/wp\/v2\/product"}],"about":[{"href":"https:\/\/artstella-elixirs-floraux.com\/en\/wp-json\/wp\/v2\/types\/product"}],"version-history":[{"count":2,"href":"https:\/\/artstella-elixirs-floraux.com\/en\/wp-json\/wp\/v2\/product\/2440\/revisions"}],"predecessor-version":[{"id":11498,"href":"https:\/\/artstella-elixirs-floraux.com\/en\/wp-json\/wp\/v2\/product\/2440\/revisions\/11498"}],"wp:featuredmedia":[{"embeddable":true,"href":"https:\/\/artstella-elixirs-floraux.com\/en\/wp-json\/wp\/v2\/media\/2441"}],"wp:attachment":[{"href":"https:\/\/artstella-elixirs-floraux.com\/en\/wp-json\/wp\/v2\/media?parent=2440"}],"wp:term":[{"taxonomy":"product_brand","embeddable":true,"href":"https:\/\/artstella-elixirs-floraux.com\/en\/wp-json\/wp\/v2\/product_brand?post=2440"},{"taxonomy":"product_cat","embeddable":true,"href":"https:\/\/artstella-elixirs-floraux.com\/en\/wp-json\/wp\/v2\/product_cat?post=2440"},{"taxonomy":"product_tag","embeddable":true,"href":"https:\/\/artstella-elixirs-floraux.com\/en\/wp-json\/wp\/v2\/product_tag?post=2440"}],"curies":[{"name":"wp","href":"https:\/\/api.w.org\/{rel}","templated":true}]}}