{"id":2468,"date":"2025-03-09T12:56:47","date_gmt":"2025-03-09T12:56:47","guid":{"rendered":"https:\/\/artstella-elixirs-floraux.com\/product\/jadeite\/"},"modified":"2025-04-09T15:44:14","modified_gmt":"2025-04-09T15:44:14","slug":"jadeite","status":"publish","type":"product","link":"https:\/\/artstella-elixirs-floraux.com\/en\/product\/jadeite\/","title":{"rendered":"JADEITE"},"content":{"rendered":"","protected":false},"excerpt":{"rendered":"<p><span style=\"color: #008000;\"><strong><em>JADEITE. JADE<br \/>\n<\/em><\/strong><\/span><\/p>\n<p>Une vibration de simplicit\u00e9 paisible, \u00e9quilibr\u00e9e, hors du temps, permet de rester centrer dans le moment avec une conscience et une acceptation de notre v\u00e9ritable essence.<\/p>","protected":false},"featured_media":2469,"template":"","meta":[],"product_brand":[],"product_cat":[116],"product_tag":[],"class_list":{"0":"post-2468","1":"product","2":"type-product","3":"status-publish","4":"has-post-thumbnail","6":"product_cat-les-elixirs-de-gemmes","8":"first","9":"instock","10":"taxable","11":"shipping-taxable","12":"purchasable","13":"product-type-variable"},"etheme_brands":{"errors":{"invalid_taxonomy":["Invalid taxonomy."]},"error_data":[]},"jetpack_sharing_enabled":true,"jetpack-related-posts":[{"id":2665,"url":"https:\/\/artstella-elixirs-floraux.com\/en\/product\/aminalcare\/","url_meta":{"origin":2468,"position":0},"title":"AMINALCARE","author":"eveapprill","date":"9 March 2025","format":false,"excerpt":"ANIMAL CARE Combinaison sp\u00e9ciale d\u2019\u00e9lixirs de fleurs et de gemmes d\u2019Alaska pr\u00e9par\u00e9 comme un rem\u00e8de d\u2019urgence. Pour traiter les animaux. Il sera d'autant plus efficace s\u2019il est donn\u00e9 d\u00e8s les premiers soins apport\u00e9s aux animaux arrivant chez le v\u00e9t\u00e9rinaire, au refuge, \u00e0 la clinique, etc.","rel":"","context":"Similar post","block_context":{"text":"Similar post","link":""},"img":{"alt_text":"","src":"https:\/\/i0.wp.com\/artstella-elixirs-floraux.com\/wp-content\/uploads\/2025\/03\/3ab3c6d7-5031-4c7b-95d2-d61f14919774.jpg?resize=350%2C200&ssl=1","width":350,"height":200,"srcset":"https:\/\/i0.wp.com\/artstella-elixirs-floraux.com\/wp-content\/uploads\/2025\/03\/3ab3c6d7-5031-4c7b-95d2-d61f14919774.jpg?resize=350%2C200&ssl=1 1x, https:\/\/i0.wp.com\/artstella-elixirs-floraux.com\/wp-content\/uploads\/2025\/03\/3ab3c6d7-5031-4c7b-95d2-d61f14919774.jpg?resize=525%2C300&ssl=1 1.5x, https:\/\/i0.wp.com\/artstella-elixirs-floraux.com\/wp-content\/uploads\/2025\/03\/3ab3c6d7-5031-4c7b-95d2-d61f14919774.jpg?resize=700%2C400&ssl=1 2x"},"classes":[]},{"id":4569,"url":"https:\/\/artstella-elixirs-floraux.com\/en\/product\/animal-care\/","url_meta":{"origin":2468,"position":1},"title":"Animal care","author":"eveapprill","date":"9 March 2025","format":false,"excerpt":"ANIMAL CARE SPRAYS Combinaison sp\u00e9ciale d\u2019\u00e9lixirs de fleurs et de gemmes d\u2019Alaska pr\u00e9par\u00e9 comme un rem\u00e8de d\u2019urgence. Pour traiter les animaux. Il sera d'autant plus efficace s\u2019il est donn\u00e9 d\u00e8s les premiers soins apport\u00e9s aux animaux arrivant chez le v\u00e9t\u00e9rinaire, au refuge, \u00e0 la clinique, etc.","rel":"","context":"Similar post","block_context":{"text":"Similar post","link":""},"img":{"alt_text":"","src":"https:\/\/i0.wp.com\/artstella-elixirs-floraux.com\/wp-content\/uploads\/2025\/03\/f106a38d-47a3-45a8-b95d-77f509ef85e5.jpg?resize=350%2C200&ssl=1","width":350,"height":200,"srcset":"https:\/\/i0.wp.com\/artstella-elixirs-floraux.com\/wp-content\/uploads\/2025\/03\/f106a38d-47a3-45a8-b95d-77f509ef85e5.jpg?resize=350%2C200&ssl=1 1x, https:\/\/i0.wp.com\/artstella-elixirs-floraux.com\/wp-content\/uploads\/2025\/03\/f106a38d-47a3-45a8-b95d-77f509ef85e5.jpg?resize=525%2C300&ssl=1 1.5x, https:\/\/i0.wp.com\/artstella-elixirs-floraux.com\/wp-content\/uploads\/2025\/03\/f106a38d-47a3-45a8-b95d-77f509ef85e5.jpg?resize=700%2C400&ssl=1 2x"},"classes":[]}],"_links":{"self":[{"href":"https:\/\/artstella-elixirs-floraux.com\/en\/wp-json\/wp\/v2\/product\/2468","targetHints":{"allow":["GET"]}}],"collection":[{"href":"https:\/\/artstella-elixirs-floraux.com\/en\/wp-json\/wp\/v2\/product"}],"about":[{"href":"https:\/\/artstella-elixirs-floraux.com\/en\/wp-json\/wp\/v2\/types\/product"}],"version-history":[{"count":0,"href":"https:\/\/artstella-elixirs-floraux.com\/en\/wp-json\/wp\/v2\/product\/2468\/revisions"}],"wp:featuredmedia":[{"embeddable":true,"href":"https:\/\/artstella-elixirs-floraux.com\/en\/wp-json\/wp\/v2\/media\/2469"}],"wp:attachment":[{"href":"https:\/\/artstella-elixirs-floraux.com\/en\/wp-json\/wp\/v2\/media?parent=2468"}],"wp:term":[{"taxonomy":"product_brand","embeddable":true,"href":"https:\/\/artstella-elixirs-floraux.com\/en\/wp-json\/wp\/v2\/product_brand?post=2468"},{"taxonomy":"product_cat","embeddable":true,"href":"https:\/\/artstella-elixirs-floraux.com\/en\/wp-json\/wp\/v2\/product_cat?post=2468"},{"taxonomy":"product_tag","embeddable":true,"href":"https:\/\/artstella-elixirs-floraux.com\/en\/wp-json\/wp\/v2\/product_tag?post=2468"}],"curies":[{"name":"wp","href":"https:\/\/api.w.org\/{rel}","templated":true}]}}