{"id":2500,"date":"2025-03-09T12:57:17","date_gmt":"2025-03-09T12:57:17","guid":{"rendered":"https:\/\/artstella-elixirs-floraux.com\/product\/azurite\/"},"modified":"2025-04-09T15:33:13","modified_gmt":"2025-04-09T15:33:13","slug":"azurite","status":"publish","type":"product","link":"https:\/\/artstella-elixirs-floraux.com\/en\/product\/azurite\/","title":{"rendered":"AZURITE"},"content":{"rendered":"","protected":false},"excerpt":{"rendered":"<p><strong><em><span style=\"color: #008000;\">AZURITE<br \/>\n<\/span> <\/em><\/strong><\/p>\n<p>Enracine la communication ; ouvre et renforce la connexion entre les forces terrestres f\u00e9minines et le 5eme chakra ; nous aide \u00e0 communiquer avec vitalit\u00e9, authenticit\u00e9 et gentillesse.<\/p>","protected":false},"featured_media":2501,"template":"","meta":[],"product_brand":[],"product_cat":[116],"product_tag":[],"class_list":{"0":"post-2500","1":"product","2":"type-product","3":"status-publish","4":"has-post-thumbnail","6":"product_cat-les-elixirs-de-gemmes","8":"first","9":"instock","10":"taxable","11":"shipping-taxable","12":"purchasable","13":"product-type-variable"},"etheme_brands":{"errors":{"invalid_taxonomy":["Invalid taxonomy."]},"error_data":[]},"jetpack_sharing_enabled":true,"jetpack-related-posts":[{"id":2680,"url":"https:\/\/artstella-elixirs-floraux.com\/en\/product\/beyond-words\/","url_meta":{"origin":2500,"position":0},"title":"BEYOND WORDS","author":"eveapprill","date":"9 March 2025","format":false,"excerpt":"Beyond Words\u00a0 (Au-del\u00e0 des mots) Gouttes uniquement Contient : Azurite \u2022 Devil's Club \u2022 Lamb's Quarters \u2022 Lapis Lazuli \u2022 Sweetgale \u2022 Twinflower \u2022 Yellow Violet Permet d'augmenter la capacit\u00e9 d'expression verbale et non- verbale. Facilite l'\u00e9change du flux d'informations et d'id\u00e9es entre deux personnes et donc la compr\u00e9hension.","rel":"","context":"Similar post","block_context":{"text":"Similar post","link":""},"img":{"alt_text":"","src":"https:\/\/i0.wp.com\/artstella-elixirs-floraux.com\/wp-content\/uploads\/2025\/03\/1b8b47cb-0680-4a76-aa14-035469736d97.jpg?resize=350%2C200&ssl=1","width":350,"height":200,"srcset":"https:\/\/i0.wp.com\/artstella-elixirs-floraux.com\/wp-content\/uploads\/2025\/03\/1b8b47cb-0680-4a76-aa14-035469736d97.jpg?resize=350%2C200&ssl=1 1x, https:\/\/i0.wp.com\/artstella-elixirs-floraux.com\/wp-content\/uploads\/2025\/03\/1b8b47cb-0680-4a76-aa14-035469736d97.jpg?resize=525%2C300&ssl=1 1.5x, https:\/\/i0.wp.com\/artstella-elixirs-floraux.com\/wp-content\/uploads\/2025\/03\/1b8b47cb-0680-4a76-aa14-035469736d97.jpg?resize=700%2C400&ssl=1 2x"},"classes":[]},{"id":5526,"url":"https:\/\/artstella-elixirs-floraux.com\/en\/product\/beyond-words-spray-60ml\/","url_meta":{"origin":2500,"position":1},"title":"BEYOND WORDS SPRAY 60ml","author":"eveapprill","date":"9 March 2025","format":false,"excerpt":"BEYOND WORDS (Au-del\u00e0 des mots) (spray 60 ml) Est une formule qui permet d'augmenter notre capacit\u00e9 d'expression verbale et non - verbale. Elle facilite l'\u00e9change du flux d'informations et d'id\u00e9es entre deux personnes et donc la compr\u00e9hension.","rel":"","context":"Similar post","block_context":{"text":"Similar post","link":""},"img":{"alt_text":"","src":"https:\/\/i0.wp.com\/artstella-elixirs-floraux.com\/wp-content\/uploads\/2025\/03\/876d2e65-744e-4ea5-95bc-59cb409a0719.jpg?resize=350%2C200&ssl=1","width":350,"height":200,"srcset":"https:\/\/i0.wp.com\/artstella-elixirs-floraux.com\/wp-content\/uploads\/2025\/03\/876d2e65-744e-4ea5-95bc-59cb409a0719.jpg?resize=350%2C200&ssl=1 1x, https:\/\/i0.wp.com\/artstella-elixirs-floraux.com\/wp-content\/uploads\/2025\/03\/876d2e65-744e-4ea5-95bc-59cb409a0719.jpg?resize=525%2C300&ssl=1 1.5x, https:\/\/i0.wp.com\/artstella-elixirs-floraux.com\/wp-content\/uploads\/2025\/03\/876d2e65-744e-4ea5-95bc-59cb409a0719.jpg?resize=700%2C400&ssl=1 2x"},"classes":[]}],"_links":{"self":[{"href":"https:\/\/artstella-elixirs-floraux.com\/en\/wp-json\/wp\/v2\/product\/2500","targetHints":{"allow":["GET"]}}],"collection":[{"href":"https:\/\/artstella-elixirs-floraux.com\/en\/wp-json\/wp\/v2\/product"}],"about":[{"href":"https:\/\/artstella-elixirs-floraux.com\/en\/wp-json\/wp\/v2\/types\/product"}],"version-history":[{"count":0,"href":"https:\/\/artstella-elixirs-floraux.com\/en\/wp-json\/wp\/v2\/product\/2500\/revisions"}],"wp:featuredmedia":[{"embeddable":true,"href":"https:\/\/artstella-elixirs-floraux.com\/en\/wp-json\/wp\/v2\/media\/2501"}],"wp:attachment":[{"href":"https:\/\/artstella-elixirs-floraux.com\/en\/wp-json\/wp\/v2\/media?parent=2500"}],"wp:term":[{"taxonomy":"product_brand","embeddable":true,"href":"https:\/\/artstella-elixirs-floraux.com\/en\/wp-json\/wp\/v2\/product_brand?post=2500"},{"taxonomy":"product_cat","embeddable":true,"href":"https:\/\/artstella-elixirs-floraux.com\/en\/wp-json\/wp\/v2\/product_cat?post=2500"},{"taxonomy":"product_tag","embeddable":true,"href":"https:\/\/artstella-elixirs-floraux.com\/en\/wp-json\/wp\/v2\/product_tag?post=2500"}],"curies":[{"name":"wp","href":"https:\/\/api.w.org\/{rel}","templated":true}]}}