{"id":2536,"date":"2025-03-09T12:57:54","date_gmt":"2025-03-09T12:57:54","guid":{"rendered":"https:\/\/artstella-elixirs-floraux.com\/product\/hematite\/"},"modified":"2025-04-09T15:42:20","modified_gmt":"2025-04-09T15:42:20","slug":"hematite","status":"publish","type":"product","link":"https:\/\/artstella-elixirs-floraux.com\/en\/product\/hematite\/","title":{"rendered":"HEMATITE"},"content":{"rendered":"","protected":false},"excerpt":{"rendered":"<p><span style=\"color: #008000;\"><strong><em>HEMATITE <\/em><\/strong><\/span><\/p>\n<p>Renforce les fronti\u00e8res dans le corps \u00e9motionnel ; soutient l\u2019ind\u00e9pendance \u00e9motionnelle plut\u00f4t que la d\u00e9pendance ; aide \u00e0 maintenir un d\u00e9tachement compassionn\u00e9 en observant des \u00e9motions intenses chez les autres ; aide \u00e0 contenir nos propres \u00e9motions de fa\u00e7on responsable.<\/p>","protected":false},"featured_media":2537,"template":"","meta":[],"product_brand":[],"product_cat":[116],"product_tag":[],"class_list":{"0":"post-2536","1":"product","2":"type-product","3":"status-publish","4":"has-post-thumbnail","6":"product_cat-les-elixirs-de-gemmes","8":"first","9":"instock","10":"taxable","11":"shipping-taxable","12":"purchasable","13":"product-type-variable"},"etheme_brands":{"errors":{"invalid_taxonomy":["Invalid taxonomy."]},"error_data":[]},"jetpack_sharing_enabled":true,"jetpack-related-posts":[{"id":2938,"url":"https:\/\/artstella-elixirs-floraux.com\/en\/product\/hematite-15-ml-phi\/","url_meta":{"origin":2536,"position":0},"title":"HEMATITE 15 ML PHI","author":"eveapprill","date":"9 March 2025","format":false,"excerpt":"H\u00e9matite (H\u00e4matit) Stimule notre \u00eatre par un bon enracinement. Il renforce la confiance en soi et am\u00e9liore la facult\u00e9 de penser.","rel":"","context":"Similar post","block_context":{"text":"Similar post","link":""},"img":{"alt_text":"","src":"https:\/\/i0.wp.com\/artstella-elixirs-floraux.com\/wp-content\/uploads\/2025\/03\/wp-image299.png?resize=350%2C200&ssl=1","width":350,"height":200},"classes":[]},{"id":4022,"url":"https:\/\/artstella-elixirs-floraux.com\/en\/product\/cola-de-zorro-15-ml-sylfos\/","url_meta":{"origin":2536,"position":1},"title":"COLA DE ZORRO \/ HERBE DE LA PAMPA SYLFOS","author":"eveapprill","date":"9 March 2025","format":false,"excerpt":"COLA DE ZORRO Cortaderia araucana Purification et \u00e9quilibre des \u00e9motions Aide \u00e0 se lib\u00e9rer des \u00e9motions n\u00e9gatives et \u00e0 surmonter la d\u00e9tresse \u00e9motionnelle, l\u2019amertume, la frustration, la haine\u2026","rel":"","context":"Similar post","block_context":{"text":"Similar post","link":""},"img":{"alt_text":"","src":"","width":0,"height":0},"classes":[]},{"id":4046,"url":"https:\/\/artstella-elixirs-floraux.com\/en\/product\/mayu-genet-15-ml-sylfos\/","url_meta":{"origin":2536,"position":2},"title":"MAYU \/ GENET DE NOUVELLE ZELANDE SYLFOS","author":"eveapprill","date":"9 March 2025","format":false,"excerpt":"MAY\u00da Sophora macrocarpa Communication, concentration, \u00e9quilibre \u00e9motionnel Aide \u00e0 verbaliser les \u00e9motions.","rel":"","context":"Similar post","block_context":{"text":"Similar post","link":""},"img":{"alt_text":"","src":"","width":0,"height":0},"classes":[]},{"id":5442,"url":"https:\/\/artstella-elixirs-floraux.com\/en\/product\/coprin-little-inky-cap-10-ml\/","url_meta":{"origin":2536,"position":3},"title":"Coprin &#8211; Little Inky Cap 10 ML","author":"eveapprill","date":"9 March 2025","format":false,"excerpt":"Coprin \/ Coprinus xanthotrix (little inky cap\/Coprin) Ce petit champignon aide \u00e0 se lib\u00e9rer des \u00e9motions. \u00a0telle la col\u00e8re ainsi que des sch\u00e9mas familiaux souvent inconscients. A ceux qui se sentent vuln\u00e9rables, l\u2019\u00e9lixir apporte de la force \u00e9motionnelle\u00a0","rel":"","context":"Similar post","block_context":{"text":"Similar post","link":""},"img":{"alt_text":"","src":"","width":0,"height":0},"classes":[]},{"id":4001,"url":"https:\/\/artstella-elixirs-floraux.com\/en\/product\/boldo-15-ml-sylfos\/","url_meta":{"origin":2536,"position":4},"title":"BOLDO \/ BOLDO SYLFOS","author":"eveapprill","date":"9 March 2025","format":false,"excerpt":"BOLDO Boldea fragans R\u00e9conciliation avec soi, gu\u00e9rison des \u00e9motions. Aide \u00e0 surmonter l\u2019amertume, la culpabilit\u00e9, le manque d\u2019int\u00e9r\u00eat pour la vie et pour soi,","rel":"","context":"Similar post","block_context":{"text":"Similar post","link":""},"img":{"alt_text":"","src":"","width":0,"height":0},"classes":[]},{"id":5300,"url":"https:\/\/artstella-elixirs-floraux.com\/en\/product\/complexe-n10-emotions-de-grossesse-deva-30ml\/","url_meta":{"origin":2536,"position":5},"title":"COMPLEXE N\u00b010 Emotions de Grossesse DEVA 30ML","author":"eveapprill","date":"9 March 2025","format":false,"excerpt":"COMPLEXE N\u00b010 Emotions de la Grossesse 30ml aide \u00e0 surmonter la sensibilit\u00e9 \u00e9motionnelle et l'inqui\u00e9tude chez la femme enceinte. Il optimisme les qualit\u00e9s maternelles et d\u00e9veloppe la confiance dans sa capacit\u00e9 \u00e0 \u00eatre m\u00e8re.","rel":"","context":"Similar post","block_context":{"text":"Similar post","link":""},"img":{"alt_text":"","src":"https:\/\/i0.wp.com\/artstella-elixirs-floraux.com\/wp-content\/uploads\/2025\/03\/ce77edc3-42f0-44cb-8d3f-84e70aaa2e0a.jpg?resize=350%2C200&ssl=1","width":350,"height":200,"srcset":"https:\/\/i0.wp.com\/artstella-elixirs-floraux.com\/wp-content\/uploads\/2025\/03\/ce77edc3-42f0-44cb-8d3f-84e70aaa2e0a.jpg?resize=350%2C200&ssl=1 1x, https:\/\/i0.wp.com\/artstella-elixirs-floraux.com\/wp-content\/uploads\/2025\/03\/ce77edc3-42f0-44cb-8d3f-84e70aaa2e0a.jpg?resize=525%2C300&ssl=1 1.5x, https:\/\/i0.wp.com\/artstella-elixirs-floraux.com\/wp-content\/uploads\/2025\/03\/ce77edc3-42f0-44cb-8d3f-84e70aaa2e0a.jpg?resize=700%2C400&ssl=1 2x"},"classes":[]}],"_links":{"self":[{"href":"https:\/\/artstella-elixirs-floraux.com\/en\/wp-json\/wp\/v2\/product\/2536","targetHints":{"allow":["GET"]}}],"collection":[{"href":"https:\/\/artstella-elixirs-floraux.com\/en\/wp-json\/wp\/v2\/product"}],"about":[{"href":"https:\/\/artstella-elixirs-floraux.com\/en\/wp-json\/wp\/v2\/types\/product"}],"version-history":[{"count":0,"href":"https:\/\/artstella-elixirs-floraux.com\/en\/wp-json\/wp\/v2\/product\/2536\/revisions"}],"wp:featuredmedia":[{"embeddable":true,"href":"https:\/\/artstella-elixirs-floraux.com\/en\/wp-json\/wp\/v2\/media\/2537"}],"wp:attachment":[{"href":"https:\/\/artstella-elixirs-floraux.com\/en\/wp-json\/wp\/v2\/media?parent=2536"}],"wp:term":[{"taxonomy":"product_brand","embeddable":true,"href":"https:\/\/artstella-elixirs-floraux.com\/en\/wp-json\/wp\/v2\/product_brand?post=2536"},{"taxonomy":"product_cat","embeddable":true,"href":"https:\/\/artstella-elixirs-floraux.com\/en\/wp-json\/wp\/v2\/product_cat?post=2536"},{"taxonomy":"product_tag","embeddable":true,"href":"https:\/\/artstella-elixirs-floraux.com\/en\/wp-json\/wp\/v2\/product_tag?post=2536"}],"curies":[{"name":"wp","href":"https:\/\/api.w.org\/{rel}","templated":true}]}}