{"id":2572,"date":"2025-03-09T12:58:27","date_gmt":"2025-03-09T12:58:27","guid":{"rendered":"https:\/\/artstella-elixirs-floraux.com\/product\/quartz-rose\/"},"modified":"2025-04-09T15:47:22","modified_gmt":"2025-04-09T15:47:22","slug":"quartz-rose","status":"publish","type":"product","link":"https:\/\/artstella-elixirs-floraux.com\/en\/product\/quartz-rose\/","title":{"rendered":"QUARTZ ROSE"},"content":{"rendered":"","protected":false},"excerpt":{"rendered":"<p><span style=\"color: #008000;\"><strong><em>Quartz rose <\/em><\/strong><\/span><\/p>\n<p>Ouvre, adoucit et tranquillise le c\u0153ur ; nous aide \u00e0 nous connecter \u00e0 et \u00e0 nourrir notre enfant int\u00e9rieur ; harmonise les forces du c\u0153ur de fa\u00e7on \u00e0 pouvoir rester intime avec soi-m\u00eame et les autres.<\/p>","protected":false},"featured_media":2573,"template":"","meta":[],"product_brand":[],"product_cat":[116],"product_tag":[],"class_list":{"0":"post-2572","1":"product","2":"type-product","3":"status-publish","4":"has-post-thumbnail","6":"product_cat-les-elixirs-de-gemmes","8":"first","9":"instock","10":"taxable","11":"shipping-taxable","12":"purchasable","13":"product-type-variable"},"etheme_brands":{"errors":{"invalid_taxonomy":["Invalid taxonomy."]},"error_data":[]},"jetpack_sharing_enabled":true,"jetpack-related-posts":[{"id":5100,"url":"https:\/\/artstella-elixirs-floraux.com\/en\/product\/rose-smoky-quartz-gems-rech-7-5ml\/","url_meta":{"origin":2572,"position":0},"title":"ROSE SMOKY QUARTZ GEMS RECH 7.5ML","author":"eveapprill","date":"9 March 2025","format":false,"excerpt":"Rose\/Smoky Quartz \u2013 Quartz rose-quartz fume Indication\u00a0: honte\u00a0; sentiments de culpabilit\u00e9\u00a0; difficult\u00e9s \u00e0 accepter des actions pass\u00e9es et leurs cons\u00e9quences\u00a0; connexion faible entre le chakra du c\u0153ur et la Terre.","rel":"","context":"Similar post","block_context":{"text":"Similar post","link":""},"img":{"alt_text":"","src":"https:\/\/i0.wp.com\/artstella-elixirs-floraux.com\/wp-content\/uploads\/2025\/03\/wp-image1416.png?resize=350%2C200&ssl=1","width":350,"height":200},"classes":[]},{"id":5093,"url":"https:\/\/artstella-elixirs-floraux.com\/en\/product\/pink-quartz-rose-7-5-ml-alas-g-sup\/","url_meta":{"origin":2572,"position":1},"title":"PINK QUARTZ ROSE 7.5 ML ALAS G SUP","author":"eveapprill","date":"9 March 2025","format":false,"excerpt":"Pink Quartz \u2013 Quartz Rose Indication : grande douleur \u00e9motionnelle\u00a0; angoisse et souffrance\u00a0; attachement \u00e0 la souffrance\u00a0; manque de compassion pour soi-m\u00eame et les autres\u00a0; comportement de victime\u00a0; se lamente par rapport \u00e0 des actions ou des \u00e9v\u00e9nements pass\u00e9s.","rel":"","context":"Similar post","block_context":{"text":"Similar post","link":""},"img":{"alt_text":"","src":"","width":0,"height":0},"classes":[]},{"id":12345,"url":"https:\/\/artstella-elixirs-floraux.com\/en\/product\/quartz-rose-cuarzo-rosa-15ml-sylfos\/","url_meta":{"origin":2572,"position":2},"title":"QUARTZ ROSE &#8211; CUARZO ROSA 15ml Sylfos","author":"eveapprill","date":"16 March 2026","format":false,"excerpt":"Le quartz fum\u00e9 apporte stabilit\u00e9, ancrage et protection face \u00e0 la surcharge \u00e9motionnelle. Il aide \u00e0 lib\u00e9rer les tensions et \u00e0 contenir les \u00e9motions sans d\u00e9bordement. Il est utile en cas d'anxi\u00e9t\u00e9, de peur diffuse ou d'hypersensibilit\u00e9. Son \u00e9nergie transforme l'instabilit\u00e9 en s\u00e9curit\u00e9 et en pr\u00e9sence.","rel":"","context":"Similar post","block_context":{"text":"Similar post","link":""},"img":{"alt_text":"","src":"https:\/\/i0.wp.com\/artstella-elixirs-floraux.com\/wp-content\/uploads\/2026\/03\/CuarzoRosa_1.png?resize=350%2C200&ssl=1","width":350,"height":200},"classes":[]},{"id":4529,"url":"https:\/\/artstella-elixirs-floraux.com\/en\/product\/collier-coeur-heart-phi\/","url_meta":{"origin":2572,"position":3},"title":"COLLIER COEUR\/HEART PHI","author":"eveapprill","date":"9 March 2025","format":false,"excerpt":"Le pendentif \u00ab\u00a0Heart\u00a0\u00bb\u00a0: Equilibre du c\u0153ur En verre souffl\u00e9 transparent avec une perle de quartz rose","rel":"","context":"Similar post","block_context":{"text":"Similar post","link":""},"img":{"alt_text":"","src":"","width":0,"height":0},"classes":[]},{"id":2950,"url":"https:\/\/artstella-elixirs-floraux.com\/en\/product\/quartz-rose-15-ml-phi\/","url_meta":{"origin":2572,"position":4},"title":"QUARTZ ROSE 15 ML PHI","author":"eveapprill","date":"9 March 2025","format":false,"excerpt":"Quartz rose (Rosenquarz) Dissout la n\u00e9gativit\u00e9 par la douceur et l'amour. Apporte une vibration douce, calme et pleine d'amour, harmonise le corps \u00e9motionnel.","rel":"","context":"Similar post","block_context":{"text":"Similar post","link":""},"img":{"alt_text":"","src":"https:\/\/i0.wp.com\/artstella-elixirs-floraux.com\/wp-content\/uploads\/2025\/03\/wp-image637.png?resize=350%2C200&ssl=1","width":350,"height":200},"classes":[]},{"id":5077,"url":"https:\/\/artstella-elixirs-floraux.com\/en\/product\/green-tour-smoky-quartz-7-5m-g-sup\/","url_meta":{"origin":2572,"position":5},"title":"GREEN TOUR\/SMOKY QUARTZ 7.5M G SUP","author":"eveapprill","date":"9 March 2025","format":false,"excerpt":"Green Tourmaline\/Smoky Quartz \u2013 Tourmaline verte\/quartz fum\u00e9 : Indication\u00a0: anxi\u00e9t\u00e9, tensions dans le corps, manque de synchronisation entre les diff\u00e9rentes parties du champ \u00e9nerg\u00e9tique et de la Terre\u00a0; difficult\u00e9 \u00e0 mener des activit\u00e9s coordonn\u00e9es apr\u00e8s un choc ou un bouleversement.","rel":"","context":"Similar post","block_context":{"text":"Similar post","link":""},"img":{"alt_text":"Les Elixirs de Gemmes en recherche","src":"https:\/\/i0.wp.com\/artstella-elixirs-floraux.com\/wp-content\/uploads\/2025\/03\/wp-image1410.png?resize=350%2C200&ssl=1","width":350,"height":200},"classes":[]}],"_links":{"self":[{"href":"https:\/\/artstella-elixirs-floraux.com\/en\/wp-json\/wp\/v2\/product\/2572","targetHints":{"allow":["GET"]}}],"collection":[{"href":"https:\/\/artstella-elixirs-floraux.com\/en\/wp-json\/wp\/v2\/product"}],"about":[{"href":"https:\/\/artstella-elixirs-floraux.com\/en\/wp-json\/wp\/v2\/types\/product"}],"version-history":[{"count":0,"href":"https:\/\/artstella-elixirs-floraux.com\/en\/wp-json\/wp\/v2\/product\/2572\/revisions"}],"wp:featuredmedia":[{"embeddable":true,"href":"https:\/\/artstella-elixirs-floraux.com\/en\/wp-json\/wp\/v2\/media\/2573"}],"wp:attachment":[{"href":"https:\/\/artstella-elixirs-floraux.com\/en\/wp-json\/wp\/v2\/media?parent=2572"}],"wp:term":[{"taxonomy":"product_brand","embeddable":true,"href":"https:\/\/artstella-elixirs-floraux.com\/en\/wp-json\/wp\/v2\/product_brand?post=2572"},{"taxonomy":"product_cat","embeddable":true,"href":"https:\/\/artstella-elixirs-floraux.com\/en\/wp-json\/wp\/v2\/product_cat?post=2572"},{"taxonomy":"product_tag","embeddable":true,"href":"https:\/\/artstella-elixirs-floraux.com\/en\/wp-json\/wp\/v2\/product_tag?post=2572"}],"curies":[{"name":"wp","href":"https:\/\/api.w.org\/{rel}","templated":true}]}}