{"id":2609,"date":"2025-03-09T12:59:12","date_gmt":"2025-03-09T12:59:12","guid":{"rendered":"https:\/\/artstella-elixirs-floraux.com\/product\/turquoise\/"},"modified":"2025-04-09T15:54:39","modified_gmt":"2025-04-09T15:54:39","slug":"turquoise","status":"publish","type":"product","link":"https:\/\/artstella-elixirs-floraux.com\/en\/product\/turquoise\/","title":{"rendered":"TURQUOISE"},"content":{"rendered":"","protected":false},"excerpt":{"rendered":"<p><strong><em><span style=\"color: #008000;\">Turquoise<\/span> <\/em><\/strong><\/p>\n<p>Accorde le champ d\u2019\u00e9nergie avec la sagesse ancienne et le sens du sacr\u00e9 inh\u00e9rent \u00e0 chaque vie ; clarifie et approfondit notre lien \u00e0 la Terre ; nous aide \u00e0 vivre une vie simple dans la gratitude et le respect du Tout.<\/p>","protected":false},"featured_media":2610,"template":"","meta":[],"product_brand":[],"product_cat":[116],"product_tag":[],"class_list":{"0":"post-2609","1":"product","2":"type-product","3":"status-publish","4":"has-post-thumbnail","6":"product_cat-les-elixirs-de-gemmes","8":"first","9":"instock","10":"taxable","11":"shipping-taxable","12":"purchasable","13":"product-type-variable"},"etheme_brands":{"errors":{"invalid_taxonomy":["Invalid taxonomy."]},"error_data":[]},"jetpack_sharing_enabled":true,"jetpack-related-posts":[{"id":3591,"url":"https:\/\/artstella-elixirs-floraux.com\/en\/product\/22-healing-the-higher-heart-lto-15-ml\/","url_meta":{"origin":2609,"position":0},"title":"Healing the Higher Heart 15 ml LTOE","author":"eveapprill","date":"9 March 2025","format":false,"excerpt":"Healing the higher Heart \/ Gu\u00e9rir le Coeur profond ( Vascostylis Roll on REd) Cette orchid\u00e9e a donn\u00e9 deux \u00e9lixirs : \"Spirit of the higher heart\" et celui-ci auquel a \u00e9t\u00e9 ajout\u00e9 un \u00e9lixir d'or de 24 carats qui en augmente","rel":"","context":"Similar post","block_context":{"text":"Similar post","link":""},"img":{"alt_text":"","src":"https:\/\/i0.wp.com\/artstella-elixirs-floraux.com\/wp-content\/uploads\/2025\/03\/a754891c-844e-4215-981b-f8ca5ffa55a9.jpg?resize=350%2C200&ssl=1","width":350,"height":200,"srcset":"https:\/\/i0.wp.com\/artstella-elixirs-floraux.com\/wp-content\/uploads\/2025\/03\/a754891c-844e-4215-981b-f8ca5ffa55a9.jpg?resize=350%2C200&ssl=1 1x, https:\/\/i0.wp.com\/artstella-elixirs-floraux.com\/wp-content\/uploads\/2025\/03\/a754891c-844e-4215-981b-f8ca5ffa55a9.jpg?resize=525%2C300&ssl=1 1.5x, https:\/\/i0.wp.com\/artstella-elixirs-floraux.com\/wp-content\/uploads\/2025\/03\/a754891c-844e-4215-981b-f8ca5ffa55a9.jpg?resize=700%2C400&ssl=1 2x"},"classes":[]},{"id":3581,"url":"https:\/\/artstella-elixirs-floraux.com\/en\/product\/foyer-de-la-vie-15-ml-lto\/","url_meta":{"origin":2609,"position":1},"title":"FURNACE OF LIFE 15 ml LTO","author":"eveapprill","date":"9 March 2025","format":false,"excerpt":"Foyer de la vie Si nous n'arrivons pas \u00e0 accepter la vie comme une opportunit\u00e9 de cultiver des qualit\u00e9s, ou ne parvenons pas \u00e0 comprendre la signification de circonstances difficiles ou douloureuses, notre vie ne sera pas dirig\u00e9e par une intention universelle la plus haute mais par notre syst\u00e8me de\u2026","rel":"","context":"Similar post","block_context":{"text":"Similar post","link":""},"img":{"alt_text":"","src":"https:\/\/i0.wp.com\/artstella-elixirs-floraux.com\/wp-content\/uploads\/2025\/03\/027600df-716e-4647-a147-d88952f3c186.jpg?resize=350%2C200&ssl=1","width":350,"height":200,"srcset":"https:\/\/i0.wp.com\/artstella-elixirs-floraux.com\/wp-content\/uploads\/2025\/03\/027600df-716e-4647-a147-d88952f3c186.jpg?resize=350%2C200&ssl=1 1x, https:\/\/i0.wp.com\/artstella-elixirs-floraux.com\/wp-content\/uploads\/2025\/03\/027600df-716e-4647-a147-d88952f3c186.jpg?resize=525%2C300&ssl=1 1.5x, https:\/\/i0.wp.com\/artstella-elixirs-floraux.com\/wp-content\/uploads\/2025\/03\/027600df-716e-4647-a147-d88952f3c186.jpg?resize=700%2C400&ssl=1 2x"},"classes":[]},{"id":2299,"url":"https:\/\/artstella-elixirs-floraux.com\/en\/product\/spiraea-alaskan\/","url_meta":{"origin":2609,"position":2},"title":"Spiraea Alaskan","author":"eveapprill","date":"9 March 2025","format":false,"excerpt":"Spiraea. Spirea beauverdiana Ne se sent pas soutenu par la vie, met ses propres limitations \u00e0 la fa\u00e7on dont la vie nous soutient, attachement aux choses telles qu'elles sont m\u00eame si on ne les aime pas.","rel":"","context":"Similar post","block_context":{"text":"Similar post","link":""},"img":{"alt_text":"","src":"https:\/\/i0.wp.com\/artstella-elixirs-floraux.com\/wp-content\/uploads\/2025\/03\/wp-image588.png?resize=350%2C200&ssl=1","width":350,"height":200},"classes":[]},{"id":5220,"url":"https:\/\/artstella-elixirs-floraux.com\/en\/product\/beluga\/","url_meta":{"origin":2609,"position":3},"title":"Beluga","author":"eveapprill","date":"9 March 2025","format":false,"excerpt":"Cet \u00e9lixir nous rappelle la joie et la l\u00e9g\u00e8ret\u00e9 enfantine. Il nous apprend \u00e0 ne pas prendre la vie trop au s\u00e9rieux et \u00e0 rester enjou\u00e9","rel":"","context":"Similar post","block_context":{"text":"Similar post","link":""},"img":{"alt_text":"","src":"https:\/\/i0.wp.com\/artstella-elixirs-floraux.com\/wp-content\/uploads\/2025\/03\/wp-image1501.png?resize=350%2C200&ssl=1","width":350,"height":200},"classes":[]},{"id":4103,"url":"https:\/\/artstella-elixirs-floraux.com\/en\/product\/colibri-picaflor-el-chamaniques-15ml\/","url_meta":{"origin":2609,"position":4},"title":"COLIBRI \/ PICAFLOR EL CHAMANIQUES 15ML","author":"eveapprill","date":"9 March 2025","format":false,"excerpt":"PICAFLOR \/ COLIBRI\u00a0 Joie \u2013 Force de Vie. Enseigne \u00e0 traverser la vie de fa\u00e7on plus l\u00e9g\u00e8re surtout lorsque nous sommes surcharg\u00e9s par trop de pr\u00e9occupations et de probl\u00e8mes.","rel":"","context":"Similar post","block_context":{"text":"Similar post","link":""},"img":{"alt_text":"","src":"","width":0,"height":0},"classes":[]},{"id":5510,"url":"https:\/\/artstella-elixirs-floraux.com\/en\/product\/beluga-2\/","url_meta":{"origin":2609,"position":5},"title":"BELUGA","author":"eveapprill","date":"9 March 2025","format":false,"excerpt":"BELUGA \u00a0- Wei\u00dfwal \u00a0\u00a0(Delphinapterus leucas) Cet \u00e9lixir nous rappelle la joie et la l\u00e9g\u00e8ret\u00e9 enfantine. Il nous apprend \u00e0 ne pas prendre la vie trop au s\u00e9rieux et \u00e0 rester enjou\u00e9. L\u2019\u00e9lixir aide \u00e9motionnellement les personnes qui ont souffert de blocages, de chocs ou d\u2019\u00e9motions n\u00e9gatives pendant la vie f\u0153tale\u2026","rel":"","context":"Similar post","block_context":{"text":"Similar post","link":""},"img":{"alt_text":"","src":"https:\/\/i0.wp.com\/artstella-elixirs-floraux.com\/wp-content\/uploads\/2025\/03\/wp-image1750.png?resize=350%2C200&ssl=1","width":350,"height":200},"classes":[]}],"_links":{"self":[{"href":"https:\/\/artstella-elixirs-floraux.com\/en\/wp-json\/wp\/v2\/product\/2609","targetHints":{"allow":["GET"]}}],"collection":[{"href":"https:\/\/artstella-elixirs-floraux.com\/en\/wp-json\/wp\/v2\/product"}],"about":[{"href":"https:\/\/artstella-elixirs-floraux.com\/en\/wp-json\/wp\/v2\/types\/product"}],"version-history":[{"count":0,"href":"https:\/\/artstella-elixirs-floraux.com\/en\/wp-json\/wp\/v2\/product\/2609\/revisions"}],"wp:featuredmedia":[{"embeddable":true,"href":"https:\/\/artstella-elixirs-floraux.com\/en\/wp-json\/wp\/v2\/media\/2610"}],"wp:attachment":[{"href":"https:\/\/artstella-elixirs-floraux.com\/en\/wp-json\/wp\/v2\/media?parent=2609"}],"wp:term":[{"taxonomy":"product_brand","embeddable":true,"href":"https:\/\/artstella-elixirs-floraux.com\/en\/wp-json\/wp\/v2\/product_brand?post=2609"},{"taxonomy":"product_cat","embeddable":true,"href":"https:\/\/artstella-elixirs-floraux.com\/en\/wp-json\/wp\/v2\/product_cat?post=2609"},{"taxonomy":"product_tag","embeddable":true,"href":"https:\/\/artstella-elixirs-floraux.com\/en\/wp-json\/wp\/v2\/product_tag?post=2609"}],"curies":[{"name":"wp","href":"https:\/\/api.w.org\/{rel}","templated":true}]}}