{"id":2617,"date":"2025-03-09T12:59:18","date_gmt":"2025-03-09T12:59:18","guid":{"rendered":"https:\/\/artstella-elixirs-floraux.com\/product\/alpine-mint-bush-15ml\/"},"modified":"2025-05-15T11:53:02","modified_gmt":"2025-05-15T11:53:02","slug":"alpine-mint-bush-15ml","status":"publish","type":"product","link":"https:\/\/artstella-elixirs-floraux.com\/en\/product\/alpine-mint-bush-15ml\/","title":{"rendered":"ALPINE MINT BUSH 15ml"},"content":{"rendered":"","protected":false},"excerpt":{"rendered":"<p><span style=\"color: #008000;\"><strong><em>Alpine Mint Bush<\/em><\/strong><\/span><\/p>\n<p>Epuisement mental et \u00e9motionnel, manque de joie de vivre, poids des responsabilit\u00e9s. Vitalit\u00e9, joie, reprise des forces.<\/p>","protected":false},"featured_media":2618,"template":"","meta":[],"product_brand":[],"product_cat":[107],"product_tag":[],"class_list":{"0":"post-2617","1":"product","2":"type-product","3":"status-publish","4":"has-post-thumbnail","6":"product_cat-les-elixirs-de-fleurs-du-bush-australien","8":"first","9":"instock","10":"taxable","11":"shipping-taxable","12":"purchasable","13":"product-type-simple"},"etheme_brands":{"errors":{"invalid_taxonomy":["Invalid taxonomy."]},"error_data":[]},"jetpack_sharing_enabled":true,"jetpack-related-posts":[{"id":4429,"url":"https:\/\/artstella-elixirs-floraux.com\/en\/product\/mint-bush-15-ml\/","url_meta":{"origin":2617,"position":0},"title":"MINT BUSH 15 ML","author":"eveapprill","date":"9 March 2025","format":false,"excerpt":"Mint Bush Perturbation, confusion, naissance spirituelle. Initiation spirituelle harmonieuse, clart\u00e9, calme, pouvoir faire face.","rel":"","context":"Similar post","block_context":{"text":"Similar post","link":""},"img":{"alt_text":"","src":"https:\/\/i0.wp.com\/artstella-elixirs-floraux.com\/wp-content\/uploads\/2025\/03\/wp-image1042.png?resize=350%2C200&ssl=1","width":350,"height":200},"classes":[]},{"id":2745,"url":"https:\/\/artstella-elixirs-floraux.com\/en\/product\/transition-bush-30ml\/","url_meta":{"origin":2617,"position":1},"title":"TRANSITION BUSH 30ml","author":"eveapprill","date":"9 March 2025","format":false,"excerpt":"Transition Att\u00e9nue la peur de la mort tout en aidant \u00e0 l'affronter. Permet de faire ce passage avec douceur, calme, dignit\u00e9, s\u00e9r\u00e9nit\u00e9. Sert \u00e0 toutes les transitions importantes de la vie. Compos\u00e9 de Bottlebrush, Bush Iris, Autumn leaves, Lichen, Mint Bush et de Bauhinia.","rel":"","context":"Similar post","block_context":{"text":"Similar post","link":""},"img":{"alt_text":"","src":"https:\/\/i0.wp.com\/artstella-elixirs-floraux.com\/wp-content\/uploads\/2025\/03\/6d9cbf5c-0d20-404c-805c-951ad9a102b1.jpg?resize=350%2C200&ssl=1","width":350,"height":200,"srcset":"https:\/\/i0.wp.com\/artstella-elixirs-floraux.com\/wp-content\/uploads\/2025\/03\/6d9cbf5c-0d20-404c-805c-951ad9a102b1.jpg?resize=350%2C200&ssl=1 1x, https:\/\/i0.wp.com\/artstella-elixirs-floraux.com\/wp-content\/uploads\/2025\/03\/6d9cbf5c-0d20-404c-805c-951ad9a102b1.jpg?resize=525%2C300&ssl=1 1.5x, https:\/\/i0.wp.com\/artstella-elixirs-floraux.com\/wp-content\/uploads\/2025\/03\/6d9cbf5c-0d20-404c-805c-951ad9a102b1.jpg?resize=700%2C400&ssl=1 2x"},"classes":[]},{"id":2739,"url":"https:\/\/artstella-elixirs-floraux.com\/en\/product\/relationship-relationnel-bush-30ml\/","url_meta":{"origin":2617,"position":2},"title":"RELATIONSHIP Relationnel BUSH 30ml","author":"eveapprill","date":"9 March 2025","format":false,"excerpt":"Relationship -\u00a0Relationnel Aide \u00e0 am\u00e9liorer toutes les relations surtout les plus intimes. Il abolit le ressentiment et permet de donner libre cours \u00e0 ses \u00e9motions. Il supprime la confusion, la douleur et l'agitation caus\u00e9es par des relations tumultueuses.","rel":"","context":"Similar post","block_context":{"text":"Similar post","link":""},"img":{"alt_text":"","src":"https:\/\/i0.wp.com\/artstella-elixirs-floraux.com\/wp-content\/uploads\/2025\/03\/b36d3ca3-6343-487b-82d9-c5955e421302.jpg?resize=350%2C200&ssl=1","width":350,"height":200,"srcset":"https:\/\/i0.wp.com\/artstella-elixirs-floraux.com\/wp-content\/uploads\/2025\/03\/b36d3ca3-6343-487b-82d9-c5955e421302.jpg?resize=350%2C200&ssl=1 1x, https:\/\/i0.wp.com\/artstella-elixirs-floraux.com\/wp-content\/uploads\/2025\/03\/b36d3ca3-6343-487b-82d9-c5955e421302.jpg?resize=525%2C300&ssl=1 1.5x, https:\/\/i0.wp.com\/artstella-elixirs-floraux.com\/wp-content\/uploads\/2025\/03\/b36d3ca3-6343-487b-82d9-c5955e421302.jpg?resize=700%2C400&ssl=1 2x"},"classes":[]},{"id":2623,"url":"https:\/\/artstella-elixirs-floraux.com\/en\/product\/banksia-robur-bush-15ml\/","url_meta":{"origin":2617,"position":3},"title":"BANKSIA ROBUR BUSH 15ml","author":"eveapprill","date":"9 March 2025","format":false,"excerpt":"\u00a0BANKSIA ROBUR\u00a0 Perte de motivation et d\u2019enthousiasme, frustration et manque d\u2019\u00e9nergie. Joie de vivre, enthousiasme et \u00e9nergie.","rel":"","context":"Similar post","block_context":{"text":"Similar post","link":""},"img":{"alt_text":"","src":"https:\/\/i0.wp.com\/artstella-elixirs-floraux.com\/wp-content\/uploads\/2025\/03\/wp-image241.png?resize=350%2C200&ssl=1","width":350,"height":200},"classes":[]},{"id":2647,"url":"https:\/\/artstella-elixirs-floraux.com\/en\/product\/dog-rose-bush-15ml\/","url_meta":{"origin":2617,"position":4},"title":"DOG ROSE BUSH 15ml","author":"eveapprill","date":"9 March 2025","format":false,"excerpt":"DOG ROSE Etre peureux, timide, se sentir ins\u00e9curis\u00e9, avoir peur des autres. Confiance, courage, croire en soi, joie de vivre.","rel":"","context":"Similar post","block_context":{"text":"Similar post","link":""},"img":{"alt_text":"","src":"https:\/\/i0.wp.com\/artstella-elixirs-floraux.com\/wp-content\/uploads\/2025\/03\/wp-image254.png?resize=350%2C200&ssl=1","width":350,"height":200},"classes":[]},{"id":4476,"url":"https:\/\/artstella-elixirs-floraux.com\/en\/product\/sunshine-wattle-15-ml-bush\/","url_meta":{"origin":2617,"position":5},"title":"SUNSHINE WATTLE 15 ML BUSH","author":"eveapprill","date":"9 March 2025","format":false,"excerpt":"Sunshine Wattle Se d\u00e9battre, stagn\u00e9 dans le pass\u00e9, s\u2019attendre \u00e0 un avenir sinistre. Optimisme, espoir, accepter la joie et la beaut\u00e9 du pr\u00e9sent, l\u2019attente joyeuse du futur.","rel":"","context":"Similar post","block_context":{"text":"Similar post","link":""},"img":{"alt_text":"","src":"https:\/\/i0.wp.com\/artstella-elixirs-floraux.com\/wp-content\/uploads\/2025\/03\/wp-image1068.png?resize=350%2C200&ssl=1","width":350,"height":200},"classes":[]}],"_links":{"self":[{"href":"https:\/\/artstella-elixirs-floraux.com\/en\/wp-json\/wp\/v2\/product\/2617","targetHints":{"allow":["GET"]}}],"collection":[{"href":"https:\/\/artstella-elixirs-floraux.com\/en\/wp-json\/wp\/v2\/product"}],"about":[{"href":"https:\/\/artstella-elixirs-floraux.com\/en\/wp-json\/wp\/v2\/types\/product"}],"version-history":[{"count":0,"href":"https:\/\/artstella-elixirs-floraux.com\/en\/wp-json\/wp\/v2\/product\/2617\/revisions"}],"wp:featuredmedia":[{"embeddable":true,"href":"https:\/\/artstella-elixirs-floraux.com\/en\/wp-json\/wp\/v2\/media\/2618"}],"wp:attachment":[{"href":"https:\/\/artstella-elixirs-floraux.com\/en\/wp-json\/wp\/v2\/media?parent=2617"}],"wp:term":[{"taxonomy":"product_brand","embeddable":true,"href":"https:\/\/artstella-elixirs-floraux.com\/en\/wp-json\/wp\/v2\/product_brand?post=2617"},{"taxonomy":"product_cat","embeddable":true,"href":"https:\/\/artstella-elixirs-floraux.com\/en\/wp-json\/wp\/v2\/product_cat?post=2617"},{"taxonomy":"product_tag","embeddable":true,"href":"https:\/\/artstella-elixirs-floraux.com\/en\/wp-json\/wp\/v2\/product_tag?post=2617"}],"curies":[{"name":"wp","href":"https:\/\/api.w.org\/{rel}","templated":true}]}}