{"id":2623,"date":"2025-03-09T12:59:23","date_gmt":"2025-03-09T12:59:23","guid":{"rendered":"https:\/\/artstella-elixirs-floraux.com\/product\/banksia-robur-bush-15ml\/"},"modified":"2025-04-05T13:58:28","modified_gmt":"2025-04-05T13:58:28","slug":"banksia-robur-bush-15ml","status":"publish","type":"product","link":"https:\/\/artstella-elixirs-floraux.com\/en\/product\/banksia-robur-bush-15ml\/","title":{"rendered":"BANKSIA ROBUR BUSH 15ml"},"content":{"rendered":"","protected":false},"excerpt":{"rendered":"<p><strong><em><span style=\"color:#008000\">\u00a0BANKSIA ROBUR\u00a0<\/span> <\/em><\/strong><\/p>\n<p>Perte de motivation et d\u2019enthousiasme, frustration et manque d\u2019\u00e9nergie. Joie de vivre, enthousiasme et \u00e9nergie.<\/p>","protected":false},"featured_media":2624,"template":"","meta":[],"product_brand":[],"product_cat":[107,83],"product_tag":[],"class_list":{"0":"post-2623","1":"product","2":"type-product","3":"status-publish","4":"has-post-thumbnail","6":"product_cat-les-elixirs-de-fleurs-du-bush-australien","7":"product_cat-bush-australien","9":"first","10":"instock","11":"taxable","12":"shipping-taxable","13":"purchasable","14":"product-type-simple"},"etheme_brands":{"errors":{"invalid_taxonomy":["Invalid taxonomy."]},"error_data":[]},"jetpack_sharing_enabled":true,"jetpack-related-posts":[{"id":2729,"url":"https:\/\/artstella-elixirs-floraux.com\/en\/product\/dynamis-dynamisme-bush-30ml\/","url_meta":{"origin":2623,"position":0},"title":"DYNAMIS Dynamisme BUSH 30ml","author":"eveapprill","date":"9 March 2025","format":false,"excerpt":"Dynamis -\u00a0Dynamisme A utiliser par ceux qui ne se sentent pas \u00ab\u00a0bien dans leur peau\u00a0\u00bb.\u00a0 Il renouvelle l'enthousiasme et la joie de vivre. Compos\u00e9 de Illawara Flame Tree, OId Man Banksia, clama, Macrocarpa Banksia Robur et de Yellow Cowslip Orchid.","rel":"","context":"Similar post","block_context":{"text":"Similar post","link":""},"img":{"alt_text":"","src":"https:\/\/i0.wp.com\/artstella-elixirs-floraux.com\/wp-content\/uploads\/2025\/03\/12a9bccb-7db2-4d6e-aaee-83e9bd5dd99a.jpg?resize=350%2C200&ssl=1","width":350,"height":200,"srcset":"https:\/\/i0.wp.com\/artstella-elixirs-floraux.com\/wp-content\/uploads\/2025\/03\/12a9bccb-7db2-4d6e-aaee-83e9bd5dd99a.jpg?resize=350%2C200&ssl=1 1x, https:\/\/i0.wp.com\/artstella-elixirs-floraux.com\/wp-content\/uploads\/2025\/03\/12a9bccb-7db2-4d6e-aaee-83e9bd5dd99a.jpg?resize=525%2C300&ssl=1 1.5x, https:\/\/i0.wp.com\/artstella-elixirs-floraux.com\/wp-content\/uploads\/2025\/03\/12a9bccb-7db2-4d6e-aaee-83e9bd5dd99a.jpg?resize=700%2C400&ssl=1 2x"},"classes":[]},{"id":4441,"url":"https:\/\/artstella-elixirs-floraux.com\/en\/product\/old-man-banksia-15-ml-bush\/","url_meta":{"origin":2623,"position":1},"title":"OLD MAN BANKSIA 15 ML BUSH","author":"eveapprill","date":"9 March 2025","format":false,"excerpt":"Old Man Banksia D\u00e9couragement, lassitude, personnalit\u00e9 flegmatique. Pouvoir faire face aux diff\u00e9rentes situations.","rel":"","context":"Similar post","block_context":{"text":"Similar post","link":""},"img":{"alt_text":"","src":"https:\/\/i0.wp.com\/artstella-elixirs-floraux.com\/wp-content\/uploads\/2025\/03\/wp-image1050.png?resize=350%2C200&ssl=1","width":350,"height":200},"classes":[]},{"id":2747,"url":"https:\/\/artstella-elixirs-floraux.com\/en\/product\/travel-voyage-bush-30-ml\/","url_meta":{"origin":2623,"position":2},"title":"TRAVEL Voyage BUSH 30 ml","author":"eveapprill","date":"9 March 2025","format":false,"excerpt":"Travel -\u00a0Voyage Recommand\u00e9 \u00e0 tous ceux qui partent en voyage et tout particuli\u00e8rement \u00e0 ceux qui voyagent en avion. Limite les effets du mal des transports (mer, air, fer, route).","rel":"","context":"Similar post","block_context":{"text":"Similar post","link":""},"img":{"alt_text":"","src":"https:\/\/i0.wp.com\/artstella-elixirs-floraux.com\/wp-content\/uploads\/2025\/03\/797b8093-234c-413f-994e-c16f863422b6.jpg?resize=350%2C200&ssl=1","width":350,"height":200,"srcset":"https:\/\/i0.wp.com\/artstella-elixirs-floraux.com\/wp-content\/uploads\/2025\/03\/797b8093-234c-413f-994e-c16f863422b6.jpg?resize=350%2C200&ssl=1 1x, https:\/\/i0.wp.com\/artstella-elixirs-floraux.com\/wp-content\/uploads\/2025\/03\/797b8093-234c-413f-994e-c16f863422b6.jpg?resize=525%2C300&ssl=1 1.5x, https:\/\/i0.wp.com\/artstella-elixirs-floraux.com\/wp-content\/uploads\/2025\/03\/797b8093-234c-413f-994e-c16f863422b6.jpg?resize=700%2C400&ssl=1 2x"},"classes":[]},{"id":2858,"url":"https:\/\/artstella-elixirs-floraux.com\/en\/product\/oak-15-ml-phi\/","url_meta":{"origin":2623,"position":3},"title":"OAK 15 ML PHI","author":"eveapprill","date":"9 March 2025","format":false,"excerpt":"Oak (Quercus robur) (Ch\u00eane) Permet de donner cours \u00e0 nos \u00e9motions, sans nous sentir affaiblis. Permet de tenir le coup et de nous sentir prot\u00e9g\u00e9.","rel":"","context":"Similar post","block_context":{"text":"Similar post","link":""},"img":{"alt_text":"","src":"https:\/\/i0.wp.com\/artstella-elixirs-floraux.com\/wp-content\/uploads\/2025\/03\/wp-image1089.png?resize=350%2C200&ssl=1","width":350,"height":200},"classes":[]},{"id":5906,"url":"https:\/\/artstella-elixirs-floraux.com\/en\/product\/chene-15-ml-deva\/","url_meta":{"origin":2623,"position":4},"title":"Ch\u00eane 15 ml DEVA","author":"eveapprill","date":"9 March 2025","format":false,"excerpt":"Ch\u00eane - Oak Quercus robur Reconnaissance de ses limites, l\u00e2cher-prise Pour r\u00e9aliser que la vie n'est pas un combat permanent. Pour ceux qui veulent toujours assumer plus qu'ils ne peuvent et qui s'\u00e9puisent.","rel":"","context":"Similar post","block_context":{"text":"Similar post","link":""},"img":{"alt_text":"","src":"","width":0,"height":0},"classes":[]},{"id":5156,"url":"https:\/\/artstella-elixirs-floraux.com\/en\/product\/creme-woman-femme\/","url_meta":{"origin":2623,"position":5},"title":"CREME WOMAN &#8211; Femme","author":"eveapprill","date":"9 March 2025","format":false,"excerpt":"Cr\u00e8me Woman - Femme soutient l'\u00e9quilibre du f\u00e9minin","rel":"","context":"Similar post","block_context":{"text":"Similar post","link":""},"img":{"alt_text":"","src":"https:\/\/i0.wp.com\/artstella-elixirs-floraux.com\/wp-content\/uploads\/2025\/03\/b78bd427-f8e9-40e9-9843-590ac990b48a.jpg?resize=350%2C200&ssl=1","width":350,"height":200,"srcset":"https:\/\/i0.wp.com\/artstella-elixirs-floraux.com\/wp-content\/uploads\/2025\/03\/b78bd427-f8e9-40e9-9843-590ac990b48a.jpg?resize=350%2C200&ssl=1 1x, https:\/\/i0.wp.com\/artstella-elixirs-floraux.com\/wp-content\/uploads\/2025\/03\/b78bd427-f8e9-40e9-9843-590ac990b48a.jpg?resize=525%2C300&ssl=1 1.5x, https:\/\/i0.wp.com\/artstella-elixirs-floraux.com\/wp-content\/uploads\/2025\/03\/b78bd427-f8e9-40e9-9843-590ac990b48a.jpg?resize=700%2C400&ssl=1 2x"},"classes":[]}],"_links":{"self":[{"href":"https:\/\/artstella-elixirs-floraux.com\/en\/wp-json\/wp\/v2\/product\/2623","targetHints":{"allow":["GET"]}}],"collection":[{"href":"https:\/\/artstella-elixirs-floraux.com\/en\/wp-json\/wp\/v2\/product"}],"about":[{"href":"https:\/\/artstella-elixirs-floraux.com\/en\/wp-json\/wp\/v2\/types\/product"}],"version-history":[{"count":0,"href":"https:\/\/artstella-elixirs-floraux.com\/en\/wp-json\/wp\/v2\/product\/2623\/revisions"}],"wp:featuredmedia":[{"embeddable":true,"href":"https:\/\/artstella-elixirs-floraux.com\/en\/wp-json\/wp\/v2\/media\/2624"}],"wp:attachment":[{"href":"https:\/\/artstella-elixirs-floraux.com\/en\/wp-json\/wp\/v2\/media?parent=2623"}],"wp:term":[{"taxonomy":"product_brand","embeddable":true,"href":"https:\/\/artstella-elixirs-floraux.com\/en\/wp-json\/wp\/v2\/product_brand?post=2623"},{"taxonomy":"product_cat","embeddable":true,"href":"https:\/\/artstella-elixirs-floraux.com\/en\/wp-json\/wp\/v2\/product_cat?post=2623"},{"taxonomy":"product_tag","embeddable":true,"href":"https:\/\/artstella-elixirs-floraux.com\/en\/wp-json\/wp\/v2\/product_tag?post=2623"}],"curies":[{"name":"wp","href":"https:\/\/api.w.org\/{rel}","templated":true}]}}