{"id":2631,"date":"2025-03-09T12:59:31","date_gmt":"2025-03-09T12:59:31","guid":{"rendered":"https:\/\/artstella-elixirs-floraux.com\/product\/bluebell-bush-15ml\/"},"modified":"2025-05-15T11:51:56","modified_gmt":"2025-05-15T11:51:56","slug":"bluebell-bush-15ml","status":"publish","type":"product","link":"https:\/\/artstella-elixirs-floraux.com\/en\/product\/bluebell-bush-15ml\/","title":{"rendered":"BLUEBELL BUSH 15ml"},"content":{"rendered":"","protected":false},"excerpt":{"rendered":"<p><span style=\"color:#008000\"><strong><em>BLUEBELL\u00a0 <\/em><\/strong><\/span><\/p>\n<p>Attitude ferm\u00e9e, peur de manquer, avarice. Ouverture de c\u0153ur, \u00eatre g\u00e9n\u00e9reux.<\/p>","protected":false},"featured_media":2632,"template":"","meta":[],"product_brand":[],"product_cat":[107,83],"product_tag":[],"class_list":{"0":"post-2631","1":"product","2":"type-product","3":"status-publish","4":"has-post-thumbnail","6":"product_cat-les-elixirs-de-fleurs-du-bush-australien","7":"product_cat-bush-australien","9":"first","10":"instock","11":"taxable","12":"shipping-taxable","13":"purchasable","14":"product-type-simple"},"etheme_brands":{"errors":{"invalid_taxonomy":["Invalid taxonomy."]},"error_data":[]},"jetpack_sharing_enabled":true,"jetpack-related-posts":[{"id":4462,"url":"https:\/\/artstella-elixirs-floraux.com\/en\/product\/rough-bluebell-15-ml-bush\/","url_meta":{"origin":2631,"position":0},"title":"ROUGH BLUEBELL 15 ML BUSH","author":"eveapprill","date":"9 March 2025","format":false,"excerpt":"Rough Bluebell Etre malicieux, manipulateur ou blessant. Compassion, sensibilit\u00e9.","rel":"","context":"Similar post","block_context":{"text":"Similar post","link":""},"img":{"alt_text":"","src":"https:\/\/i0.wp.com\/artstella-elixirs-floraux.com\/wp-content\/uploads\/2025\/03\/wp-image1061.png?resize=350%2C200&ssl=1","width":350,"height":200},"classes":[]},{"id":2663,"url":"https:\/\/artstella-elixirs-floraux.com\/en\/product\/abund-abondance-30-ml-bush\/","url_meta":{"origin":2631,"position":1},"title":"ABUND Abondance 30 ML BUSH","author":"eveapprill","date":"9 March 2025","format":false,"excerpt":"Abund - Abondance Permet d'abandonner les croyances n\u00e9gatives, les mod\u00e8les et sch\u00e9mas familiaux. Lib\u00e8re de la tendance \u00e0 l'autodestruction et de la peur de manquer. Permet l'ouverture donnant acc\u00e8s aux richesses de tous les niveaux et pas seulement p\u00e9cuniaire. Compos\u00e9 de Bluebell, Boab, Five Corners, Philoteca, Southern Cross, Sunshine Wattle\u2026","rel":"","context":"Similar post","block_context":{"text":"Similar post","link":""},"img":{"alt_text":"","src":"https:\/\/i0.wp.com\/artstella-elixirs-floraux.com\/wp-content\/uploads\/2025\/03\/0c1366aa-b1b9-4d6f-88cd-f28788a5c7e3.jpg?resize=350%2C200&ssl=1","width":350,"height":200,"srcset":"https:\/\/i0.wp.com\/artstella-elixirs-floraux.com\/wp-content\/uploads\/2025\/03\/0c1366aa-b1b9-4d6f-88cd-f28788a5c7e3.jpg?resize=350%2C200&ssl=1 1x, https:\/\/i0.wp.com\/artstella-elixirs-floraux.com\/wp-content\/uploads\/2025\/03\/0c1366aa-b1b9-4d6f-88cd-f28788a5c7e3.jpg?resize=525%2C300&ssl=1 1.5x, https:\/\/i0.wp.com\/artstella-elixirs-floraux.com\/wp-content\/uploads\/2025\/03\/0c1366aa-b1b9-4d6f-88cd-f28788a5c7e3.jpg?resize=700%2C400&ssl=1 2x"},"classes":[]},{"id":2647,"url":"https:\/\/artstella-elixirs-floraux.com\/en\/product\/dog-rose-bush-15ml\/","url_meta":{"origin":2631,"position":2},"title":"DOG ROSE BUSH 15ml","author":"eveapprill","date":"9 March 2025","format":false,"excerpt":"DOG ROSE Etre peureux, timide, se sentir ins\u00e9curis\u00e9, avoir peur des autres. Confiance, courage, croire en soi, joie de vivre.","rel":"","context":"Similar post","block_context":{"text":"Similar post","link":""},"img":{"alt_text":"","src":"https:\/\/i0.wp.com\/artstella-elixirs-floraux.com\/wp-content\/uploads\/2025\/03\/wp-image254.png?resize=350%2C200&ssl=1","width":350,"height":200},"classes":[]},{"id":2639,"url":"https:\/\/artstella-elixirs-floraux.com\/en\/product\/bush-iris-15ml\/","url_meta":{"origin":2631,"position":3},"title":"BUSH IRIS 15ml","author":"eveapprill","date":"9 March 2025","format":false,"excerpt":"BUSH IRIS\u00a0 Peur de la mort, mat\u00e9rialisme, ath\u00e9isme. Discernement spirituel, compr\u00e9hension au-del\u00e0 des choses mat\u00e9rielles et physiques.","rel":"","context":"Similar post","block_context":{"text":"Similar post","link":""},"img":{"alt_text":"","src":"https:\/\/i0.wp.com\/artstella-elixirs-floraux.com\/wp-content\/uploads\/2025\/03\/wp-image250.png?resize=350%2C200&ssl=1","width":350,"height":200},"classes":[]},{"id":6182,"url":"https:\/\/artstella-elixirs-floraux.com\/en\/product\/men-homme-bush-australien-30ml\/","url_meta":{"origin":2631,"position":4},"title":"MEN &#8211; \u00ab\u00a0Homme\u00a0\u00bb Bush Australien 30ml","author":"eveapprill","date":"9 March 2025","format":false,"excerpt":"MEN Pour les homes toujours sur la br\u00e8che, ce qui peut conduire \u00e0 de l\u2019impatience et de l\u2019irritabilit\u00e9. Pour ressentir et exprimer ses sentiments. \u00a0","rel":"","context":"Similar post","block_context":{"text":"Similar post","link":""},"img":{"alt_text":"","src":"https:\/\/i0.wp.com\/artstella-elixirs-floraux.com\/wp-content\/uploads\/2025\/03\/wp-image2185.png?resize=350%2C200&ssl=1","width":350,"height":200,"srcset":"https:\/\/i0.wp.com\/artstella-elixirs-floraux.com\/wp-content\/uploads\/2025\/03\/wp-image2185.png?resize=350%2C200&ssl=1 1x, https:\/\/i0.wp.com\/artstella-elixirs-floraux.com\/wp-content\/uploads\/2025\/03\/wp-image2185.png?resize=525%2C300&ssl=1 1.5x, https:\/\/i0.wp.com\/artstella-elixirs-floraux.com\/wp-content\/uploads\/2025\/03\/wp-image2185.png?resize=700%2C400&ssl=1 2x"},"classes":[]},{"id":2641,"url":"https:\/\/artstella-elixirs-floraux.com\/en\/product\/christmas-bell-bush-15ml\/","url_meta":{"origin":2631,"position":5},"title":"CHRISTMAS BELL BUSH 15ml","author":"eveapprill","date":"9 March 2025","format":false,"excerpt":"CHRISMAS BELL Sentiment de manque. Manifestation de ses d\u00e9sirs.","rel":"","context":"Similar post","block_context":{"text":"Similar post","link":""},"img":{"alt_text":"","src":"","width":0,"height":0},"classes":[]}],"_links":{"self":[{"href":"https:\/\/artstella-elixirs-floraux.com\/en\/wp-json\/wp\/v2\/product\/2631","targetHints":{"allow":["GET"]}}],"collection":[{"href":"https:\/\/artstella-elixirs-floraux.com\/en\/wp-json\/wp\/v2\/product"}],"about":[{"href":"https:\/\/artstella-elixirs-floraux.com\/en\/wp-json\/wp\/v2\/types\/product"}],"version-history":[{"count":0,"href":"https:\/\/artstella-elixirs-floraux.com\/en\/wp-json\/wp\/v2\/product\/2631\/revisions"}],"wp:featuredmedia":[{"embeddable":true,"href":"https:\/\/artstella-elixirs-floraux.com\/en\/wp-json\/wp\/v2\/media\/2632"}],"wp:attachment":[{"href":"https:\/\/artstella-elixirs-floraux.com\/en\/wp-json\/wp\/v2\/media?parent=2631"}],"wp:term":[{"taxonomy":"product_brand","embeddable":true,"href":"https:\/\/artstella-elixirs-floraux.com\/en\/wp-json\/wp\/v2\/product_brand?post=2631"},{"taxonomy":"product_cat","embeddable":true,"href":"https:\/\/artstella-elixirs-floraux.com\/en\/wp-json\/wp\/v2\/product_cat?post=2631"},{"taxonomy":"product_tag","embeddable":true,"href":"https:\/\/artstella-elixirs-floraux.com\/en\/wp-json\/wp\/v2\/product_tag?post=2631"}],"curies":[{"name":"wp","href":"https:\/\/api.w.org\/{rel}","templated":true}]}}