{"id":2633,"date":"2025-03-09T12:59:33","date_gmt":"2025-03-09T12:59:33","guid":{"rendered":"https:\/\/artstella-elixirs-floraux.com\/product\/boab-15ml\/"},"modified":"2025-05-15T11:51:56","modified_gmt":"2025-05-15T11:51:56","slug":"boab-15ml","status":"publish","type":"product","link":"https:\/\/artstella-elixirs-floraux.com\/en\/product\/boab-15ml\/","title":{"rendered":"BOAB 15ml"},"content":{"rendered":"","protected":false},"excerpt":{"rendered":"<p><span style=\"color:#008080\"><strong><em>BOAB <\/em><\/strong><\/span><\/p>\n<p>Etre pris dans les structures familiales n\u00e9gatives, pour ceux qui ont \u00e9t\u00e9 l\u2019objet d\u2019abus ou de pr\u00e9judice.<\/p>\n<p>Se lib\u00e9rer des actions n\u00e9gatives familiales (abus, pr\u00e9judices) et des attaches karmiques n\u00e9gatives.<\/p>","protected":false},"featured_media":2634,"template":"","meta":[],"product_brand":[],"product_cat":[107,83],"product_tag":[],"class_list":{"0":"post-2633","1":"product","2":"type-product","3":"status-publish","4":"has-post-thumbnail","6":"product_cat-les-elixirs-de-fleurs-du-bush-australien","7":"product_cat-bush-australien","9":"first","10":"instock","11":"taxable","12":"shipping-taxable","13":"purchasable","14":"product-type-simple"},"etheme_brands":{"errors":{"invalid_taxonomy":["Invalid taxonomy."]},"error_data":[]},"jetpack_sharing_enabled":true,"jetpack-related-posts":[{"id":2663,"url":"https:\/\/artstella-elixirs-floraux.com\/en\/product\/abund-abondance-30-ml-bush\/","url_meta":{"origin":2633,"position":0},"title":"ABUND Abondance 30 ML BUSH","author":"eveapprill","date":"9 March 2025","format":false,"excerpt":"Abund - Abondance Permet d'abandonner les croyances n\u00e9gatives, les mod\u00e8les et sch\u00e9mas familiaux. Lib\u00e8re de la tendance \u00e0 l'autodestruction et de la peur de manquer. Permet l'ouverture donnant acc\u00e8s aux richesses de tous les niveaux et pas seulement p\u00e9cuniaire. Compos\u00e9 de Bluebell, Boab, Five Corners, Philoteca, Southern Cross, Sunshine Wattle\u2026","rel":"","context":"Similar post","block_context":{"text":"Similar post","link":""},"img":{"alt_text":"","src":"https:\/\/i0.wp.com\/artstella-elixirs-floraux.com\/wp-content\/uploads\/2025\/03\/0c1366aa-b1b9-4d6f-88cd-f28788a5c7e3.jpg?resize=350%2C200&ssl=1","width":350,"height":200,"srcset":"https:\/\/i0.wp.com\/artstella-elixirs-floraux.com\/wp-content\/uploads\/2025\/03\/0c1366aa-b1b9-4d6f-88cd-f28788a5c7e3.jpg?resize=350%2C200&ssl=1 1x, https:\/\/i0.wp.com\/artstella-elixirs-floraux.com\/wp-content\/uploads\/2025\/03\/0c1366aa-b1b9-4d6f-88cd-f28788a5c7e3.jpg?resize=525%2C300&ssl=1 1.5x, https:\/\/i0.wp.com\/artstella-elixirs-floraux.com\/wp-content\/uploads\/2025\/03\/0c1366aa-b1b9-4d6f-88cd-f28788a5c7e3.jpg?resize=700%2C400&ssl=1 2x"},"classes":[]},{"id":2796,"url":"https:\/\/artstella-elixirs-floraux.com\/en\/product\/spray-space-clearing-nettoyage-de-lespace\/","url_meta":{"origin":2633,"position":1},"title":"Spray SPACE CLEARING &#8211; Nettoyage de l&rsquo;espace","author":"eveapprill","date":"9 March 2025","format":false,"excerpt":"Le Spray \"Space Clearing\" - Nettoyage de l'Espace Combat les \u00e9nergies n\u00e9gatives, mentales, \u00e9motionnelles et physiques. n\u00e9ttoie un environenement n\u00e9gatif et le remplace par un environnement harmonieux.","rel":"","context":"Similar post","block_context":{"text":"Similar post","link":""},"img":{"alt_text":"","src":"https:\/\/i0.wp.com\/artstella-elixirs-floraux.com\/wp-content\/uploads\/2025\/03\/6e52b662-3813-42f5-8673-caf05bf815e1.jpg?resize=350%2C200&ssl=1","width":350,"height":200,"srcset":"https:\/\/i0.wp.com\/artstella-elixirs-floraux.com\/wp-content\/uploads\/2025\/03\/6e52b662-3813-42f5-8673-caf05bf815e1.jpg?resize=350%2C200&ssl=1 1x, https:\/\/i0.wp.com\/artstella-elixirs-floraux.com\/wp-content\/uploads\/2025\/03\/6e52b662-3813-42f5-8673-caf05bf815e1.jpg?resize=525%2C300&ssl=1 1.5x, https:\/\/i0.wp.com\/artstella-elixirs-floraux.com\/wp-content\/uploads\/2025\/03\/6e52b662-3813-42f5-8673-caf05bf815e1.jpg?resize=700%2C400&ssl=1 2x"},"classes":[]},{"id":3223,"url":"https:\/\/artstella-elixirs-floraux.com\/en\/product\/achillee-blanche-phi-15-ml\/","url_meta":{"origin":2633,"position":2},"title":"ACHILLEE BLANCHE PHI 15 ML","author":"eveapprill","date":"9 March 2025","format":false,"excerpt":"Achill\u00e9e blanche (Achillea millefolium) (Schafgarbe) Renforce notre champ d'\u00e9nergie particuli\u00e8rement dans les phases de transformation. Pour \u00eatre prot\u00e9g\u00e9s des influences n\u00e9gatives de l\u2019environnement. Recommand\u00e9 aux \u00eatres soumis aux influences n\u00e9gatives de leur milieu.","rel":"","context":"Similar post","block_context":{"text":"Similar post","link":""},"img":{"alt_text":"","src":"https:\/\/i0.wp.com\/artstella-elixirs-floraux.com\/wp-content\/uploads\/2025\/03\/wp-image392.png?resize=350%2C200&ssl=1","width":350,"height":200},"classes":[]},{"id":6182,"url":"https:\/\/artstella-elixirs-floraux.com\/en\/product\/men-homme-bush-australien-30ml\/","url_meta":{"origin":2633,"position":3},"title":"MEN &#8211; \u00ab\u00a0Homme\u00a0\u00bb Bush Australien 30ml","author":"eveapprill","date":"9 March 2025","format":false,"excerpt":"MEN Pour les homes toujours sur la br\u00e8che, ce qui peut conduire \u00e0 de l\u2019impatience et de l\u2019irritabilit\u00e9. Pour ressentir et exprimer ses sentiments. \u00a0","rel":"","context":"Similar post","block_context":{"text":"Similar post","link":""},"img":{"alt_text":"","src":"https:\/\/i0.wp.com\/artstella-elixirs-floraux.com\/wp-content\/uploads\/2025\/03\/wp-image2185.png?resize=350%2C200&ssl=1","width":350,"height":200,"srcset":"https:\/\/i0.wp.com\/artstella-elixirs-floraux.com\/wp-content\/uploads\/2025\/03\/wp-image2185.png?resize=350%2C200&ssl=1 1x, https:\/\/i0.wp.com\/artstella-elixirs-floraux.com\/wp-content\/uploads\/2025\/03\/wp-image2185.png?resize=525%2C300&ssl=1 1.5x, https:\/\/i0.wp.com\/artstella-elixirs-floraux.com\/wp-content\/uploads\/2025\/03\/wp-image2185.png?resize=700%2C400&ssl=1 2x"},"classes":[]},{"id":2619,"url":"https:\/\/artstella-elixirs-floraux.com\/en\/product\/angelsword-15ml\/","url_meta":{"origin":2633,"position":4},"title":"ANGELSWORD 15ml","author":"eveapprill","date":"9 March 2025","format":false,"excerpt":"Angelsword Difficult\u00e9 \u00e0 se connecter avec son Moi sup\u00e9rieur. Discernement spirituel, lib\u00e9ration des \u00e9nergies psychiques n\u00e9gatives, acc\u00e8s aux dons des vies ant\u00e9rieures, communication spirituelle sans entraves.","rel":"","context":"Similar post","block_context":{"text":"Similar post","link":""},"img":{"alt_text":"","src":"https:\/\/i0.wp.com\/artstella-elixirs-floraux.com\/wp-content\/uploads\/2025\/03\/Angelsword-.jpg?resize=350%2C200&ssl=1","width":350,"height":200,"srcset":"https:\/\/i0.wp.com\/artstella-elixirs-floraux.com\/wp-content\/uploads\/2025\/03\/Angelsword-.jpg?resize=350%2C200&ssl=1 1x, https:\/\/i0.wp.com\/artstella-elixirs-floraux.com\/wp-content\/uploads\/2025\/03\/Angelsword-.jpg?resize=525%2C300&ssl=1 1.5x, https:\/\/i0.wp.com\/artstella-elixirs-floraux.com\/wp-content\/uploads\/2025\/03\/Angelsword-.jpg?resize=700%2C400&ssl=1 2x"},"classes":[]},{"id":5564,"url":"https:\/\/artstella-elixirs-floraux.com\/en\/product\/plantain-sylfos-15-ml\/","url_meta":{"origin":2633,"position":5},"title":"PLANTAIN SYLFOS 15 ML","author":"eveapprill","date":"9 March 2025","format":false,"excerpt":"PLANTAIN \u00a0Plantago mayor Pour augmenter l\u2019auto-valorisation et l\u2019auto-acceptation. \u00a0 \u00a0 \u00a0 \u00a0 Afin de nous lib\u00e9rer des blocages mentaux (amertume, ressentiments, pens\u00e9es n\u00e9gatives) et \u00e0 l\u00e2cher la n\u00e9gativit\u00e9 car elle n\u2019est qu\u2019un obstacle au bien-\u00eatre.","rel":"","context":"Similar post","block_context":{"text":"Similar post","link":""},"img":{"alt_text":"","src":"","width":0,"height":0},"classes":[]}],"_links":{"self":[{"href":"https:\/\/artstella-elixirs-floraux.com\/en\/wp-json\/wp\/v2\/product\/2633","targetHints":{"allow":["GET"]}}],"collection":[{"href":"https:\/\/artstella-elixirs-floraux.com\/en\/wp-json\/wp\/v2\/product"}],"about":[{"href":"https:\/\/artstella-elixirs-floraux.com\/en\/wp-json\/wp\/v2\/types\/product"}],"version-history":[{"count":0,"href":"https:\/\/artstella-elixirs-floraux.com\/en\/wp-json\/wp\/v2\/product\/2633\/revisions"}],"wp:featuredmedia":[{"embeddable":true,"href":"https:\/\/artstella-elixirs-floraux.com\/en\/wp-json\/wp\/v2\/media\/2634"}],"wp:attachment":[{"href":"https:\/\/artstella-elixirs-floraux.com\/en\/wp-json\/wp\/v2\/media?parent=2633"}],"wp:term":[{"taxonomy":"product_brand","embeddable":true,"href":"https:\/\/artstella-elixirs-floraux.com\/en\/wp-json\/wp\/v2\/product_brand?post=2633"},{"taxonomy":"product_cat","embeddable":true,"href":"https:\/\/artstella-elixirs-floraux.com\/en\/wp-json\/wp\/v2\/product_cat?post=2633"},{"taxonomy":"product_tag","embeddable":true,"href":"https:\/\/artstella-elixirs-floraux.com\/en\/wp-json\/wp\/v2\/product_tag?post=2633"}],"curies":[{"name":"wp","href":"https:\/\/api.w.org\/{rel}","templated":true}]}}