{"id":2645,"date":"2025-03-09T12:59:44","date_gmt":"2025-03-09T12:59:44","guid":{"rendered":"https:\/\/artstella-elixirs-floraux.com\/product\/dagger-hakea-bush-15ml\/"},"modified":"2025-05-15T11:50:20","modified_gmt":"2025-05-15T11:50:20","slug":"dagger-hakea-bush-15ml","status":"publish","type":"product","link":"https:\/\/artstella-elixirs-floraux.com\/en\/product\/dagger-hakea-bush-15ml\/","title":{"rendered":"DAGGER HAKEA BUSH 15ml"},"content":{"rendered":"","protected":false},"excerpt":{"rendered":"<p><strong><em><span style=\"color:#008000\">DAGGER HAKEA<\/span>\u00a0<\/em><\/strong><\/p>\n<p>Ressentiment, en vouloir \u00e0 des membre de sa famille, ses amis, son conjoint ou proches. Pardon, expression ouverte des sentiments.<\/p>","protected":false},"featured_media":2646,"template":"","meta":[],"product_brand":[],"product_cat":[107,83],"product_tag":[],"class_list":{"0":"post-2645","1":"product","2":"type-product","3":"status-publish","4":"has-post-thumbnail","6":"product_cat-les-elixirs-de-fleurs-du-bush-australien","7":"product_cat-bush-australien","9":"first","10":"instock","11":"taxable","12":"shipping-taxable","13":"purchasable","14":"product-type-simple"},"etheme_brands":{"errors":{"invalid_taxonomy":["Invalid taxonomy."]},"error_data":[]},"jetpack_sharing_enabled":true,"jetpack-related-posts":[{"id":2737,"url":"https:\/\/artstella-elixirs-floraux.com\/en\/product\/purifying-purification-bush-30ml\/","url_meta":{"origin":2645,"position":0},"title":"PURIFYING Purification BUSH 30ml","author":"eveapprill","date":"9 March 2025","format":false,"excerpt":"Purifying -\u00a0Purification Pour clarifier les r\u00e9sidus \u00e9motionnels accumul\u00e9s au fil du temps et se d\u00e9faire de ces ''bagages'' psychiques encombrants. Compos\u00e9 de Bauhinia Bush Iris, Bottlebrush, Dagger Hakea, Dog Rose, Wild Potato Bush.","rel":"","context":"Similar post","block_context":{"text":"Similar post","link":""},"img":{"alt_text":"","src":"https:\/\/i0.wp.com\/artstella-elixirs-floraux.com\/wp-content\/uploads\/2025\/03\/98f26060-c4ae-440e-839e-9e9fc7f90583.jpg?resize=350%2C200&ssl=1","width":350,"height":200,"srcset":"https:\/\/i0.wp.com\/artstella-elixirs-floraux.com\/wp-content\/uploads\/2025\/03\/98f26060-c4ae-440e-839e-9e9fc7f90583.jpg?resize=350%2C200&ssl=1 1x, https:\/\/i0.wp.com\/artstella-elixirs-floraux.com\/wp-content\/uploads\/2025\/03\/98f26060-c4ae-440e-839e-9e9fc7f90583.jpg?resize=525%2C300&ssl=1 1.5x, https:\/\/i0.wp.com\/artstella-elixirs-floraux.com\/wp-content\/uploads\/2025\/03\/98f26060-c4ae-440e-839e-9e9fc7f90583.jpg?resize=700%2C400&ssl=1 2x"},"classes":[]},{"id":6388,"url":"https:\/\/artstella-elixirs-floraux.com\/en\/product\/2025-essence-bush-australien-30ml\/","url_meta":{"origin":2645,"position":1},"title":"2025 Essence Bush australien 30ml","author":"eveapprill","date":"9 March 2025","format":false,"excerpt":"Compos\u00e9 2025 cr\u00e9\u00e9 par Ian White Pour embrasser avec audace son potentiel et saisir de nouvelles opportunit\u00e9s","rel":"","context":"Similar post","block_context":{"text":"Similar post","link":""},"img":{"alt_text":"2025 Essence Bush australien 30ml","src":"https:\/\/i0.wp.com\/artstella-elixirs-floraux.com\/wp-content\/uploads\/2025\/03\/wp-image2483.webp?resize=350%2C200&ssl=1","width":350,"height":200,"srcset":"https:\/\/i0.wp.com\/artstella-elixirs-floraux.com\/wp-content\/uploads\/2025\/03\/wp-image2483.webp?resize=350%2C200&ssl=1 1x, https:\/\/i0.wp.com\/artstella-elixirs-floraux.com\/wp-content\/uploads\/2025\/03\/wp-image2483.webp?resize=525%2C300&ssl=1 1.5x, https:\/\/i0.wp.com\/artstella-elixirs-floraux.com\/wp-content\/uploads\/2025\/03\/wp-image2483.webp?resize=700%2C400&ssl=1 2x"},"classes":[]},{"id":2739,"url":"https:\/\/artstella-elixirs-floraux.com\/en\/product\/relationship-relationnel-bush-30ml\/","url_meta":{"origin":2645,"position":2},"title":"RELATIONSHIP Relationnel BUSH 30ml","author":"eveapprill","date":"9 March 2025","format":false,"excerpt":"Relationship -\u00a0Relationnel Aide \u00e0 am\u00e9liorer toutes les relations surtout les plus intimes. Il abolit le ressentiment et permet de donner libre cours \u00e0 ses \u00e9motions. Il supprime la confusion, la douleur et l'agitation caus\u00e9es par des relations tumultueuses.","rel":"","context":"Similar post","block_context":{"text":"Similar post","link":""},"img":{"alt_text":"","src":"https:\/\/i0.wp.com\/artstella-elixirs-floraux.com\/wp-content\/uploads\/2025\/03\/b36d3ca3-6343-487b-82d9-c5955e421302.jpg?resize=350%2C200&ssl=1","width":350,"height":200,"srcset":"https:\/\/i0.wp.com\/artstella-elixirs-floraux.com\/wp-content\/uploads\/2025\/03\/b36d3ca3-6343-487b-82d9-c5955e421302.jpg?resize=350%2C200&ssl=1 1x, https:\/\/i0.wp.com\/artstella-elixirs-floraux.com\/wp-content\/uploads\/2025\/03\/b36d3ca3-6343-487b-82d9-c5955e421302.jpg?resize=525%2C300&ssl=1 1.5x, https:\/\/i0.wp.com\/artstella-elixirs-floraux.com\/wp-content\/uploads\/2025\/03\/b36d3ca3-6343-487b-82d9-c5955e421302.jpg?resize=700%2C400&ssl=1 2x"},"classes":[]}],"_links":{"self":[{"href":"https:\/\/artstella-elixirs-floraux.com\/en\/wp-json\/wp\/v2\/product\/2645","targetHints":{"allow":["GET"]}}],"collection":[{"href":"https:\/\/artstella-elixirs-floraux.com\/en\/wp-json\/wp\/v2\/product"}],"about":[{"href":"https:\/\/artstella-elixirs-floraux.com\/en\/wp-json\/wp\/v2\/types\/product"}],"version-history":[{"count":0,"href":"https:\/\/artstella-elixirs-floraux.com\/en\/wp-json\/wp\/v2\/product\/2645\/revisions"}],"wp:featuredmedia":[{"embeddable":true,"href":"https:\/\/artstella-elixirs-floraux.com\/en\/wp-json\/wp\/v2\/media\/2646"}],"wp:attachment":[{"href":"https:\/\/artstella-elixirs-floraux.com\/en\/wp-json\/wp\/v2\/media?parent=2645"}],"wp:term":[{"taxonomy":"product_brand","embeddable":true,"href":"https:\/\/artstella-elixirs-floraux.com\/en\/wp-json\/wp\/v2\/product_brand?post=2645"},{"taxonomy":"product_cat","embeddable":true,"href":"https:\/\/artstella-elixirs-floraux.com\/en\/wp-json\/wp\/v2\/product_cat?post=2645"},{"taxonomy":"product_tag","embeddable":true,"href":"https:\/\/artstella-elixirs-floraux.com\/en\/wp-json\/wp\/v2\/product_tag?post=2645"}],"curies":[{"name":"wp","href":"https:\/\/api.w.org\/{rel}","templated":true}]}}