{"id":2651,"date":"2025-03-09T12:59:51","date_gmt":"2025-03-09T12:59:51","guid":{"rendered":"https:\/\/artstella-elixirs-floraux.com\/product\/flannel-flower-15ml\/"},"modified":"2025-05-15T11:50:18","modified_gmt":"2025-05-15T11:50:18","slug":"flannel-flower-15ml","status":"publish","type":"product","link":"https:\/\/artstella-elixirs-floraux.com\/en\/product\/flannel-flower-15ml\/","title":{"rendered":"FLANNEL FLOWER 15ml"},"content":{"rendered":"","protected":false},"excerpt":{"rendered":"<p><strong><em><span style=\"color:#008000\">\u00a0FLANNEL FLOWER<\/span> <br \/><\/em><\/strong><\/p>\n<p>Aversion d\u2019\u00eatre touch\u00e9, difficult\u00e9 \u00e0 articuler ses sentiments, \u00eatre mal \u00e0 l\u2019aise avec l\u2019intimit\u00e9 physique et \u00e9motionnelle. Douceur, sensibilit\u00e9 au toucher, joie de vivre, confiance, sensualit\u00e9.<\/p>","protected":false},"featured_media":2652,"template":"","meta":[],"product_brand":[],"product_cat":[107,83],"product_tag":[],"class_list":{"0":"post-2651","1":"product","2":"type-product","3":"status-publish","4":"has-post-thumbnail","6":"product_cat-les-elixirs-de-fleurs-du-bush-australien","7":"product_cat-bush-australien","9":"first","10":"instock","11":"taxable","12":"shipping-taxable","13":"purchasable","14":"product-type-simple"},"etheme_brands":{"errors":{"invalid_taxonomy":["Invalid taxonomy."]},"error_data":[]},"jetpack_sharing_enabled":true,"jetpack-related-posts":[{"id":4427,"url":"https:\/\/artstella-elixirs-floraux.com\/en\/product\/little-flannel-flower-bush-15-ml\/","url_meta":{"origin":2651,"position":0},"title":"LITTLE FLANNEL FLOWER BUSH 15 ML","author":"eveapprill","date":"9 March 2025","format":false,"excerpt":"Little Flannel Flower Renier l\u2019\u00e2me d\u2019enfant en soi, se prendre trop au s\u00e9rieux. Joie de vivre, pouvoir s\u2019amuser, \u00eatre sans soucis, spontan\u00e9it\u00e9.","rel":"","context":"Similar post","block_context":{"text":"Similar post","link":""},"img":{"alt_text":"","src":"https:\/\/i0.wp.com\/artstella-elixirs-floraux.com\/wp-content\/uploads\/2025\/03\/wp-image1040.png?resize=350%2C200&ssl=1","width":350,"height":200},"classes":[]},{"id":4450,"url":"https:\/\/artstella-elixirs-floraux.com\/en\/product\/pink-flannel-flower-bush-15-ml\/","url_meta":{"origin":2651,"position":1},"title":"PINK FLANNEL FLOWER BUSH 15 ML","author":"eveapprill","date":"9 March 2025","format":false,"excerpt":"Pink Flannel Flower Malheureux, trouver tout naturel, indiff\u00e9rent, trouver la vie morne, plate, sans \u00e9clat, facilement \u00e9nerv\u00e9, ingrat. Gratitude, \u00eatre reconnaissant, c\u0153ur ouvert, joie de vivre, l\u00e9g\u00e8ret\u00e9 de l\u2019\u00eatre, intelligence du c\u0153ur.","rel":"","context":"Similar post","block_context":{"text":"Similar post","link":""},"img":{"alt_text":"","src":"https:\/\/i0.wp.com\/artstella-elixirs-floraux.com\/wp-content\/uploads\/2025\/03\/wp-image1055.png?resize=350%2C200&ssl=1","width":350,"height":200},"classes":[]},{"id":2741,"url":"https:\/\/artstella-elixirs-floraux.com\/en\/product\/sexuality-bush-30-ml\/","url_meta":{"origin":2651,"position":2},"title":"SEXUALITY BUSH 30 ml","author":"eveapprill","date":"9 March 2025","format":false,"excerpt":"Sexuality Aide \u00e0 combattre la honte et les effets d'abus sexuels. Permet de se sentir \u00e0 l'aise dans son corps en l'acceptant pleinement.","rel":"","context":"Similar post","block_context":{"text":"Similar post","link":""},"img":{"alt_text":"","src":"https:\/\/i0.wp.com\/artstella-elixirs-floraux.com\/wp-content\/uploads\/2025\/03\/7c97458c-aad1-4c91-bbba-533f0a37ab5a.jpg?resize=350%2C200&ssl=1","width":350,"height":200,"srcset":"https:\/\/i0.wp.com\/artstella-elixirs-floraux.com\/wp-content\/uploads\/2025\/03\/7c97458c-aad1-4c91-bbba-533f0a37ab5a.jpg?resize=350%2C200&ssl=1 1x, https:\/\/i0.wp.com\/artstella-elixirs-floraux.com\/wp-content\/uploads\/2025\/03\/7c97458c-aad1-4c91-bbba-533f0a37ab5a.jpg?resize=525%2C300&ssl=1 1.5x, https:\/\/i0.wp.com\/artstella-elixirs-floraux.com\/wp-content\/uploads\/2025\/03\/7c97458c-aad1-4c91-bbba-533f0a37ab5a.jpg?resize=700%2C400&ssl=1 2x"},"classes":[]},{"id":4852,"url":"https:\/\/artstella-elixirs-floraux.com\/en\/product\/pendentif-passionate-heart\/","url_meta":{"origin":2651,"position":3},"title":"Pendentif \u00ab\u00a0Passionate heart\u00a0\u00bb","author":"eveapprill","date":"9 March 2025","format":false,"excerpt":"Pendentif \u00ab Passionate Heart\u00bb Pendentif de verre souffl\u00e9 en forme de coeur couleur rouge, rempli avec les \u00e9lixirs bush gardenia, flannel flower, little flannel flower, wedding bush et wisteria.","rel":"","context":"Similar post","block_context":{"text":"Similar post","link":""},"img":{"alt_text":"","src":"","width":0,"height":0},"classes":[]},{"id":6182,"url":"https:\/\/artstella-elixirs-floraux.com\/en\/product\/men-homme-bush-australien-30ml\/","url_meta":{"origin":2651,"position":4},"title":"MEN &#8211; \u00ab\u00a0Homme\u00a0\u00bb Bush Australien 30ml","author":"eveapprill","date":"9 March 2025","format":false,"excerpt":"MEN Pour les homes toujours sur la br\u00e8che, ce qui peut conduire \u00e0 de l\u2019impatience et de l\u2019irritabilit\u00e9. Pour ressentir et exprimer ses sentiments. \u00a0","rel":"","context":"Similar post","block_context":{"text":"Similar post","link":""},"img":{"alt_text":"","src":"https:\/\/i0.wp.com\/artstella-elixirs-floraux.com\/wp-content\/uploads\/2025\/03\/wp-image2185.png?resize=350%2C200&ssl=1","width":350,"height":200,"srcset":"https:\/\/i0.wp.com\/artstella-elixirs-floraux.com\/wp-content\/uploads\/2025\/03\/wp-image2185.png?resize=350%2C200&ssl=1 1x, https:\/\/i0.wp.com\/artstella-elixirs-floraux.com\/wp-content\/uploads\/2025\/03\/wp-image2185.png?resize=525%2C300&ssl=1 1.5x, https:\/\/i0.wp.com\/artstella-elixirs-floraux.com\/wp-content\/uploads\/2025\/03\/wp-image2185.png?resize=700%2C400&ssl=1 2x"},"classes":[]},{"id":4854,"url":"https:\/\/artstella-elixirs-floraux.com\/en\/product\/pendentif-love-rose\/","url_meta":{"origin":2651,"position":5},"title":"Pendentif \u00ab\u00a0LOVE\u00a0\u00bb rose","author":"eveapprill","date":"9 March 2025","format":false,"excerpt":"Pendentif \u00ab\u00a0Love\u00a0\u00bb Pendentif de verre souffl\u00e9 en forme de c\u0153ur couleur rose, rempli avec les \u00e9lixirs Sydney Rose, Five Corners et Pink Flannel Flower, les \u00e9lixirs de l\u2019ouverture et de la protection du c\u0153ur","rel":"","context":"Similar post","block_context":{"text":"Similar post","link":""},"img":{"alt_text":"","src":"https:\/\/i0.wp.com\/artstella-elixirs-floraux.com\/wp-content\/uploads\/2025\/03\/wp-image1361.png?resize=350%2C200&ssl=1","width":350,"height":200,"srcset":"https:\/\/i0.wp.com\/artstella-elixirs-floraux.com\/wp-content\/uploads\/2025\/03\/wp-image1361.png?resize=350%2C200&ssl=1 1x, https:\/\/i0.wp.com\/artstella-elixirs-floraux.com\/wp-content\/uploads\/2025\/03\/wp-image1361.png?resize=525%2C300&ssl=1 1.5x"},"classes":[]}],"_links":{"self":[{"href":"https:\/\/artstella-elixirs-floraux.com\/en\/wp-json\/wp\/v2\/product\/2651","targetHints":{"allow":["GET"]}}],"collection":[{"href":"https:\/\/artstella-elixirs-floraux.com\/en\/wp-json\/wp\/v2\/product"}],"about":[{"href":"https:\/\/artstella-elixirs-floraux.com\/en\/wp-json\/wp\/v2\/types\/product"}],"version-history":[{"count":0,"href":"https:\/\/artstella-elixirs-floraux.com\/en\/wp-json\/wp\/v2\/product\/2651\/revisions"}],"wp:featuredmedia":[{"embeddable":true,"href":"https:\/\/artstella-elixirs-floraux.com\/en\/wp-json\/wp\/v2\/media\/2652"}],"wp:attachment":[{"href":"https:\/\/artstella-elixirs-floraux.com\/en\/wp-json\/wp\/v2\/media?parent=2651"}],"wp:term":[{"taxonomy":"product_brand","embeddable":true,"href":"https:\/\/artstella-elixirs-floraux.com\/en\/wp-json\/wp\/v2\/product_brand?post=2651"},{"taxonomy":"product_cat","embeddable":true,"href":"https:\/\/artstella-elixirs-floraux.com\/en\/wp-json\/wp\/v2\/product_cat?post=2651"},{"taxonomy":"product_tag","embeddable":true,"href":"https:\/\/artstella-elixirs-floraux.com\/en\/wp-json\/wp\/v2\/product_tag?post=2651"}],"curies":[{"name":"wp","href":"https:\/\/api.w.org\/{rel}","templated":true}]}}