{"id":2657,"date":"2025-03-09T12:59:56","date_gmt":"2025-03-09T12:59:56","guid":{"rendered":"https:\/\/artstella-elixirs-floraux.com\/product\/grey-spider-flower-15-ml-bush\/"},"modified":"2025-10-01T15:41:54","modified_gmt":"2025-10-01T15:41:54","slug":"grey-spider-flower-15-ml-bush","status":"publish","type":"product","link":"https:\/\/artstella-elixirs-floraux.com\/en\/product\/grey-spider-flower-15-ml-bush\/","title":{"rendered":"GREY SPIDER FLOWER 15 ML BUSH"},"content":{"rendered":"","protected":false},"excerpt":{"rendered":"<p><span style=\"color: #008000;\"><strong><em>Green Spider Flower<\/em><\/strong><\/span><\/p>\n<p>Cauchemars et phobies dus aux vies ant\u00e9rieures, ne pas supporter la vie du sang. Apprendre \u00e0 ne pas divulguer certaines informations, communication t\u00e9l\u00e9pathique, \u00eatre en harmonie.<\/p>","protected":false},"featured_media":2658,"template":"","meta":[],"product_brand":[],"product_cat":[83],"product_tag":[],"class_list":{"0":"post-2657","1":"product","2":"type-product","3":"status-publish","4":"has-post-thumbnail","6":"product_cat-bush-australien","8":"first","9":"instock","10":"taxable","11":"shipping-taxable","12":"purchasable","13":"product-type-simple"},"etheme_brands":{"errors":{"invalid_taxonomy":["Invalid taxonomy."]},"error_data":[]},"jetpack_sharing_enabled":true,"jetpack-related-posts":[{"id":4416,"url":"https:\/\/artstella-elixirs-floraux.com\/en\/product\/green-spider-orchid-15-ml-bush\/","url_meta":{"origin":2657,"position":0},"title":"GREEN SPIDER ORCHID 15 ML BUSH","author":"eveapprill","date":"9 March 2025","format":false,"excerpt":"Green Spider orchid Cauchemars et phobies dus aux vies ant\u00e9rieures, ne pas supporter la vie du sang. Apprendre \u00e0 ne pas divulguer certaines informations, communication t\u00e9l\u00e9pathique, \u00eatre en harmonie.","rel":"","context":"Similar post","block_context":{"text":"Similar post","link":""},"img":{"alt_text":"","src":"https:\/\/i0.wp.com\/artstella-elixirs-floraux.com\/wp-content\/uploads\/2025\/03\/wp-image1029.png?resize=350%2C200&ssl=1","width":350,"height":200},"classes":[]},{"id":4414,"url":"https:\/\/artstella-elixirs-floraux.com\/en\/product\/green-essence-15-ml-bush\/","url_meta":{"origin":2657,"position":1},"title":"GREEN ESSENCE 15 ML BUSH","author":"eveapprill","date":"27 May 2025","format":false,"excerpt":"Green Spider Flower Cauchemars et phobies dus aux vies ant\u00e9rieures, ne pas supporter la vie du sang. Apprendre \u00e0 ne pas divulguer certaines informations, communication t\u00e9l\u00e9pathique, \u00eatre en harmonie.","rel":"","context":"Similar post","block_context":{"text":"Similar post","link":""},"img":{"alt_text":"","src":"","width":0,"height":0},"classes":[]},{"id":4271,"url":"https:\/\/artstella-elixirs-floraux.com\/en\/product\/spider-araignee-wea-30-ml\/","url_meta":{"origin":2657,"position":2},"title":"SPIDER\/ARAIGNEE WEA 30 ML","author":"eveapprill","date":"9 March 2025","format":false,"excerpt":"Spider (araign\u00e9e) En \u00ab\u00a0tisseur de toile\u00a0\u00bb, Spider facilite la connexion et l\u2019int\u00e9gration int\u00e9rieures. Il d\u00e9veloppe un sens d\u2019appartenance, de connexion et de compl\u00e9tude. Pour lier les divers aspects de soi.","rel":"","context":"Similar post","block_context":{"text":"Similar post","link":""},"img":{"alt_text":"","src":"https:\/\/i0.wp.com\/artstella-elixirs-floraux.com\/wp-content\/uploads\/2025\/03\/wp-image2277.png?resize=350%2C200&ssl=1","width":350,"height":200,"srcset":"https:\/\/i0.wp.com\/artstella-elixirs-floraux.com\/wp-content\/uploads\/2025\/03\/wp-image2277.png?resize=350%2C200&ssl=1 1x, https:\/\/i0.wp.com\/artstella-elixirs-floraux.com\/wp-content\/uploads\/2025\/03\/wp-image2277.png?resize=525%2C300&ssl=1 1.5x"},"classes":[]},{"id":2733,"url":"https:\/\/artstella-elixirs-floraux.com\/en\/product\/emergency-urgence-bush-30ml\/","url_meta":{"origin":2657,"position":3},"title":"EMERGENCY \u00ab\u00a0Urgence\u00a0\u00bb BUSH 30ml","author":"eveapprill","date":"9 March 2025","format":false,"excerpt":"Emergency -\u00a0Urgence Ce compos\u00e9 a une action calmante et rassurante.","rel":"","context":"Similar post","block_context":{"text":"Similar post","link":""},"img":{"alt_text":"","src":"https:\/\/i0.wp.com\/artstella-elixirs-floraux.com\/wp-content\/uploads\/2025\/03\/e2a8e2ab-de62-4b3d-ab75-01b6f4b749db.jpg?resize=350%2C200&ssl=1","width":350,"height":200,"srcset":"https:\/\/i0.wp.com\/artstella-elixirs-floraux.com\/wp-content\/uploads\/2025\/03\/e2a8e2ab-de62-4b3d-ab75-01b6f4b749db.jpg?resize=350%2C200&ssl=1 1x, https:\/\/i0.wp.com\/artstella-elixirs-floraux.com\/wp-content\/uploads\/2025\/03\/e2a8e2ab-de62-4b3d-ab75-01b6f4b749db.jpg?resize=525%2C300&ssl=1 1.5x, https:\/\/i0.wp.com\/artstella-elixirs-floraux.com\/wp-content\/uploads\/2025\/03\/e2a8e2ab-de62-4b3d-ab75-01b6f4b749db.jpg?resize=700%2C400&ssl=1 2x"},"classes":[]},{"id":4269,"url":"https:\/\/artstella-elixirs-floraux.com\/en\/product\/snake-serpent-wea-30-ml\/","url_meta":{"origin":2657,"position":4},"title":"SNAKE\/SERPENT WEA 30 ML","author":"eveapprill","date":"9 March 2025","format":false,"excerpt":"Snake (serpent) En Ma\u00eetre chamanique, Snake facilite l\u2019initiation aux royaumes les plus profonds et transpersonnels de la psych\u00e9. Il est un puissant soutien pour la transformation aux niveaux les plus profonds. Pour s\u2019\u00e9veiller aux myst\u00e8res les plus profonds. Spider (araign\u00e9e)","rel":"","context":"Similar post","block_context":{"text":"Similar post","link":""},"img":{"alt_text":"","src":"https:\/\/i0.wp.com\/artstella-elixirs-floraux.com\/wp-content\/uploads\/2025\/03\/wp-image2275.png?resize=350%2C200&ssl=1","width":350,"height":200,"srcset":"https:\/\/i0.wp.com\/artstella-elixirs-floraux.com\/wp-content\/uploads\/2025\/03\/wp-image2275.png?resize=350%2C200&ssl=1 1x, https:\/\/i0.wp.com\/artstella-elixirs-floraux.com\/wp-content\/uploads\/2025\/03\/wp-image2275.png?resize=525%2C300&ssl=1 1.5x, https:\/\/i0.wp.com\/artstella-elixirs-floraux.com\/wp-content\/uploads\/2025\/03\/wp-image2275.png?resize=700%2C400&ssl=1 2x, https:\/\/i0.wp.com\/artstella-elixirs-floraux.com\/wp-content\/uploads\/2025\/03\/wp-image2275.png?resize=1050%2C600&ssl=1 3x"},"classes":[]},{"id":4450,"url":"https:\/\/artstella-elixirs-floraux.com\/en\/product\/pink-flannel-flower-bush-15-ml\/","url_meta":{"origin":2657,"position":5},"title":"PINK FLANNEL FLOWER BUSH 15 ML","author":"eveapprill","date":"9 March 2025","format":false,"excerpt":"Pink Flannel Flower Malheureux, trouver tout naturel, indiff\u00e9rent, trouver la vie morne, plate, sans \u00e9clat, facilement \u00e9nerv\u00e9, ingrat. Gratitude, \u00eatre reconnaissant, c\u0153ur ouvert, joie de vivre, l\u00e9g\u00e8ret\u00e9 de l\u2019\u00eatre, intelligence du c\u0153ur.","rel":"","context":"Similar post","block_context":{"text":"Similar post","link":""},"img":{"alt_text":"","src":"https:\/\/i0.wp.com\/artstella-elixirs-floraux.com\/wp-content\/uploads\/2025\/03\/wp-image1055.png?resize=350%2C200&ssl=1","width":350,"height":200},"classes":[]}],"_links":{"self":[{"href":"https:\/\/artstella-elixirs-floraux.com\/en\/wp-json\/wp\/v2\/product\/2657","targetHints":{"allow":["GET"]}}],"collection":[{"href":"https:\/\/artstella-elixirs-floraux.com\/en\/wp-json\/wp\/v2\/product"}],"about":[{"href":"https:\/\/artstella-elixirs-floraux.com\/en\/wp-json\/wp\/v2\/types\/product"}],"version-history":[{"count":1,"href":"https:\/\/artstella-elixirs-floraux.com\/en\/wp-json\/wp\/v2\/product\/2657\/revisions"}],"predecessor-version":[{"id":11596,"href":"https:\/\/artstella-elixirs-floraux.com\/en\/wp-json\/wp\/v2\/product\/2657\/revisions\/11596"}],"wp:featuredmedia":[{"embeddable":true,"href":"https:\/\/artstella-elixirs-floraux.com\/en\/wp-json\/wp\/v2\/media\/2658"}],"wp:attachment":[{"href":"https:\/\/artstella-elixirs-floraux.com\/en\/wp-json\/wp\/v2\/media?parent=2657"}],"wp:term":[{"taxonomy":"product_brand","embeddable":true,"href":"https:\/\/artstella-elixirs-floraux.com\/en\/wp-json\/wp\/v2\/product_brand?post=2657"},{"taxonomy":"product_cat","embeddable":true,"href":"https:\/\/artstella-elixirs-floraux.com\/en\/wp-json\/wp\/v2\/product_cat?post=2657"},{"taxonomy":"product_tag","embeddable":true,"href":"https:\/\/artstella-elixirs-floraux.com\/en\/wp-json\/wp\/v2\/product_tag?post=2657"}],"curies":[{"name":"wp","href":"https:\/\/api.w.org\/{rel}","templated":true}]}}