{"id":2699,"date":"2025-03-09T13:00:32","date_gmt":"2025-03-09T13:00:32","guid":{"rendered":"https:\/\/artstella-elixirs-floraux.com\/product\/lighten-up-alaska\/"},"modified":"2025-04-07T13:37:41","modified_gmt":"2025-04-07T13:37:41","slug":"lighten-up-alaska","status":"publish","type":"product","link":"https:\/\/artstella-elixirs-floraux.com\/en\/product\/lighten-up-alaska\/","title":{"rendered":"LIGHTEN UP ALASKA"},"content":{"rendered":"<p><span style=\"color: #008000;\"><strong><em>Lighten up (Allumer la lumi\u00e8re) <\/em><\/strong><\/span><\/p>\n<p>existe en gouttes et en\u00a0 spray. Contient : Carnelian . Grass of Parnassus . Orange Calcite . Solstice Sun. Pour ceux qui \u00e9prouvent une carence en lumi\u00e8re naturelle (pays du nord, appartement mal \u00e9clair\u00e9) ou parce que leur syst\u00e8me \u00e9nerg\u00e9tique est bloqu\u00e9. Il peut \u00eatre utile dans les moments de d\u00e9prime, de fatigue, quand on est pris dans des sch\u00e9mas n\u00e9gatifs, dans les d\u00e9sordres de saison.<\/p>","protected":false},"excerpt":{"rendered":"<p><span style=\"color: #008000;\"><strong><em>Lighten up (Allumer la lumi\u00e8re) <\/em><\/strong><\/span><\/p>\n<p>existe en gouttes et en\u00a0 spray. Contient : Carnelian . Grass of Parnassus . Orange Calcite . Solstice Sun. Pour ceux qui \u00e9prouvent une carence en lumi\u00e8re naturelle (pays du nord, appartement mal \u00e9clair\u00e9) ou parce que leur syst\u00e8me \u00e9nerg\u00e9tique est bloqu\u00e9.<\/p>","protected":false},"featured_media":7688,"template":"","meta":[],"product_brand":[],"product_cat":[123],"product_tag":[],"class_list":{"0":"post-2699","1":"product","2":"type-product","3":"status-publish","4":"has-post-thumbnail","6":"product_cat-combinaisons-d-elixir-de-les-spays","8":"first","9":"instock","10":"taxable","11":"shipping-taxable","12":"purchasable","13":"product-type-variable"},"etheme_brands":{"errors":{"invalid_taxonomy":["Invalid taxonomy."]},"error_data":[]},"jetpack_sharing_enabled":true,"jetpack-related-posts":[{"id":11324,"url":"https:\/\/artstella-elixirs-floraux.com\/en\/product\/lighten-up-lumiere-energie-spray\/","url_meta":{"origin":2699,"position":0},"title":"Lighten Up (Lumi\u00e8re\/Energie) &#8211; Spray","author":"eveapprill","date":"31 August 2025","format":false,"excerpt":"Lighten Up est un complexe destin\u00e9 \u00e0 amplifier notre capacit\u00e9 \u00e0 incarner la lumi\u00e8re. Il a un effet fortifiant, \u00e9nergisant, inspirateur, nourricier et all\u00e9geant. Il a \u00e9t\u00e9 cr\u00e9\u00e9 sp\u00e9cifiquement pour ceux qui souffrent du manque de lumi\u00e8re, soit en raison de leur situation g\u00e9ographique (latitudes extr\u00eame nord ou sud), de\u2026","rel":"","context":"Similar post","block_context":{"text":"Similar post","link":""},"img":{"alt_text":"","src":"https:\/\/i0.wp.com\/artstella-elixirs-floraux.com\/wp-content\/uploads\/2025\/08\/lighten-up.jpg?resize=350%2C200&ssl=1","width":350,"height":200},"classes":[]},{"id":2410,"url":"https:\/\/artstella-elixirs-floraux.com\/en\/product\/solstice-sun\/","url_meta":{"origin":2699,"position":1},"title":"SOLSTICE SUN","author":"eveapprill","date":"9 March 2025","format":false,"excerpt":"SOLSTICE SUN. SOLEIL DU SOLSTICE Cet \u00e9lixir a \u00e9t\u00e9 r\u00e9alis\u00e9 dans la nuit du 21 au 22 juin, alors que le soleil de minuit dansait avec les Pics de Brooks Range dans la r\u00e9gion int\u00e9rieure du centre de l'Alaska. Solstice Sun catalyse les capacit\u00e9s pour d'acc\u00e9der et faire circuler un\u2026","rel":"","context":"Similar post","block_context":{"text":"Similar post","link":""},"img":{"alt_text":"","src":"https:\/\/i0.wp.com\/artstella-elixirs-floraux.com\/wp-content\/uploads\/2025\/03\/f6ae4c68-611f-4b0c-8c27-b0577fb451c7.jpg?resize=350%2C200&ssl=1","width":350,"height":200,"srcset":"https:\/\/i0.wp.com\/artstella-elixirs-floraux.com\/wp-content\/uploads\/2025\/03\/f6ae4c68-611f-4b0c-8c27-b0577fb451c7.jpg?resize=350%2C200&ssl=1 1x, https:\/\/i0.wp.com\/artstella-elixirs-floraux.com\/wp-content\/uploads\/2025\/03\/f6ae4c68-611f-4b0c-8c27-b0577fb451c7.jpg?resize=525%2C300&ssl=1 1.5x, https:\/\/i0.wp.com\/artstella-elixirs-floraux.com\/wp-content\/uploads\/2025\/03\/f6ae4c68-611f-4b0c-8c27-b0577fb451c7.jpg?resize=700%2C400&ssl=1 2x"},"classes":[]},{"id":2162,"url":"https:\/\/artstella-elixirs-floraux.com\/en\/product\/grass-of-parnassus-alaskan\/","url_meta":{"origin":2699,"position":2},"title":"GRASS OF PARNASSUS ALASKAN","author":"eveapprill","date":"9 March 2025","format":false,"excerpt":"Grass of Parnassus. Parnassia palustris Difficult\u00e9 \u00e0 maintenir l'int\u00e9grit\u00e9 de son champ d'\u00e9nergie dans des environnements toxiques ou surpeupl\u00e9s, besoin des corps subtils d'\u00eatre nettoy\u00e9s et r\u00e9 \u00e9nerg\u00e9tis\u00e9s.","rel":"","context":"Similar post","block_context":{"text":"Similar post","link":""},"img":{"alt_text":"","src":"https:\/\/i0.wp.com\/artstella-elixirs-floraux.com\/wp-content\/uploads\/2025\/03\/wp-image531.png?resize=350%2C200&ssl=1","width":350,"height":200},"classes":[]},{"id":2704,"url":"https:\/\/artstella-elixirs-floraux.com\/en\/product\/purification-gouttes-alaska\/","url_meta":{"origin":2699,"position":3},"title":"PURIFICATION \u00ab\u00a0gouttes\u00a0\u00bb ALASKA","author":"eveapprill","date":"9 March 2025","format":false,"excerpt":"Purification Existe en gouttes et en spray. Contient : Black Tourmaline Firerweed . Portage Glacier.\u00a0 Sweetgrass .Permet de nettoyer et purifier votre maison, l\u2019environnement de votre travail, ou votre champ \u00e9nerg\u00e9tique.","rel":"","context":"Similar post","block_context":{"text":"Similar post","link":""},"img":{"alt_text":"","src":"https:\/\/i0.wp.com\/artstella-elixirs-floraux.com\/wp-content\/uploads\/2025\/03\/fe2d0dd4-a7e2-464c-a38d-e2ff91c0394a.jpg?resize=350%2C200&ssl=1","width":350,"height":200,"srcset":"https:\/\/i0.wp.com\/artstella-elixirs-floraux.com\/wp-content\/uploads\/2025\/03\/fe2d0dd4-a7e2-464c-a38d-e2ff91c0394a.jpg?resize=350%2C200&ssl=1 1x, https:\/\/i0.wp.com\/artstella-elixirs-floraux.com\/wp-content\/uploads\/2025\/03\/fe2d0dd4-a7e2-464c-a38d-e2ff91c0394a.jpg?resize=525%2C300&ssl=1 1.5x, https:\/\/i0.wp.com\/artstella-elixirs-floraux.com\/wp-content\/uploads\/2025\/03\/fe2d0dd4-a7e2-464c-a38d-e2ff91c0394a.jpg?resize=700%2C400&ssl=1 2x"},"classes":[]},{"id":4574,"url":"https:\/\/artstella-elixirs-floraux.com\/en\/product\/purification-alaska\/","url_meta":{"origin":2699,"position":4},"title":"PURIFICATION SPRAY ALASKA","author":"eveapprill","date":"9 March 2025","format":false,"excerpt":"Purification Existe en gouttes et en spray. Contient : Black Tourmaline Firerweed . Portage Glacier.\u00a0 Sweetgrass .Permet de nettoyer et purifier votre maison, l\u2019environnement de votre travail, ou votre champ \u00e9nerg\u00e9tique.","rel":"","context":"Similar post","block_context":{"text":"Similar post","link":""},"img":{"alt_text":"","src":"https:\/\/i0.wp.com\/artstella-elixirs-floraux.com\/wp-content\/uploads\/2025\/03\/purification-pt-1.jpg?resize=350%2C200&ssl=1","width":350,"height":200},"classes":[]},{"id":4603,"url":"https:\/\/artstella-elixirs-floraux.com\/en\/product\/coffret-4sprays-espace-sacre-120-ml\/","url_meta":{"origin":2699,"position":5},"title":"COFFRET 4 SPRAYS ESPACE SACRE 120 ML","author":"eveapprill","date":"9 March 2025","format":false,"excerpt":"COFFRET 4SPRAYS ESPACE SACRE 120 ML Purification pour \"nettoyer\" \u00e9nerg\u00e9tiquement une pi\u00e8ce. Guardian pour invoquer une \u00e9nergie de protection dans l\u2019espace. Calling All Angels pour les pi\u00e8ces de m\u00e9ditation ou de consultation... Ligthen Up Excellent pour les pi\u00e8ces manquant de lumi\u00e8re naturelle","rel":"","context":"Similar post","block_context":{"text":"Similar post","link":""},"img":{"alt_text":"","src":"","width":0,"height":0},"classes":[]}],"_links":{"self":[{"href":"https:\/\/artstella-elixirs-floraux.com\/en\/wp-json\/wp\/v2\/product\/2699","targetHints":{"allow":["GET"]}}],"collection":[{"href":"https:\/\/artstella-elixirs-floraux.com\/en\/wp-json\/wp\/v2\/product"}],"about":[{"href":"https:\/\/artstella-elixirs-floraux.com\/en\/wp-json\/wp\/v2\/types\/product"}],"version-history":[{"count":0,"href":"https:\/\/artstella-elixirs-floraux.com\/en\/wp-json\/wp\/v2\/product\/2699\/revisions"}],"wp:featuredmedia":[{"embeddable":true,"href":"https:\/\/artstella-elixirs-floraux.com\/en\/wp-json\/wp\/v2\/media\/7688"}],"wp:attachment":[{"href":"https:\/\/artstella-elixirs-floraux.com\/en\/wp-json\/wp\/v2\/media?parent=2699"}],"wp:term":[{"taxonomy":"product_brand","embeddable":true,"href":"https:\/\/artstella-elixirs-floraux.com\/en\/wp-json\/wp\/v2\/product_brand?post=2699"},{"taxonomy":"product_cat","embeddable":true,"href":"https:\/\/artstella-elixirs-floraux.com\/en\/wp-json\/wp\/v2\/product_cat?post=2699"},{"taxonomy":"product_tag","embeddable":true,"href":"https:\/\/artstella-elixirs-floraux.com\/en\/wp-json\/wp\/v2\/product_tag?post=2699"}],"curies":[{"name":"wp","href":"https:\/\/api.w.org\/{rel}","templated":true}]}}