{"id":2704,"date":"2025-03-09T13:00:36","date_gmt":"2025-03-09T13:00:36","guid":{"rendered":"https:\/\/artstella-elixirs-floraux.com\/product\/purification-gouttes-alaska\/"},"modified":"2025-04-07T13:34:08","modified_gmt":"2025-04-07T13:34:08","slug":"purification-gouttes-alaska","status":"publish","type":"product","link":"https:\/\/artstella-elixirs-floraux.com\/en\/product\/purification-gouttes-alaska\/","title":{"rendered":"PURIFICATION \u00ab\u00a0gouttes\u00a0\u00bb ALASKA"},"content":{"rendered":"<p><strong><em>Purification <\/em><\/strong><\/p>\n<p>Existe en gouttes et en spray. Contient : Black Tourmaline Firerweed . Portage Glacier.\u00a0 Sweetgrass .Permet de nettoyer et purifier votre maison, l\u2019environnement de votre travail, ou votre champ \u00e9nerg\u00e9tique. Elle peut \u00eatre utilis\u00e9e pour dissoudre les sch\u00e9mas fig\u00e9s ou les blocages \u00e9nerg\u00e9tiques. Permet de se revitaliser, de dissoudre les \u00e9nergies \u00ab toxiques \u00bb dans les corps \u00e9nerg\u00e9tiques.<\/p>","protected":false},"excerpt":{"rendered":"<p><span style=\"color: #008000;\"><strong><em>Purification <\/em><\/strong><\/span><\/p>\n<p>Existe en gouttes et en spray. Contient : Black Tourmaline Firerweed . Portage Glacier.\u00a0 Sweetgrass .Permet de nettoyer et purifier votre maison, l\u2019environnement de votre travail, ou votre champ \u00e9nerg\u00e9tique.<\/p>","protected":false},"featured_media":7689,"template":"","meta":[],"product_brand":[],"product_cat":[123],"product_tag":[],"class_list":{"0":"post-2704","1":"product","2":"type-product","3":"status-publish","4":"has-post-thumbnail","6":"product_cat-combinaisons-d-elixir-de-les-spays","8":"first","9":"instock","10":"taxable","11":"shipping-taxable","12":"purchasable","13":"product-type-variable"},"etheme_brands":{"errors":{"invalid_taxonomy":["Invalid taxonomy."]},"error_data":[]},"jetpack_sharing_enabled":true,"jetpack-related-posts":[{"id":4574,"url":"https:\/\/artstella-elixirs-floraux.com\/en\/product\/purification-alaska\/","url_meta":{"origin":2704,"position":0},"title":"PURIFICATION SPRAY ALASKA","author":"eveapprill","date":"9 March 2025","format":false,"excerpt":"Purification Existe en gouttes et en spray. Contient : Black Tourmaline Firerweed . Portage Glacier.\u00a0 Sweetgrass .Permet de nettoyer et purifier votre maison, l\u2019environnement de votre travail, ou votre champ \u00e9nerg\u00e9tique.","rel":"","context":"Similar post","block_context":{"text":"Similar post","link":""},"img":{"alt_text":"","src":"https:\/\/i0.wp.com\/artstella-elixirs-floraux.com\/wp-content\/uploads\/2025\/03\/purification-pt-1.jpg?resize=350%2C200&ssl=1","width":350,"height":200},"classes":[]},{"id":3891,"url":"https:\/\/artstella-elixirs-floraux.com\/en\/product\/delph-spray-spray-energie-dauphin-phi\/","url_meta":{"origin":2704,"position":1},"title":"DELPH -SPRAY spray \u00e9nergie dauphin PHI","author":"eveapprill","date":"9 March 2025","format":false,"excerpt":"Delph spray - Spray \u00e0 l'\u00e9nergie des dauphins Action bienfaisante et purifiante de Delph\u00ae existe en spray. Il s'utilise en vaporisation pour purifier les pi\u00e8ces charg\u00e9es \u00e9nerg\u00e9tiquement (bureau, cabinet de consultation, salle de conf\u00e9rences, etc.).","rel":"","context":"Similar post","block_context":{"text":"Similar post","link":""},"img":{"alt_text":"","src":"","width":0,"height":0},"classes":[]},{"id":2398,"url":"https:\/\/artstella-elixirs-floraux.com\/en\/product\/portage-glacier\/","url_meta":{"origin":2704,"position":2},"title":"PORTAGE GLACIER &#8211; Glacier Portage","author":"eveapprill","date":"9 March 2025","format":false,"excerpt":"Portage glacier. Cet \u00e9lixir a \u00e9t\u00e9 r\u00e9alis\u00e9 sur la banquise du Lac Portage \u00e0 proximit\u00e9 de la fin du Glacier Portage au sud de la r\u00e9gion centrale de Alaska. Une \u00e9nergie puissante et catalysante qui nous aide \u00e0 lib\u00e9rer notre corps mental, \u00e9motionnel, \u00e9th\u00e9rique et physique de ce qui n'est\u2026","rel":"","context":"Similar post","block_context":{"text":"Similar post","link":""},"img":{"alt_text":"","src":"https:\/\/i0.wp.com\/artstella-elixirs-floraux.com\/wp-content\/uploads\/2025\/03\/Portage_Glacier_1024x1024.jpg?resize=350%2C200&ssl=1","width":350,"height":200},"classes":[]},{"id":2714,"url":"https:\/\/artstella-elixirs-floraux.com\/en\/product\/travel-ease-alaska\/","url_meta":{"origin":2704,"position":3},"title":"TRAVEL EASE ALASKA","author":"eveapprill","date":"9 March 2025","format":false,"excerpt":"Travel ease : Existe en gouttes et en spray Contient : black tourmaline- covellite - smocky quartz - white violet - yarrow La combinaison Travel Ease est sp\u00e9cifiquement pr\u00e9vue pour apaiser les effets n\u00e9gatifs des voyages en avion, particuli\u00e8rement pour le d\u00e9calage horaire.","rel":"","context":"Similar post","block_context":{"text":"Similar post","link":""},"img":{"alt_text":"","src":"https:\/\/i0.wp.com\/artstella-elixirs-floraux.com\/wp-content\/uploads\/2025\/03\/3d14cf3e-7658-4bf8-aee8-1b9a9f2b737a.jpg?resize=350%2C200&ssl=1","width":350,"height":200,"srcset":"https:\/\/i0.wp.com\/artstella-elixirs-floraux.com\/wp-content\/uploads\/2025\/03\/3d14cf3e-7658-4bf8-aee8-1b9a9f2b737a.jpg?resize=350%2C200&ssl=1 1x, https:\/\/i0.wp.com\/artstella-elixirs-floraux.com\/wp-content\/uploads\/2025\/03\/3d14cf3e-7658-4bf8-aee8-1b9a9f2b737a.jpg?resize=525%2C300&ssl=1 1.5x, https:\/\/i0.wp.com\/artstella-elixirs-floraux.com\/wp-content\/uploads\/2025\/03\/3d14cf3e-7658-4bf8-aee8-1b9a9f2b737a.jpg?resize=700%2C400&ssl=1 2x"},"classes":[]},{"id":2694,"url":"https:\/\/artstella-elixirs-floraux.com\/en\/product\/guardian-alaska\/","url_meta":{"origin":2704,"position":4},"title":"GUARDIAN ALASKA","author":"eveapprill","date":"9 March 2025","format":false,"excerpt":"Guardian (Guardien) existe en gouttes et en\u00a0 spray. Contient : Covellite . Devil\u2019s club. Round leave orchid . Stone circle. White Violet . Yarrow. Apporte un puissant champ de protection au niveau de l\u2019aura. Elle invoque une \u00e9nergie harmonieuse qui vous permet d\u2019avoir votre espace, de maintenir votre ancrage et\u2026","rel":"","context":"Similar post","block_context":{"text":"Similar post","link":""},"img":{"alt_text":"","src":"https:\/\/i0.wp.com\/artstella-elixirs-floraux.com\/wp-content\/uploads\/2025\/03\/1cb3fc0a-98e4-4c12-85cf-fdb300461280.jpg?resize=350%2C200&ssl=1","width":350,"height":200,"srcset":"https:\/\/i0.wp.com\/artstella-elixirs-floraux.com\/wp-content\/uploads\/2025\/03\/1cb3fc0a-98e4-4c12-85cf-fdb300461280.jpg?resize=350%2C200&ssl=1 1x, https:\/\/i0.wp.com\/artstella-elixirs-floraux.com\/wp-content\/uploads\/2025\/03\/1cb3fc0a-98e4-4c12-85cf-fdb300461280.jpg?resize=525%2C300&ssl=1 1.5x, https:\/\/i0.wp.com\/artstella-elixirs-floraux.com\/wp-content\/uploads\/2025\/03\/1cb3fc0a-98e4-4c12-85cf-fdb300461280.jpg?resize=700%2C400&ssl=1 2x"},"classes":[]},{"id":2315,"url":"https:\/\/artstella-elixirs-floraux.com\/en\/product\/sweetgrass-alaskan\/","url_meta":{"origin":2704,"position":5},"title":"Sweetgrass Alaskan","author":"eveapprill","date":"9 March 2025","format":false,"excerpt":"Sweetgrass. Hierochloe odorata Blocage de l'\u00e9nergie dans le corps \u00e9th\u00e9rique, faible circulation d'\u00e9nergie durant la journ\u00e9e, difficult\u00e9 \u00e0 aller au bout des processus,","rel":"","context":"Similar post","block_context":{"text":"Similar post","link":""},"img":{"alt_text":"","src":"https:\/\/i0.wp.com\/artstella-elixirs-floraux.com\/wp-content\/uploads\/2025\/03\/wp-image592.png?resize=350%2C200&ssl=1","width":350,"height":200},"classes":[]}],"_links":{"self":[{"href":"https:\/\/artstella-elixirs-floraux.com\/en\/wp-json\/wp\/v2\/product\/2704","targetHints":{"allow":["GET"]}}],"collection":[{"href":"https:\/\/artstella-elixirs-floraux.com\/en\/wp-json\/wp\/v2\/product"}],"about":[{"href":"https:\/\/artstella-elixirs-floraux.com\/en\/wp-json\/wp\/v2\/types\/product"}],"version-history":[{"count":0,"href":"https:\/\/artstella-elixirs-floraux.com\/en\/wp-json\/wp\/v2\/product\/2704\/revisions"}],"wp:featuredmedia":[{"embeddable":true,"href":"https:\/\/artstella-elixirs-floraux.com\/en\/wp-json\/wp\/v2\/media\/7689"}],"wp:attachment":[{"href":"https:\/\/artstella-elixirs-floraux.com\/en\/wp-json\/wp\/v2\/media?parent=2704"}],"wp:term":[{"taxonomy":"product_brand","embeddable":true,"href":"https:\/\/artstella-elixirs-floraux.com\/en\/wp-json\/wp\/v2\/product_brand?post=2704"},{"taxonomy":"product_cat","embeddable":true,"href":"https:\/\/artstella-elixirs-floraux.com\/en\/wp-json\/wp\/v2\/product_cat?post=2704"},{"taxonomy":"product_tag","embeddable":true,"href":"https:\/\/artstella-elixirs-floraux.com\/en\/wp-json\/wp\/v2\/product_tag?post=2704"}],"curies":[{"name":"wp","href":"https:\/\/api.w.org\/{rel}","templated":true}]}}