{"id":2731,"date":"2025-03-09T13:01:08","date_gmt":"2025-03-09T13:01:08","guid":{"rendered":"https:\/\/artstella-elixirs-floraux.com\/product\/electro-bush-australien-30ml\/"},"modified":"2025-06-03T20:46:04","modified_gmt":"2025-06-03T20:46:04","slug":"electro-bush-australien-30ml","status":"publish","type":"product","link":"https:\/\/artstella-elixirs-floraux.com\/en\/product\/electro-bush-australien-30ml\/","title":{"rendered":"ELECTRO BUSH AUSTRALIEN 30ml"},"content":{"rendered":"","protected":false},"excerpt":{"rendered":"<p><span style=\"color: #008000;\"><strong><em>Electro<\/em><\/strong><\/span><\/p>\n<p>Peut \u00eatre utilis\u00e9 pour r\u00e9duire les effets n\u00e9fastes des radiations solaires et \u00e9lectromagn\u00e9tiques, ainsi que ceux induits par les radioth\u00e9rapies, les appareils \u00e9lectriques&#8230;<\/p>\n<p><em>Compos\u00e9 de Bush Fuschia, Crowea, Paw Paw, Fringed Violet, Mulla Mulla et Waratah.<\/em><\/p>","protected":false},"featured_media":9996,"template":"","meta":[],"product_brand":[],"product_cat":[122],"product_tag":[],"class_list":{"0":"post-2731","1":"product","2":"type-product","3":"status-publish","4":"has-post-thumbnail","6":"product_cat-les-composes-du-bush-australien","8":"first","9":"instock","10":"taxable","11":"shipping-taxable","12":"purchasable","13":"product-type-simple"},"etheme_brands":{"errors":{"invalid_taxonomy":["Invalid taxonomy."]},"error_data":[]},"jetpack_sharing_enabled":true,"jetpack-related-posts":[{"id":2747,"url":"https:\/\/artstella-elixirs-floraux.com\/en\/product\/travel-voyage-bush-30-ml\/","url_meta":{"origin":2731,"position":0},"title":"TRAVEL Voyage BUSH 30 ml","author":"eveapprill","date":"9 March 2025","format":false,"excerpt":"Travel -\u00a0Voyage Recommand\u00e9 \u00e0 tous ceux qui partent en voyage et tout particuli\u00e8rement \u00e0 ceux qui voyagent en avion. Limite les effets du mal des transports (mer, air, fer, route).","rel":"","context":"Similar post","block_context":{"text":"Similar post","link":""},"img":{"alt_text":"","src":"https:\/\/i0.wp.com\/artstella-elixirs-floraux.com\/wp-content\/uploads\/2025\/03\/797b8093-234c-413f-994e-c16f863422b6.jpg?resize=350%2C200&ssl=1","width":350,"height":200,"srcset":"https:\/\/i0.wp.com\/artstella-elixirs-floraux.com\/wp-content\/uploads\/2025\/03\/797b8093-234c-413f-994e-c16f863422b6.jpg?resize=350%2C200&ssl=1 1x, https:\/\/i0.wp.com\/artstella-elixirs-floraux.com\/wp-content\/uploads\/2025\/03\/797b8093-234c-413f-994e-c16f863422b6.jpg?resize=525%2C300&ssl=1 1.5x, https:\/\/i0.wp.com\/artstella-elixirs-floraux.com\/wp-content\/uploads\/2025\/03\/797b8093-234c-413f-994e-c16f863422b6.jpg?resize=700%2C400&ssl=1 2x"},"classes":[]},{"id":4443,"url":"https:\/\/artstella-elixirs-floraux.com\/en\/product\/paw-paw-15-ml-bush\/","url_meta":{"origin":2731,"position":1},"title":"PAW PAW 15 ML BUSH","author":"eveapprill","date":"9 March 2025","format":false,"excerpt":"Paw Paw Etre d\u00e9bord\u00e9, \u00eatre accabl\u00e9 par les d\u00e9cisions. Concentration, clart\u00e9.","rel":"","context":"Similar post","block_context":{"text":"Similar post","link":""},"img":{"alt_text":"","src":"https:\/\/i0.wp.com\/artstella-elixirs-floraux.com\/wp-content\/uploads\/2025\/03\/wp-image1051.png?resize=350%2C200&ssl=1","width":350,"height":200},"classes":[]},{"id":2661,"url":"https:\/\/artstella-elixirs-floraux.com\/en\/product\/kangaroo-paw-bush-15-ml\/","url_meta":{"origin":2731,"position":2},"title":"KANGAROO PAW BUSH 15 ML","author":"eveapprill","date":"9 March 2025","format":false,"excerpt":"Kangaroo Paw Manquer de savoir-faire, maladroit, insensible par rapport aux besoins des autres. Etre d\u00e9contract\u00e9, sensibilit\u00e9 envers les autres, savoir-faire, appr\u00e9cier d\u2019\u00eatre avec les autres.","rel":"","context":"Similar post","block_context":{"text":"Similar post","link":""},"img":{"alt_text":"","src":"https:\/\/i0.wp.com\/artstella-elixirs-floraux.com\/wp-content\/uploads\/2025\/03\/wp-image612.png?resize=350%2C200&ssl=1","width":350,"height":200},"classes":[]},{"id":2723,"url":"https:\/\/artstella-elixirs-floraux.com\/en\/product\/focus-concentration-bush-30ml\/","url_meta":{"origin":2731,"position":3},"title":"FOCUS Concentration BUSH 30ml","author":"eveapprill","date":"9 March 2025","format":false,"excerpt":"Focus, nouveau nom de Cognis -\u00a0Concentration R\u00eaverie, dispersion, d\u00e9pass\u00e9 par les \u00e9v\u00e9nements. Assimilation des id\u00e9es, clart\u00e9 et concentration. Compos\u00e9 de Bush Fuchsia, Isopogon, Jacaranda, Paw Paw et Sundew.","rel":"","context":"Similar post","block_context":{"text":"Similar post","link":""},"img":{"alt_text":"","src":"https:\/\/i0.wp.com\/artstella-elixirs-floraux.com\/wp-content\/uploads\/2025\/03\/fd1981cc-86d1-4c5c-b22e-c295771f1d79.jpg?resize=350%2C200&ssl=1","width":350,"height":200,"srcset":"https:\/\/i0.wp.com\/artstella-elixirs-floraux.com\/wp-content\/uploads\/2025\/03\/fd1981cc-86d1-4c5c-b22e-c295771f1d79.jpg?resize=350%2C200&ssl=1 1x, https:\/\/i0.wp.com\/artstella-elixirs-floraux.com\/wp-content\/uploads\/2025\/03\/fd1981cc-86d1-4c5c-b22e-c295771f1d79.jpg?resize=525%2C300&ssl=1 1.5x, https:\/\/i0.wp.com\/artstella-elixirs-floraux.com\/wp-content\/uploads\/2025\/03\/fd1981cc-86d1-4c5c-b22e-c295771f1d79.jpg?resize=700%2C400&ssl=1 2x"},"classes":[]},{"id":4437,"url":"https:\/\/artstella-elixirs-floraux.com\/en\/product\/mulla-mulla-15-ml-bush\/","url_meta":{"origin":2731,"position":4},"title":"MULLA MULLA 15 ML BUSH","author":"eveapprill","date":"9 March 2025","format":false,"excerpt":"Mulla Mulla D\u00e9tresse associ\u00e9e au feu, \u00e0 la chaleur et au soleil. R\u00e9duction des effets n\u00e9faste de ces traumatismes.","rel":"","context":"Similar post","block_context":{"text":"Similar post","link":""},"img":{"alt_text":"","src":"https:\/\/i0.wp.com\/artstella-elixirs-floraux.com\/wp-content\/uploads\/2025\/03\/wp-image1047.png?resize=350%2C200&ssl=1","width":350,"height":200},"classes":[]},{"id":4480,"url":"https:\/\/artstella-elixirs-floraux.com\/en\/product\/tall-mulla-mulla-bush-15-ml\/","url_meta":{"origin":2731,"position":5},"title":"TALL MULLA MULLA BUSH 15 ML","author":"eveapprill","date":"9 March 2025","format":false,"excerpt":"Tall Mulla Mulla Se sentir mal dans sa peau, peur des relations sociales, solitaire, \u00e9viter les confrontations. Se sentir \u00e0 l\u2019aise et en s\u00e9curit\u00e9 avec les autres et dans les relations sociales.","rel":"","context":"Similar post","block_context":{"text":"Similar post","link":""},"img":{"alt_text":"","src":"https:\/\/i0.wp.com\/artstella-elixirs-floraux.com\/wp-content\/uploads\/2025\/03\/wp-image1070.png?resize=350%2C200&ssl=1","width":350,"height":200},"classes":[]}],"_links":{"self":[{"href":"https:\/\/artstella-elixirs-floraux.com\/en\/wp-json\/wp\/v2\/product\/2731","targetHints":{"allow":["GET"]}}],"collection":[{"href":"https:\/\/artstella-elixirs-floraux.com\/en\/wp-json\/wp\/v2\/product"}],"about":[{"href":"https:\/\/artstella-elixirs-floraux.com\/en\/wp-json\/wp\/v2\/types\/product"}],"version-history":[{"count":0,"href":"https:\/\/artstella-elixirs-floraux.com\/en\/wp-json\/wp\/v2\/product\/2731\/revisions"}],"wp:featuredmedia":[{"embeddable":true,"href":"https:\/\/artstella-elixirs-floraux.com\/en\/wp-json\/wp\/v2\/media\/9996"}],"wp:attachment":[{"href":"https:\/\/artstella-elixirs-floraux.com\/en\/wp-json\/wp\/v2\/media?parent=2731"}],"wp:term":[{"taxonomy":"product_brand","embeddable":true,"href":"https:\/\/artstella-elixirs-floraux.com\/en\/wp-json\/wp\/v2\/product_brand?post=2731"},{"taxonomy":"product_cat","embeddable":true,"href":"https:\/\/artstella-elixirs-floraux.com\/en\/wp-json\/wp\/v2\/product_cat?post=2731"},{"taxonomy":"product_tag","embeddable":true,"href":"https:\/\/artstella-elixirs-floraux.com\/en\/wp-json\/wp\/v2\/product_tag?post=2731"}],"curies":[{"name":"wp","href":"https:\/\/api.w.org\/{rel}","templated":true}]}}