{"id":2743,"date":"2025-03-09T13:01:17","date_gmt":"2025-03-09T13:01:17","guid":{"rendered":"https:\/\/artstella-elixirs-floraux.com\/product\/solaris-bush-30ml\/"},"modified":"2025-06-03T20:44:20","modified_gmt":"2025-06-03T20:44:20","slug":"solaris-bush-30ml","status":"publish","type":"product","link":"https:\/\/artstella-elixirs-floraux.com\/en\/product\/solaris-bush-30ml\/","title":{"rendered":"SOLARIS BUSH 30ml"},"content":{"rendered":"","protected":false},"excerpt":{"rendered":"<p><span style=\"color: #008000;\"><strong><em>Solaris<\/em><\/strong><\/span><\/p>\n<p>Contribue largement \u00e0 att\u00e9nuer la peur et le d\u00e9sarroi provoqu\u00e9s par l&rsquo;incendie, le feu, la chaleur et le soleil en combattant les effets des ultra- violets et des radiations. <em>Compos\u00e9 de Mulla Mulla, She oak et Spinifex.<\/em><\/p>","protected":false},"featured_media":9986,"template":"","meta":[],"product_brand":[],"product_cat":[122],"product_tag":[],"class_list":{"0":"post-2743","1":"product","2":"type-product","3":"status-publish","4":"has-post-thumbnail","6":"product_cat-les-composes-du-bush-australien","8":"first","9":"instock","10":"taxable","11":"shipping-taxable","12":"purchasable","13":"product-type-simple"},"etheme_brands":{"errors":{"invalid_taxonomy":["Invalid taxonomy."]},"error_data":[]},"jetpack_sharing_enabled":true,"jetpack-related-posts":[{"id":6099,"url":"https:\/\/artstella-elixirs-floraux.com\/en\/product\/pendentif-solar-logos\/","url_meta":{"origin":2743,"position":0},"title":"Pendentif \u00ab\u00a0SOLAR LOGOS\u00a0\u00bb","author":"eveapprill","date":"9 March 2025","format":false,"excerpt":"Pendentif \u00ab SOLAR LOGOS\u00bb Pendentif en verre souffl\u00e9 rempli avec l'\u00e9lixirs Solar Logos. Active la lumi\u00e8re de l\u2019Ame en nous, nous permettant alors d\u2019acc\u00e9der au Divin \u00e0 un niveau personnel","rel":"","context":"Similar post","block_context":{"text":"Similar post","link":""},"img":{"alt_text":"","src":"https:\/\/i0.wp.com\/artstella-elixirs-floraux.com\/wp-content\/uploads\/2025\/03\/wp-image2132.png?resize=350%2C200&ssl=1","width":350,"height":200,"srcset":"https:\/\/i0.wp.com\/artstella-elixirs-floraux.com\/wp-content\/uploads\/2025\/03\/wp-image2132.png?resize=350%2C200&ssl=1 1x, https:\/\/i0.wp.com\/artstella-elixirs-floraux.com\/wp-content\/uploads\/2025\/03\/wp-image2132.png?resize=525%2C300&ssl=1 1.5x, https:\/\/i0.wp.com\/artstella-elixirs-floraux.com\/wp-content\/uploads\/2025\/03\/wp-image2132.png?resize=700%2C400&ssl=1 2x"},"classes":[]},{"id":5980,"url":"https:\/\/artstella-elixirs-floraux.com\/en\/product\/solar-logos-10ml-bush\/","url_meta":{"origin":2743,"position":1},"title":"SOLAR LOGOS 10ML BUSH","author":"eveapprill","date":"9 March 2025","format":false,"excerpt":"SOLAR LOGOS \u2022 Active la lumi\u00e8re de l\u2019Ame en nous, nous permettant alors d\u2019acc\u00e9der au Divin \u00e0 un niveau personnel. \u2022 Ouvre notre c\u0153ur et notre esprit de fa\u00e7on \u00e0 permettre \u00e0 la Conscience christique d\u2019entrer plus facilement.","rel":"","context":"Similar post","block_context":{"text":"Similar post","link":""},"img":{"alt_text":"","src":"https:\/\/i0.wp.com\/artstella-elixirs-floraux.com\/wp-content\/uploads\/2025\/03\/9d289a38-ae3f-4b19-a81c-7e4786580f9c.jpg?resize=350%2C200&ssl=1","width":350,"height":200,"srcset":"https:\/\/i0.wp.com\/artstella-elixirs-floraux.com\/wp-content\/uploads\/2025\/03\/9d289a38-ae3f-4b19-a81c-7e4786580f9c.jpg?resize=350%2C200&ssl=1 1x, https:\/\/i0.wp.com\/artstella-elixirs-floraux.com\/wp-content\/uploads\/2025\/03\/9d289a38-ae3f-4b19-a81c-7e4786580f9c.jpg?resize=525%2C300&ssl=1 1.5x, https:\/\/i0.wp.com\/artstella-elixirs-floraux.com\/wp-content\/uploads\/2025\/03\/9d289a38-ae3f-4b19-a81c-7e4786580f9c.jpg?resize=700%2C400&ssl=1 2x"},"classes":[]},{"id":4437,"url":"https:\/\/artstella-elixirs-floraux.com\/en\/product\/mulla-mulla-15-ml-bush\/","url_meta":{"origin":2743,"position":2},"title":"MULLA MULLA 15 ML BUSH","author":"eveapprill","date":"9 March 2025","format":false,"excerpt":"Mulla Mulla D\u00e9tresse associ\u00e9e au feu, \u00e0 la chaleur et au soleil. R\u00e9duction des effets n\u00e9faste de ces traumatismes.","rel":"","context":"Similar post","block_context":{"text":"Similar post","link":""},"img":{"alt_text":"","src":"https:\/\/i0.wp.com\/artstella-elixirs-floraux.com\/wp-content\/uploads\/2025\/03\/wp-image1047.png?resize=350%2C200&ssl=1","width":350,"height":200},"classes":[]},{"id":4452,"url":"https:\/\/artstella-elixirs-floraux.com\/en\/product\/pink-mulla-mulla-bush-15-ml\/","url_meta":{"origin":2743,"position":3},"title":"PINK MULLA MULLA BUSH 15 ML","author":"eveapprill","date":"9 March 2025","format":false,"excerpt":"Pink Mulla Mulla Blessure psychique profonde, personnalit\u00e9 ferm\u00e9e et difficile afin d\u2019\u00e9loigner les autres et se prot\u00e9ger. Gu\u00e9rison spirituelle, confiance et ouverture.","rel":"","context":"Similar post","block_context":{"text":"Similar post","link":""},"img":{"alt_text":"","src":"https:\/\/i0.wp.com\/artstella-elixirs-floraux.com\/wp-content\/uploads\/2025\/03\/wp-image1056.png?resize=350%2C200&ssl=1","width":350,"height":200},"classes":[]},{"id":4480,"url":"https:\/\/artstella-elixirs-floraux.com\/en\/product\/tall-mulla-mulla-bush-15-ml\/","url_meta":{"origin":2743,"position":4},"title":"TALL MULLA MULLA BUSH 15 ML","author":"eveapprill","date":"9 March 2025","format":false,"excerpt":"Tall Mulla Mulla Se sentir mal dans sa peau, peur des relations sociales, solitaire, \u00e9viter les confrontations. Se sentir \u00e0 l\u2019aise et en s\u00e9curit\u00e9 avec les autres et dans les relations sociales.","rel":"","context":"Similar post","block_context":{"text":"Similar post","link":""},"img":{"alt_text":"","src":"https:\/\/i0.wp.com\/artstella-elixirs-floraux.com\/wp-content\/uploads\/2025\/03\/wp-image1070.png?resize=350%2C200&ssl=1","width":350,"height":200},"classes":[]},{"id":2430,"url":"https:\/\/artstella-elixirs-floraux.com\/en\/product\/solar-eclipse\/","url_meta":{"origin":2743,"position":5},"title":"Solar Eclipse &#8211; Eclipse solaire","author":"eveapprill","date":"9 March 2025","format":false,"excerpt":"Eclipse Solaire Harmonise et \u00e9quilibre les \u00e9nergies f\u00e9minines et masculines, aussi bien chez les hommes que les femmes, il soutient la conscience de l\u2019accroissement du pouvoir masculin int\u00e9rieur. (\u00c9dition limit\u00e9e)","rel":"","context":"Similar post","block_context":{"text":"Similar post","link":""},"img":{"alt_text":"","src":"","width":0,"height":0},"classes":[]}],"_links":{"self":[{"href":"https:\/\/artstella-elixirs-floraux.com\/en\/wp-json\/wp\/v2\/product\/2743","targetHints":{"allow":["GET"]}}],"collection":[{"href":"https:\/\/artstella-elixirs-floraux.com\/en\/wp-json\/wp\/v2\/product"}],"about":[{"href":"https:\/\/artstella-elixirs-floraux.com\/en\/wp-json\/wp\/v2\/types\/product"}],"version-history":[{"count":0,"href":"https:\/\/artstella-elixirs-floraux.com\/en\/wp-json\/wp\/v2\/product\/2743\/revisions"}],"wp:featuredmedia":[{"embeddable":true,"href":"https:\/\/artstella-elixirs-floraux.com\/en\/wp-json\/wp\/v2\/media\/9986"}],"wp:attachment":[{"href":"https:\/\/artstella-elixirs-floraux.com\/en\/wp-json\/wp\/v2\/media?parent=2743"}],"wp:term":[{"taxonomy":"product_brand","embeddable":true,"href":"https:\/\/artstella-elixirs-floraux.com\/en\/wp-json\/wp\/v2\/product_brand?post=2743"},{"taxonomy":"product_cat","embeddable":true,"href":"https:\/\/artstella-elixirs-floraux.com\/en\/wp-json\/wp\/v2\/product_cat?post=2743"},{"taxonomy":"product_tag","embeddable":true,"href":"https:\/\/artstella-elixirs-floraux.com\/en\/wp-json\/wp\/v2\/product_tag?post=2743"}],"curies":[{"name":"wp","href":"https:\/\/api.w.org\/{rel}","templated":true}]}}