{"id":2755,"date":"2025-03-09T13:01:26","date_gmt":"2025-03-09T13:01:26","guid":{"rendered":"https:\/\/artstella-elixirs-floraux.com\/product\/fire-feu-bush-white-light\/"},"modified":"2025-06-05T13:09:06","modified_gmt":"2025-06-05T13:09:06","slug":"fire-feu-bush-white-light","status":"publish","type":"product","link":"https:\/\/artstella-elixirs-floraux.com\/en\/product\/fire-feu-bush-white-light\/","title":{"rendered":"FIRE (Feu) BUSH WHITE LIGHT"},"content":{"rendered":"<p><span style=\"color: #008000\"><strong><em>L&rsquo;\u00c9LIXIR FEU (FIRE ESSENCE<\/em><\/strong><\/span><em><span style=\"color: #008000\">)<\/span><br \/>a \u00e9t\u00e9 pr\u00e9par\u00e9 dans la zone sacr\u00e9e de Katajuta en Australie Centrale. <\/em>Il contient l\u2019\u00e9nergie de passion, de cr\u00e9ation, des possibilit\u00e9s et du potentiel du Feu. Un aspect des quatre \u00e9lixirs des \u00e9l\u00e9ments (Feu, Eau, Air et Terre) est qu\u2019ils peuvent nous aider \u00e0 nous connecter \u00e0 l\u2019\u00e9l\u00e9ment, \u00e0 l\u2019incarner et \u00e0 le ma\u00eetriser, tout en nous alignant avec l&rsquo;Esprit de la Nature de chaque \u00e9l\u00e9ment. Fire Essence aide \u00e0 br\u00fbler les d\u00e9chets ou les impuret\u00e9s, particuli\u00e8rement ceux pr\u00e9sents dans le corps astral. Il peut nous ouvrir \u00e0 notre plus ancienne source, l\u2019instant o\u00f9 \u00e0 l\u2019origine l\u2019\u00e2me a choisi le but de son incarnation sur terre, nous laissant un \u00ab ardent \u00bb sens de direction et de but, et nous donnant ainsi l\u2019inspiration et la motivation pour suivre notre chemin de vie et accomplir notre plus haute destin\u00e9e.<\/p>","protected":false},"excerpt":{"rendered":"<p><span style=\"color: #008000\"><strong><em>L&rsquo;\u00c9LIXIR FEU (FIRE ESSENCE<\/em><\/strong><\/span><em><span style=\"color: #008000\">)<\/span><br \/>a \u00e9t\u00e9 pr\u00e9par\u00e9 dans la zone sacr\u00e9e de Katajuta en Australie Centrale. <\/em>Il contient l\u2019\u00e9nergie de passion, de cr\u00e9ation, des possibilit\u00e9s et du potentiel du Feu. Un aspect des quatre \u00e9lixirs des \u00e9l\u00e9ments (Feu, Eau, Air et Terre) &#8230;<\/p>","protected":false},"featured_media":7678,"template":"","meta":[],"product_brand":[],"product_cat":[124],"product_tag":[],"class_list":{"0":"post-2755","1":"product","2":"type-product","3":"status-publish","4":"has-post-thumbnail","6":"product_cat-les-elixirs-lumiere-blanche","8":"first","9":"instock","10":"taxable","11":"shipping-taxable","12":"purchasable","13":"product-type-simple"},"etheme_brands":{"errors":{"invalid_taxonomy":["Invalid taxonomy."]},"error_data":[]},"jetpack_sharing_enabled":true,"jetpack-related-posts":[{"id":3579,"url":"https:\/\/artstella-elixirs-floraux.com\/en\/product\/17-fire-of-life-lto-15-ml\/","url_meta":{"origin":2755,"position":0},"title":"17. FIRE OF LIFE LTO 15 ML","author":"eveapprill","date":"9 March 2025","format":false,"excerpt":"Fire of Life \/ Le feu de la vie : est le compl\u00e9ment masculin, Yang, de Furnace of Life. Son \u00e9nergie Yang aide les \u00e9nergies universelles les plus \u00e9lev\u00e9es \u00e0 s'incarner dans la conscience, et contribue \u00e0 ce que cette \u00e9nergie coule au centre de notre \u00eatre. Il donne le\u2026","rel":"","context":"Similar post","block_context":{"text":"Similar post","link":""},"img":{"alt_text":"","src":"https:\/\/i0.wp.com\/artstella-elixirs-floraux.com\/wp-content\/uploads\/2025\/03\/cffee8d9-4215-4261-9234-b57ae2c9070b.jpg?resize=350%2C200&ssl=1","width":350,"height":200,"srcset":"https:\/\/i0.wp.com\/artstella-elixirs-floraux.com\/wp-content\/uploads\/2025\/03\/cffee8d9-4215-4261-9234-b57ae2c9070b.jpg?resize=350%2C200&ssl=1 1x, https:\/\/i0.wp.com\/artstella-elixirs-floraux.com\/wp-content\/uploads\/2025\/03\/cffee8d9-4215-4261-9234-b57ae2c9070b.jpg?resize=525%2C300&ssl=1 1.5x, https:\/\/i0.wp.com\/artstella-elixirs-floraux.com\/wp-content\/uploads\/2025\/03\/cffee8d9-4215-4261-9234-b57ae2c9070b.jpg?resize=700%2C400&ssl=1 2x"},"classes":[]},{"id":5873,"url":"https:\/\/artstella-elixirs-floraux.com\/en\/product\/dragon-fire-15-ml\/","url_meta":{"origin":2755,"position":1},"title":"DRAGON FIRE 15 ML","author":"eveapprill","date":"9 March 2025","format":false,"excerpt":"Dragon Fire Phragmipedium China Dragon Donne le courage et l\u2019\u00e9nergie d\u2019accueillir le pouvoir spirituel de transformation dans nos vies.","rel":"","context":"Similar post","block_context":{"text":"Similar post","link":""},"img":{"alt_text":"","src":"","width":0,"height":0},"classes":[]},{"id":3533,"url":"https:\/\/artstella-elixirs-floraux.com\/en\/product\/1-andean-fire-ltoe-15-ml\/","url_meta":{"origin":2755,"position":2},"title":"1. ANDEAN FIRE LTOE 15 ML","author":"eveapprill","date":"9 March 2025","format":false,"excerpt":"Andean Fire\/ Feu des Andes Il aurait aussi pu s\u2019appeler \u00ab\u00a0Source de courage et raison d\u2019\u00eatre\u00a0\u00bb, en ce qu'il aide \u00e0 faire face \u00e0 la souffrance humaine. B\u00e9n\u00e9fique quand on est accabl\u00e9, ou que l\u2019on doit relever des d\u00e9fis d\u2019ordre physique quasi-insurmontables. Indiqu\u00e9 pour les victimes de torture ou de\u2026","rel":"","context":"Similar post","block_context":{"text":"Similar post","link":""},"img":{"alt_text":"","src":"https:\/\/i0.wp.com\/artstella-elixirs-floraux.com\/wp-content\/uploads\/2025\/03\/8dcedee6-b9ba-4e98-95a1-e12261f48c8d.jpg?resize=350%2C200&ssl=1","width":350,"height":200,"srcset":"https:\/\/i0.wp.com\/artstella-elixirs-floraux.com\/wp-content\/uploads\/2025\/03\/8dcedee6-b9ba-4e98-95a1-e12261f48c8d.jpg?resize=350%2C200&ssl=1 1x, https:\/\/i0.wp.com\/artstella-elixirs-floraux.com\/wp-content\/uploads\/2025\/03\/8dcedee6-b9ba-4e98-95a1-e12261f48c8d.jpg?resize=525%2C300&ssl=1 1.5x, https:\/\/i0.wp.com\/artstella-elixirs-floraux.com\/wp-content\/uploads\/2025\/03\/8dcedee6-b9ba-4e98-95a1-e12261f48c8d.jpg?resize=700%2C400&ssl=1 2x"},"classes":[]},{"id":6088,"url":"https:\/\/artstella-elixirs-floraux.com\/en\/product\/higher-courage-ltoe-15ml\/","url_meta":{"origin":2755,"position":3},"title":"Higher Courage LTOE 15ml","author":"eveapprill","date":"9 March 2025","format":false,"excerpt":"Higher Courage Phragmipedium besseae Grand Courage Gu\u00e9rit et ouvre le chakra du Coeur de fa\u00e7on \u00e0 ce que sa force et son courage soit r\u00e9tablis. L\u2019\u00e9lixir est associ\u00e9 \u00e0 Andean Fire (Feu des Andes). Pour des traumas de vie pass\u00e9e, prendre Andean Fire en premier lieu, puis enchainer avec Higher\u2026","rel":"","context":"Similar post","block_context":{"text":"Similar post","link":""},"img":{"alt_text":"","src":"","width":0,"height":0},"classes":[]},{"id":5160,"url":"https:\/\/artstella-elixirs-floraux.com\/en\/product\/corail-de-feu-millepora-dichotoma-feuerkoralle\/","url_meta":{"origin":2755,"position":4},"title":"Corail de feu (Millepora dichotoma) Feuerkoralle","author":"eveapprill","date":"9 March 2025","format":false,"excerpt":"Corail de feu\u00a0\u00a0 (Millepora dichotoma) Feuerkoralle\u00a0\u00a0 Cet \u00e9lixir exerce une action \u00e9nerg\u00e9tique sur la peau. Il soutient en cas d\u2019hypersensibilit\u00e9, de r\u00e9actions conditionn\u00e9es ou de r\u00e9pulsions.","rel":"","context":"Similar post","block_context":{"text":"Similar post","link":""},"img":{"alt_text":"","src":"","width":0,"height":0},"classes":[]},{"id":5516,"url":"https:\/\/artstella-elixirs-floraux.com\/en\/product\/ver-de-feu-barbu\/","url_meta":{"origin":2755,"position":5},"title":"VER DE FEU BARBU","author":"eveapprill","date":"9 March 2025","format":false,"excerpt":"VER DE FEU BARBU Feuerwurm (Hermodice carunculata) Aide les personnes qui se sentent bless\u00e9es \u00e0 se lib\u00e9rer d\u2019anciennes charges et informations de douleur. Sur un plan physique l\u2019\u00e9lixir favorise le nettoyage et la d\u00e9toxification. Au niveau \u00e9motionnel elle aide les personnes qui se sont \u00e9loign\u00e9es ou qui s\u2019opposent \u00e0 pouvoir\u2026","rel":"","context":"Similar post","block_context":{"text":"Similar post","link":""},"img":{"alt_text":"","src":"https:\/\/i0.wp.com\/artstella-elixirs-floraux.com\/wp-content\/uploads\/2025\/03\/wp-image1753.png?resize=350%2C200&ssl=1","width":350,"height":200},"classes":[]}],"_links":{"self":[{"href":"https:\/\/artstella-elixirs-floraux.com\/en\/wp-json\/wp\/v2\/product\/2755","targetHints":{"allow":["GET"]}}],"collection":[{"href":"https:\/\/artstella-elixirs-floraux.com\/en\/wp-json\/wp\/v2\/product"}],"about":[{"href":"https:\/\/artstella-elixirs-floraux.com\/en\/wp-json\/wp\/v2\/types\/product"}],"version-history":[{"count":0,"href":"https:\/\/artstella-elixirs-floraux.com\/en\/wp-json\/wp\/v2\/product\/2755\/revisions"}],"wp:featuredmedia":[{"embeddable":true,"href":"https:\/\/artstella-elixirs-floraux.com\/en\/wp-json\/wp\/v2\/media\/7678"}],"wp:attachment":[{"href":"https:\/\/artstella-elixirs-floraux.com\/en\/wp-json\/wp\/v2\/media?parent=2755"}],"wp:term":[{"taxonomy":"product_brand","embeddable":true,"href":"https:\/\/artstella-elixirs-floraux.com\/en\/wp-json\/wp\/v2\/product_brand?post=2755"},{"taxonomy":"product_cat","embeddable":true,"href":"https:\/\/artstella-elixirs-floraux.com\/en\/wp-json\/wp\/v2\/product_cat?post=2755"},{"taxonomy":"product_tag","embeddable":true,"href":"https:\/\/artstella-elixirs-floraux.com\/en\/wp-json\/wp\/v2\/product_tag?post=2755"}],"curies":[{"name":"wp","href":"https:\/\/api.w.org\/{rel}","templated":true}]}}