{"id":2759,"date":"2025-03-09T13:01:29","date_gmt":"2025-03-09T13:01:29","guid":{"rendered":"https:\/\/artstella-elixirs-floraux.com\/product\/higher-self-moi-superieur-bush-white-light\/"},"modified":"2025-05-27T21:10:04","modified_gmt":"2025-05-27T21:10:04","slug":"higher-self-moi-superieur-bush-white-light","status":"publish","type":"product","link":"https:\/\/artstella-elixirs-floraux.com\/en\/product\/higher-self-moi-superieur-bush-white-light\/","title":{"rendered":"HIGHER SELF (Moi Sup\u00e9rieur) BUSH WHITE LIGHT"},"content":{"rendered":"<p><strong><em><span style=\"color: #008000;\">L&rsquo;\u00c9LIXIR MOI SUP\u00c9RIEUR (HIGHER SELF ESSENCE)<\/span><br \/>\n<\/em><\/strong><em>Cet \u00e9lixir a \u00e9t\u00e9 pr\u00e9par\u00e9 dans les ruines Maya \u00e0 Palenque au Mexique. <\/em>Il permet \u00e0 chacun de s\u2019aligner et d\u2019acc\u00e9der \u00e0 son Moi Sup\u00e9rieur.L&rsquo;\u00c9lixir Moi Sup\u00e9rieur conduit une \u00e9nergie du degr\u00e9 le plus \u00e9lev\u00e9 vers le c\u0153ur le plus intime ce qui permet de rayonner et de se d\u00e9ployer. Cet \u00c9lixir aide \u00e0 percevoir ce qui existe au-del\u00e0 de l&rsquo;exp\u00e9rience physique et peut favoriser\u00a0 la connexion avec\u00a0 les sources de sagesse et de connaissance antique. Il permet de clarifier des aspects d&rsquo;une vie ant\u00e9rieure. Il est pr\u00e9f\u00e9rable de le prendre si vous vous sentez ancr\u00e9 et \u00e9quilibr\u00e9. Notre Moi Sup\u00e9rieur est form\u00e9 de toutes les vies que nous avons pu avoir et cet \u00e9lixir nous offre l&rsquo;occasion de se relier \u00e0 ses toutes premi\u00e8res incarnations.<\/p>","protected":false},"excerpt":{"rendered":"<p><strong><em><span style=\"color: #008000;\">L&rsquo;\u00c9LIXIR MOI SUP\u00c9RIEUR (HIGHER SELF ESSENCE)<\/span><br \/>\n<\/em><\/strong><em>Cet \u00e9lixir a \u00e9t\u00e9 pr\u00e9par\u00e9 dans les ruines Maya \u00e0 Palenque au Mexique. <\/em>Il permet \u00e0 chacun de s\u2019aligner et d\u2019acc\u00e9der \u00e0 son Moi Sup\u00e9rieur.<\/p>","protected":false},"featured_media":7680,"template":"","meta":[],"product_brand":[],"product_cat":[124],"product_tag":[],"class_list":{"0":"post-2759","1":"product","2":"type-product","3":"status-publish","4":"has-post-thumbnail","6":"product_cat-les-elixirs-lumiere-blanche","8":"first","9":"instock","10":"taxable","11":"shipping-taxable","12":"purchasable","13":"product-type-simple"},"etheme_brands":{"errors":{"invalid_taxonomy":["Invalid taxonomy."]},"error_data":[]},"jetpack_sharing_enabled":true,"jetpack-related-posts":[{"id":2757,"url":"https:\/\/artstella-elixirs-floraux.com\/en\/product\/air-air-bush-white-light\/","url_meta":{"origin":2759,"position":0},"title":"AIR (Air) BUSH WHITE LIGHT","author":"eveapprill","date":"9 March 2025","format":false,"excerpt":"L'\u00c9LIXIR AIR (AIR ESSENCE) a \u00e9t\u00e9 pr\u00e9par\u00e9 au sommet de la montagne Schafberg, \u00e0 St Wolfgang en Autriche. Il permet \u00e0 chacun d\u2019atteindre des royaumes et plans spirituels plus \u00e9lev\u00e9s...","rel":"","context":"Similar post","block_context":{"text":"Similar post","link":""},"img":{"alt_text":"","src":"https:\/\/i0.wp.com\/artstella-elixirs-floraux.com\/wp-content\/uploads\/2025\/03\/5d739f8d-a2aa-4869-a1f7-b6935c8fd6f5.jpg?resize=350%2C200&ssl=1","width":350,"height":200,"srcset":"https:\/\/i0.wp.com\/artstella-elixirs-floraux.com\/wp-content\/uploads\/2025\/03\/5d739f8d-a2aa-4869-a1f7-b6935c8fd6f5.jpg?resize=350%2C200&ssl=1 1x, https:\/\/i0.wp.com\/artstella-elixirs-floraux.com\/wp-content\/uploads\/2025\/03\/5d739f8d-a2aa-4869-a1f7-b6935c8fd6f5.jpg?resize=525%2C300&ssl=1 1.5x, https:\/\/i0.wp.com\/artstella-elixirs-floraux.com\/wp-content\/uploads\/2025\/03\/5d739f8d-a2aa-4869-a1f7-b6935c8fd6f5.jpg?resize=700%2C400&ssl=1 2x"},"classes":[]},{"id":3673,"url":"https:\/\/artstella-elixirs-floraux.com\/en\/product\/62-spirit-of-the-higher-heart-lto\/","url_meta":{"origin":2759,"position":1},"title":"62. SPIRIT OF THE HIGHER HEART LTO","author":"eveapprill","date":"9 March 2025","format":false,"excerpt":"Spirit of the Higher Heart \/ Esprit du Coeur profond : l'\u00e9lixir est fait avec la m\u00eame fleur que Healing the Higher Heart sans l'\u00e9lixir d'or. Il permet une fusion douce du chakra sup\u00e9rieur du c\u0153ur et de la chambre haute spirituelle. Son effet est plus subtil. Il favorise l'expansion\u2026","rel":"","context":"Similar post","block_context":{"text":"Similar post","link":""},"img":{"alt_text":"","src":"https:\/\/i0.wp.com\/artstella-elixirs-floraux.com\/wp-content\/uploads\/2025\/03\/f9f2d0e9-e8bb-4732-941c-162c66c9a9e7.jpg?resize=350%2C200&ssl=1","width":350,"height":200,"srcset":"https:\/\/i0.wp.com\/artstella-elixirs-floraux.com\/wp-content\/uploads\/2025\/03\/f9f2d0e9-e8bb-4732-941c-162c66c9a9e7.jpg?resize=350%2C200&ssl=1 1x, https:\/\/i0.wp.com\/artstella-elixirs-floraux.com\/wp-content\/uploads\/2025\/03\/f9f2d0e9-e8bb-4732-941c-162c66c9a9e7.jpg?resize=525%2C300&ssl=1 1.5x, https:\/\/i0.wp.com\/artstella-elixirs-floraux.com\/wp-content\/uploads\/2025\/03\/f9f2d0e9-e8bb-4732-941c-162c66c9a9e7.jpg?resize=700%2C400&ssl=1 2x"},"classes":[]},{"id":3802,"url":"https:\/\/artstella-elixirs-floraux.com\/en\/product\/higher-self-orchid-phi\/","url_meta":{"origin":2759,"position":2},"title":"HIGHER SELF ORCHID PHI","author":"eveapprill","date":"9 March 2025","format":false,"excerpt":"Cet \u00e9lixir \u00e9quilibre les \u00e9nergies au niveau du plexus solaire et les qualit\u00e9s du c\u0153ur. Il soutient et harmonise le chakra du c\u0153ur.","rel":"","context":"Similar post","block_context":{"text":"Similar post","link":""},"img":{"alt_text":"","src":"https:\/\/i0.wp.com\/artstella-elixirs-floraux.com\/wp-content\/uploads\/2025\/03\/wp-image511.png?resize=350%2C200&ssl=1","width":350,"height":200},"classes":[]},{"id":2761,"url":"https:\/\/artstella-elixirs-floraux.com\/en\/product\/devic-devique-bush-white-light\/","url_meta":{"origin":2759,"position":3},"title":"DEVIC (D\u00e9vique) BUSH WHITE LIGHT","author":"eveapprill","date":"9 March 2025","format":false,"excerpt":"L\u2019\u00c9LIXIR D\u00c9VIQUE (DEVIC ESSENCE) a \u00e9t\u00e9 pr\u00e9par\u00e9 lors du solstice d\u2019\u00e9t\u00e9 dans le jardin de Chalice Well \u00e0 Glastonbury en Angleterre. Il aide \u00e0 \u00e9tablir des liens solides avec le royaume des Devas, tout en ramenant chacun \u00e0 un \u00e9tat de simplicit\u00e9 et de paix.","rel":"","context":"Similar post","block_context":{"text":"Similar post","link":""},"img":{"alt_text":"","src":"https:\/\/i0.wp.com\/artstella-elixirs-floraux.com\/wp-content\/uploads\/2025\/03\/4a34ab52-f1ec-4770-8e7f-32a80ebd477b.jpg?resize=350%2C200&ssl=1","width":350,"height":200,"srcset":"https:\/\/i0.wp.com\/artstella-elixirs-floraux.com\/wp-content\/uploads\/2025\/03\/4a34ab52-f1ec-4770-8e7f-32a80ebd477b.jpg?resize=350%2C200&ssl=1 1x, https:\/\/i0.wp.com\/artstella-elixirs-floraux.com\/wp-content\/uploads\/2025\/03\/4a34ab52-f1ec-4770-8e7f-32a80ebd477b.jpg?resize=525%2C300&ssl=1 1.5x, https:\/\/i0.wp.com\/artstella-elixirs-floraux.com\/wp-content\/uploads\/2025\/03\/4a34ab52-f1ec-4770-8e7f-32a80ebd477b.jpg?resize=700%2C400&ssl=1 2x"},"classes":[]},{"id":3591,"url":"https:\/\/artstella-elixirs-floraux.com\/en\/product\/22-healing-the-higher-heart-lto-15-ml\/","url_meta":{"origin":2759,"position":4},"title":"Gu\u00e9rir le Coeur profond 15 ml LTO","author":"eveapprill","date":"9 March 2025","format":false,"excerpt":"Healing the higher Heart \/ Gu\u00e9rir le Coeur profond ( Vascostylis Roll on REd) Cette orchid\u00e9e a donn\u00e9 deux \u00e9lixirs : \"Spirit of the higher heart\" et celui-ci auquel a \u00e9t\u00e9 ajout\u00e9 un \u00e9lixir d'or de 24 carats qui en augmente","rel":"","context":"Similar post","block_context":{"text":"Similar post","link":""},"img":{"alt_text":"","src":"https:\/\/i0.wp.com\/artstella-elixirs-floraux.com\/wp-content\/uploads\/2025\/03\/a754891c-844e-4215-981b-f8ca5ffa55a9.jpg?resize=350%2C200&ssl=1","width":350,"height":200,"srcset":"https:\/\/i0.wp.com\/artstella-elixirs-floraux.com\/wp-content\/uploads\/2025\/03\/a754891c-844e-4215-981b-f8ca5ffa55a9.jpg?resize=350%2C200&ssl=1 1x, https:\/\/i0.wp.com\/artstella-elixirs-floraux.com\/wp-content\/uploads\/2025\/03\/a754891c-844e-4215-981b-f8ca5ffa55a9.jpg?resize=525%2C300&ssl=1 1.5x, https:\/\/i0.wp.com\/artstella-elixirs-floraux.com\/wp-content\/uploads\/2025\/03\/a754891c-844e-4215-981b-f8ca5ffa55a9.jpg?resize=700%2C400&ssl=1 2x"},"classes":[]},{"id":2767,"url":"https:\/\/artstella-elixirs-floraux.com\/en\/product\/antarctic-bush-lf\/","url_meta":{"origin":2759,"position":5},"title":"ANTARCTIC BUSH LF","author":"eveapprill","date":"9 March 2025","format":false,"excerpt":"Antarctic Essence \u2013 Elixir de l'Antarctique Favorise le calme, la paix et le repos. Donne une meilleure vision de ce qui est n\u00e9cessaire et essentiel dans la vie. Antarctic Essence r\u00e9v\u00e8le et dissout les aspects profonds et cach\u00e9s de notre personnalit\u00e9.","rel":"","context":"Similar post","block_context":{"text":"Similar post","link":""},"img":{"alt_text":"","src":"https:\/\/i0.wp.com\/artstella-elixirs-floraux.com\/wp-content\/uploads\/2025\/03\/619e443f-a1e4-4582-9202-7ae7c3b159c7.jpg?resize=350%2C200&ssl=1","width":350,"height":200,"srcset":"https:\/\/i0.wp.com\/artstella-elixirs-floraux.com\/wp-content\/uploads\/2025\/03\/619e443f-a1e4-4582-9202-7ae7c3b159c7.jpg?resize=350%2C200&ssl=1 1x, https:\/\/i0.wp.com\/artstella-elixirs-floraux.com\/wp-content\/uploads\/2025\/03\/619e443f-a1e4-4582-9202-7ae7c3b159c7.jpg?resize=525%2C300&ssl=1 1.5x, https:\/\/i0.wp.com\/artstella-elixirs-floraux.com\/wp-content\/uploads\/2025\/03\/619e443f-a1e4-4582-9202-7ae7c3b159c7.jpg?resize=700%2C400&ssl=1 2x"},"classes":[]}],"_links":{"self":[{"href":"https:\/\/artstella-elixirs-floraux.com\/en\/wp-json\/wp\/v2\/product\/2759","targetHints":{"allow":["GET"]}}],"collection":[{"href":"https:\/\/artstella-elixirs-floraux.com\/en\/wp-json\/wp\/v2\/product"}],"about":[{"href":"https:\/\/artstella-elixirs-floraux.com\/en\/wp-json\/wp\/v2\/types\/product"}],"version-history":[{"count":0,"href":"https:\/\/artstella-elixirs-floraux.com\/en\/wp-json\/wp\/v2\/product\/2759\/revisions"}],"wp:featuredmedia":[{"embeddable":true,"href":"https:\/\/artstella-elixirs-floraux.com\/en\/wp-json\/wp\/v2\/media\/7680"}],"wp:attachment":[{"href":"https:\/\/artstella-elixirs-floraux.com\/en\/wp-json\/wp\/v2\/media?parent=2759"}],"wp:term":[{"taxonomy":"product_brand","embeddable":true,"href":"https:\/\/artstella-elixirs-floraux.com\/en\/wp-json\/wp\/v2\/product_brand?post=2759"},{"taxonomy":"product_cat","embeddable":true,"href":"https:\/\/artstella-elixirs-floraux.com\/en\/wp-json\/wp\/v2\/product_cat?post=2759"},{"taxonomy":"product_tag","embeddable":true,"href":"https:\/\/artstella-elixirs-floraux.com\/en\/wp-json\/wp\/v2\/product_tag?post=2759"}],"curies":[{"name":"wp","href":"https:\/\/api.w.org\/{rel}","templated":true}]}}