{"id":2761,"date":"2025-03-09T13:01:30","date_gmt":"2025-03-09T13:01:30","guid":{"rendered":"https:\/\/artstella-elixirs-floraux.com\/product\/devic-devique-bush-white-light\/"},"modified":"2025-06-08T12:53:18","modified_gmt":"2025-06-08T12:53:18","slug":"devic-devique-bush-white-light","status":"publish","type":"product","link":"https:\/\/artstella-elixirs-floraux.com\/en\/product\/devic-devique-bush-white-light\/","title":{"rendered":"DEVIC (D\u00e9vique) BUSH WHITE LIGHT"},"content":{"rendered":"<p><strong><em><span style=\"color: #008000\">L\u2019\u00c9LIXIR D\u00c9VIQUE (DEVIC ESSENCE)<\/span><br \/><\/em><\/strong><em>a \u00e9t\u00e9 pr\u00e9par\u00e9 lors du solstice d\u2019\u00e9t\u00e9 dans le jardin de Chalice Well \u00e0 Glastonbury en Angleterre<\/em>. Il aide \u00e0 \u00e9tablir des liens solides avec le royaume des Devas, tout en ramenant chacun \u00e0 un \u00e9tat de simplicit\u00e9 et de paix. Il apporte un sentiment d\u2019unit\u00e9 totale &#8211; se sentir UN avec absolument tout, et bien moins concern\u00e9 et pr\u00e9occup\u00e9 par les tracas et probl\u00e8mes quotidiens. Il permet d&rsquo;entrer en contact et en communication avec la nature et de recevoir les messages du r\u00e8gne v\u00e9g\u00e9tal. \u00c0 chaque fois qu&rsquo;une personne est d\u00e9racin\u00e9e ou hors de contr\u00f4le, cet \u00e9lixir pourra lui faire \u00e0 nouveau toucher terre, la remettant en prise directe avec la nature. L&rsquo;\u00e9lixir D\u00e9vic est excellent pour r\u00e9conforter et calmer ceux qui sont stress\u00e9s, pris au pi\u00e8ge ou d\u00e9connect\u00e9s. Il sera utile aux personnes ayant une obsession ou un sentiment d&rsquo;ins\u00e9curit\u00e9 dans les relations, en ce qu&rsquo;il les aidera \u00e0 se sentir prot\u00e9g\u00e9 et en s\u00e9curit\u00e9.<\/p>","protected":false},"excerpt":{"rendered":"<p><strong><em><span style=\"color: #008000\">L\u2019\u00c9LIXIR D\u00c9VIQUE (DEVIC ESSENCE)<\/span> <br \/><\/em><\/strong><em>a \u00e9t\u00e9 pr\u00e9par\u00e9 lors du solstice d\u2019\u00e9t\u00e9 dans le jardin de Chalice Well \u00e0 Glastonbury en Angleterre<\/em>. Il aide \u00e0 \u00e9tablir des liens solides avec le royaume des Devas, tout en ramenant chacun \u00e0 un \u00e9tat de simplicit\u00e9 et de paix.<\/p>","protected":false},"featured_media":7681,"template":"","meta":[],"product_brand":[],"product_cat":[124],"product_tag":[],"class_list":{"0":"post-2761","1":"product","2":"type-product","3":"status-publish","4":"has-post-thumbnail","6":"product_cat-les-elixirs-lumiere-blanche","8":"first","9":"instock","10":"taxable","11":"shipping-taxable","12":"purchasable","13":"product-type-simple"},"etheme_brands":{"errors":{"invalid_taxonomy":["Invalid taxonomy."]},"error_data":[]},"jetpack_sharing_enabled":true,"jetpack-related-posts":[{"id":11845,"url":"https:\/\/artstella-elixirs-floraux.com\/en\/product\/mood-essence-elixir-pour-lhumeur-30ml-bush\/","url_meta":{"origin":2761,"position":0},"title":"Mood Essence \u00ab\u00a0Elixir pour l&rsquo;humeur\u00a0\u00bb 30ml Bush","author":"eveapprill","date":"10 December 2025","format":false,"excerpt":"L\u2019\u00e9lixir \u00ab Mood \u00bb favorise l'\u00e9quilibre \u00e9motionnel, la clart\u00e9, l'optimisme et un sentiment renouvel\u00e9 de joie. Il a \u00e9t\u00e9 con\u00e7u pour traiter et aider \u00e0 soulager les diverses conditions que tant de personnes malheureusement vivent en ce moment.","rel":"","context":"Similar post","block_context":{"text":"Similar post","link":""},"img":{"alt_text":"","src":"","width":0,"height":0},"classes":[]},{"id":3855,"url":"https:\/\/artstella-elixirs-floraux.com\/en\/product\/blennie-15-ml-phi\/","url_meta":{"origin":2761,"position":1},"title":"BLENNIE 15 ML PHI","author":"eveapprill","date":"9 March 2025","format":false,"excerpt":"Blennie\u00a0(Blennius sanguinolentus) Schleimfish L\u2019\u00e9lixir aide \u00e0 l\u00e2cher les tensions qui proviennent de nos sentiments.","rel":"","context":"Similar post","block_context":{"text":"Similar post","link":""},"img":{"alt_text":"","src":"","width":0,"height":0},"classes":[]},{"id":2759,"url":"https:\/\/artstella-elixirs-floraux.com\/en\/product\/higher-self-moi-superieur-bush-white-light\/","url_meta":{"origin":2761,"position":2},"title":"HIGHER SELF (Moi Sup\u00e9rieur) BUSH WHITE LIGHT","author":"eveapprill","date":"9 March 2025","format":false,"excerpt":"L'\u00c9LIXIR MOI SUP\u00c9RIEUR (HIGHER SELF ESSENCE) Cet \u00e9lixir a \u00e9t\u00e9 pr\u00e9par\u00e9 dans les ruines Maya \u00e0 Palenque au Mexique. Il permet \u00e0 chacun de s\u2019aligner et d\u2019acc\u00e9der \u00e0 son Moi Sup\u00e9rieur.","rel":"","context":"Similar post","block_context":{"text":"Similar post","link":""},"img":{"alt_text":"Les elixirs de lumi\u00e8re blanche","src":"https:\/\/i0.wp.com\/artstella-elixirs-floraux.com\/wp-content\/uploads\/2025\/03\/5ba81766-8035-4d15-b50b-8e7f24672bba.jpg?resize=350%2C200&ssl=1","width":350,"height":200,"srcset":"https:\/\/i0.wp.com\/artstella-elixirs-floraux.com\/wp-content\/uploads\/2025\/03\/5ba81766-8035-4d15-b50b-8e7f24672bba.jpg?resize=350%2C200&ssl=1 1x, https:\/\/i0.wp.com\/artstella-elixirs-floraux.com\/wp-content\/uploads\/2025\/03\/5ba81766-8035-4d15-b50b-8e7f24672bba.jpg?resize=525%2C300&ssl=1 1.5x, https:\/\/i0.wp.com\/artstella-elixirs-floraux.com\/wp-content\/uploads\/2025\/03\/5ba81766-8035-4d15-b50b-8e7f24672bba.jpg?resize=700%2C400&ssl=1 2x"},"classes":[]},{"id":6054,"url":"https:\/\/artstella-elixirs-floraux.com\/en\/product\/elixir-ocean-n13-phi-15ml\/","url_meta":{"origin":2761,"position":3},"title":"ELIXIR OCEAN N\u00b013 PHI 15ML","author":"eveapprill","date":"9 March 2025","format":false,"excerpt":"Cet \u00e9lixir aide \u00e9motionnellement les personnes sensibles, facilement bless\u00e9es qui se trouvent invisibles au contact des autres. Il les aide \u00e0 se renforcer et \u00e0 devenir plus souples. Pour se sentir plus l\u00e9gitime et avancer plus surement.","rel":"","context":"Similar post","block_context":{"text":"Similar post","link":""},"img":{"alt_text":"","src":"https:\/\/i0.wp.com\/artstella-elixirs-floraux.com\/wp-content\/uploads\/2025\/03\/wp-image2051.png?resize=350%2C200&ssl=1","width":350,"height":200},"classes":[]},{"id":6052,"url":"https:\/\/artstella-elixirs-floraux.com\/en\/product\/elixir-ocean-n12-phi-15ml\/","url_meta":{"origin":2761,"position":4},"title":"ELIXIR OCEAN N\u00b012 PHI 15ML","author":"eveapprill","date":"9 March 2025","format":false,"excerpt":"L\u2019\u00e9lixir nous ram\u00e8ne au tout d\u00e9but, \u00e0 la cr\u00e9ation divine. Il nous relie avec l\u2019information originelle, pure, qui est aussi contenue dans les toutes premi\u00e8res cellules. Equilibre le plexus solaire et le chakra du c\u0153ur. Harmonise et \u00e9quilibre le sentiment d\u2019\u00eatre reli\u00e9 \u00e0 la Source.","rel":"","context":"Similar post","block_context":{"text":"Similar post","link":""},"img":{"alt_text":"","src":"https:\/\/i0.wp.com\/artstella-elixirs-floraux.com\/wp-content\/uploads\/2025\/03\/wp-image2050.png?resize=350%2C200&ssl=1","width":350,"height":200},"classes":[]},{"id":6044,"url":"https:\/\/artstella-elixirs-floraux.com\/en\/product\/elixir-ocean-n08-phi-15ml\/","url_meta":{"origin":2761,"position":5},"title":"ELIXIR OCEAN N\u00b008 PHI 15ML","author":"eveapprill","date":"9 March 2025","format":false,"excerpt":"L\u2019\u00e9lixir nous aide \u00e0 rester ouverts au nouveau, \u00e0 de nouvelles situations, \u00e0 une nouvelle relation et \u00e0 pouvoir s\u2019engager. L\u2019engagement est facilit\u00e9 \u00e9nerg\u00e9tiquement mais aussi les processus de r\u00e9solution des probl\u00e8mes. Il devient possible de l\u00e2cher prise de ce qui ne nous correspond plus (\u00e9galement l\u2019information de souffrance). Nous\u2026","rel":"","context":"Similar post","block_context":{"text":"Similar post","link":""},"img":{"alt_text":"","src":"https:\/\/i0.wp.com\/artstella-elixirs-floraux.com\/wp-content\/uploads\/2025\/03\/wp-image2046.png?resize=350%2C200&ssl=1","width":350,"height":200},"classes":[]}],"_links":{"self":[{"href":"https:\/\/artstella-elixirs-floraux.com\/en\/wp-json\/wp\/v2\/product\/2761","targetHints":{"allow":["GET"]}}],"collection":[{"href":"https:\/\/artstella-elixirs-floraux.com\/en\/wp-json\/wp\/v2\/product"}],"about":[{"href":"https:\/\/artstella-elixirs-floraux.com\/en\/wp-json\/wp\/v2\/types\/product"}],"version-history":[{"count":0,"href":"https:\/\/artstella-elixirs-floraux.com\/en\/wp-json\/wp\/v2\/product\/2761\/revisions"}],"wp:featuredmedia":[{"embeddable":true,"href":"https:\/\/artstella-elixirs-floraux.com\/en\/wp-json\/wp\/v2\/media\/7681"}],"wp:attachment":[{"href":"https:\/\/artstella-elixirs-floraux.com\/en\/wp-json\/wp\/v2\/media?parent=2761"}],"wp:term":[{"taxonomy":"product_brand","embeddable":true,"href":"https:\/\/artstella-elixirs-floraux.com\/en\/wp-json\/wp\/v2\/product_brand?post=2761"},{"taxonomy":"product_cat","embeddable":true,"href":"https:\/\/artstella-elixirs-floraux.com\/en\/wp-json\/wp\/v2\/product_cat?post=2761"},{"taxonomy":"product_tag","embeddable":true,"href":"https:\/\/artstella-elixirs-floraux.com\/en\/wp-json\/wp\/v2\/product_tag?post=2761"}],"curies":[{"name":"wp","href":"https:\/\/api.w.org\/{rel}","templated":true}]}}