{"id":2765,"date":"2025-03-09T13:01:33","date_gmt":"2025-03-09T13:01:33","guid":{"rendered":"https:\/\/artstella-elixirs-floraux.com\/product\/amazon-bush-lf\/"},"modified":"2025-06-05T13:17:29","modified_gmt":"2025-06-05T13:17:29","slug":"amazon-bush-lf","status":"publish","type":"product","link":"https:\/\/artstella-elixirs-floraux.com\/en\/product\/amazon-bush-lf\/","title":{"rendered":"AMAZON BUSH LF"},"content":{"rendered":"","protected":false},"excerpt":{"rendered":"<p><span style=\"color: #008000\"><strong><em>Amazon Essence \u2013 Elixir de l&rsquo;Amazonie <\/em><\/strong><\/span><\/p>\n<p>Aide \u00e0 comprendre, \u00e0 se pr\u00e9parer et \u00e0 s\u2018aligner avec l&rsquo;immensit\u00e9 et la totalit\u00e9 des changements massifs qui surviennent dans la nature.<\/p>","protected":false},"featured_media":7683,"template":"","meta":[],"product_brand":[],"product_cat":[125],"product_tag":[],"class_list":{"0":"post-2765","1":"product","2":"type-product","3":"status-publish","4":"has-post-thumbnail","6":"product_cat-les-elixirs-ligth-frequences","8":"first","9":"instock","10":"taxable","11":"shipping-taxable","12":"purchasable","13":"product-type-simple"},"etheme_brands":{"errors":{"invalid_taxonomy":["Invalid taxonomy."]},"error_data":[]},"jetpack_sharing_enabled":true,"jetpack-related-posts":[{"id":3758,"url":"https:\/\/artstella-elixirs-floraux.com\/en\/product\/amazonas-phi\/","url_meta":{"origin":2765,"position":0},"title":"AMAZONAS PHI","author":"eveapprill","date":"9 March 2025","format":false,"excerpt":"Amazonas \u00c9lixir du fleuve Amazone Gr\u00e2ce \u00e0 cet \u00e9lixir, nous d\u00e9veloppons une meilleure compr\u00e9hension de la plan\u00e8te. Il nous aide \u00e0 supprimer les blocages. Il a fait ses preuves en cas de blocages \u00e9nerg\u00e9tiques du dos. Cet \u00e9lixir nous aide \u00e0 retrouver le cours de la vie.","rel":"","context":"Similar post","block_context":{"text":"Similar post","link":""},"img":{"alt_text":"","src":"https:\/\/i0.wp.com\/artstella-elixirs-floraux.com\/wp-content\/uploads\/2025\/03\/wp-image500.png?resize=350%2C200&ssl=1","width":350,"height":200},"classes":[]},{"id":5231,"url":"https:\/\/artstella-elixirs-floraux.com\/en\/product\/creme-amazonas\/","url_meta":{"origin":2765,"position":1},"title":"Cr\u00e8me Amazonas","author":"eveapprill","date":"9 March 2025","format":false,"excerpt":"Creme Amazonas La Cr\u00e8me Amazonas est une cr\u00e8me r\u00e9-\u00e9nergisante r\u00e9alis\u00e9e \u00e0 partir de l\u2019\u00e9nergie du fleuve Amazone. Sa puissante \u00e9nergie de vie aide \u00e0 lib\u00e9rer les blocages. Frictionnez avec la cr\u00e8me les parties du corps bloqu\u00e9es \u00e9nerg\u00e9tiquement. Pour un traitement \u00e9nerg\u00e9tique du dos, vous pouvez appliquer la cr\u00e8me sur la\u2026","rel":"","context":"Similar post","block_context":{"text":"Similar post","link":""},"img":{"alt_text":"","src":"https:\/\/i0.wp.com\/artstella-elixirs-floraux.com\/wp-content\/uploads\/2025\/03\/397a3c93-f17f-42c0-af0f-9df28511893d.jpg?resize=350%2C200&ssl=1","width":350,"height":200,"srcset":"https:\/\/i0.wp.com\/artstella-elixirs-floraux.com\/wp-content\/uploads\/2025\/03\/397a3c93-f17f-42c0-af0f-9df28511893d.jpg?resize=350%2C200&ssl=1 1x, https:\/\/i0.wp.com\/artstella-elixirs-floraux.com\/wp-content\/uploads\/2025\/03\/397a3c93-f17f-42c0-af0f-9df28511893d.jpg?resize=525%2C300&ssl=1 1.5x, https:\/\/i0.wp.com\/artstella-elixirs-floraux.com\/wp-content\/uploads\/2025\/03\/397a3c93-f17f-42c0-af0f-9df28511893d.jpg?resize=700%2C400&ssl=1 2x"},"classes":[]},{"id":5844,"url":"https:\/\/artstella-elixirs-floraux.com\/en\/product\/dauphin-de-lamazone-amazone-dolphin-inia-geoffrensis-15ml-phi\/","url_meta":{"origin":2765,"position":2},"title":"Dauphin de l\u2019Amazone (Amazone Dolphin) (Inia geoffrensis) 15ml PHI","author":"eveapprill","date":"9 March 2025","format":false,"excerpt":"Dauphin de l\u2019Amazone (Amazone Dolphin) (Inia geoffrensis) Cet \u00e9lixir nous aide \u00e0 nous connecter \u00e0 notre coeur et \u00e0 pouvoir \u201cvoir\u201d ainsi par le coeur. Il nous met en relation avec la Nature et la sagesse profonde que tout est connect\u00e9. Le Mananti nous apprend \u00e0 mettre de la joie\u2026","rel":"","context":"Similar post","block_context":{"text":"Similar post","link":""},"img":{"alt_text":"","src":"","width":0,"height":0},"classes":[]},{"id":3466,"url":"https:\/\/artstella-elixirs-floraux.com\/en\/product\/champ-amazonie-n2-15ml-phi\/","url_meta":{"origin":2765,"position":3},"title":"CHAMP AMAZONIE N2 15ML PHI","author":"eveapprill","date":"9 March 2025","format":false,"excerpt":"Champignon d\u2019Amazonie n\u00b02 (Pycnoporus sanguineus) (Porling) Permet un bon enracinement. Stimule les pieds, le premier chakra est reli\u00e9 \u00e0 la terre.","rel":"","context":"Similar post","block_context":{"text":"Similar post","link":""},"img":{"alt_text":"","src":"https:\/\/i0.wp.com\/artstella-elixirs-floraux.com\/wp-content\/uploads\/2025\/03\/wp-image331.png?resize=350%2C200&ssl=1","width":350,"height":200},"classes":[]},{"id":5864,"url":"https:\/\/artstella-elixirs-floraux.com\/en\/product\/lamantin-de-lamazonie-amazone-manati-trichechus-inunguis-15ml-phi\/","url_meta":{"origin":2765,"position":4},"title":"Lamantin de l\u2019Amazonie &#8211; Amazone Manati (Trichechus inunguis) 15ml PHI","author":"eveapprill","date":"9 March 2025","format":false,"excerpt":"Lamantin de l\u2019Amazonie - Amazone Manati (Trichechus inunguis)\u00a0 Cet \u00e9lixir nous apporte calme et repos. Il est recommand\u00e9 aux personn\u00e9es stress\u00e9es pour retrouver le calme et l\u2019harmonie int\u00e9rieure. Nous pouvons trouver \u00e9quilibre et harmonie avec la nature.","rel":"","context":"Similar post","block_context":{"text":"Similar post","link":""},"img":{"alt_text":"","src":"","width":0,"height":0},"classes":[]},{"id":3464,"url":"https:\/\/artstella-elixirs-floraux.com\/en\/product\/champ-amazonie-n1-15-ml-phi\/","url_meta":{"origin":2765,"position":5},"title":"CHAMP AMAZONIE N1 15 ML PHI","author":"eveapprill","date":"9 March 2025","format":false,"excerpt":"Champignon d\u2019Amazonie n\u00b01 (Cordyceps) (Kernkeulen) L\u2019\u00e9lixir soutient et purifie le 2\u00e8me chakra et sur la zone des reins. Son action est tr\u00e8s profonde et permet d\u2019\u00e9vacuer les poisons \u00e9motionnels qui sont install\u00e9s au niveau corporel","rel":"","context":"Similar post","block_context":{"text":"Similar post","link":""},"img":{"alt_text":"","src":"https:\/\/i0.wp.com\/artstella-elixirs-floraux.com\/wp-content\/uploads\/2025\/03\/wp-image330.png?resize=350%2C200&ssl=1","width":350,"height":200},"classes":[]}],"_links":{"self":[{"href":"https:\/\/artstella-elixirs-floraux.com\/en\/wp-json\/wp\/v2\/product\/2765","targetHints":{"allow":["GET"]}}],"collection":[{"href":"https:\/\/artstella-elixirs-floraux.com\/en\/wp-json\/wp\/v2\/product"}],"about":[{"href":"https:\/\/artstella-elixirs-floraux.com\/en\/wp-json\/wp\/v2\/types\/product"}],"version-history":[{"count":0,"href":"https:\/\/artstella-elixirs-floraux.com\/en\/wp-json\/wp\/v2\/product\/2765\/revisions"}],"wp:featuredmedia":[{"embeddable":true,"href":"https:\/\/artstella-elixirs-floraux.com\/en\/wp-json\/wp\/v2\/media\/7683"}],"wp:attachment":[{"href":"https:\/\/artstella-elixirs-floraux.com\/en\/wp-json\/wp\/v2\/media?parent=2765"}],"wp:term":[{"taxonomy":"product_brand","embeddable":true,"href":"https:\/\/artstella-elixirs-floraux.com\/en\/wp-json\/wp\/v2\/product_brand?post=2765"},{"taxonomy":"product_cat","embeddable":true,"href":"https:\/\/artstella-elixirs-floraux.com\/en\/wp-json\/wp\/v2\/product_cat?post=2765"},{"taxonomy":"product_tag","embeddable":true,"href":"https:\/\/artstella-elixirs-floraux.com\/en\/wp-json\/wp\/v2\/product_tag?post=2765"}],"curies":[{"name":"wp","href":"https:\/\/api.w.org\/{rel}","templated":true}]}}