{"id":2769,"date":"2025-03-09T13:01:35","date_gmt":"2025-03-09T13:01:35","guid":{"rendered":"https:\/\/artstella-elixirs-floraux.com\/product\/arctic-essence-bush-lf\/"},"modified":"2025-06-05T13:17:28","modified_gmt":"2025-06-05T13:17:28","slug":"arctic-essence-bush-lf","status":"publish","type":"product","link":"https:\/\/artstella-elixirs-floraux.com\/en\/product\/arctic-essence-bush-lf\/","title":{"rendered":"ARCTIC ESSENCE BUSH LF"},"content":{"rendered":"","protected":false},"excerpt":{"rendered":"<p><span style=\"color: #008000\"><strong><em>Arctic Essence \u2013 Elixir de l&rsquo;Arctique<\/em><\/strong><\/span><\/p>\n<p>Lib\u00e8re le potentiel lumineux de chaque individu. Favorise la spiritualit\u00e9 et nous aide \u00e0 \u00e9quilibrer notre fr\u00e9quence \u00e9lectromagn\u00e9tique avec celle de la plan\u00e8te.<\/p>","protected":false},"featured_media":7665,"template":"","meta":[],"product_brand":[],"product_cat":[125],"product_tag":[],"class_list":{"0":"post-2769","1":"product","2":"type-product","3":"status-publish","4":"has-post-thumbnail","6":"product_cat-les-elixirs-ligth-frequences","8":"first","9":"instock","10":"taxable","11":"shipping-taxable","12":"purchasable","13":"product-type-simple"},"etheme_brands":{"errors":{"invalid_taxonomy":["Invalid taxonomy."]},"error_data":[]},"jetpack_sharing_enabled":true,"jetpack-related-posts":[{"id":2767,"url":"https:\/\/artstella-elixirs-floraux.com\/en\/product\/antarctic-bush-lf\/","url_meta":{"origin":2769,"position":0},"title":"ANTARCTIC BUSH LF","author":"eveapprill","date":"9 March 2025","format":false,"excerpt":"Antarctic Essence \u2013 Elixir de l'Antarctique Favorise le calme, la paix et le repos. Donne une meilleure vision de ce qui est n\u00e9cessaire et essentiel dans la vie. Antarctic Essence r\u00e9v\u00e8le et dissout les aspects profonds et cach\u00e9s de notre personnalit\u00e9.","rel":"","context":"Similar post","block_context":{"text":"Similar post","link":""},"img":{"alt_text":"","src":"https:\/\/i0.wp.com\/artstella-elixirs-floraux.com\/wp-content\/uploads\/2025\/03\/619e443f-a1e4-4582-9202-7ae7c3b159c7.jpg?resize=350%2C200&ssl=1","width":350,"height":200,"srcset":"https:\/\/i0.wp.com\/artstella-elixirs-floraux.com\/wp-content\/uploads\/2025\/03\/619e443f-a1e4-4582-9202-7ae7c3b159c7.jpg?resize=350%2C200&ssl=1 1x, https:\/\/i0.wp.com\/artstella-elixirs-floraux.com\/wp-content\/uploads\/2025\/03\/619e443f-a1e4-4582-9202-7ae7c3b159c7.jpg?resize=525%2C300&ssl=1 1.5x, https:\/\/i0.wp.com\/artstella-elixirs-floraux.com\/wp-content\/uploads\/2025\/03\/619e443f-a1e4-4582-9202-7ae7c3b159c7.jpg?resize=700%2C400&ssl=1 2x"},"classes":[]},{"id":4294,"url":"https:\/\/artstella-elixirs-floraux.com\/en\/product\/arctic-tern-terne-arctique-wea-30-m\/","url_meta":{"origin":2769,"position":1},"title":"ARCTIC TERN\/TERNE ARCTIQUE WEA 30 M","author":"eveapprill","date":"9 March 2025","format":false,"excerpt":"Artic Stern (Sterne arctique) Accomplir facilement des t\u00e2ches consid\u00e9rables\u00a0; facilit\u00e9 \u00e0 r\u00e9aliser des grandes choses\u00a0; voyages au long cours\u00a0; vol-marathon.","rel":"","context":"Similar post","block_context":{"text":"Similar post","link":""},"img":{"alt_text":"","src":"https:\/\/i0.wp.com\/artstella-elixirs-floraux.com\/wp-content\/uploads\/2025\/03\/wp-image2284.png?resize=350%2C200&ssl=1","width":350,"height":200,"srcset":"https:\/\/i0.wp.com\/artstella-elixirs-floraux.com\/wp-content\/uploads\/2025\/03\/wp-image2284.png?resize=350%2C200&ssl=1 1x, https:\/\/i0.wp.com\/artstella-elixirs-floraux.com\/wp-content\/uploads\/2025\/03\/wp-image2284.png?resize=525%2C300&ssl=1 1.5x, https:\/\/i0.wp.com\/artstella-elixirs-floraux.com\/wp-content\/uploads\/2025\/03\/wp-image2284.png?resize=700%2C400&ssl=1 2x"},"classes":[]},{"id":4579,"url":"https:\/\/artstella-elixirs-floraux.com\/en\/product\/coffret-pyramide-light-frequency\/","url_meta":{"origin":2769,"position":2},"title":"COFFRET PYRAMIDE LIGHT FREQUENCY","author":"eveapprill","date":"9 March 2025","format":false,"excerpt":"COFFRET PYRAMIDE LIGTH FREQUENCY 10 ML contient les 7 \u00e9lixirs Fr\u00e9quences de Lumi\u00e8res soit Amazon, Antarctic, Arctic, China, Lac Baikal, Madagascar et Mont Pinatubo.","rel":"","context":"Similar post","block_context":{"text":"Similar post","link":""},"img":{"alt_text":"","src":"","width":0,"height":0},"classes":[]},{"id":4598,"url":"https:\/\/artstella-elixirs-floraux.com\/en\/product\/animal-healing-bush-essences\/","url_meta":{"origin":2769,"position":3},"title":"ANIMAL HEALING BUSH ESSENCES","author":"eveapprill","date":"9 March 2025","format":false,"excerpt":"ANIMAL HEALING BUSH ESSENCES","rel":"","context":"Similar post","block_context":{"text":"Similar post","link":""},"img":{"alt_text":"","src":"","width":0,"height":0},"classes":[]},{"id":4596,"url":"https:\/\/artstella-elixirs-floraux.com\/en\/product\/happy-healthy-kids-bush-essences\/","url_meta":{"origin":2769,"position":4},"title":"HAPPY HEALTHY KIDS BUSH ESSENCES","author":"eveapprill","date":"9 March 2025","format":false,"excerpt":"HAPPY HEALTHY KIDS BUSH ESSENCES","rel":"","context":"Similar post","block_context":{"text":"Similar post","link":""},"img":{"alt_text":"","src":"","width":0,"height":0},"classes":[]},{"id":5500,"url":"https:\/\/artstella-elixirs-floraux.com\/en\/product\/les-essences-de-fleurs-de-bach-la-memoire-de-leau\/","url_meta":{"origin":2769,"position":5},"title":"les essences de fleurs de bach &amp; la m\u00e9moire de l&rsquo;eau","author":"eveapprill","date":"9 March 2025","format":false,"excerpt":"Nouveau : Les Essences de Fleurs de Bach et la M\u00e9moire de l\u2019Eau, de Julian Barnard,\u00a0 parution\u00a0 Ulmus Ltd Traduction par G\u00e9rard Wolf","rel":"","context":"Similar post","block_context":{"text":"Similar post","link":""},"img":{"alt_text":"","src":"https:\/\/i0.wp.com\/artstella-elixirs-floraux.com\/wp-content\/uploads\/2025\/03\/wp-image1746.png?resize=350%2C200&ssl=1","width":350,"height":200},"classes":[]}],"_links":{"self":[{"href":"https:\/\/artstella-elixirs-floraux.com\/en\/wp-json\/wp\/v2\/product\/2769","targetHints":{"allow":["GET"]}}],"collection":[{"href":"https:\/\/artstella-elixirs-floraux.com\/en\/wp-json\/wp\/v2\/product"}],"about":[{"href":"https:\/\/artstella-elixirs-floraux.com\/en\/wp-json\/wp\/v2\/types\/product"}],"version-history":[{"count":0,"href":"https:\/\/artstella-elixirs-floraux.com\/en\/wp-json\/wp\/v2\/product\/2769\/revisions"}],"wp:featuredmedia":[{"embeddable":true,"href":"https:\/\/artstella-elixirs-floraux.com\/en\/wp-json\/wp\/v2\/media\/7665"}],"wp:attachment":[{"href":"https:\/\/artstella-elixirs-floraux.com\/en\/wp-json\/wp\/v2\/media?parent=2769"}],"wp:term":[{"taxonomy":"product_brand","embeddable":true,"href":"https:\/\/artstella-elixirs-floraux.com\/en\/wp-json\/wp\/v2\/product_brand?post=2769"},{"taxonomy":"product_cat","embeddable":true,"href":"https:\/\/artstella-elixirs-floraux.com\/en\/wp-json\/wp\/v2\/product_cat?post=2769"},{"taxonomy":"product_tag","embeddable":true,"href":"https:\/\/artstella-elixirs-floraux.com\/en\/wp-json\/wp\/v2\/product_tag?post=2769"}],"curies":[{"name":"wp","href":"https:\/\/api.w.org\/{rel}","templated":true}]}}