{"id":2771,"date":"2025-03-09T13:01:37","date_gmt":"2025-03-09T13:01:37","guid":{"rendered":"https:\/\/artstella-elixirs-floraux.com\/product\/china-bush-lf\/"},"modified":"2025-06-05T13:17:27","modified_gmt":"2025-06-05T13:17:27","slug":"china-bush-lf","status":"publish","type":"product","link":"https:\/\/artstella-elixirs-floraux.com\/en\/product\/china-bush-lf\/","title":{"rendered":"CHINA BUSH LF"},"content":{"rendered":"","protected":false},"excerpt":{"rendered":"<p><span style=\"color: #008000\"><strong>China Essence \u2013 Elixir de Chine<\/strong><\/span><\/p>\n<p>R\u00e9tablit l\u2019\u00e9quilibre dans notre vie entre l\u2019agitation du monde et le calme profond de la contemplation int\u00e9rieure. Favorise le l\u00e2cher-prise de la culpabilit\u00e9 et du karma.<\/p>","protected":false},"featured_media":7666,"template":"","meta":[],"product_brand":[],"product_cat":[125],"product_tag":[],"class_list":{"0":"post-2771","1":"product","2":"type-product","3":"status-publish","4":"has-post-thumbnail","6":"product_cat-les-elixirs-ligth-frequences","8":"first","9":"instock","10":"taxable","11":"shipping-taxable","12":"purchasable","13":"product-type-simple"},"etheme_brands":{"errors":{"invalid_taxonomy":["Invalid taxonomy."]},"error_data":[]},"jetpack_sharing_enabled":true,"jetpack-related-posts":[{"id":5873,"url":"https:\/\/artstella-elixirs-floraux.com\/en\/product\/dragon-fire-15-ml\/","url_meta":{"origin":2771,"position":0},"title":"DRAGON FIRE 15 ML","author":"eveapprill","date":"9 March 2025","format":false,"excerpt":"Dragon Fire Phragmipedium China Dragon Donne le courage et l\u2019\u00e9nergie d\u2019accueillir le pouvoir spirituel de transformation dans nos vies.","rel":"","context":"Similar post","block_context":{"text":"Similar post","link":""},"img":{"alt_text":"","src":"","width":0,"height":0},"classes":[]},{"id":4579,"url":"https:\/\/artstella-elixirs-floraux.com\/en\/product\/coffret-pyramide-light-frequency\/","url_meta":{"origin":2771,"position":1},"title":"COFFRET PYRAMIDE LIGHT FREQUENCY","author":"eveapprill","date":"9 March 2025","format":false,"excerpt":"COFFRET PYRAMIDE LIGTH FREQUENCY 10 ML contient les 7 \u00e9lixirs Fr\u00e9quences de Lumi\u00e8res soit Amazon, Antarctic, Arctic, China, Lac Baikal, Madagascar et Mont Pinatubo.","rel":"","context":"Similar post","block_context":{"text":"Similar post","link":""},"img":{"alt_text":"","src":"","width":0,"height":0},"classes":[]}],"_links":{"self":[{"href":"https:\/\/artstella-elixirs-floraux.com\/en\/wp-json\/wp\/v2\/product\/2771","targetHints":{"allow":["GET"]}}],"collection":[{"href":"https:\/\/artstella-elixirs-floraux.com\/en\/wp-json\/wp\/v2\/product"}],"about":[{"href":"https:\/\/artstella-elixirs-floraux.com\/en\/wp-json\/wp\/v2\/types\/product"}],"version-history":[{"count":0,"href":"https:\/\/artstella-elixirs-floraux.com\/en\/wp-json\/wp\/v2\/product\/2771\/revisions"}],"wp:featuredmedia":[{"embeddable":true,"href":"https:\/\/artstella-elixirs-floraux.com\/en\/wp-json\/wp\/v2\/media\/7666"}],"wp:attachment":[{"href":"https:\/\/artstella-elixirs-floraux.com\/en\/wp-json\/wp\/v2\/media?parent=2771"}],"wp:term":[{"taxonomy":"product_brand","embeddable":true,"href":"https:\/\/artstella-elixirs-floraux.com\/en\/wp-json\/wp\/v2\/product_brand?post=2771"},{"taxonomy":"product_cat","embeddable":true,"href":"https:\/\/artstella-elixirs-floraux.com\/en\/wp-json\/wp\/v2\/product_cat?post=2771"},{"taxonomy":"product_tag","embeddable":true,"href":"https:\/\/artstella-elixirs-floraux.com\/en\/wp-json\/wp\/v2\/product_tag?post=2771"}],"curies":[{"name":"wp","href":"https:\/\/api.w.org\/{rel}","templated":true}]}}