{"id":2775,"date":"2025-03-09T13:01:39","date_gmt":"2025-03-09T13:01:39","guid":{"rendered":"https:\/\/artstella-elixirs-floraux.com\/product\/madagascar-bush-lf\/"},"modified":"2025-06-05T13:17:26","modified_gmt":"2025-06-05T13:17:26","slug":"madagascar-bush-lf","status":"publish","type":"product","link":"https:\/\/artstella-elixirs-floraux.com\/en\/product\/madagascar-bush-lf\/","title":{"rendered":"MADAGASCAR BUSH LF"},"content":{"rendered":"","protected":false},"excerpt":{"rendered":"<p><strong><em><span style=\"color: #008000\">Madagascar Essence \u2013 Elixir de Madagascar<\/span> <\/em><\/strong><\/p>\n<p>Aide \u00e0 nous connecter avec gentillesse et harmonie aux autres, y compris les animaux et la terre. Mais son plus beau cadeau est de nous permettre de nous d\u00e9tacher de la conscience de masse et de sa pr\u00e9dilection pour la maladie.<\/p>","protected":false},"featured_media":7668,"template":"","meta":[],"product_brand":[],"product_cat":[125],"product_tag":[],"class_list":{"0":"post-2775","1":"product","2":"type-product","3":"status-publish","4":"has-post-thumbnail","6":"product_cat-les-elixirs-ligth-frequences","8":"first","9":"instock","10":"taxable","11":"shipping-taxable","12":"purchasable","13":"product-type-simple"},"etheme_brands":{"errors":{"invalid_taxonomy":["Invalid taxonomy."]},"error_data":[]},"jetpack_sharing_enabled":true,"jetpack-related-posts":[{"id":3560,"url":"https:\/\/artstella-elixirs-floraux.com\/en\/product\/10-clear-mind-ltoe-15-ml\/","url_meta":{"origin":2775,"position":0},"title":"10. CLEAR MIND LTOE 15 ML","author":"eveapprill","date":"9 March 2025","format":false,"excerpt":"Esprit serein\/Clear Mind (Aeranthes grandiflora - Madagascar) aigue-marineCet \u00e9lixir apaise le mental et \u00e9claircit l\u2019esprit afin d\u2019aider la r\u00e9flexion et d\u2019amener de nouvelles perspectives.","rel":"","context":"Similar post","block_context":{"text":"Similar post","link":""},"img":{"alt_text":"","src":"https:\/\/i0.wp.com\/artstella-elixirs-floraux.com\/wp-content\/uploads\/2025\/03\/ae08dff2-4160-4921-bb08-c5043b1ae455.jpg?resize=350%2C200&ssl=1","width":350,"height":200,"srcset":"https:\/\/i0.wp.com\/artstella-elixirs-floraux.com\/wp-content\/uploads\/2025\/03\/ae08dff2-4160-4921-bb08-c5043b1ae455.jpg?resize=350%2C200&ssl=1 1x, https:\/\/i0.wp.com\/artstella-elixirs-floraux.com\/wp-content\/uploads\/2025\/03\/ae08dff2-4160-4921-bb08-c5043b1ae455.jpg?resize=525%2C300&ssl=1 1.5x, https:\/\/i0.wp.com\/artstella-elixirs-floraux.com\/wp-content\/uploads\/2025\/03\/ae08dff2-4160-4921-bb08-c5043b1ae455.jpg?resize=700%2C400&ssl=1 2x"},"classes":[]},{"id":4579,"url":"https:\/\/artstella-elixirs-floraux.com\/en\/product\/coffret-pyramide-light-frequency\/","url_meta":{"origin":2775,"position":1},"title":"COFFRET PYRAMIDE LIGHT FREQUENCY","author":"eveapprill","date":"9 March 2025","format":false,"excerpt":"COFFRET PYRAMIDE LIGTH FREQUENCY 10 ML contient les 7 \u00e9lixirs Fr\u00e9quences de Lumi\u00e8res soit Amazon, Antarctic, Arctic, China, Lac Baikal, Madagascar et Mont Pinatubo.","rel":"","context":"Similar post","block_context":{"text":"Similar post","link":""},"img":{"alt_text":"","src":"","width":0,"height":0},"classes":[]}],"_links":{"self":[{"href":"https:\/\/artstella-elixirs-floraux.com\/en\/wp-json\/wp\/v2\/product\/2775","targetHints":{"allow":["GET"]}}],"collection":[{"href":"https:\/\/artstella-elixirs-floraux.com\/en\/wp-json\/wp\/v2\/product"}],"about":[{"href":"https:\/\/artstella-elixirs-floraux.com\/en\/wp-json\/wp\/v2\/types\/product"}],"version-history":[{"count":0,"href":"https:\/\/artstella-elixirs-floraux.com\/en\/wp-json\/wp\/v2\/product\/2775\/revisions"}],"wp:featuredmedia":[{"embeddable":true,"href":"https:\/\/artstella-elixirs-floraux.com\/en\/wp-json\/wp\/v2\/media\/7668"}],"wp:attachment":[{"href":"https:\/\/artstella-elixirs-floraux.com\/en\/wp-json\/wp\/v2\/media?parent=2775"}],"wp:term":[{"taxonomy":"product_brand","embeddable":true,"href":"https:\/\/artstella-elixirs-floraux.com\/en\/wp-json\/wp\/v2\/product_brand?post=2775"},{"taxonomy":"product_cat","embeddable":true,"href":"https:\/\/artstella-elixirs-floraux.com\/en\/wp-json\/wp\/v2\/product_cat?post=2775"},{"taxonomy":"product_tag","embeddable":true,"href":"https:\/\/artstella-elixirs-floraux.com\/en\/wp-json\/wp\/v2\/product_tag?post=2775"}],"curies":[{"name":"wp","href":"https:\/\/api.w.org\/{rel}","templated":true}]}}