{"id":2777,"date":"2025-03-09T13:01:41","date_gmt":"2025-03-09T13:01:41","guid":{"rendered":"https:\/\/artstella-elixirs-floraux.com\/product\/mt-pinatubo-10ml-bush-lf\/"},"modified":"2025-06-05T13:17:25","modified_gmt":"2025-06-05T13:17:25","slug":"mt-pinatubo-10ml-bush-lf","status":"publish","type":"product","link":"https:\/\/artstella-elixirs-floraux.com\/en\/product\/mt-pinatubo-10ml-bush-lf\/","title":{"rendered":"MT PINATUBO 10ML BUSH LF"},"content":{"rendered":"<p><span style=\"color: #008000\"><strong><em>Mont Pinatubo Essence\u00a0 &#8211; Elixir du Mt Pinatubo\u00a0 <\/em><\/strong><\/span><\/p>\n<p>Renforce l\u2019intuition pour avoir conscience de la pulsation profonde de la Terre et des \u00e9v\u00e9nements futurs qui se pr\u00e9parent, pour savoir o\u00f9 se trouver pour \u00eatre en s\u00e9curit\u00e9. Nous permet d\u2019\u00eatre ancr\u00e9 et centr\u00e9 dans notre pouvoir. Favorise l\u2019alignement et la synchronisation avec les forces cosmiques. Aide \u00e0 faire tomber le masque de la conformit\u00e9, et \u00e0 r\u00e9v\u00e9ler qui nous sommes vraiment, notre vraie nature \u00ab Je Suis \u00bb. Ancre en nous l\u2019unique qualit\u00e9 pour laquelle nous sommes ici. Nous aide sur notre chemin, de l\u2019innocence \u00e0 la sagesse qui nous permet de nous \u00e9lever \u00e0 notre plus haut niveau.<\/p>","protected":false},"excerpt":{"rendered":"<p><strong><em><span style=\"color: #008000\">Mont Pinatubo Essence\u00a0 &#8211; Elixir du Mt Pinatubo<\/span>\u00a0 <\/em><\/strong><\/p>\n<p>Renforce l\u2019intuition pour avoir conscience de la pulsation profonde de la Terre et des \u00e9v\u00e9nements futurs qui se pr\u00e9parent, pour savoir o\u00f9 se trouver pour \u00eatre en s\u00e9curit\u00e9. Nous permet d\u2019\u00eatre ancr\u00e9 et centr\u00e9 dans notre pouvoir.<\/p>","protected":false},"featured_media":7669,"template":"","meta":[],"product_brand":[],"product_cat":[125],"product_tag":[],"class_list":{"0":"post-2777","1":"product","2":"type-product","3":"status-publish","4":"has-post-thumbnail","6":"product_cat-les-elixirs-ligth-frequences","8":"first","9":"instock","10":"taxable","11":"shipping-taxable","12":"purchasable","13":"product-type-simple"},"etheme_brands":{"errors":{"invalid_taxonomy":["Invalid taxonomy."]},"error_data":[]},"jetpack_sharing_enabled":true,"jetpack-related-posts":[{"id":6253,"url":"https:\/\/artstella-elixirs-floraux.com\/en\/product\/elixir-ocean-n36-phi\/","url_meta":{"origin":2777,"position":0},"title":"ELIXIR OCEAN N\u00b036 PHI","author":"eveapprill","date":"9 March 2025","format":false,"excerpt":"L\u2019\u00e9lixir montre une analogie avec le cerveau et la colonne vert\u00e9brale. Il a une action \u00e9nerg\u00e9tique\u00a0 sur la t\u00eate et le syst\u00e8me nerveux.\u00a0 Des blocages profonds de l\u2019inconscient peuvent appara\u00eetre \u00e0 la conscience et peuvent ainsi \u00eatre transform\u00e9s.","rel":"","context":"Similar post","block_context":{"text":"Similar post","link":""},"img":{"alt_text":"","src":"https:\/\/i0.wp.com\/artstella-elixirs-floraux.com\/wp-content\/uploads\/2025\/03\/wp-image2217.png?resize=350%2C200&ssl=1","width":350,"height":200},"classes":[]},{"id":2759,"url":"https:\/\/artstella-elixirs-floraux.com\/en\/product\/higher-self-moi-superieur-bush-white-light\/","url_meta":{"origin":2777,"position":1},"title":"HIGHER SELF (Moi Sup\u00e9rieur) BUSH WHITE LIGHT","author":"eveapprill","date":"9 March 2025","format":false,"excerpt":"L'\u00c9LIXIR MOI SUP\u00c9RIEUR (HIGHER SELF ESSENCE) Cet \u00e9lixir a \u00e9t\u00e9 pr\u00e9par\u00e9 dans les ruines Maya \u00e0 Palenque au Mexique. Il permet \u00e0 chacun de s\u2019aligner et d\u2019acc\u00e9der \u00e0 son Moi Sup\u00e9rieur.","rel":"","context":"Similar post","block_context":{"text":"Similar post","link":""},"img":{"alt_text":"Les elixirs de lumi\u00e8re blanche","src":"https:\/\/i0.wp.com\/artstella-elixirs-floraux.com\/wp-content\/uploads\/2025\/03\/5ba81766-8035-4d15-b50b-8e7f24672bba.jpg?resize=350%2C200&ssl=1","width":350,"height":200,"srcset":"https:\/\/i0.wp.com\/artstella-elixirs-floraux.com\/wp-content\/uploads\/2025\/03\/5ba81766-8035-4d15-b50b-8e7f24672bba.jpg?resize=350%2C200&ssl=1 1x, https:\/\/i0.wp.com\/artstella-elixirs-floraux.com\/wp-content\/uploads\/2025\/03\/5ba81766-8035-4d15-b50b-8e7f24672bba.jpg?resize=525%2C300&ssl=1 1.5x, https:\/\/i0.wp.com\/artstella-elixirs-floraux.com\/wp-content\/uploads\/2025\/03\/5ba81766-8035-4d15-b50b-8e7f24672bba.jpg?resize=700%2C400&ssl=1 2x"},"classes":[]},{"id":5974,"url":"https:\/\/artstella-elixirs-floraux.com\/en\/product\/living-star-ligth-bloesem-10ml\/","url_meta":{"origin":2777,"position":2},"title":"LIVING STAR LIGTH BLOESEM 10ML","author":"eveapprill","date":"9 March 2025","format":false,"excerpt":"LIVING STAR LIGHT Cet \u00e9lixir n\u2019est ni un compos\u00e9 ni une essence florale, mais une essence cosmique. Elle nous met en contact avec notre \u00eatre naturel terrien et avec les \u00e9toiles. Elle a \u00e9t\u00e9 pr\u00e9par\u00e9e \u00e0 partir d\u2019une \u00e9toile \u00e0 cinq branches, avec trois sur le plan horizontal, une autre\u2026","rel":"","context":"Similar post","block_context":{"text":"Similar post","link":""},"img":{"alt_text":"","src":"","width":0,"height":0},"classes":[]},{"id":5518,"url":"https:\/\/artstella-elixirs-floraux.com\/en\/product\/orque\/","url_meta":{"origin":2777,"position":3},"title":"ORQUE","author":"eveapprill","date":"9 March 2025","format":false,"excerpt":"ORQUE - Orca (Orcinus Orca) Cet \u00e9lixir a une forte action au niveau du chakra du c\u0153ur et nous relie \u00e0 la cinqui\u00e8me dimension. Il nous relie \u00e0 notre force int\u00e9rieure et nous permet de puiser dans notre potentiel de cr\u00e9ation, pour nous relier \u00e0 la lumi\u00e8re. Dans cette dimension,\u2026","rel":"","context":"Similar post","block_context":{"text":"Similar post","link":""},"img":{"alt_text":"","src":"https:\/\/i0.wp.com\/artstella-elixirs-floraux.com\/wp-content\/uploads\/2025\/03\/wp-image1754.png?resize=350%2C200&ssl=1","width":350,"height":200},"classes":[]},{"id":2767,"url":"https:\/\/artstella-elixirs-floraux.com\/en\/product\/antarctic-bush-lf\/","url_meta":{"origin":2777,"position":4},"title":"ANTARCTIC BUSH LF","author":"eveapprill","date":"9 March 2025","format":false,"excerpt":"Antarctic Essence \u2013 Elixir de l'Antarctique Favorise le calme, la paix et le repos. Donne une meilleure vision de ce qui est n\u00e9cessaire et essentiel dans la vie. Antarctic Essence r\u00e9v\u00e8le et dissout les aspects profonds et cach\u00e9s de notre personnalit\u00e9.","rel":"","context":"Similar post","block_context":{"text":"Similar post","link":""},"img":{"alt_text":"","src":"https:\/\/i0.wp.com\/artstella-elixirs-floraux.com\/wp-content\/uploads\/2025\/03\/619e443f-a1e4-4582-9202-7ae7c3b159c7.jpg?resize=350%2C200&ssl=1","width":350,"height":200,"srcset":"https:\/\/i0.wp.com\/artstella-elixirs-floraux.com\/wp-content\/uploads\/2025\/03\/619e443f-a1e4-4582-9202-7ae7c3b159c7.jpg?resize=350%2C200&ssl=1 1x, https:\/\/i0.wp.com\/artstella-elixirs-floraux.com\/wp-content\/uploads\/2025\/03\/619e443f-a1e4-4582-9202-7ae7c3b159c7.jpg?resize=525%2C300&ssl=1 1.5x, https:\/\/i0.wp.com\/artstella-elixirs-floraux.com\/wp-content\/uploads\/2025\/03\/619e443f-a1e4-4582-9202-7ae7c3b159c7.jpg?resize=700%2C400&ssl=1 2x"},"classes":[]},{"id":3551,"url":"https:\/\/artstella-elixirs-floraux.com\/en\/product\/7-boundless-peace-ltoe-15-ml\/","url_meta":{"origin":2777,"position":5},"title":"7. BOUNDLESS PEACE LTOE 15 ML","author":"eveapprill","date":"9 March 2025","format":false,"excerpt":"Paix profonde\/Boundless Peace (Anguloa virginalis - P\u00e9rou) Tels les pulsations d\u2019une m\u00e9duse translucide ou des bulles de champagne qui remontent \u00e0 la surface, cet \u00e9lixir donne une sensation de l\u00e9g\u00e8ret\u00e9 et de bien-\u00eatre.","rel":"","context":"Similar post","block_context":{"text":"Similar post","link":""},"img":{"alt_text":"","src":"https:\/\/i0.wp.com\/artstella-elixirs-floraux.com\/wp-content\/uploads\/2025\/03\/db238c84-2b46-4cf9-bee4-d7afe8c8e27e.jpg?resize=350%2C200&ssl=1","width":350,"height":200,"srcset":"https:\/\/i0.wp.com\/artstella-elixirs-floraux.com\/wp-content\/uploads\/2025\/03\/db238c84-2b46-4cf9-bee4-d7afe8c8e27e.jpg?resize=350%2C200&ssl=1 1x, https:\/\/i0.wp.com\/artstella-elixirs-floraux.com\/wp-content\/uploads\/2025\/03\/db238c84-2b46-4cf9-bee4-d7afe8c8e27e.jpg?resize=525%2C300&ssl=1 1.5x, https:\/\/i0.wp.com\/artstella-elixirs-floraux.com\/wp-content\/uploads\/2025\/03\/db238c84-2b46-4cf9-bee4-d7afe8c8e27e.jpg?resize=700%2C400&ssl=1 2x"},"classes":[]}],"_links":{"self":[{"href":"https:\/\/artstella-elixirs-floraux.com\/en\/wp-json\/wp\/v2\/product\/2777","targetHints":{"allow":["GET"]}}],"collection":[{"href":"https:\/\/artstella-elixirs-floraux.com\/en\/wp-json\/wp\/v2\/product"}],"about":[{"href":"https:\/\/artstella-elixirs-floraux.com\/en\/wp-json\/wp\/v2\/types\/product"}],"version-history":[{"count":0,"href":"https:\/\/artstella-elixirs-floraux.com\/en\/wp-json\/wp\/v2\/product\/2777\/revisions"}],"wp:featuredmedia":[{"embeddable":true,"href":"https:\/\/artstella-elixirs-floraux.com\/en\/wp-json\/wp\/v2\/media\/7669"}],"wp:attachment":[{"href":"https:\/\/artstella-elixirs-floraux.com\/en\/wp-json\/wp\/v2\/media?parent=2777"}],"wp:term":[{"taxonomy":"product_brand","embeddable":true,"href":"https:\/\/artstella-elixirs-floraux.com\/en\/wp-json\/wp\/v2\/product_brand?post=2777"},{"taxonomy":"product_cat","embeddable":true,"href":"https:\/\/artstella-elixirs-floraux.com\/en\/wp-json\/wp\/v2\/product_cat?post=2777"},{"taxonomy":"product_tag","embeddable":true,"href":"https:\/\/artstella-elixirs-floraux.com\/en\/wp-json\/wp\/v2\/product_tag?post=2777"}],"curies":[{"name":"wp","href":"https:\/\/api.w.org\/{rel}","templated":true}]}}