{"id":2801,"date":"2025-03-09T13:01:57","date_gmt":"2025-03-09T13:01:57","guid":{"rendered":"https:\/\/artstella-elixirs-floraux.com\/product\/crab-apple-phi-15ml\/"},"modified":"2025-06-08T12:53:17","modified_gmt":"2025-06-08T12:53:17","slug":"crab-apple-phi-15ml","status":"publish","type":"product","link":"https:\/\/artstella-elixirs-floraux.com\/en\/product\/crab-apple-phi-15ml\/","title":{"rendered":"CRAB APPLE PHI 15ML"},"content":{"rendered":"","protected":false},"excerpt":{"rendered":"<p><strong><em><span style=\"color: #008000\">Crab Apple (Malus pumila) (Pommier sauvage)<\/span><br \/><\/em><\/strong>Soutient les processus de purification, quand nous nous sentons salis int\u00e9rieurement ou que nous avons peur d&rsquo;\u00eatre contamin\u00e9s. Pour se d\u00e9barrasser des vieux sch\u00e9mas et trouver un nouvel ordonnancement de vie.<\/p>","protected":false},"featured_media":2802,"template":"","meta":[],"product_brand":[],"product_cat":[127],"product_tag":[],"class_list":{"0":"post-2801","1":"product","2":"type-product","3":"status-publish","4":"has-post-thumbnail","6":"product_cat-les-fleurs-de-bach-phi","8":"first","9":"instock","10":"taxable","11":"shipping-taxable","12":"purchasable","13":"product-type-simple"},"etheme_brands":{"errors":{"invalid_taxonomy":["Invalid taxonomy."]},"error_data":[]},"jetpack_sharing_enabled":true,"jetpack-related-posts":[{"id":3847,"url":"https:\/\/artstella-elixirs-floraux.com\/en\/product\/crabe-phi-15-ml\/","url_meta":{"origin":2801,"position":0},"title":"CRABE PHI 15 ML","author":"eveapprill","date":"9 March 2025","format":false,"excerpt":"Crabe (Grapsus grapsus) Krebs L\u2019\u00e9lixir de crabe aide les personnes qui s\u2019isolent et se retirent de fa\u00e7on excessive dans la vie priv\u00e9e ainsi que celles qui sont trop prudentes \u00e0 s\u2019ouvrir.","rel":"","context":"Similar post","block_context":{"text":"Similar post","link":""},"img":{"alt_text":"","src":"","width":0,"height":0},"classes":[]},{"id":5952,"url":"https:\/\/artstella-elixirs-floraux.com\/en\/product\/pommier-sauvage-10ml-deva\/","url_meta":{"origin":2801,"position":1},"title":"Pommier sauvage 10ml DEVA","author":"eveapprill","date":"9 March 2025","format":false,"excerpt":"Pommier sauvage - Crab apple Malus sylvestris Purification Pour ceux qui se sentent intoxiqu\u00e9s ou contamin\u00e9s \u00e0 quelque niveau que ce soit. Pour surmonter le sentiment d'impuret\u00e9 et de d\u00e9go\u00fbt de soi.","rel":"","context":"Similar post","block_context":{"text":"Similar post","link":""},"img":{"alt_text":"","src":"","width":0,"height":0},"classes":[]},{"id":4533,"url":"https:\/\/artstella-elixirs-floraux.com\/en\/product\/coffret-110-elixirs-de-la-mer-15ml-phi\/","url_meta":{"origin":2801,"position":2},"title":"COFFRET (1)10 Elixirs de la MER 15ML PHI","author":"eveapprill","date":"9 March 2025","format":false,"excerpt":"Les Elixirs de la Mer Coffret 1 : contient\u00a0Algue, Delph, Crabe, Gal\u00e8re portuguaise, Blennie, An\u00e9mone de mer, Oursin, Aplysie, Etoile de mer, Baleine","rel":"","context":"Similar post","block_context":{"text":"Similar post","link":""},"img":{"alt_text":"","src":"https:\/\/i0.wp.com\/artstella-elixirs-floraux.com\/wp-content\/uploads\/2025\/03\/wp-image1150.png?resize=350%2C200&ssl=1","width":350,"height":200,"srcset":"https:\/\/i0.wp.com\/artstella-elixirs-floraux.com\/wp-content\/uploads\/2025\/03\/wp-image1150.png?resize=350%2C200&ssl=1 1x, https:\/\/i0.wp.com\/artstella-elixirs-floraux.com\/wp-content\/uploads\/2025\/03\/wp-image1150.png?resize=525%2C300&ssl=1 1.5x, https:\/\/i0.wp.com\/artstella-elixirs-floraux.com\/wp-content\/uploads\/2025\/03\/wp-image1150.png?resize=700%2C400&ssl=1 2x"},"classes":[]}],"_links":{"self":[{"href":"https:\/\/artstella-elixirs-floraux.com\/en\/wp-json\/wp\/v2\/product\/2801","targetHints":{"allow":["GET"]}}],"collection":[{"href":"https:\/\/artstella-elixirs-floraux.com\/en\/wp-json\/wp\/v2\/product"}],"about":[{"href":"https:\/\/artstella-elixirs-floraux.com\/en\/wp-json\/wp\/v2\/types\/product"}],"version-history":[{"count":0,"href":"https:\/\/artstella-elixirs-floraux.com\/en\/wp-json\/wp\/v2\/product\/2801\/revisions"}],"wp:featuredmedia":[{"embeddable":true,"href":"https:\/\/artstella-elixirs-floraux.com\/en\/wp-json\/wp\/v2\/media\/2802"}],"wp:attachment":[{"href":"https:\/\/artstella-elixirs-floraux.com\/en\/wp-json\/wp\/v2\/media?parent=2801"}],"wp:term":[{"taxonomy":"product_brand","embeddable":true,"href":"https:\/\/artstella-elixirs-floraux.com\/en\/wp-json\/wp\/v2\/product_brand?post=2801"},{"taxonomy":"product_cat","embeddable":true,"href":"https:\/\/artstella-elixirs-floraux.com\/en\/wp-json\/wp\/v2\/product_cat?post=2801"},{"taxonomy":"product_tag","embeddable":true,"href":"https:\/\/artstella-elixirs-floraux.com\/en\/wp-json\/wp\/v2\/product_tag?post=2801"}],"curies":[{"name":"wp","href":"https:\/\/api.w.org\/{rel}","templated":true}]}}