{"id":2808,"date":"2025-03-09T13:02:02","date_gmt":"2025-03-09T13:02:02","guid":{"rendered":"https:\/\/artstella-elixirs-floraux.com\/product\/centaury-15-ml-phi\/"},"modified":"2025-07-12T15:42:49","modified_gmt":"2025-07-12T15:42:49","slug":"centaury-15-ml-phi","status":"publish","type":"product","link":"https:\/\/artstella-elixirs-floraux.com\/en\/product\/centaury-15-ml-phi\/","title":{"rendered":"CENTAURY 15 ML PHI"},"content":{"rendered":"","protected":false},"excerpt":{"rendered":"<p><span style=\"color: #008000;\"> <strong><em>Centaury (Centaurium umbellatum) (Centaur\u00e9e)<\/em><\/strong><\/span><\/p>\n<p>Permet de mieux se d\u00e9finir face aux demandes des autres. Renforce notre volont\u00e9.<\/p>","protected":false},"featured_media":2809,"template":"","meta":[],"product_brand":[],"product_cat":[127],"product_tag":[],"class_list":{"0":"post-2808","1":"product","2":"type-product","3":"status-publish","4":"has-post-thumbnail","6":"product_cat-les-fleurs-de-bach-phi","8":"first","9":"instock","10":"taxable","11":"shipping-taxable","12":"purchasable","13":"product-type-simple"},"etheme_brands":{"errors":{"invalid_taxonomy":["Invalid taxonomy."]},"error_data":[]},"jetpack_sharing_enabled":true,"jetpack-related-posts":[{"id":5900,"url":"https:\/\/artstella-elixirs-floraux.com\/en\/product\/centauree-15-ml-deva\/","url_meta":{"origin":2808,"position":0},"title":"Centaur\u00e9e 15 ml DEVA","author":"eveapprill","date":"9 March 2025","format":false,"excerpt":"Centaur\u00e9e - Centaury Centaurium umbellatum Autod\u00e9termination, force de caract\u00e8re Pour faire \u00e9merger sa propre personnalit\u00e9. Pour les individus timides, passifs, dociles, qui ne savent pas dire non aux autres et qui sont soucieux de plaire.","rel":"","context":"Similar post","block_context":{"text":"Similar post","link":""},"img":{"alt_text":"","src":"","width":0,"height":0},"classes":[]},{"id":3381,"url":"https:\/\/artstella-elixirs-floraux.com\/en\/product\/blueberry-cactus-15-ml-phi\/","url_meta":{"origin":2808,"position":1},"title":"BLUEBERRY CACTUS 15 ML PHI","author":"eveapprill","date":"9 March 2025","format":false,"excerpt":"Blueberry cactus (Myrtillocactus geometrizans) favorise la d\u00e9limitation et la protection pour mieux int\u00e9grer le plan \u00e9motionnel. Il renforce et permet \u00e0 notre potentiel de se d\u00e9ployer enti\u00e8rement. Nous pouvons appr\u00e9cier la beaut\u00e9 dans la vie.","rel":"","context":"Similar post","block_context":{"text":"Similar post","link":""},"img":{"alt_text":"","src":"https:\/\/i0.wp.com\/artstella-elixirs-floraux.com\/wp-content\/uploads\/2025\/03\/wp-image367.png?resize=350%2C200&ssl=1","width":350,"height":200},"classes":[]},{"id":2997,"url":"https:\/\/artstella-elixirs-floraux.com\/en\/product\/or-phi-15-ml\/","url_meta":{"origin":2808,"position":2},"title":"OR PHI 15 ML","author":"eveapprill","date":"9 March 2025","format":false,"excerpt":"Or (Gold) Il est le symbole de la vitalit\u00e9 et de l'\u00e9nergie active. Il renforce le plexus solaire et la volont\u00e9.","rel":"","context":"Similar post","block_context":{"text":"Similar post","link":""},"img":{"alt_text":"","src":"https:\/\/i0.wp.com\/artstella-elixirs-floraux.com\/wp-content\/uploads\/2025\/03\/wp-image628.png?resize=350%2C200&ssl=1","width":350,"height":200},"classes":[]},{"id":3902,"url":"https:\/\/artstella-elixirs-floraux.com\/en\/product\/lichen-phi-n16-15-ml\/","url_meta":{"origin":2808,"position":3},"title":"LICHEN PHI n\u00b016 15 ML","author":"eveapprill","date":"9 March 2025","format":false,"excerpt":"Lichen (Stereocaulon vesuvianum Strauchf\u00f6rmige Flechte)Pour recommencer une vie nouvelle, apr\u00e8s des difficult\u00e9s. L\u2019\u00e9lixir renforce la volont\u00e9 (m\u00eame les petits pas).","rel":"","context":"Similar post","block_context":{"text":"Similar post","link":""},"img":{"alt_text":"","src":"https:\/\/i0.wp.com\/artstella-elixirs-floraux.com\/wp-content\/uploads\/2025\/03\/wp-image657.png?resize=350%2C200&ssl=1","width":350,"height":200},"classes":[]},{"id":5162,"url":"https:\/\/artstella-elixirs-floraux.com\/en\/product\/corail-digitiforme-15-ml-phi\/","url_meta":{"origin":2808,"position":4},"title":"CORAIL DIGITIFORME 15 ML PHI","author":"eveapprill","date":"27 May 2025","format":false,"excerpt":"Corail digitiforme (Stylophora pistillata) Griffelkoralle Son \u00e9lixir agit \u00e9nerg\u00e9tiquement sur la structure et le squelette. Il renforce et permet d\u2019\u00e9tablir des structures. Il permet de se renforcer int\u00e9rieurement.","rel":"","context":"Similar post","block_context":{"text":"Similar post","link":""},"img":{"alt_text":"","src":"","width":0,"height":0},"classes":[]},{"id":3308,"url":"https:\/\/artstella-elixirs-floraux.com\/en\/product\/petunia-15-ml-phi\/","url_meta":{"origin":2808,"position":5},"title":"PETUNIA 15 ML PHI","author":"eveapprill","date":"9 March 2025","format":false,"excerpt":"Petunia (Petunia hybr.)(Petunie) Permet de mieux canaliser notre \u00e9nergie mentale, am\u00e9liore nos capacit\u00e9s de concentration.","rel":"","context":"Similar post","block_context":{"text":"Similar post","link":""},"img":{"alt_text":"","src":"","width":0,"height":0},"classes":[]}],"_links":{"self":[{"href":"https:\/\/artstella-elixirs-floraux.com\/en\/wp-json\/wp\/v2\/product\/2808","targetHints":{"allow":["GET"]}}],"collection":[{"href":"https:\/\/artstella-elixirs-floraux.com\/en\/wp-json\/wp\/v2\/product"}],"about":[{"href":"https:\/\/artstella-elixirs-floraux.com\/en\/wp-json\/wp\/v2\/types\/product"}],"version-history":[{"count":1,"href":"https:\/\/artstella-elixirs-floraux.com\/en\/wp-json\/wp\/v2\/product\/2808\/revisions"}],"predecessor-version":[{"id":10997,"href":"https:\/\/artstella-elixirs-floraux.com\/en\/wp-json\/wp\/v2\/product\/2808\/revisions\/10997"}],"wp:featuredmedia":[{"embeddable":true,"href":"https:\/\/artstella-elixirs-floraux.com\/en\/wp-json\/wp\/v2\/media\/2809"}],"wp:attachment":[{"href":"https:\/\/artstella-elixirs-floraux.com\/en\/wp-json\/wp\/v2\/media?parent=2808"}],"wp:term":[{"taxonomy":"product_brand","embeddable":true,"href":"https:\/\/artstella-elixirs-floraux.com\/en\/wp-json\/wp\/v2\/product_brand?post=2808"},{"taxonomy":"product_cat","embeddable":true,"href":"https:\/\/artstella-elixirs-floraux.com\/en\/wp-json\/wp\/v2\/product_cat?post=2808"},{"taxonomy":"product_tag","embeddable":true,"href":"https:\/\/artstella-elixirs-floraux.com\/en\/wp-json\/wp\/v2\/product_tag?post=2808"}],"curies":[{"name":"wp","href":"https:\/\/api.w.org\/{rel}","templated":true}]}}