{"id":2811,"date":"2025-03-09T13:02:05","date_gmt":"2025-03-09T13:02:05","guid":{"rendered":"https:\/\/artstella-elixirs-floraux.com\/product\/cerato-phi-15-ml\/"},"modified":"2025-07-12T15:42:04","modified_gmt":"2025-07-12T15:42:04","slug":"cerato-phi-15-ml","status":"publish","type":"product","link":"https:\/\/artstella-elixirs-floraux.com\/en\/product\/cerato-phi-15-ml\/","title":{"rendered":"CERATO PHI 15 ML"},"content":{"rendered":"","protected":false},"excerpt":{"rendered":"<p><strong><em><span style=\"color: #008000;\">Cerato (Ceratostigma villmottiana) (Plumbago)<\/span> <\/em><\/strong><\/p>\n<p>Favorise l&rsquo;intuition et nous aide \u00e0 prendre des d\u00e9cisions.<\/p>","protected":false},"featured_media":2812,"template":"","meta":[],"product_brand":[],"product_cat":[127],"product_tag":[],"class_list":{"0":"post-2811","1":"product","2":"type-product","3":"status-publish","4":"has-post-thumbnail","6":"product_cat-les-fleurs-de-bach-phi","8":"first","9":"instock","10":"taxable","11":"shipping-taxable","12":"purchasable","13":"product-type-simple"},"etheme_brands":{"errors":{"invalid_taxonomy":["Invalid taxonomy."]},"error_data":[]},"jetpack_sharing_enabled":true,"jetpack-related-posts":[{"id":5950,"url":"https:\/\/artstella-elixirs-floraux.com\/en\/product\/plumbago-10ml-deva\/","url_meta":{"origin":2811,"position":0},"title":"Plumbago 10ml DEVA","author":"eveapprill","date":"9 March 2025","format":false,"excerpt":"Plumbago - Cerato Ceratostigma willmottiana Confiance en soi, intuition Pour ceux qui doutent de leurs capacit\u00e9s, qui n'ont pas confiance dans leur intuition. Manquant de volont\u00e9, ils n'ont pas le courage de leurs convictions.","rel":"","context":"Similar post","block_context":{"text":"Similar post","link":""},"img":{"alt_text":"","src":"","width":0,"height":0},"classes":[]},{"id":3066,"url":"https:\/\/artstella-elixirs-floraux.com\/en\/product\/lune-planete-phi-15-ml\/","url_meta":{"origin":2811,"position":1},"title":"LUNE PLANETE PHI 15 ML","author":"eveapprill","date":"9 March 2025","format":false,"excerpt":"LuneCorrespond au principe maternel. Nous relie \u00e0 nouveau \u00e0 l'essence f\u00e9minine divine. Nous aide \u00e0 reconna\u00eetre la gr\u00e2ce divine de la maternit\u00e9. Favorise l'intuition et soutient le sentiment d'appartenance \u00e0 une famille, \u00e0 un groupe.","rel":"","context":"Similar post","block_context":{"text":"Similar post","link":""},"img":{"alt_text":"","src":"https:\/\/i0.wp.com\/artstella-elixirs-floraux.com\/wp-content\/uploads\/2025\/03\/wp-image522.png?resize=350%2C200&ssl=1","width":350,"height":200},"classes":[]},{"id":2907,"url":"https:\/\/artstella-elixirs-floraux.com\/en\/product\/willow-15-ml-phi\/","url_meta":{"origin":2811,"position":2},"title":"WILLOW 15 ML PHI","author":"eveapprill","date":"9 March 2025","format":false,"excerpt":"Willow (Salix vtellina) (Saule) Quand le destin ne nous a pas \u00e9t\u00e9 tr\u00e8s favorable, le saule nous aide \u00e0 prendre la situation avec plus de l\u00e9g\u00e8ret\u00e9. Nous apprenons \u00e0 prendre une part active \u00e0 la vie par des pens\u00e9es positives.","rel":"","context":"Similar post","block_context":{"text":"Similar post","link":""},"img":{"alt_text":"","src":"https:\/\/i0.wp.com\/artstella-elixirs-floraux.com\/wp-content\/uploads\/2025\/03\/wp-image1105.png?resize=350%2C200&ssl=1","width":350,"height":200},"classes":[]},{"id":3017,"url":"https:\/\/artstella-elixirs-floraux.com\/en\/product\/lapislazuli-phi-15-ml\/","url_meta":{"origin":2811,"position":3},"title":"LAPISLAZULI PHI 15 ML","author":"eveapprill","date":"9 March 2025","format":false,"excerpt":"Lapis-Lazuli (Lapis-lazuli) Pour l'apaisement, l'intuition, la clarification. Aide \u00e0 la lib\u00e9ration des blocages. Prot\u00e8ge de la n\u00e9gativit\u00e9 et renforce la serviabilit\u00e9 et la bont\u00e9.","rel":"","context":"Similar post","block_context":{"text":"Similar post","link":""},"img":{"alt_text":"","src":"https:\/\/i0.wp.com\/artstella-elixirs-floraux.com\/wp-content\/uploads\/2025\/03\/wp-image635.png?resize=350%2C200&ssl=1","width":350,"height":200,"srcset":"https:\/\/i0.wp.com\/artstella-elixirs-floraux.com\/wp-content\/uploads\/2025\/03\/wp-image635.png?resize=350%2C200&ssl=1 1x, https:\/\/i0.wp.com\/artstella-elixirs-floraux.com\/wp-content\/uploads\/2025\/03\/wp-image635.png?resize=525%2C300&ssl=1 1.5x"},"classes":[]},{"id":3068,"url":"https:\/\/artstella-elixirs-floraux.com\/en\/product\/mars-planete-phi-15-ml\/","url_meta":{"origin":2811,"position":4},"title":"MARS PLANETE PHI 15 ML","author":"eveapprill","date":"9 March 2025","format":false,"excerpt":"Mars Active notre \u00e9nergie vitale et notre vigueur. Soutient notre volont\u00e9 lorsqu'il s'agit de dire Non dans les moments d\u00e9cisifs. Nous aide \u00e0 comprendre le sens de l'action \u00e0 mener.","rel":"","context":"Similar post","block_context":{"text":"Similar post","link":""},"img":{"alt_text":"","src":"https:\/\/i0.wp.com\/artstella-elixirs-floraux.com\/wp-content\/uploads\/2025\/03\/wp-image523.png?resize=350%2C200&ssl=1","width":350,"height":200},"classes":[]},{"id":5169,"url":"https:\/\/artstella-elixirs-floraux.com\/en\/product\/benitier-commun-15-ml-phi\/","url_meta":{"origin":2811,"position":5},"title":"BENITIER COMMUN 15 ML PHI","author":"eveapprill","date":"27 May 2025","format":false,"excerpt":"B\u00e9nitier commun\u00a0 (Tridacna maxima) Riesenmuschel\u00a0 De la m\u00eame fa\u00e7on que ce coquillage filtre l\u2019eau en s\u2019ouvrant et se refermant, l\u2019\u00e9lixir agit \u00e9nerg\u00e9tiquement sur les valvules du c\u0153ur.","rel":"","context":"Similar post","block_context":{"text":"Similar post","link":""},"img":{"alt_text":"","src":"","width":0,"height":0},"classes":[]}],"_links":{"self":[{"href":"https:\/\/artstella-elixirs-floraux.com\/en\/wp-json\/wp\/v2\/product\/2811","targetHints":{"allow":["GET"]}}],"collection":[{"href":"https:\/\/artstella-elixirs-floraux.com\/en\/wp-json\/wp\/v2\/product"}],"about":[{"href":"https:\/\/artstella-elixirs-floraux.com\/en\/wp-json\/wp\/v2\/types\/product"}],"version-history":[{"count":1,"href":"https:\/\/artstella-elixirs-floraux.com\/en\/wp-json\/wp\/v2\/product\/2811\/revisions"}],"predecessor-version":[{"id":11027,"href":"https:\/\/artstella-elixirs-floraux.com\/en\/wp-json\/wp\/v2\/product\/2811\/revisions\/11027"}],"wp:featuredmedia":[{"embeddable":true,"href":"https:\/\/artstella-elixirs-floraux.com\/en\/wp-json\/wp\/v2\/media\/2812"}],"wp:attachment":[{"href":"https:\/\/artstella-elixirs-floraux.com\/en\/wp-json\/wp\/v2\/media?parent=2811"}],"wp:term":[{"taxonomy":"product_brand","embeddable":true,"href":"https:\/\/artstella-elixirs-floraux.com\/en\/wp-json\/wp\/v2\/product_brand?post=2811"},{"taxonomy":"product_cat","embeddable":true,"href":"https:\/\/artstella-elixirs-floraux.com\/en\/wp-json\/wp\/v2\/product_cat?post=2811"},{"taxonomy":"product_tag","embeddable":true,"href":"https:\/\/artstella-elixirs-floraux.com\/en\/wp-json\/wp\/v2\/product_tag?post=2811"}],"curies":[{"name":"wp","href":"https:\/\/api.w.org\/{rel}","templated":true}]}}