{"id":2814,"date":"2025-03-09T13:02:07","date_gmt":"2025-03-09T13:02:07","guid":{"rendered":"https:\/\/artstella-elixirs-floraux.com\/product\/cherry-plum-phi-15ml\/"},"modified":"2025-07-12T15:41:25","modified_gmt":"2025-07-12T15:41:25","slug":"cherry-plum-phi-15ml","status":"publish","type":"product","link":"https:\/\/artstella-elixirs-floraux.com\/en\/product\/cherry-plum-phi-15ml\/","title":{"rendered":"CHERRY PLUM PHI 15ML"},"content":{"rendered":"","protected":false},"excerpt":{"rendered":"<p><span style=\"color: #339966;\"> <strong><em>Cherry Plum (Prunus cerasifera) (Prunier)<\/em><\/strong><\/span><\/p>\n<p>Nous aide dans les situations aigu\u00ebs dans lesquelles nous avons l&rsquo;impression que nous allons exploser.<\/p>","protected":false},"featured_media":2815,"template":"","meta":[],"product_brand":[],"product_cat":[127],"product_tag":[],"class_list":{"0":"post-2814","1":"product","2":"type-product","3":"status-publish","4":"has-post-thumbnail","6":"product_cat-les-fleurs-de-bach-phi","8":"first","9":"instock","10":"taxable","11":"shipping-taxable","12":"purchasable","13":"product-type-simple"},"etheme_brands":{"errors":{"invalid_taxonomy":["Invalid taxonomy."]},"error_data":[]},"jetpack_sharing_enabled":true,"jetpack-related-posts":[{"id":5954,"url":"https:\/\/artstella-elixirs-floraux.com\/en\/product\/prunus15ml-deva\/","url_meta":{"origin":2814,"position":0},"title":"Prunus15ml DEVA","author":"eveapprill","date":"9 March 2025","format":false,"excerpt":"Prunus - Cherry plum Prunus cerasifera Calme mental, paix de l\u2019\u00e2me Aide \u00e0 surmonter les peurs obsessionnelles, la peur d'agir de mani\u00e8re incontr\u00f4l\u00e9e, d'aller trop loin ou de commettre un acte contre sa propre volont\u00e9.","rel":"","context":"Similar post","block_context":{"text":"Similar post","link":""},"img":{"alt_text":"","src":"","width":0,"height":0},"classes":[]},{"id":2910,"url":"https:\/\/artstella-elixirs-floraux.com\/en\/product\/rq5-phi-15-ml\/","url_meta":{"origin":2814,"position":1},"title":"RQ5 PHI 15 ML","author":"eveapprill","date":"9 March 2025","format":false,"excerpt":"RQ5 - Rem\u00e8de d\u2019urgence aux cinq fleurs Est compos\u00e9 de Cherry plum, Clematis, Impatiens, Rock Rose, Star of Bethl\u00e9em. Il s'utilise dans tous les cas d'urgence et de stress intense.","rel":"","context":"Similar post","block_context":{"text":"Similar post","link":""},"img":{"alt_text":"","src":"https:\/\/i0.wp.com\/artstella-elixirs-floraux.com\/wp-content\/uploads\/2025\/03\/wp-image1106.png?resize=350%2C200&ssl=1","width":350,"height":200},"classes":[]},{"id":2627,"url":"https:\/\/artstella-elixirs-floraux.com\/en\/product\/billy-goat-plum-bush-15ml\/","url_meta":{"origin":2814,"position":2},"title":"BILLY GOAT PLUM BUSH 15ml","author":"eveapprill","date":"9 March 2025","format":false,"excerpt":"\u00a0BILLY GOAT PLUM\u00a0 D\u00e9go\u00fbt sexuel, r\u00e9pugnance envers son corps. Plaisir sexuel, accepter son propre corps.","rel":"","context":"Similar post","block_context":{"text":"Similar post","link":""},"img":{"alt_text":"","src":"https:\/\/i0.wp.com\/artstella-elixirs-floraux.com\/wp-content\/uploads\/2025\/03\/wp-image243.png?resize=350%2C200&ssl=1","width":350,"height":200},"classes":[]},{"id":5156,"url":"https:\/\/artstella-elixirs-floraux.com\/en\/product\/creme-woman-femme\/","url_meta":{"origin":2814,"position":3},"title":"CREME WOMAN &#8211; Femme","author":"eveapprill","date":"9 March 2025","format":false,"excerpt":"Cr\u00e8me Woman - Femme soutient l'\u00e9quilibre du f\u00e9minin","rel":"","context":"Similar post","block_context":{"text":"Similar post","link":""},"img":{"alt_text":"","src":"https:\/\/i0.wp.com\/artstella-elixirs-floraux.com\/wp-content\/uploads\/2025\/03\/b78bd427-f8e9-40e9-9843-590ac990b48a.jpg?resize=350%2C200&ssl=1","width":350,"height":200,"srcset":"https:\/\/i0.wp.com\/artstella-elixirs-floraux.com\/wp-content\/uploads\/2025\/03\/b78bd427-f8e9-40e9-9843-590ac990b48a.jpg?resize=350%2C200&ssl=1 1x, https:\/\/i0.wp.com\/artstella-elixirs-floraux.com\/wp-content\/uploads\/2025\/03\/b78bd427-f8e9-40e9-9843-590ac990b48a.jpg?resize=525%2C300&ssl=1 1.5x, https:\/\/i0.wp.com\/artstella-elixirs-floraux.com\/wp-content\/uploads\/2025\/03\/b78bd427-f8e9-40e9-9843-590ac990b48a.jpg?resize=700%2C400&ssl=1 2x"},"classes":[]},{"id":2749,"url":"https:\/\/artstella-elixirs-floraux.com\/en\/product\/woman-femme-bush-30ml\/","url_meta":{"origin":2814,"position":4},"title":"WOMAN Femme BUSH 30ml","author":"eveapprill","date":"9 March 2025","format":false,"excerpt":"Woman -\u00a0Femme Harmonise tous les d\u00e9s\u00e9quilibres durant les p\u00e9riodes de menstruations et de m\u00e9nopause. Permet \u00e0 la femme de d\u00e9couvrir son propre corps et sa beaut\u00e9, et de se trouver bien avec.","rel":"","context":"Similar post","block_context":{"text":"Similar post","link":""},"img":{"alt_text":"","src":"https:\/\/i0.wp.com\/artstella-elixirs-floraux.com\/wp-content\/uploads\/2025\/03\/5e65c23c-78a1-4c2c-944d-7fae066eb8e4.jpg?resize=350%2C200&ssl=1","width":350,"height":200,"srcset":"https:\/\/i0.wp.com\/artstella-elixirs-floraux.com\/wp-content\/uploads\/2025\/03\/5e65c23c-78a1-4c2c-944d-7fae066eb8e4.jpg?resize=350%2C200&ssl=1 1x, https:\/\/i0.wp.com\/artstella-elixirs-floraux.com\/wp-content\/uploads\/2025\/03\/5e65c23c-78a1-4c2c-944d-7fae066eb8e4.jpg?resize=525%2C300&ssl=1 1.5x, https:\/\/i0.wp.com\/artstella-elixirs-floraux.com\/wp-content\/uploads\/2025\/03\/5e65c23c-78a1-4c2c-944d-7fae066eb8e4.jpg?resize=700%2C400&ssl=1 2x"},"classes":[]},{"id":2741,"url":"https:\/\/artstella-elixirs-floraux.com\/en\/product\/sexuality-bush-30-ml\/","url_meta":{"origin":2814,"position":5},"title":"SEXUALITY BUSH 30 ml","author":"eveapprill","date":"9 March 2025","format":false,"excerpt":"Sexuality Aide \u00e0 combattre la honte et les effets d'abus sexuels. Permet de se sentir \u00e0 l'aise dans son corps en l'acceptant pleinement.","rel":"","context":"Similar post","block_context":{"text":"Similar post","link":""},"img":{"alt_text":"","src":"https:\/\/i0.wp.com\/artstella-elixirs-floraux.com\/wp-content\/uploads\/2025\/03\/7c97458c-aad1-4c91-bbba-533f0a37ab5a.jpg?resize=350%2C200&ssl=1","width":350,"height":200,"srcset":"https:\/\/i0.wp.com\/artstella-elixirs-floraux.com\/wp-content\/uploads\/2025\/03\/7c97458c-aad1-4c91-bbba-533f0a37ab5a.jpg?resize=350%2C200&ssl=1 1x, https:\/\/i0.wp.com\/artstella-elixirs-floraux.com\/wp-content\/uploads\/2025\/03\/7c97458c-aad1-4c91-bbba-533f0a37ab5a.jpg?resize=525%2C300&ssl=1 1.5x, https:\/\/i0.wp.com\/artstella-elixirs-floraux.com\/wp-content\/uploads\/2025\/03\/7c97458c-aad1-4c91-bbba-533f0a37ab5a.jpg?resize=700%2C400&ssl=1 2x"},"classes":[]}],"_links":{"self":[{"href":"https:\/\/artstella-elixirs-floraux.com\/en\/wp-json\/wp\/v2\/product\/2814","targetHints":{"allow":["GET"]}}],"collection":[{"href":"https:\/\/artstella-elixirs-floraux.com\/en\/wp-json\/wp\/v2\/product"}],"about":[{"href":"https:\/\/artstella-elixirs-floraux.com\/en\/wp-json\/wp\/v2\/types\/product"}],"version-history":[{"count":1,"href":"https:\/\/artstella-elixirs-floraux.com\/en\/wp-json\/wp\/v2\/product\/2814\/revisions"}],"predecessor-version":[{"id":11026,"href":"https:\/\/artstella-elixirs-floraux.com\/en\/wp-json\/wp\/v2\/product\/2814\/revisions\/11026"}],"wp:featuredmedia":[{"embeddable":true,"href":"https:\/\/artstella-elixirs-floraux.com\/en\/wp-json\/wp\/v2\/media\/2815"}],"wp:attachment":[{"href":"https:\/\/artstella-elixirs-floraux.com\/en\/wp-json\/wp\/v2\/media?parent=2814"}],"wp:term":[{"taxonomy":"product_brand","embeddable":true,"href":"https:\/\/artstella-elixirs-floraux.com\/en\/wp-json\/wp\/v2\/product_brand?post=2814"},{"taxonomy":"product_cat","embeddable":true,"href":"https:\/\/artstella-elixirs-floraux.com\/en\/wp-json\/wp\/v2\/product_cat?post=2814"},{"taxonomy":"product_tag","embeddable":true,"href":"https:\/\/artstella-elixirs-floraux.com\/en\/wp-json\/wp\/v2\/product_tag?post=2814"}],"curies":[{"name":"wp","href":"https:\/\/api.w.org\/{rel}","templated":true}]}}