{"id":2823,"date":"2025-03-09T13:02:14","date_gmt":"2025-03-09T13:02:14","guid":{"rendered":"https:\/\/artstella-elixirs-floraux.com\/product\/clematis-phi-15-ml\/"},"modified":"2025-04-23T09:55:23","modified_gmt":"2025-04-23T09:55:23","slug":"clematis-phi-15-ml","status":"publish","type":"product","link":"https:\/\/artstella-elixirs-floraux.com\/en\/product\/clematis-phi-15-ml\/","title":{"rendered":"CLEMATIS PHI 15 ML"},"content":{"rendered":"","protected":false},"excerpt":{"rendered":"<p><strong><em>Clematis (Clematis viltaba) (Cl\u00e9matite)<\/em><\/strong><\/p>\n<p><strong><em>F<\/em><\/strong>avorise notre union avec la terre et renforce notre sens des r\u00e9alit\u00e9s.<\/p>","protected":false},"featured_media":2824,"template":"","meta":[],"product_brand":[],"product_cat":[127],"product_tag":[],"class_list":{"0":"post-2823","1":"product","2":"type-product","3":"status-publish","4":"has-post-thumbnail","6":"product_cat-les-fleurs-de-bach-phi","8":"first","9":"instock","10":"taxable","11":"shipping-taxable","12":"purchasable","13":"product-type-variable"},"etheme_brands":{"errors":{"invalid_taxonomy":["Invalid taxonomy."]},"error_data":[]},"jetpack_sharing_enabled":true,"jetpack-related-posts":[{"id":5912,"url":"https:\/\/artstella-elixirs-floraux.com\/en\/product\/clematite-10ml-deva\/","url_meta":{"origin":2823,"position":0},"title":"Cl\u00e9matite 10ml DEVA","author":"eveapprill","date":"9 March 2025","format":false,"excerpt":"Cl\u00e9matite - Clematis Clematis vitalba Pr\u00e9sence Pour ceux qui vivent dans le futur, qui manquent de concentration, qui sont dans la lune et qui n'ont pas les pieds sur terre. Favorise la cr\u00e9ativit\u00e9.","rel":"","context":"Similar post","block_context":{"text":"Similar post","link":""},"img":{"alt_text":"","src":"","width":0,"height":0},"classes":[]},{"id":2910,"url":"https:\/\/artstella-elixirs-floraux.com\/en\/product\/rq5-phi-15-ml\/","url_meta":{"origin":2823,"position":1},"title":"RQ5 PHI 15 ML","author":"eveapprill","date":"9 March 2025","format":false,"excerpt":"RQ5 - Rem\u00e8de d\u2019urgence aux cinq fleurs Est compos\u00e9 de Cherry plum, Clematis, Impatiens, Rock Rose, Star of Bethl\u00e9em. Il s'utilise dans tous les cas d'urgence et de stress intense.","rel":"","context":"Similar post","block_context":{"text":"Similar post","link":""},"img":{"alt_text":"","src":"https:\/\/i0.wp.com\/artstella-elixirs-floraux.com\/wp-content\/uploads\/2025\/03\/wp-image1106.png?resize=350%2C200&ssl=1","width":350,"height":200},"classes":[]},{"id":3970,"url":"https:\/\/artstella-elixirs-floraux.com\/en\/product\/lapin-a-e-15-ml-phi\/","url_meta":{"origin":2823,"position":2},"title":"LAPIN A.E 15 ML PHI","author":"eveapprill","date":"9 March 2025","format":false,"excerpt":"Lapin (Lepus europaeus) Hase am\u00e9liore la perception des sens et notamment l\u2019ouie.","rel":"","context":"Similar post","block_context":{"text":"Similar post","link":""},"img":{"alt_text":"","src":"","width":0,"height":0},"classes":[]},{"id":3936,"url":"https:\/\/artstella-elixirs-floraux.com\/en\/product\/loup-a-e-15-ml-phi\/","url_meta":{"origin":2823,"position":3},"title":"LOUP A.E 15 ML PHI","author":"eveapprill","date":"9 March 2025","format":false,"excerpt":"Loup (Canis lupus) Wolf\u00a0 renforce les perceptions de nos sens et notre vigilance. Il renforce notre conscience du groupe et de sa dynamique.","rel":"","context":"Similar post","block_context":{"text":"Similar post","link":""},"img":{"alt_text":"","src":"","width":0,"height":0},"classes":[]},{"id":3019,"url":"https:\/\/artstella-elixirs-floraux.com\/en\/product\/magnetite-phi-15-ml\/","url_meta":{"origin":2823,"position":4},"title":"MAGNETITE PHI 15 ML","author":"eveapprill","date":"9 March 2025","format":false,"excerpt":"Magn\u00e9tite (Magnetit) Son action est \u00e9quilibrante et purifiante. Il favorise notre relation \u00e0 la nature. Il renforce le courage et la force, renforce l\u2019\u00e9nergie yang","rel":"","context":"Similar post","block_context":{"text":"Similar post","link":""},"img":{"alt_text":"","src":"","width":0,"height":0},"classes":[]},{"id":3306,"url":"https:\/\/artstella-elixirs-floraux.com\/en\/product\/paprika-15-ml-phi\/","url_meta":{"origin":2823,"position":5},"title":"PAPRIKA 15 ML PHI","author":"eveapprill","date":"9 March 2025","format":false,"excerpt":"Cayenne (Capsicum annuum) (Paprika) Accro\u00eet l'acuit\u00e9 de nos perceptions et favorise le dynamisme. Renforce l'\u00e9nergie.","rel":"","context":"Similar post","block_context":{"text":"Similar post","link":""},"img":{"alt_text":"","src":"https:\/\/i0.wp.com\/artstella-elixirs-floraux.com\/wp-content\/uploads\/2025\/03\/wp-image692.png?resize=350%2C200&ssl=1","width":350,"height":200},"classes":[]}],"_links":{"self":[{"href":"https:\/\/artstella-elixirs-floraux.com\/en\/wp-json\/wp\/v2\/product\/2823","targetHints":{"allow":["GET"]}}],"collection":[{"href":"https:\/\/artstella-elixirs-floraux.com\/en\/wp-json\/wp\/v2\/product"}],"about":[{"href":"https:\/\/artstella-elixirs-floraux.com\/en\/wp-json\/wp\/v2\/types\/product"}],"version-history":[{"count":0,"href":"https:\/\/artstella-elixirs-floraux.com\/en\/wp-json\/wp\/v2\/product\/2823\/revisions"}],"wp:featuredmedia":[{"embeddable":true,"href":"https:\/\/artstella-elixirs-floraux.com\/en\/wp-json\/wp\/v2\/media\/2824"}],"wp:attachment":[{"href":"https:\/\/artstella-elixirs-floraux.com\/en\/wp-json\/wp\/v2\/media?parent=2823"}],"wp:term":[{"taxonomy":"product_brand","embeddable":true,"href":"https:\/\/artstella-elixirs-floraux.com\/en\/wp-json\/wp\/v2\/product_brand?post=2823"},{"taxonomy":"product_cat","embeddable":true,"href":"https:\/\/artstella-elixirs-floraux.com\/en\/wp-json\/wp\/v2\/product_cat?post=2823"},{"taxonomy":"product_tag","embeddable":true,"href":"https:\/\/artstella-elixirs-floraux.com\/en\/wp-json\/wp\/v2\/product_tag?post=2823"}],"curies":[{"name":"wp","href":"https:\/\/api.w.org\/{rel}","templated":true}]}}