{"id":2833,"date":"2025-03-09T13:02:35","date_gmt":"2025-03-09T13:02:35","guid":{"rendered":"https:\/\/artstella-elixirs-floraux.com\/product\/gorse-phi-15-ml\/"},"modified":"2025-07-12T15:38:22","modified_gmt":"2025-07-12T15:38:22","slug":"gorse-phi-15-ml","status":"publish","type":"product","link":"https:\/\/artstella-elixirs-floraux.com\/en\/product\/gorse-phi-15-ml\/","title":{"rendered":"GORSE PHI 15 ML"},"content":{"rendered":"","protected":false},"excerpt":{"rendered":"<p><span style=\"color: #008000;\"><strong><em>Gorse (Ulex europeus) (Ajonc) <\/em><\/strong><\/span><\/p>\n<p>Nous aide \u00e0 retrouver l&rsquo;espoir au milieu des difficult\u00e9s et la force de recommencer<\/p>","protected":false},"featured_media":2834,"template":"","meta":[],"product_brand":[],"product_cat":[127],"product_tag":[],"class_list":{"0":"post-2833","1":"product","2":"type-product","3":"status-publish","4":"has-post-thumbnail","6":"product_cat-les-fleurs-de-bach-phi","8":"first","9":"instock","10":"taxable","11":"shipping-taxable","12":"purchasable","13":"product-type-simple"},"etheme_brands":{"errors":{"invalid_taxonomy":["Invalid taxonomy."]},"error_data":[]},"jetpack_sharing_enabled":true,"jetpack-related-posts":[{"id":5894,"url":"https:\/\/artstella-elixirs-floraux.com\/en\/product\/ajonc-10-ml-deva\/","url_meta":{"origin":2833,"position":0},"title":"Ajonc 10 ml DEVA","author":"eveapprill","date":"9 March 2025","format":false,"excerpt":"Ajonc - Gorse Ulex europaeus Espoir, force de volont\u00e9 L'\u00e9lixir floral d'ajonc s'adresse \u00e0 ceux qui sont r\u00e9sign\u00e9s et qui ont abandonn\u00e9 tout d\u00e9sir d'am\u00e9liorer leurs conditions.","rel":"","context":"Similar post","block_context":{"text":"Similar post","link":""},"img":{"alt_text":"","src":"","width":0,"height":0},"classes":[]},{"id":3153,"url":"https:\/\/artstella-elixirs-floraux.com\/en\/product\/rose-cannelle-phi-15-ml\/","url_meta":{"origin":2833,"position":1},"title":"ROSE CANNELLE PHI 15 ML","author":"eveapprill","date":"9 March 2025","format":false,"excerpt":"Rose cannelle (Rosa majalis) (Zimtrose) Redonne l'espoir quand nous ne trouvons plus d'issue. Elle nous ouvre \u00e0 de nouvelles rencontres. Cette rose nous aide \u00e0 gu\u00e9rir les blessures \u00e9motionnelles et permet de retrouver l'optimisme.","rel":"","context":"Similar post","block_context":{"text":"Similar post","link":""},"img":{"alt_text":"","src":"https:\/\/i0.wp.com\/artstella-elixirs-floraux.com\/wp-content\/uploads\/2025\/03\/wp-image399.png?resize=350%2C200&ssl=1","width":350,"height":200},"classes":[]},{"id":3149,"url":"https:\/\/artstella-elixirs-floraux.com\/en\/product\/rose-du-japon-phi-15-ml\/","url_meta":{"origin":2833,"position":2},"title":"ROSE DU JAPON PHI 15 ML","author":"eveapprill","date":"9 March 2025","format":false,"excerpt":"Rose du Japon (Rosa roxbourghi) (Japanische Rose) Favorise la modestie et l'humilit\u00e9 en l'amour. La rose du Japon nous aide \u00e0 retrouver l'espoir dans l'amour. Nous apprenons \u00e0 garder une douce retenue et \u00e0 n'utiliser nos \u00e9pines qu'en cas de n\u00e9cessit\u00e9.","rel":"","context":"Similar post","block_context":{"text":"Similar post","link":""},"img":{"alt_text":"","src":"https:\/\/i0.wp.com\/artstella-elixirs-floraux.com\/wp-content\/uploads\/2025\/03\/wp-image398.png?resize=350%2C200&ssl=1","width":350,"height":200},"classes":[]},{"id":3135,"url":"https:\/\/artstella-elixirs-floraux.com\/en\/product\/narcisse-bul-afrique-phi-15-ml\/","url_meta":{"origin":2833,"position":3},"title":"NARCISSE BUL AFRIQUE PHI 15 ML","author":"eveapprill","date":"9 March 2025","format":false,"excerpt":"Narcisse bulbocodium (Narcissus tazetta) (Reifrocknarzisse) Dans les moments de grande obscurit\u00e9, cet \u00e9lixir nous aide \u00e0 voir la lumi\u00e8re au bout du tunnel. Pour retrouver l'espoir et rayonner la joie.","rel":"","context":"Similar post","block_context":{"text":"Similar post","link":""},"img":{"alt_text":"","src":"https:\/\/i0.wp.com\/artstella-elixirs-floraux.com\/wp-content\/uploads\/2025\/03\/wp-image423.png?resize=350%2C200&ssl=1","width":350,"height":200},"classes":[]},{"id":3902,"url":"https:\/\/artstella-elixirs-floraux.com\/en\/product\/lichen-phi-n16-15-ml\/","url_meta":{"origin":2833,"position":4},"title":"LICHEN PHI n\u00b016 15 ML","author":"eveapprill","date":"9 March 2025","format":false,"excerpt":"Lichen (Stereocaulon vesuvianum Strauchf\u00f6rmige Flechte)Pour recommencer une vie nouvelle, apr\u00e8s des difficult\u00e9s. L\u2019\u00e9lixir renforce la volont\u00e9 (m\u00eame les petits pas).","rel":"","context":"Similar post","block_context":{"text":"Similar post","link":""},"img":{"alt_text":"","src":"https:\/\/i0.wp.com\/artstella-elixirs-floraux.com\/wp-content\/uploads\/2025\/03\/wp-image657.png?resize=350%2C200&ssl=1","width":350,"height":200},"classes":[]},{"id":3954,"url":"https:\/\/artstella-elixirs-floraux.com\/en\/product\/lion-phi-15-ml\/","url_meta":{"origin":2833,"position":5},"title":"LION PHI 15 ML","author":"eveapprill","date":"9 March 2025","format":false,"excerpt":"Lion (Panthera Leo) apporte la s\u00fbret\u00e9 et la confiance en soi. Il aide \u00e0 se reposer et \u00e0 appr\u00e9cier la vie. Nous sommes au milieu de l\u2019attention.","rel":"","context":"Similar post","block_context":{"text":"Similar post","link":""},"img":{"alt_text":"","src":"","width":0,"height":0},"classes":[]}],"_links":{"self":[{"href":"https:\/\/artstella-elixirs-floraux.com\/en\/wp-json\/wp\/v2\/product\/2833","targetHints":{"allow":["GET"]}}],"collection":[{"href":"https:\/\/artstella-elixirs-floraux.com\/en\/wp-json\/wp\/v2\/product"}],"about":[{"href":"https:\/\/artstella-elixirs-floraux.com\/en\/wp-json\/wp\/v2\/types\/product"}],"version-history":[{"count":1,"href":"https:\/\/artstella-elixirs-floraux.com\/en\/wp-json\/wp\/v2\/product\/2833\/revisions"}],"predecessor-version":[{"id":11022,"href":"https:\/\/artstella-elixirs-floraux.com\/en\/wp-json\/wp\/v2\/product\/2833\/revisions\/11022"}],"wp:featuredmedia":[{"embeddable":true,"href":"https:\/\/artstella-elixirs-floraux.com\/en\/wp-json\/wp\/v2\/media\/2834"}],"wp:attachment":[{"href":"https:\/\/artstella-elixirs-floraux.com\/en\/wp-json\/wp\/v2\/media?parent=2833"}],"wp:term":[{"taxonomy":"product_brand","embeddable":true,"href":"https:\/\/artstella-elixirs-floraux.com\/en\/wp-json\/wp\/v2\/product_brand?post=2833"},{"taxonomy":"product_cat","embeddable":true,"href":"https:\/\/artstella-elixirs-floraux.com\/en\/wp-json\/wp\/v2\/product_cat?post=2833"},{"taxonomy":"product_tag","embeddable":true,"href":"https:\/\/artstella-elixirs-floraux.com\/en\/wp-json\/wp\/v2\/product_tag?post=2833"}],"curies":[{"name":"wp","href":"https:\/\/api.w.org\/{rel}","templated":true}]}}