{"id":2836,"date":"2025-03-09T13:02:38","date_gmt":"2025-03-09T13:02:38","guid":{"rendered":"https:\/\/artstella-elixirs-floraux.com\/product\/heather-15-ml-phi\/"},"modified":"2025-07-12T15:37:29","modified_gmt":"2025-07-12T15:37:29","slug":"heather-15-ml-phi","status":"publish","type":"product","link":"https:\/\/artstella-elixirs-floraux.com\/en\/product\/heather-15-ml-phi\/","title":{"rendered":"HEATHER 15 ML PHI"},"content":{"rendered":"","protected":false},"excerpt":{"rendered":"<p><span style=\"color: #008000;\"> <strong><em>Heather (Calluna vulgaris) (Bruy\u00e8re)<\/em><\/strong><\/span><\/p>\n<p>Nous rend plus apte \u00e0 communiquer et \u00e0 \u00e9couter. Nous donne la paix de l&rsquo;\u00e2me.<\/p>","protected":false},"featured_media":2837,"template":"","meta":[],"product_brand":[],"product_cat":[127],"product_tag":[],"class_list":{"0":"post-2836","1":"product","2":"type-product","3":"status-publish","4":"has-post-thumbnail","6":"product_cat-les-fleurs-de-bach-phi","8":"first","9":"instock","10":"taxable","11":"shipping-taxable","12":"purchasable","13":"product-type-simple"},"etheme_brands":{"errors":{"invalid_taxonomy":["Invalid taxonomy."]},"error_data":[]},"jetpack_sharing_enabled":true,"jetpack-related-posts":[{"id":5898,"url":"https:\/\/artstella-elixirs-floraux.com\/en\/product\/bruyere-15ml-deva\/","url_meta":{"origin":2836,"position":0},"title":"Bruy\u00e8re 15ml DEVA","author":"eveapprill","date":"9 March 2025","format":false,"excerpt":"Bruy\u00e8re - Heather Calluna vulgaris Tranquillit\u00e9, \u00e9coute Pour ceux qui sont uniquement concern\u00e9s par leur vie et par leurs probl\u00e8mes et qui ont constamment besoin de l'attention d'autrui. Ils ne portent pas d'int\u00e9r\u00eat \u00e0 ceux qui les entourent et ne savent pas \u00e9couter.","rel":"","context":"Similar post","block_context":{"text":"Similar post","link":""},"img":{"alt_text":"","src":"","width":0,"height":0},"classes":[]},{"id":3061,"url":"https:\/\/artstella-elixirs-floraux.com\/en\/product\/zircon-phi-15-ml\/","url_meta":{"origin":2836,"position":1},"title":"ZIRCON PHI 15 ML","author":"eveapprill","date":"9 March 2025","format":false,"excerpt":"Zircon L'\u00e9lixir poss\u00e8de une vibration tr\u00e8s douce qui offre de l'harmonie \u00e0 l'\u00e2me et apaise le mental. Il nous aide \u00e0 entendre notre voix int\u00e9rieure et donne la patience d'\u00e9couter les autres.","rel":"","context":"Similar post","block_context":{"text":"Similar post","link":""},"img":{"alt_text":"","src":"","width":0,"height":0},"classes":[]},{"id":3131,"url":"https:\/\/artstella-elixirs-floraux.com\/en\/product\/viperine-commune-afrique-15-ml-phi\/","url_meta":{"origin":2836,"position":2},"title":"VIPERINE COMMUNE AFRIQUE 15 ML PHI","author":"eveapprill","date":"9 March 2025","format":false,"excerpt":"Vip\u00e9rine commune (Echium vulgare) (Natternkopf) L'humour et l'amabilit\u00e9 nous emm\u00e8nent plus loin que le devoir et la discipline. Nous d\u00e9veloppons la cordialit\u00e9 et pouvons comprendre que le sourire parvient \u00e0 ouvrir bien des portes.","rel":"","context":"Similar post","block_context":{"text":"Similar post","link":""},"img":{"alt_text":"","src":"https:\/\/i0.wp.com\/artstella-elixirs-floraux.com\/wp-content\/uploads\/2025\/03\/wp-image421.png?resize=350%2C200&ssl=1","width":350,"height":200},"classes":[]},{"id":5850,"url":"https:\/\/artstella-elixirs-floraux.com\/en\/product\/tarantule-tarantula-grammostola-rosea-15-ml-phi\/","url_meta":{"origin":2836,"position":3},"title":"Tarantule &#8211; Tarantula (Grammostola rosea) 15 ml PHI","author":"eveapprill","date":"9 March 2025","format":false,"excerpt":"Tarantule - Tarantula (Grammostola rosea) Cet \u00e9lixir donne un meilleur sens de l\u2019\u00e9quilibre et nous rend plus confiant. Nous apprenons \u00e0 transformer des sentiments n\u00e9gatifs et des peurs, tout en nous sentant plus en confiance, connect\u00e9s \u00e0 tous les \u00eatres vivants.\u00a0","rel":"","context":"Similar post","block_context":{"text":"Similar post","link":""},"img":{"alt_text":"","src":"","width":0,"height":0},"classes":[]},{"id":3920,"url":"https:\/\/artstella-elixirs-floraux.com\/en\/product\/boeuf-a-e-15-ml-phi\/","url_meta":{"origin":2836,"position":4},"title":"BOEUF A.E 15 ML PHI","author":"eveapprill","date":"9 March 2025","format":false,"excerpt":"B\u0153uf Rind Pour \u00e9tablir une liaison entre l\u2019animal et l\u2019\u00eatre humain, dans des aspects comme la paix et la confiance.","rel":"","context":"Similar post","block_context":{"text":"Similar post","link":""},"img":{"alt_text":"","src":"","width":0,"height":0},"classes":[]},{"id":3199,"url":"https:\/\/artstella-elixirs-floraux.com\/en\/product\/brunelle-15-ml-phi\/","url_meta":{"origin":2836,"position":5},"title":"BRUNELLE 15 ML PHI","author":"eveapprill","date":"9 March 2025","format":false,"excerpt":"Brunelle (Prunella vulgaris) (Braunelle) Stimule les forces d'auto gu\u00e9rison et la volont\u00e9 d'\u00eatre en bonne sant\u00e9. Pour retrouver le courage d\u2019\u00eatre en bonne sant\u00e9.\u00a0 (Peut \u00eatre ajout\u00e9 \u00e0 une cr\u00e8me)","rel":"","context":"Similar post","block_context":{"text":"Similar post","link":""},"img":{"alt_text":"","src":"https:\/\/i0.wp.com\/artstella-elixirs-floraux.com\/wp-content\/uploads\/2025\/03\/wp-image382.png?resize=350%2C200&ssl=1","width":350,"height":200},"classes":[]}],"_links":{"self":[{"href":"https:\/\/artstella-elixirs-floraux.com\/en\/wp-json\/wp\/v2\/product\/2836","targetHints":{"allow":["GET"]}}],"collection":[{"href":"https:\/\/artstella-elixirs-floraux.com\/en\/wp-json\/wp\/v2\/product"}],"about":[{"href":"https:\/\/artstella-elixirs-floraux.com\/en\/wp-json\/wp\/v2\/types\/product"}],"version-history":[{"count":1,"href":"https:\/\/artstella-elixirs-floraux.com\/en\/wp-json\/wp\/v2\/product\/2836\/revisions"}],"predecessor-version":[{"id":11021,"href":"https:\/\/artstella-elixirs-floraux.com\/en\/wp-json\/wp\/v2\/product\/2836\/revisions\/11021"}],"wp:featuredmedia":[{"embeddable":true,"href":"https:\/\/artstella-elixirs-floraux.com\/en\/wp-json\/wp\/v2\/media\/2837"}],"wp:attachment":[{"href":"https:\/\/artstella-elixirs-floraux.com\/en\/wp-json\/wp\/v2\/media?parent=2836"}],"wp:term":[{"taxonomy":"product_brand","embeddable":true,"href":"https:\/\/artstella-elixirs-floraux.com\/en\/wp-json\/wp\/v2\/product_brand?post=2836"},{"taxonomy":"product_cat","embeddable":true,"href":"https:\/\/artstella-elixirs-floraux.com\/en\/wp-json\/wp\/v2\/product_cat?post=2836"},{"taxonomy":"product_tag","embeddable":true,"href":"https:\/\/artstella-elixirs-floraux.com\/en\/wp-json\/wp\/v2\/product_tag?post=2836"}],"curies":[{"name":"wp","href":"https:\/\/api.w.org\/{rel}","templated":true}]}}