{"id":2846,"date":"2025-03-09T13:02:44","date_gmt":"2025-03-09T13:02:44","guid":{"rendered":"https:\/\/artstella-elixirs-floraux.com\/product\/impatiens-15ml-phi\/"},"modified":"2025-07-12T15:36:24","modified_gmt":"2025-07-12T15:36:24","slug":"impatiens-15ml-phi","status":"publish","type":"product","link":"https:\/\/artstella-elixirs-floraux.com\/en\/product\/impatiens-15ml-phi\/","title":{"rendered":"IMPATIENS 15ML PHI"},"content":{"rendered":"","protected":false},"excerpt":{"rendered":"<p><span style=\"color: #008000;\"> <strong><em>Impatiens (Impatiens glandulifera) (Impatience)<\/em><\/strong><\/span><\/p>\n<p>Adoucit le stress mental. Pour d\u00e9velopper la mod\u00e9ration et la patience.<\/p>","protected":false},"featured_media":2847,"template":"","meta":[],"product_brand":[],"product_cat":[127],"product_tag":[],"class_list":{"0":"post-2846","1":"product","2":"type-product","3":"status-publish","4":"has-post-thumbnail","6":"product_cat-les-fleurs-de-bach-phi","8":"first","9":"instock","10":"taxable","11":"shipping-taxable","12":"purchasable","13":"product-type-simple"},"etheme_brands":{"errors":{"invalid_taxonomy":["Invalid taxonomy."]},"error_data":[]},"jetpack_sharing_enabled":true,"jetpack-related-posts":[{"id":5930,"url":"https:\/\/artstella-elixirs-floraux.com\/en\/product\/impatience-15ml-deva\/","url_meta":{"origin":2846,"position":0},"title":"Impatience 15ml DEVA","author":"eveapprill","date":"9 March 2025","format":false,"excerpt":"Impatiente - Impatiens Impatiens glandulifera Douceur, patience, indulgence Pour \u00e9liminer l'impatience, l'irritabilit\u00e9 et le surmenage. Pour ceux qui sont press\u00e9s, actifs et qui ne supportent pas les contraintes.","rel":"","context":"Similar post","block_context":{"text":"Similar post","link":""},"img":{"alt_text":"","src":"","width":0,"height":0},"classes":[]},{"id":5430,"url":"https:\/\/artstella-elixirs-floraux.com\/en\/product\/impatience-reuzenbalsemien-10-ml\/","url_meta":{"origin":2846,"position":1},"title":"Impatience &#8211; REUZENBALSEMIEN 10 ml","author":"eveapprill","date":"9 March 2025","format":false,"excerpt":"Impatiens glandulifera\u00a0(Impatience) REUZENBALSEMIEN Apporte patience et calme et compr\u00e9hension. Permet de reconna\u00eetre le chaos int\u00e9rieur et ext\u00e9rieur et d\u2019int\u00e9grer celui-ci dans la conscience.\u00a0","rel":"","context":"Similar post","block_context":{"text":"Similar post","link":""},"img":{"alt_text":"","src":"","width":0,"height":0},"classes":[]},{"id":2910,"url":"https:\/\/artstella-elixirs-floraux.com\/en\/product\/rq5-phi-15-ml\/","url_meta":{"origin":2846,"position":2},"title":"RQ5 PHI 15 ML","author":"eveapprill","date":"9 March 2025","format":false,"excerpt":"RQ5 - Rem\u00e8de d\u2019urgence aux cinq fleurs Est compos\u00e9 de Cherry plum, Clematis, Impatiens, Rock Rose, Star of Bethl\u00e9em. Il s'utilise dans tous les cas d'urgence et de stress intense.","rel":"","context":"Similar post","block_context":{"text":"Similar post","link":""},"img":{"alt_text":"","src":"https:\/\/i0.wp.com\/artstella-elixirs-floraux.com\/wp-content\/uploads\/2025\/03\/wp-image1106.png?resize=350%2C200&ssl=1","width":350,"height":200},"classes":[]},{"id":5227,"url":"https:\/\/artstella-elixirs-floraux.com\/en\/product\/rq7-creme\/","url_meta":{"origin":2846,"position":3},"title":"RQ7 Creme","author":"eveapprill","date":"9 March 2025","format":false,"excerpt":"RQ7 CREME Cette cr\u00e8me bienfaisante est compos\u00e9e des sept \u00e9lixirs de fleurs du compos\u00e9 RQ7. Utilisez-la dans les situations d'aide, en cas de fatigue par ex.(60 Gr)Sans paraben","rel":"","context":"Similar post","block_context":{"text":"Similar post","link":""},"img":{"alt_text":"","src":"https:\/\/i0.wp.com\/artstella-elixirs-floraux.com\/wp-content\/uploads\/2025\/03\/49043db5-a27d-488b-b2b5-41116f68f3ba.jpg?resize=350%2C200&ssl=1","width":350,"height":200,"srcset":"https:\/\/i0.wp.com\/artstella-elixirs-floraux.com\/wp-content\/uploads\/2025\/03\/49043db5-a27d-488b-b2b5-41116f68f3ba.jpg?resize=350%2C200&ssl=1 1x, https:\/\/i0.wp.com\/artstella-elixirs-floraux.com\/wp-content\/uploads\/2025\/03\/49043db5-a27d-488b-b2b5-41116f68f3ba.jpg?resize=525%2C300&ssl=1 1.5x, https:\/\/i0.wp.com\/artstella-elixirs-floraux.com\/wp-content\/uploads\/2025\/03\/49043db5-a27d-488b-b2b5-41116f68f3ba.jpg?resize=700%2C400&ssl=1 2x"},"classes":[]},{"id":6193,"url":"https:\/\/artstella-elixirs-floraux.com\/en\/product\/4-elements-compose-bloesem-remedies\/","url_meta":{"origin":2846,"position":4},"title":"4 ELEMENTS COMPOSE BLOESEM REMEDIES","author":"eveapprill","date":"9 March 2025","format":false,"excerpt":"COMPOS\u00c9 4 ELEMENTS \u2013 4 ELEMENTEN COMBINATIE \u2013 permet d\u2019\u00eatre ouvert et chaleureux avec des autres tout en restant fid\u00e8le \u00e0 soi-m\u00eame. Le lien avec l\u2019\u00e2me et le but de l\u2019\u00e2me deviennent plus clair","rel":"","context":"Similar post","block_context":{"text":"Similar post","link":""},"img":{"alt_text":"","src":"https:\/\/i0.wp.com\/artstella-elixirs-floraux.com\/wp-content\/uploads\/2025\/03\/wp-image2192.png?resize=350%2C200&ssl=1","width":350,"height":200},"classes":[]},{"id":6229,"url":"https:\/\/artstella-elixirs-floraux.com\/en\/product\/intergration-compose-bloesem-10ml\/","url_meta":{"origin":2846,"position":5},"title":"INTEGRATION COMPOSE BLOESEM","author":"eveapprill","date":"9 March 2025","format":false,"excerpt":"Il favorise l\u2019int\u00e9gration, la protection et la r\u00e9solution d\u2019\u00e9motions v\u00e9cues dans le pass\u00e9. Quand, \u00e0 un moment, on pu perdre le contr\u00f4le de sa vie. Il nous aide \u00e0 l\u00e2cher prise sur le pass\u00e9 en nous donnant une perception claire de l\u2019origine du probl\u00e8me","rel":"","context":"Similar post","block_context":{"text":"Similar post","link":""},"img":{"alt_text":"","src":"","width":0,"height":0},"classes":[]}],"_links":{"self":[{"href":"https:\/\/artstella-elixirs-floraux.com\/en\/wp-json\/wp\/v2\/product\/2846","targetHints":{"allow":["GET"]}}],"collection":[{"href":"https:\/\/artstella-elixirs-floraux.com\/en\/wp-json\/wp\/v2\/product"}],"about":[{"href":"https:\/\/artstella-elixirs-floraux.com\/en\/wp-json\/wp\/v2\/types\/product"}],"version-history":[{"count":1,"href":"https:\/\/artstella-elixirs-floraux.com\/en\/wp-json\/wp\/v2\/product\/2846\/revisions"}],"predecessor-version":[{"id":11020,"href":"https:\/\/artstella-elixirs-floraux.com\/en\/wp-json\/wp\/v2\/product\/2846\/revisions\/11020"}],"wp:featuredmedia":[{"embeddable":true,"href":"https:\/\/artstella-elixirs-floraux.com\/en\/wp-json\/wp\/v2\/media\/2847"}],"wp:attachment":[{"href":"https:\/\/artstella-elixirs-floraux.com\/en\/wp-json\/wp\/v2\/media?parent=2846"}],"wp:term":[{"taxonomy":"product_brand","embeddable":true,"href":"https:\/\/artstella-elixirs-floraux.com\/en\/wp-json\/wp\/v2\/product_brand?post=2846"},{"taxonomy":"product_cat","embeddable":true,"href":"https:\/\/artstella-elixirs-floraux.com\/en\/wp-json\/wp\/v2\/product_cat?post=2846"},{"taxonomy":"product_tag","embeddable":true,"href":"https:\/\/artstella-elixirs-floraux.com\/en\/wp-json\/wp\/v2\/product_tag?post=2846"}],"curies":[{"name":"wp","href":"https:\/\/api.w.org\/{rel}","templated":true}]}}