{"id":2858,"date":"2025-03-09T13:02:52","date_gmt":"2025-03-09T13:02:52","guid":{"rendered":"https:\/\/artstella-elixirs-floraux.com\/product\/oak-15-ml-phi\/"},"modified":"2025-07-12T15:17:53","modified_gmt":"2025-07-12T15:17:53","slug":"oak-15-ml-phi","status":"publish","type":"product","link":"https:\/\/artstella-elixirs-floraux.com\/en\/product\/oak-15-ml-phi\/","title":{"rendered":"OAK 15 ML PHI"},"content":{"rendered":"","protected":false},"excerpt":{"rendered":"<p><strong><em>Oak (Quercus robur) (Ch\u00eane) <\/em><\/strong>Permet de donner cours \u00e0 nos \u00e9motions, sans nous sentir affaiblis. Permet de tenir le coup et de nous sentir prot\u00e9g\u00e9.<\/p>","protected":false},"featured_media":2859,"template":"","meta":[],"product_brand":[],"product_cat":[127],"product_tag":[],"class_list":{"0":"post-2858","1":"product","2":"type-product","3":"status-publish","4":"has-post-thumbnail","6":"product_cat-les-fleurs-de-bach-phi","8":"first","9":"instock","10":"taxable","11":"shipping-taxable","12":"purchasable","13":"product-type-simple"},"etheme_brands":{"errors":{"invalid_taxonomy":["Invalid taxonomy."]},"error_data":[]},"jetpack_sharing_enabled":true,"jetpack-related-posts":[{"id":5126,"url":"https:\/\/artstella-elixirs-floraux.com\/en\/product\/she-oak-15-ml-bush\/","url_meta":{"origin":2858,"position":0},"title":"SHE OAK 15 ML BUSH","author":"eveapprill","date":"9 March 2025","format":false,"excerpt":"\u00a0She Oak D\u00e9tresse associ\u00e9e \u00e0 la st\u00e9rilit\u00e9 f\u00e9minine. Elimination des d\u00e9s\u00e9quilibres f\u00e9minins.","rel":"","context":"Similar post","block_context":{"text":"Similar post","link":""},"img":{"alt_text":"","src":"https:\/\/i0.wp.com\/artstella-elixirs-floraux.com\/wp-content\/uploads\/2025\/03\/wp-image1431.png?resize=350%2C200&ssl=1","width":350,"height":200,"srcset":"https:\/\/i0.wp.com\/artstella-elixirs-floraux.com\/wp-content\/uploads\/2025\/03\/wp-image1431.png?resize=350%2C200&ssl=1 1x, https:\/\/i0.wp.com\/artstella-elixirs-floraux.com\/wp-content\/uploads\/2025\/03\/wp-image1431.png?resize=525%2C300&ssl=1 1.5x, https:\/\/i0.wp.com\/artstella-elixirs-floraux.com\/wp-content\/uploads\/2025\/03\/wp-image1431.png?resize=700%2C400&ssl=1 2x"},"classes":[]},{"id":6284,"url":"https:\/\/artstella-elixirs-floraux.com\/en\/product\/lierre-veneneux-poison-oak-sylfos-15ml\/","url_meta":{"origin":2858,"position":1},"title":"LIERRE V\u00c9N\u00c9NEUX \/ POISON OAK Sylfos 15ML","author":"eveapprill","date":"9 March 2025","format":false,"excerpt":"Lierre v\u00e9n\u00e9neux (Toxicodendron diversiloba) Confiance \u2013 Sexualit\u00e9 - Ancrage Pour ceux qui manquent de confiance parce qu'ils ne reconnaissent pas les limites entre eux et les autres. Ils ont tendance \u00e0 mettre une barri\u00e8re envers leurs contacts intimes, par peur du rejet et\/ou d'une \u00e9ventuelle douleur physique notamment dans leurs\u2026","rel":"","context":"Similar post","block_context":{"text":"Similar post","link":""},"img":{"alt_text":"","src":"https:\/\/i0.wp.com\/artstella-elixirs-floraux.com\/wp-content\/uploads\/2025\/03\/wp-image2230.png?resize=350%2C200&ssl=1","width":350,"height":200},"classes":[]},{"id":5156,"url":"https:\/\/artstella-elixirs-floraux.com\/en\/product\/creme-woman-femme\/","url_meta":{"origin":2858,"position":2},"title":"CREME WOMAN &#8211; Femme","author":"eveapprill","date":"9 March 2025","format":false,"excerpt":"Cr\u00e8me Woman - Femme soutient l'\u00e9quilibre du f\u00e9minin","rel":"","context":"Similar post","block_context":{"text":"Similar post","link":""},"img":{"alt_text":"","src":"https:\/\/i0.wp.com\/artstella-elixirs-floraux.com\/wp-content\/uploads\/2025\/03\/b78bd427-f8e9-40e9-9843-590ac990b48a.jpg?resize=350%2C200&ssl=1","width":350,"height":200,"srcset":"https:\/\/i0.wp.com\/artstella-elixirs-floraux.com\/wp-content\/uploads\/2025\/03\/b78bd427-f8e9-40e9-9843-590ac990b48a.jpg?resize=350%2C200&ssl=1 1x, https:\/\/i0.wp.com\/artstella-elixirs-floraux.com\/wp-content\/uploads\/2025\/03\/b78bd427-f8e9-40e9-9843-590ac990b48a.jpg?resize=525%2C300&ssl=1 1.5x, https:\/\/i0.wp.com\/artstella-elixirs-floraux.com\/wp-content\/uploads\/2025\/03\/b78bd427-f8e9-40e9-9843-590ac990b48a.jpg?resize=700%2C400&ssl=1 2x"},"classes":[]},{"id":2749,"url":"https:\/\/artstella-elixirs-floraux.com\/en\/product\/woman-femme-bush-30ml\/","url_meta":{"origin":2858,"position":3},"title":"WOMAN Femme BUSH 30ml","author":"eveapprill","date":"9 March 2025","format":false,"excerpt":"Woman -\u00a0Femme Harmonise tous les d\u00e9s\u00e9quilibres durant les p\u00e9riodes de menstruations et de m\u00e9nopause. Permet \u00e0 la femme de d\u00e9couvrir son propre corps et sa beaut\u00e9, et de se trouver bien avec.","rel":"","context":"Similar post","block_context":{"text":"Similar post","link":""},"img":{"alt_text":"","src":"https:\/\/i0.wp.com\/artstella-elixirs-floraux.com\/wp-content\/uploads\/2025\/03\/5e65c23c-78a1-4c2c-944d-7fae066eb8e4.jpg?resize=350%2C200&ssl=1","width":350,"height":200,"srcset":"https:\/\/i0.wp.com\/artstella-elixirs-floraux.com\/wp-content\/uploads\/2025\/03\/5e65c23c-78a1-4c2c-944d-7fae066eb8e4.jpg?resize=350%2C200&ssl=1 1x, https:\/\/i0.wp.com\/artstella-elixirs-floraux.com\/wp-content\/uploads\/2025\/03\/5e65c23c-78a1-4c2c-944d-7fae066eb8e4.jpg?resize=525%2C300&ssl=1 1.5x, https:\/\/i0.wp.com\/artstella-elixirs-floraux.com\/wp-content\/uploads\/2025\/03\/5e65c23c-78a1-4c2c-944d-7fae066eb8e4.jpg?resize=700%2C400&ssl=1 2x"},"classes":[]},{"id":5906,"url":"https:\/\/artstella-elixirs-floraux.com\/en\/product\/chene-15-ml-deva\/","url_meta":{"origin":2858,"position":4},"title":"Ch\u00eane 15 ml DEVA","author":"eveapprill","date":"9 March 2025","format":false,"excerpt":"Ch\u00eane - Oak Quercus robur Reconnaissance de ses limites, l\u00e2cher-prise Pour r\u00e9aliser que la vie n'est pas un combat permanent. Pour ceux qui veulent toujours assumer plus qu'ils ne peuvent et qui s'\u00e9puisent.","rel":"","context":"Similar post","block_context":{"text":"Similar post","link":""},"img":{"alt_text":"","src":"","width":0,"height":0},"classes":[]},{"id":2743,"url":"https:\/\/artstella-elixirs-floraux.com\/en\/product\/solaris-bush-30ml\/","url_meta":{"origin":2858,"position":5},"title":"SOLARIS BUSH 30ml","author":"eveapprill","date":"9 March 2025","format":false,"excerpt":"Solaris Contribue largement \u00e0 att\u00e9nuer la peur et le d\u00e9sarroi provoqu\u00e9s par l'incendie, le feu, la chaleur et le soleil en combattant les effets des ultra- violets et des radiations. Compos\u00e9 de Mulla Mulla, She oak et Spinifex.","rel":"","context":"Similar post","block_context":{"text":"Similar post","link":""},"img":{"alt_text":"","src":"https:\/\/i0.wp.com\/artstella-elixirs-floraux.com\/wp-content\/uploads\/2025\/03\/67fe5512-b4ff-4518-9255-d7d644ec8b3b.jpg?resize=350%2C200&ssl=1","width":350,"height":200,"srcset":"https:\/\/i0.wp.com\/artstella-elixirs-floraux.com\/wp-content\/uploads\/2025\/03\/67fe5512-b4ff-4518-9255-d7d644ec8b3b.jpg?resize=350%2C200&ssl=1 1x, https:\/\/i0.wp.com\/artstella-elixirs-floraux.com\/wp-content\/uploads\/2025\/03\/67fe5512-b4ff-4518-9255-d7d644ec8b3b.jpg?resize=525%2C300&ssl=1 1.5x, https:\/\/i0.wp.com\/artstella-elixirs-floraux.com\/wp-content\/uploads\/2025\/03\/67fe5512-b4ff-4518-9255-d7d644ec8b3b.jpg?resize=700%2C400&ssl=1 2x"},"classes":[]}],"_links":{"self":[{"href":"https:\/\/artstella-elixirs-floraux.com\/en\/wp-json\/wp\/v2\/product\/2858","targetHints":{"allow":["GET"]}}],"collection":[{"href":"https:\/\/artstella-elixirs-floraux.com\/en\/wp-json\/wp\/v2\/product"}],"about":[{"href":"https:\/\/artstella-elixirs-floraux.com\/en\/wp-json\/wp\/v2\/types\/product"}],"version-history":[{"count":1,"href":"https:\/\/artstella-elixirs-floraux.com\/en\/wp-json\/wp\/v2\/product\/2858\/revisions"}],"predecessor-version":[{"id":11001,"href":"https:\/\/artstella-elixirs-floraux.com\/en\/wp-json\/wp\/v2\/product\/2858\/revisions\/11001"}],"wp:featuredmedia":[{"embeddable":true,"href":"https:\/\/artstella-elixirs-floraux.com\/en\/wp-json\/wp\/v2\/media\/2859"}],"wp:attachment":[{"href":"https:\/\/artstella-elixirs-floraux.com\/en\/wp-json\/wp\/v2\/media?parent=2858"}],"wp:term":[{"taxonomy":"product_brand","embeddable":true,"href":"https:\/\/artstella-elixirs-floraux.com\/en\/wp-json\/wp\/v2\/product_brand?post=2858"},{"taxonomy":"product_cat","embeddable":true,"href":"https:\/\/artstella-elixirs-floraux.com\/en\/wp-json\/wp\/v2\/product_cat?post=2858"},{"taxonomy":"product_tag","embeddable":true,"href":"https:\/\/artstella-elixirs-floraux.com\/en\/wp-json\/wp\/v2\/product_tag?post=2858"}],"curies":[{"name":"wp","href":"https:\/\/api.w.org\/{rel}","templated":true}]}}