{"id":2861,"date":"2025-03-09T13:02:54","date_gmt":"2025-03-09T13:02:54","guid":{"rendered":"https:\/\/artstella-elixirs-floraux.com\/product\/olive-15-ml-phi\/"},"modified":"2025-07-12T15:33:34","modified_gmt":"2025-07-12T15:33:34","slug":"olive-15-ml-phi","status":"publish","type":"product","link":"https:\/\/artstella-elixirs-floraux.com\/en\/product\/olive-15-ml-phi\/","title":{"rendered":"OLIVE 15 ML PHI"},"content":{"rendered":"","protected":false},"excerpt":{"rendered":"<p><strong><em>Olive (Olea europoea) (Olive) <\/em><\/strong><\/p>\n<p>Dans les moments d&rsquo;\u00e9puisement, l&rsquo;olivier nous aide \u00e0 nous r\u00e9tablir.<\/p>","protected":false},"featured_media":2862,"template":"","meta":[],"product_brand":[],"product_cat":[127],"product_tag":[],"class_list":{"0":"post-2861","1":"product","2":"type-product","3":"status-publish","4":"has-post-thumbnail","6":"product_cat-les-fleurs-de-bach-phi","8":"first","9":"instock","10":"taxable","11":"shipping-taxable","12":"purchasable","13":"product-type-simple"},"etheme_brands":{"errors":{"invalid_taxonomy":["Invalid taxonomy."]},"error_data":[]},"jetpack_sharing_enabled":true,"jetpack-related-posts":[{"id":5944,"url":"https:\/\/artstella-elixirs-floraux.com\/en\/product\/olivier-15ml-deva\/","url_meta":{"origin":2861,"position":0},"title":"Olivier 15ml DEVA","author":"eveapprill","date":"9 March 2025","format":false,"excerpt":"Olivier - Olive Olea europaea R\u00e9g\u00e9n\u00e9ration, vitalit\u00e9 Apaise l'esprit, fortifie le corps et redonne go\u00fbt \u00e0 la vie. Pour ceux qui ont trop donn\u00e9 d'eux-m\u00eames et qui ont \u00e9puis\u00e9 toute leur \u00e9nergie.","rel":"","context":"Similar post","block_context":{"text":"Similar post","link":""},"img":{"alt_text":"","src":"","width":0,"height":0},"classes":[]},{"id":3068,"url":"https:\/\/artstella-elixirs-floraux.com\/en\/product\/mars-planete-phi-15-ml\/","url_meta":{"origin":2861,"position":1},"title":"MARS PLANETE PHI 15 ML","author":"eveapprill","date":"9 March 2025","format":false,"excerpt":"Mars Active notre \u00e9nergie vitale et notre vigueur. Soutient notre volont\u00e9 lorsqu'il s'agit de dire Non dans les moments d\u00e9cisifs. Nous aide \u00e0 comprendre le sens de l'action \u00e0 mener.","rel":"","context":"Similar post","block_context":{"text":"Similar post","link":""},"img":{"alt_text":"","src":"https:\/\/i0.wp.com\/artstella-elixirs-floraux.com\/wp-content\/uploads\/2025\/03\/wp-image523.png?resize=350%2C200&ssl=1","width":350,"height":200},"classes":[]},{"id":3227,"url":"https:\/\/artstella-elixirs-floraux.com\/en\/product\/coeur-de-marie-phi-15-ml\/","url_meta":{"origin":2861,"position":2},"title":"COEUR DE MARIE PHI 15 ML","author":"eveapprill","date":"9 March 2025","format":false,"excerpt":"C\u0153ur de Marie (Dicentraspectabilis) (Tr\u00e4nendes Herz) Recommand\u00e9 dans tous les probl\u00e8mes affectifs, l'\u00e9lixir aide \u00e0 mieux accepter les situations et \u00e0 prendre le recul n\u00e9cessaire. Il apporte la consolation dans les moments de d\u00e9ception, de s\u00e9paration et de deuil.","rel":"","context":"Similar post","block_context":{"text":"Similar post","link":""},"img":{"alt_text":"","src":"https:\/\/i0.wp.com\/artstella-elixirs-floraux.com\/wp-content\/uploads\/2025\/03\/wp-image394.png?resize=350%2C200&ssl=1","width":350,"height":200},"classes":[]},{"id":3115,"url":"https:\/\/artstella-elixirs-floraux.com\/en\/product\/laiteron-afrique-15-ml-phi\/","url_meta":{"origin":2861,"position":3},"title":"LAITERON AFRIQUE 15 ML PHI","author":"eveapprill","date":"9 March 2025","format":false,"excerpt":"Laiteron (Sonchus acaulis) (G\u00e4nsdistel) \u00a0Dans les moments de trouble, le Laiteron nous aide \u00e0 rassembler nos pens\u00e9es. Il favorise la d\u00e9tente aux niveaux \u00e9motionnels, musculaires\u2026 C'est un excellent adjuvant pour les huiles de massage","rel":"","context":"Similar post","block_context":{"text":"Similar post","link":""},"img":{"alt_text":"","src":"https:\/\/i0.wp.com\/artstella-elixirs-floraux.com\/wp-content\/uploads\/2025\/03\/wp-image414.png?resize=350%2C200&ssl=1","width":350,"height":200},"classes":[]},{"id":3135,"url":"https:\/\/artstella-elixirs-floraux.com\/en\/product\/narcisse-bul-afrique-phi-15-ml\/","url_meta":{"origin":2861,"position":4},"title":"NARCISSE BUL AFRIQUE PHI 15 ML","author":"eveapprill","date":"9 March 2025","format":false,"excerpt":"Narcisse bulbocodium (Narcissus tazetta) (Reifrocknarzisse) Dans les moments de grande obscurit\u00e9, cet \u00e9lixir nous aide \u00e0 voir la lumi\u00e8re au bout du tunnel. Pour retrouver l'espoir et rayonner la joie.","rel":"","context":"Similar post","block_context":{"text":"Similar post","link":""},"img":{"alt_text":"","src":"https:\/\/i0.wp.com\/artstella-elixirs-floraux.com\/wp-content\/uploads\/2025\/03\/wp-image423.png?resize=350%2C200&ssl=1","width":350,"height":200},"classes":[]},{"id":3944,"url":"https:\/\/artstella-elixirs-floraux.com\/en\/product\/tigre-phi-15-ml\/","url_meta":{"origin":2861,"position":5},"title":"TIGRE PHI 15 ML","author":"eveapprill","date":"27 May 2025","format":false,"excerpt":"Tigre (Pantshera tigri) Tiger Cet \u00e9lixir nous procure la force de patienter et l'aide pour pouvoir agir au bon moment. Il favorise la flexibilit\u00e9.","rel":"","context":"Similar post","block_context":{"text":"Similar post","link":""},"img":{"alt_text":"","src":"","width":0,"height":0},"classes":[]}],"_links":{"self":[{"href":"https:\/\/artstella-elixirs-floraux.com\/en\/wp-json\/wp\/v2\/product\/2861","targetHints":{"allow":["GET"]}}],"collection":[{"href":"https:\/\/artstella-elixirs-floraux.com\/en\/wp-json\/wp\/v2\/product"}],"about":[{"href":"https:\/\/artstella-elixirs-floraux.com\/en\/wp-json\/wp\/v2\/types\/product"}],"version-history":[{"count":1,"href":"https:\/\/artstella-elixirs-floraux.com\/en\/wp-json\/wp\/v2\/product\/2861\/revisions"}],"predecessor-version":[{"id":11017,"href":"https:\/\/artstella-elixirs-floraux.com\/en\/wp-json\/wp\/v2\/product\/2861\/revisions\/11017"}],"wp:featuredmedia":[{"embeddable":true,"href":"https:\/\/artstella-elixirs-floraux.com\/en\/wp-json\/wp\/v2\/media\/2862"}],"wp:attachment":[{"href":"https:\/\/artstella-elixirs-floraux.com\/en\/wp-json\/wp\/v2\/media?parent=2861"}],"wp:term":[{"taxonomy":"product_brand","embeddable":true,"href":"https:\/\/artstella-elixirs-floraux.com\/en\/wp-json\/wp\/v2\/product_brand?post=2861"},{"taxonomy":"product_cat","embeddable":true,"href":"https:\/\/artstella-elixirs-floraux.com\/en\/wp-json\/wp\/v2\/product_cat?post=2861"},{"taxonomy":"product_tag","embeddable":true,"href":"https:\/\/artstella-elixirs-floraux.com\/en\/wp-json\/wp\/v2\/product_tag?post=2861"}],"curies":[{"name":"wp","href":"https:\/\/api.w.org\/{rel}","templated":true}]}}