{"id":2874,"date":"2025-03-09T13:03:05","date_gmt":"2025-03-09T13:03:05","guid":{"rendered":"https:\/\/artstella-elixirs-floraux.com\/product\/rock-water-15ml-phi\/"},"modified":"2025-07-12T15:28:51","modified_gmt":"2025-07-12T15:28:51","slug":"rock-water-15ml-phi","status":"publish","type":"product","link":"https:\/\/artstella-elixirs-floraux.com\/en\/product\/rock-water-15ml-phi\/","title":{"rendered":"ROCK WATER 15ML PHI"},"content":{"rendered":"","protected":false},"excerpt":{"rendered":"<p><strong><em>Rock water (Aqua petra) (Eau de roche)\u00a0 <\/em><\/strong>Pour nous lib\u00e9rer de comportements rigides et d\u00e9pass\u00e9s. Pour retrouver le courant du fleuve de la vie.<\/p>","protected":false},"featured_media":2875,"template":"","meta":[],"product_brand":[],"product_cat":[127],"product_tag":[],"class_list":{"0":"post-2874","1":"product","2":"type-product","3":"status-publish","4":"has-post-thumbnail","6":"product_cat-les-fleurs-de-bach-phi","8":"first","9":"instock","10":"taxable","11":"shipping-taxable","12":"purchasable","13":"product-type-simple"},"etheme_brands":{"errors":{"invalid_taxonomy":["Invalid taxonomy."]},"error_data":[]},"jetpack_sharing_enabled":true,"jetpack-related-posts":[{"id":5914,"url":"https:\/\/artstella-elixirs-floraux.com\/en\/product\/eau-de-roche-10ml-deva\/","url_meta":{"origin":2874,"position":0},"title":"Eau de roche 10ml DEVA","author":"eveapprill","date":"9 March 2025","format":false,"excerpt":"Eau de roche - Rock water Compr\u00e9hension, largesse d\u2019esprit Pour les personnes tr\u00e8s strictes, au caract\u00e8re rigide et rigoureux, qui se privent et se r\u00e9priment. Avides de perfection, souvent d'une strict moralit\u00e9, elles ont tendance \u00e0 \u00eatre id\u00e9alistes et peuvent souffrir d'une discipline trop rigoureuse.","rel":"","context":"Similar post","block_context":{"text":"Similar post","link":""},"img":{"alt_text":"","src":"","width":0,"height":0},"classes":[]},{"id":2871,"url":"https:\/\/artstella-elixirs-floraux.com\/en\/product\/rock-rose-15ml-phi\/","url_meta":{"origin":2874,"position":1},"title":"ROCK ROSE 15ML PHI","author":"eveapprill","date":"9 March 2025","format":false,"excerpt":"Rock rose (Helianthemum nummularium) (H\u00e9lianth\u00e8me)\u00a0 Pour surmonter de grandes difficult\u00e9s ou des peurs et nous d\u00e9passer.","rel":"","context":"Similar post","block_context":{"text":"Similar post","link":""},"img":{"alt_text":"","src":"https:\/\/i0.wp.com\/artstella-elixirs-floraux.com\/wp-content\/uploads\/2025\/03\/wp-image1093.png?resize=350%2C200&ssl=1","width":350,"height":200},"classes":[]},{"id":2895,"url":"https:\/\/artstella-elixirs-floraux.com\/en\/product\/water-violet-15-ml-phi\/","url_meta":{"origin":2874,"position":2},"title":"WATER VIOLET 15 ML PHI","author":"eveapprill","date":"9 March 2025","format":false,"excerpt":"Water Violet (Hottonia palustris) (Hottonie des marais ou violette d\u2019eau) Nous aide \u00e0 sortir d'un isolement volontaire et \u00e0 accepter la proximit\u00e9 et l'aide des autres.","rel":"","context":"Similar post","block_context":{"text":"Similar post","link":""},"img":{"alt_text":"","src":"https:\/\/i0.wp.com\/artstella-elixirs-floraux.com\/wp-content\/uploads\/2025\/03\/wp-image1101.png?resize=350%2C200&ssl=1","width":350,"height":200},"classes":[]},{"id":2653,"url":"https:\/\/artstella-elixirs-floraux.com\/en\/product\/fresh-water-mangrove-bush-15ml\/","url_meta":{"origin":2874,"position":3},"title":"FRESH WATER MANGROVE BUSH 15ml","author":"eveapprill","date":"9 March 2025","format":false,"excerpt":"Fresh Water Mangrove Pr\u00e9judices appris par d\u2019autres et non par sa propre exp\u00e9rience. Etre ouvert aux nouvelles exp\u00e9riences, personnes et perceptions, remettre en question des coutumes et croyances traditionnelles.","rel":"","context":"Similar post","block_context":{"text":"Similar post","link":""},"img":{"alt_text":"","src":"https:\/\/i0.wp.com\/artstella-elixirs-floraux.com\/wp-content\/uploads\/2025\/03\/wp-image258.png?resize=350%2C200&ssl=1","width":350,"height":200},"classes":[]},{"id":2402,"url":"https:\/\/artstella-elixirs-floraux.com\/en\/product\/rock-springs\/","url_meta":{"origin":2874,"position":4},"title":"ROCK SPRINGS &#8211; Source d&rsquo;eau de roche","author":"eveapprill","date":"9 March 2025","format":false,"excerpt":"ROCK SPRING. SOURCE D'EAU DE ROCHE Cet \u00e9lixir a \u00e9t\u00e9 pr\u00e9par\u00e9 \u00e0 partir d\u2019une source jaillissant dans les hauteurs de la montagne Talkeetna, dans le centre-sud de l\u2019Alaska. L\u2019eau de cette source \u00e9merge du centre d\u2019un rocher escarp\u00e9 et plonge en cascade dans un bassin. \u00ab\u00a0Rock spring\u00a0\u00bb est un \u00e9lixir\u2026","rel":"","context":"Similar post","block_context":{"text":"Similar post","link":""},"img":{"alt_text":"","src":"https:\/\/i0.wp.com\/artstella-elixirs-floraux.com\/wp-content\/uploads\/2025\/03\/Rock-Spring-1.jpg?resize=350%2C200&ssl=1","width":350,"height":200},"classes":[]},{"id":2751,"url":"https:\/\/artstella-elixirs-floraux.com\/en\/product\/water-eau-bush-white-light\/","url_meta":{"origin":2874,"position":5},"title":"WATER (Eau) BUSH WHITE LIGHT","author":"eveapprill","date":"9 March 2025","format":false,"excerpt":"L'\u00c9LIXIR EAU (WATER ESSENCE) a \u00e9t\u00e9 r\u00e9alis\u00e9 \u00e0 partir d\u2019un m\u00e9lange alchimique de deux \u00e9lixirs qui ont \u00e9t\u00e9 pr\u00e9par\u00e9s dans l\u2019h\u00e9misph\u00e8re Nord sur l\u2019\u00eele d\u2019Iona \u00e0 l\u2019ouest au large de l\u2019Ecosse, et dans l\u2019h\u00e9misph\u00e8re Sud sur l\u2019\u00eele Heron sur la grande barri\u00e8re de corail australienne. \u00a0","rel":"","context":"Similar post","block_context":{"text":"Similar post","link":""},"img":{"alt_text":"","src":"https:\/\/i0.wp.com\/artstella-elixirs-floraux.com\/wp-content\/uploads\/2025\/03\/b043b8f5-107e-4ab0-a70c-df54db5f2015.jpg?resize=350%2C200&ssl=1","width":350,"height":200,"srcset":"https:\/\/i0.wp.com\/artstella-elixirs-floraux.com\/wp-content\/uploads\/2025\/03\/b043b8f5-107e-4ab0-a70c-df54db5f2015.jpg?resize=350%2C200&ssl=1 1x, https:\/\/i0.wp.com\/artstella-elixirs-floraux.com\/wp-content\/uploads\/2025\/03\/b043b8f5-107e-4ab0-a70c-df54db5f2015.jpg?resize=525%2C300&ssl=1 1.5x, https:\/\/i0.wp.com\/artstella-elixirs-floraux.com\/wp-content\/uploads\/2025\/03\/b043b8f5-107e-4ab0-a70c-df54db5f2015.jpg?resize=700%2C400&ssl=1 2x"},"classes":[]}],"_links":{"self":[{"href":"https:\/\/artstella-elixirs-floraux.com\/en\/wp-json\/wp\/v2\/product\/2874","targetHints":{"allow":["GET"]}}],"collection":[{"href":"https:\/\/artstella-elixirs-floraux.com\/en\/wp-json\/wp\/v2\/product"}],"about":[{"href":"https:\/\/artstella-elixirs-floraux.com\/en\/wp-json\/wp\/v2\/types\/product"}],"version-history":[{"count":1,"href":"https:\/\/artstella-elixirs-floraux.com\/en\/wp-json\/wp\/v2\/product\/2874\/revisions"}],"predecessor-version":[{"id":11013,"href":"https:\/\/artstella-elixirs-floraux.com\/en\/wp-json\/wp\/v2\/product\/2874\/revisions\/11013"}],"wp:featuredmedia":[{"embeddable":true,"href":"https:\/\/artstella-elixirs-floraux.com\/en\/wp-json\/wp\/v2\/media\/2875"}],"wp:attachment":[{"href":"https:\/\/artstella-elixirs-floraux.com\/en\/wp-json\/wp\/v2\/media?parent=2874"}],"wp:term":[{"taxonomy":"product_brand","embeddable":true,"href":"https:\/\/artstella-elixirs-floraux.com\/en\/wp-json\/wp\/v2\/product_brand?post=2874"},{"taxonomy":"product_cat","embeddable":true,"href":"https:\/\/artstella-elixirs-floraux.com\/en\/wp-json\/wp\/v2\/product_cat?post=2874"},{"taxonomy":"product_tag","embeddable":true,"href":"https:\/\/artstella-elixirs-floraux.com\/en\/wp-json\/wp\/v2\/product_tag?post=2874"}],"curies":[{"name":"wp","href":"https:\/\/api.w.org\/{rel}","templated":true}]}}