{"id":2877,"date":"2025-03-09T13:03:08","date_gmt":"2025-03-09T13:03:08","guid":{"rendered":"https:\/\/artstella-elixirs-floraux.com\/product\/scleranthus-15ml\/"},"modified":"2025-07-12T15:28:09","modified_gmt":"2025-07-12T15:28:09","slug":"scleranthus-15ml","status":"publish","type":"product","link":"https:\/\/artstella-elixirs-floraux.com\/en\/product\/scleranthus-15ml\/","title":{"rendered":"SCLERANTHUS 15ML"},"content":{"rendered":"","protected":false},"excerpt":{"rendered":"<p><strong><em>Scleranthus (Scleranthus annuus) (Al\u00e8ne) <\/em><\/strong><\/p>\n<p>Pour trouver un \u00e9quilibre int\u00e9rieur et la capacit\u00e9 \u00e0 d\u00e9cider.<\/p>","protected":false},"featured_media":2878,"template":"","meta":[],"product_brand":[],"product_cat":[127],"product_tag":[],"class_list":{"0":"post-2877","1":"product","2":"type-product","3":"status-publish","4":"has-post-thumbnail","6":"product_cat-les-fleurs-de-bach-phi","8":"first","9":"instock","10":"taxable","11":"shipping-taxable","12":"purchasable","13":"product-type-simple"},"etheme_brands":{"errors":{"invalid_taxonomy":["Invalid taxonomy."]},"error_data":[]},"jetpack_sharing_enabled":true,"jetpack-related-posts":[{"id":5956,"url":"https:\/\/artstella-elixirs-floraux.com\/en\/product\/scleranthus-10ml-deva\/","url_meta":{"origin":2877,"position":0},"title":"Scleranthus 10ml DEVA","author":"eveapprill","date":"9 March 2025","format":false,"excerpt":"Scleranthus Scleranthus annuus Equilibre, stabilit\u00e9 et d\u00e9termination Pour prendre des d\u00e9cisions avec clart\u00e9 et d\u00e9termination. Pour ceux qui sont incapables de prendre une d\u00e9cision lorsqu'ils sont plac\u00e9s entre deux choix.","rel":"","context":"Similar post","block_context":{"text":"Similar post","link":""},"img":{"alt_text":"","src":"","width":0,"height":0},"classes":[]},{"id":5887,"url":"https:\/\/artstella-elixirs-floraux.com\/en\/product\/complexe-n18-confort-feminin-50\/","url_meta":{"origin":2877,"position":1},"title":"COMPLEXE N\u00b018 Confort f\u00e9minin 50+","author":"eveapprill","date":"9 March 2025","format":false,"excerpt":"Compos\u00e9 n\u00b018 Confort f\u00e9minin 50+ Att\u00e9nue les inconforts li\u00e9s \u00e0 la m\u00e9nopause et la p\u00e9rim\u00e9nopause. Il invite \u00e0 explorer de nouveaux potentiels cr\u00e9atifs et \u00e0 r\u00e9inventer sa vie avec douceur et d\u00e9termination.","rel":"","context":"Similar post","block_context":{"text":"Similar post","link":""},"img":{"alt_text":"","src":"https:\/\/i0.wp.com\/artstella-elixirs-floraux.com\/wp-content\/uploads\/2025\/03\/3696bcd9-07eb-418b-a5c4-70918870797f.jpg?resize=350%2C200&ssl=1","width":350,"height":200,"srcset":"https:\/\/i0.wp.com\/artstella-elixirs-floraux.com\/wp-content\/uploads\/2025\/03\/3696bcd9-07eb-418b-a5c4-70918870797f.jpg?resize=350%2C200&ssl=1 1x, https:\/\/i0.wp.com\/artstella-elixirs-floraux.com\/wp-content\/uploads\/2025\/03\/3696bcd9-07eb-418b-a5c4-70918870797f.jpg?resize=525%2C300&ssl=1 1.5x, https:\/\/i0.wp.com\/artstella-elixirs-floraux.com\/wp-content\/uploads\/2025\/03\/3696bcd9-07eb-418b-a5c4-70918870797f.jpg?resize=700%2C400&ssl=1 2x"},"classes":[]},{"id":5884,"url":"https:\/\/artstella-elixirs-floraux.com\/en\/product\/complexe-n17-cycle-feminin-30-ml\/","url_meta":{"origin":2877,"position":2},"title":"COMPLEXE N\u00b017 Cycle f\u00e9minin 30 ml","author":"eveapprill","date":"9 March 2025","format":false,"excerpt":"Compos\u00e9 n\u00b017 Cycle f\u00e9minin DEVA 30ml Stabilit\u00e9s d'humeurs Att\u00e9nue les d\u00e9sagr\u00e9ments \u00e9motionnels li\u00e9s au syndrome pr\u00e9menstruel. Il pr\u00e9serve l'\u00e9quilibre et l'harmonie \u00e9motionnels de la femme tout au long de son cycle.","rel":"","context":"Similar post","block_context":{"text":"Similar post","link":""},"img":{"alt_text":"","src":"https:\/\/i0.wp.com\/artstella-elixirs-floraux.com\/wp-content\/uploads\/2025\/03\/3b2d9c25-2c8f-46c2-a60b-0f17e95c282c.jpg?resize=350%2C200&ssl=1","width":350,"height":200,"srcset":"https:\/\/i0.wp.com\/artstella-elixirs-floraux.com\/wp-content\/uploads\/2025\/03\/3b2d9c25-2c8f-46c2-a60b-0f17e95c282c.jpg?resize=350%2C200&ssl=1 1x, https:\/\/i0.wp.com\/artstella-elixirs-floraux.com\/wp-content\/uploads\/2025\/03\/3b2d9c25-2c8f-46c2-a60b-0f17e95c282c.jpg?resize=525%2C300&ssl=1 1.5x, https:\/\/i0.wp.com\/artstella-elixirs-floraux.com\/wp-content\/uploads\/2025\/03\/3b2d9c25-2c8f-46c2-a60b-0f17e95c282c.jpg?resize=700%2C400&ssl=1 2x"},"classes":[]},{"id":6207,"url":"https:\/\/artstella-elixirs-floraux.com\/en\/product\/elixir-ocean-n-24-phi-15ml\/","url_meta":{"origin":2877,"position":3},"title":"ELIXIR OCEAN N\u00b0 24 PHI 15ml","author":"eveapprill","date":"9 March 2025","format":false,"excerpt":"ELIXIR OCEAN N\u00b0 24\u00a0 aide les personnes qui manquent d\u2019orientation et se sentent perdus \u00e0 re-trouver une solidit\u00e9 int\u00e9rieure leur permettant de s\u2019ouvrir \u00e0 un partenariat dans une stabilit\u00e9 int\u00e9rieure. Il aidera \u00e9galement, au plan spirituel, \u00e0 pouvoir faire confiance en Dieu. Pour trouver un sens et du contenu \u00e0\u2026","rel":"","context":"Similar post","block_context":{"text":"Similar post","link":""},"img":{"alt_text":"","src":"https:\/\/i0.wp.com\/artstella-elixirs-floraux.com\/wp-content\/uploads\/2025\/03\/wp-image2198.png?resize=350%2C200&ssl=1","width":350,"height":200},"classes":[]},{"id":5864,"url":"https:\/\/artstella-elixirs-floraux.com\/en\/product\/lamantin-de-lamazonie-amazone-manati-trichechus-inunguis-15ml-phi\/","url_meta":{"origin":2877,"position":4},"title":"Lamantin de l\u2019Amazonie &#8211; Amazone Manati (Trichechus inunguis) 15ml PHI","author":"eveapprill","date":"9 March 2025","format":false,"excerpt":"Lamantin de l\u2019Amazonie - Amazone Manati (Trichechus inunguis)\u00a0 Cet \u00e9lixir nous apporte calme et repos. Il est recommand\u00e9 aux personn\u00e9es stress\u00e9es pour retrouver le calme et l\u2019harmonie int\u00e9rieure. Nous pouvons trouver \u00e9quilibre et harmonie avec la nature.","rel":"","context":"Similar post","block_context":{"text":"Similar post","link":""},"img":{"alt_text":"","src":"","width":0,"height":0},"classes":[]},{"id":4117,"url":"https:\/\/artstella-elixirs-floraux.com\/en\/product\/afrodite-papillons-sylfos-15ml\/","url_meta":{"origin":2877,"position":5},"title":"AFRODITE PAPILLONS SYLFOS 15ML","author":"eveapprill","date":"9 March 2025","format":false,"excerpt":"AFRODITA Speyeria aphrodite Auto valorisation \u2013 Communication - Beaut\u00e9 Un \u00e9lixir pour augmenter le charisme. Il nous permet de d\u00e9couvrir, d\u2019appr\u00e9cier, d\u2019augmenter la beaut\u00e9 tant int\u00e9rieure qu\u2019ext\u00e9rieure. Pour profiter de notre capacit\u00e9 d\u2019attraction envers les autres, mais d\u2019une fa\u00e7on positive et constructive","rel":"","context":"Similar post","block_context":{"text":"Similar post","link":""},"img":{"alt_text":"","src":"https:\/\/i0.wp.com\/artstella-elixirs-floraux.com\/wp-content\/uploads\/2025\/03\/2e30d79f-a059-4ce2-b867-da60d3bfb22d.jpg?resize=350%2C200&ssl=1","width":350,"height":200,"srcset":"https:\/\/i0.wp.com\/artstella-elixirs-floraux.com\/wp-content\/uploads\/2025\/03\/2e30d79f-a059-4ce2-b867-da60d3bfb22d.jpg?resize=350%2C200&ssl=1 1x, https:\/\/i0.wp.com\/artstella-elixirs-floraux.com\/wp-content\/uploads\/2025\/03\/2e30d79f-a059-4ce2-b867-da60d3bfb22d.jpg?resize=525%2C300&ssl=1 1.5x, https:\/\/i0.wp.com\/artstella-elixirs-floraux.com\/wp-content\/uploads\/2025\/03\/2e30d79f-a059-4ce2-b867-da60d3bfb22d.jpg?resize=700%2C400&ssl=1 2x"},"classes":[]}],"_links":{"self":[{"href":"https:\/\/artstella-elixirs-floraux.com\/en\/wp-json\/wp\/v2\/product\/2877","targetHints":{"allow":["GET"]}}],"collection":[{"href":"https:\/\/artstella-elixirs-floraux.com\/en\/wp-json\/wp\/v2\/product"}],"about":[{"href":"https:\/\/artstella-elixirs-floraux.com\/en\/wp-json\/wp\/v2\/types\/product"}],"version-history":[{"count":1,"href":"https:\/\/artstella-elixirs-floraux.com\/en\/wp-json\/wp\/v2\/product\/2877\/revisions"}],"predecessor-version":[{"id":11012,"href":"https:\/\/artstella-elixirs-floraux.com\/en\/wp-json\/wp\/v2\/product\/2877\/revisions\/11012"}],"wp:featuredmedia":[{"embeddable":true,"href":"https:\/\/artstella-elixirs-floraux.com\/en\/wp-json\/wp\/v2\/media\/2878"}],"wp:attachment":[{"href":"https:\/\/artstella-elixirs-floraux.com\/en\/wp-json\/wp\/v2\/media?parent=2877"}],"wp:term":[{"taxonomy":"product_brand","embeddable":true,"href":"https:\/\/artstella-elixirs-floraux.com\/en\/wp-json\/wp\/v2\/product_brand?post=2877"},{"taxonomy":"product_cat","embeddable":true,"href":"https:\/\/artstella-elixirs-floraux.com\/en\/wp-json\/wp\/v2\/product_cat?post=2877"},{"taxonomy":"product_tag","embeddable":true,"href":"https:\/\/artstella-elixirs-floraux.com\/en\/wp-json\/wp\/v2\/product_tag?post=2877"}],"curies":[{"name":"wp","href":"https:\/\/api.w.org\/{rel}","templated":true}]}}