{"id":2883,"date":"2025-03-09T13:03:12","date_gmt":"2025-03-09T13:03:12","guid":{"rendered":"https:\/\/artstella-elixirs-floraux.com\/product\/sweet-chestnut-15ml-phi\/"},"modified":"2025-07-12T15:26:47","modified_gmt":"2025-07-12T15:26:47","slug":"sweet-chestnut-15ml-phi","status":"publish","type":"product","link":"https:\/\/artstella-elixirs-floraux.com\/en\/product\/sweet-chestnut-15ml-phi\/","title":{"rendered":"SWEET CHESTNUT 15ML PHI"},"content":{"rendered":"","protected":false},"excerpt":{"rendered":"<p><strong><em>Sweet chestnut (Castanea sativa) (Ch\u00e2taignier) <\/em><\/strong><\/p>\n<p>Renouvelle l&rsquo;espoir dans des situations qui semblent insurmontables. Pour voir la lumi\u00e8re \u00e0 l&rsquo;autre bout du tunnel.<\/p>","protected":false},"featured_media":2884,"template":"","meta":[],"product_brand":[],"product_cat":[127],"product_tag":[],"class_list":{"0":"post-2883","1":"product","2":"type-product","3":"status-publish","4":"has-post-thumbnail","6":"product_cat-les-fleurs-de-bach-phi","8":"first","9":"instock","10":"taxable","11":"shipping-taxable","12":"purchasable","13":"product-type-simple"},"etheme_brands":{"errors":{"invalid_taxonomy":["Invalid taxonomy."]},"error_data":[]},"jetpack_sharing_enabled":true,"jetpack-related-posts":[{"id":5904,"url":"https:\/\/artstella-elixirs-floraux.com\/en\/product\/chataignier-10ml-deva\/","url_meta":{"origin":2883,"position":0},"title":"Ch\u00e2taignier 10ml DEVA","author":"eveapprill","date":"9 March 2025","format":false,"excerpt":"Ch\u00e2taignier - Sweet chestnut Castanea sativa Lib\u00e9ration, transformation Pour se d\u00e9passer. Aide \u00e0 traverser les moments tr\u00e8s difficiles de la vie, \u00e0 surmonter les \u00e9preuves les plus dures lorsque l'on atteint la limite de l'endurance.","rel":"","context":"Similar post","block_context":{"text":"Similar post","link":""},"img":{"alt_text":"","src":"","width":0,"height":0},"classes":[]},{"id":2867,"url":"https:\/\/artstella-elixirs-floraux.com\/en\/product\/red-chestnut-15-ml\/","url_meta":{"origin":2883,"position":1},"title":"RED CHESTNUT 15 ML","author":"eveapprill","date":"9 March 2025","format":false,"excerpt":"Red chesnut) (Aesculus carnea) (Marronnier rouge Nous lib\u00e8re du souci excessif d'autrui. Pour trouver le calme int\u00e9rieur et penser positivement","rel":"","context":"Similar post","block_context":{"text":"Similar post","link":""},"img":{"alt_text":"","src":"https:\/\/i0.wp.com\/artstella-elixirs-floraux.com\/wp-content\/uploads\/2025\/03\/wp-image1092.png?resize=350%2C200&ssl=1","width":350,"height":200},"classes":[]},{"id":2898,"url":"https:\/\/artstella-elixirs-floraux.com\/en\/product\/white-chestnut-15-ml-phi\/","url_meta":{"origin":2883,"position":2},"title":"WHITE CHESTNUT 15 ML PHI","author":"eveapprill","date":"9 March 2025","format":false,"excerpt":"White chesnut (Aezsculus hippocastanum) Marronnier blanc) Apaise les pens\u00e9es et favorise la clart\u00e9 mentale.","rel":"","context":"Similar post","block_context":{"text":"Similar post","link":""},"img":{"alt_text":"","src":"https:\/\/i0.wp.com\/artstella-elixirs-floraux.com\/wp-content\/uploads\/2025\/03\/wp-image1102.png?resize=350%2C200&ssl=1","width":350,"height":200},"classes":[]},{"id":2817,"url":"https:\/\/artstella-elixirs-floraux.com\/en\/product\/chestnut-bud-15ml-phi\/","url_meta":{"origin":2883,"position":3},"title":"CHESTNUT BUD 15ML PHI","author":"eveapprill","date":"9 March 2025","format":false,"excerpt":"Chesnut bud (Aesculus hippocastanum) (Bourgeons de marronnier) Pour nous ouvrir \u00e0 la nouveaut\u00e9 et d\u00e9velopper notre potentiel. Nous aide \u00e0 reconna\u00eetre et \u00e0 int\u00e9grer les processus d'apprentissage.","rel":"","context":"Similar post","block_context":{"text":"Similar post","link":""},"img":{"alt_text":"","src":"https:\/\/i0.wp.com\/artstella-elixirs-floraux.com\/wp-content\/uploads\/2025\/03\/wp-image339.png?resize=350%2C200&ssl=1","width":350,"height":200},"classes":[]},{"id":5932,"url":"https:\/\/artstella-elixirs-floraux.com\/en\/product\/marronnier-blanc-10-ml-deva\/","url_meta":{"origin":2883,"position":4},"title":"Marronnier blanc 10 ml DEVA","author":"eveapprill","date":"9 March 2025","format":false,"excerpt":"Marronnier blanc - White chestnut Aesculus hippocastanum Clart\u00e9 mentale, tranquillit\u00e9 d\u2019esprit Calme le mental, favorise la concentration, l'intuition et la cr\u00e9ativit\u00e9. Pour supprimer le bavardage mental, les id\u00e9es fixes et les pens\u00e9es r\u00e9p\u00e9titives.","rel":"","context":"Similar post","block_context":{"text":"Similar post","link":""},"img":{"alt_text":"","src":"","width":0,"height":0},"classes":[]},{"id":5934,"url":"https:\/\/artstella-elixirs-floraux.com\/en\/product\/marronnier-rouge-15-ml-deva\/","url_meta":{"origin":2883,"position":5},"title":"Marronnier rouge 15 ml DEVA","author":"eveapprill","date":"9 March 2025","format":false,"excerpt":"Marronnier rouge - Red chestnut Aesculus carnea Confiance en la vie Supprime l'inqui\u00e9tude et la crainte du pire pour les autres. Pour ceux qui ont tendance \u00e0 trop s'impliquer dans la vie des autres. Pour ceux qui ne peuvent s'emp\u00eacher de se faire du souci pour autrui.","rel":"","context":"Similar post","block_context":{"text":"Similar post","link":""},"img":{"alt_text":"","src":"","width":0,"height":0},"classes":[]}],"_links":{"self":[{"href":"https:\/\/artstella-elixirs-floraux.com\/en\/wp-json\/wp\/v2\/product\/2883","targetHints":{"allow":["GET"]}}],"collection":[{"href":"https:\/\/artstella-elixirs-floraux.com\/en\/wp-json\/wp\/v2\/product"}],"about":[{"href":"https:\/\/artstella-elixirs-floraux.com\/en\/wp-json\/wp\/v2\/types\/product"}],"version-history":[{"count":1,"href":"https:\/\/artstella-elixirs-floraux.com\/en\/wp-json\/wp\/v2\/product\/2883\/revisions"}],"predecessor-version":[{"id":11010,"href":"https:\/\/artstella-elixirs-floraux.com\/en\/wp-json\/wp\/v2\/product\/2883\/revisions\/11010"}],"wp:featuredmedia":[{"embeddable":true,"href":"https:\/\/artstella-elixirs-floraux.com\/en\/wp-json\/wp\/v2\/media\/2884"}],"wp:attachment":[{"href":"https:\/\/artstella-elixirs-floraux.com\/en\/wp-json\/wp\/v2\/media?parent=2883"}],"wp:term":[{"taxonomy":"product_brand","embeddable":true,"href":"https:\/\/artstella-elixirs-floraux.com\/en\/wp-json\/wp\/v2\/product_brand?post=2883"},{"taxonomy":"product_cat","embeddable":true,"href":"https:\/\/artstella-elixirs-floraux.com\/en\/wp-json\/wp\/v2\/product_cat?post=2883"},{"taxonomy":"product_tag","embeddable":true,"href":"https:\/\/artstella-elixirs-floraux.com\/en\/wp-json\/wp\/v2\/product_tag?post=2883"}],"curies":[{"name":"wp","href":"https:\/\/api.w.org\/{rel}","templated":true}]}}